{"id":207,"date":"2022-07-19T11:11:33","date_gmt":"2022-07-19T09:11:33","guid":{"rendered":"https:\/\/tendo.prod.unyc.com\/accueil\/"},"modified":"2025-10-14T16:05:20","modified_gmt":"2025-10-14T14:05:20","slug":"accueil","status":"publish","type":"page","link":"https:\/\/andamios-tendo.com\/de\/","title":{"rendered":"Pagina de inicio"},"content":{"rendered":"\n<div class=\"slider-container bloc\">\n    <div id=\"slider-block_5e1b3b03b34551f05af6a100f9122f00\" class=\"slider bloc\">\n                <div class=\"slide\" style=\"background-color:#102e41;\">\n            \n                <div class=\"content-slide right\" style=\"min-height:200px;\">\n                    \n                    <div class=\"no-container\">\n                        <div class=\"flex\">\n\n                            <div class=\"col-6 text-container\">\n                                <div class=\"filter\" style=\"background-color:;opacity:0.0\"><\/div>\n                                <div class=\"n2-ss-layer n2-ow mycms-slider--title n-uc-a0FbSc8QG95J\" data-pm=\"normal\" data-sstype=\"layer\">\n<h2 id=\"n2-ss-6item1\" class=\"n2-font-d18124044625dd535a63ff1e1665240e-hover n2-style-4f274738fd7d6b5aabc7d389914f79a2-heading n2-ss-item-content n2-ss-text n2-ow\">Haben Sie ein Projekt?<\/h2>\n<p>&nbsp;<\/p>\n<\/div>\n<div class=\"n2-ss-layer n2-ow mycms-slider--desscription n-uc-V8FUgXGpql1f\" data-pm=\"normal\" data-sstype=\"layer\">\n<div class=\"n2-ss-item-content n2-ss-text n2-ow-all\">\n<div class=\"\">\n<p class=\"n2-font-0b2dbb5cbcc153b9663e67f4f7b4941d-paragraph n2-style-f8293b450b12ef15d5c4ff97a617a3e3-heading \">Unsere Experten helfen Ihnen bei allen Ihren<br \/>\nStandard- und ma\u00dfgeschneiderten<br \/>\nProjekten.<\/p>\n<\/div>\n<\/div>\n<\/div>\n                                                                    <a class=\"btn btn--primary\" href=\"https:\/\/andamios-tendo.com\/de\/angebotsanfrage\/\" target=\"_self\">Angebotsanfrage<\/a>\n                                                            <\/div>\n                            <div class=\"col-6 img-container\">\n                                <img loading=\"lazy\" decoding=\"async\" width=\"1123\" height=\"842\" src=\"https:\/\/andamios-tendo.com\/wp-content\/uploads\/sites\/2\/2025\/06\/IMG_0195-edited.jpg\" class=\"attachment-Medium_large size-Medium_large\" alt=\"\" srcset=\"https:\/\/andamios-tendo.com\/wp-content\/uploads\/sites\/2\/2025\/06\/IMG_0195-edited.jpg 1123w, https:\/\/andamios-tendo.com\/wp-content\/uploads\/sites\/2\/2025\/06\/IMG_0195-edited-300x225.jpg 300w, https:\/\/andamios-tendo.com\/wp-content\/uploads\/sites\/2\/2025\/06\/IMG_0195-edited-1024x768.jpg 1024w, https:\/\/andamios-tendo.com\/wp-content\/uploads\/sites\/2\/2025\/06\/IMG_0195-edited-768x576.jpg 768w, https:\/\/andamios-tendo.com\/wp-content\/uploads\/sites\/2\/2025\/06\/IMG_0195-edited-395x295.jpg 395w, https:\/\/andamios-tendo.com\/wp-content\/uploads\/sites\/2\/2025\/06\/IMG_0195-edited-600x450.jpg 600w\" sizes=\"auto, (max-width: 1123px) 100vw, 1123px\" \/>\n                            <\/div>\n                        <\/div>\n                    <\/div>\n                    <div class=\"filter-bg\"><\/div>\n                <\/div>\n\n                \n            <\/div>\n\n            \n\n\n        <\/div>\n\n    <\/div>\n        <script>\n        jQuery(document).ready(function() {\n            let arrows = true;\n            let dots = true;\n            let fade = false;\n            let autoplay = true;\n            let slickElement = jQuery('#slider-block_5e1b3b03b34551f05af6a100f9122f00');\n\n            slickElement.slick({\n                dots: dots,\n                arrows: arrows,\n                autoplay: autoplay,\n                autoplaySpeed: 9000,\n                fade: fade,\n                slidesToShow: 1,\n                slidesToScroll: 1,\n\n            })\n\n\n        });\n\n    <\/script>\n\n\n\n<div class=\"wp-block-columns is-layout-flex wp-container-core-columns-is-layout-9d6595d7 wp-block-columns-is-layout-flex\">\n<div class=\"wp-block-column is-layout-flow wp-block-column-is-layout-flow\">    <div class=\"mycms-mediatextlink \">\n\n        <div class=\"mycms-mediatextlink--container mediatextlink\">\n                            <div class=\"mycms-mediatextlink--media\">\n            <img loading=\"lazy\" decoding=\"async\" width=\"600\" height=\"333\" src=\"https:\/\/andamios-tendo.com\/wp-content\/uploads\/sites\/2\/2022\/09\/chantiers.jpg\" class=\"attachment-full size-full\" alt=\"\" srcset=\"https:\/\/andamios-tendo.com\/wp-content\/uploads\/sites\/2\/2022\/09\/chantiers.jpg 600w, https:\/\/andamios-tendo.com\/wp-content\/uploads\/sites\/2\/2022\/09\/chantiers-300x167.jpg 300w, https:\/\/andamios-tendo.com\/wp-content\/uploads\/sites\/2\/2022\/09\/chantiers-540x300.jpg 540w, https:\/\/andamios-tendo.com\/wp-content\/uploads\/sites\/2\/2022\/09\/chantiers-375x208.jpg 375w\" sizes=\"auto, (max-width: 600px) 100vw, 600px\" \/>                        <div class=\"mycms-mediatextlink--description mycms-mediatextlink--description--center\">\n                    <h2 class=\"mycms-txt--h2 mycms-txt--color-yale\">Unsere Realisierungen<\/h2><div class=\"mycms-txt mycms-txt--color-onyx-light\">Wir geben unser Bestes, um eine L\u00f6sung anzubieten, die auf Ihre Bed\u00fcrfnisse zugeschnitten ist und den geltenden Normen entspricht, unabh\u00e4ngig davon, in welcher Branche Sie t\u00e4tig sind.<\/div><a class=\"mycms-link mycms-link--more\" href=\"https:\/\/andamios-tendo.com\/de\/unsere-realisierungen\/\" title=\"Mehr Sehen\" >Mehr Sehen<\/a>                        <\/div>\n                    \n                    <\/div>\n                        <\/div>\n\n    <\/div>\n<\/div>\n\n\n\n<div class=\"wp-block-column is-layout-flow wp-block-column-is-layout-flow\">    <div class=\"mycms-mediatextlink \">\n\n        <div class=\"mycms-mediatextlink--container mediatextlink\">\n                            <div class=\"mycms-mediatextlink--media\">\n            <img loading=\"lazy\" decoding=\"async\" width=\"600\" height=\"333\" src=\"https:\/\/andamios-tendo.com\/wp-content\/uploads\/sites\/2\/2022\/09\/produits.jpg\" class=\"attachment-full size-full\" alt=\"\" srcset=\"https:\/\/andamios-tendo.com\/wp-content\/uploads\/sites\/2\/2022\/09\/produits.jpg 600w, https:\/\/andamios-tendo.com\/wp-content\/uploads\/sites\/2\/2022\/09\/produits-300x167.jpg 300w, https:\/\/andamios-tendo.com\/wp-content\/uploads\/sites\/2\/2022\/09\/produits-540x300.jpg 540w, https:\/\/andamios-tendo.com\/wp-content\/uploads\/sites\/2\/2022\/09\/produits-375x208.jpg 375w\" sizes=\"auto, (max-width: 600px) 100vw, 600px\" \/>                        <div class=\"mycms-mediatextlink--description mycms-mediatextlink--description--center\">\n                    <h2 class=\"mycms-txt--h2 mycms-txt--color-yale\">Unsere Produkte <\/h2><div class=\"mycms-txt mycms-txt--color-onyx-light\">Wir fertigen zwei Ger\u00fcstmodelle, die in Bezug auf die H\u00f6he miteinander kompatibel sind: \u201emit Rahmen\u201c und \u201eMulti\u201c, ausgestattet mit einer patentierten achteckigen multidirektionalen Scheibe. <\/div><a class=\"mycms-link mycms-link--more\" href=\"https:\/\/andamios-tendo.com\/de\/unsere-loesungen\/\" title=\"Unsere L\u00f6sungen\" >Unsere L\u00f6sungen<\/a>                        <\/div>\n                    \n                    <\/div>\n                        <\/div>\n\n    <\/div>\n<\/div>\n<\/div>\n","protected":false},"excerpt":{"rendered":"","protected":false},"author":1,"featured_media":0,"parent":0,"menu_order":0,"comment_status":"closed","ping_status":"closed","template":"","meta":{"_acf_changed":false,"footnotes":""},"class_list":["post-207","page","type-page","status-publish","hentry"],"acf":[],"yoast_head":"<!-- This site is optimized with the Yoast SEO plugin v27.3 - https:\/\/yoast.com\/product\/yoast-seo-wordpress\/ -->\n<title>Pagina de inicio - Tendo<\/title>\n<meta name=\"robots\" content=\"index, follow, max-snippet:-1, max-image-preview:large, max-video-preview:-1\" \/>\n<link rel=\"canonical\" href=\"https:\/\/andamios-tendo.com\/de\/\" \/>\n<meta property=\"og:locale\" content=\"de_DE\" \/>\n<meta property=\"og:type\" content=\"article\" \/>\n<meta property=\"og:title\" content=\"Pagina de inicio - Tendo\" \/>\n<meta property=\"og:url\" content=\"https:\/\/andamios-tendo.com\/de\/\" \/>\n<meta property=\"og:site_name\" content=\"Tendo\" \/>\n<meta property=\"article:modified_time\" content=\"2025-10-14T14:05:20+00:00\" \/>\n<meta name=\"twitter:card\" content=\"summary_large_image\" \/>\n<script type=\"application\/ld+json\" class=\"yoast-schema-graph\">{\"@context\":\"https:\\\/\\\/schema.org\",\"@graph\":[{\"@type\":\"WebPage\",\"@id\":\"https:\\\/\\\/andamios-tendo.com\\\/de\\\/\",\"url\":\"https:\\\/\\\/andamios-tendo.com\\\/de\\\/\",\"name\":\"Pagina de inicio - Tendo\",\"isPartOf\":{\"@id\":\"https:\\\/\\\/andamios-tendo.com\\\/de\\\/#website\"},\"datePublished\":\"2022-07-19T09:11:33+00:00\",\"dateModified\":\"2025-10-14T14:05:20+00:00\",\"breadcrumb\":{\"@id\":\"https:\\\/\\\/andamios-tendo.com\\\/de\\\/#breadcrumb\"},\"inLanguage\":\"de\",\"potentialAction\":[{\"@type\":\"ReadAction\",\"target\":[\"https:\\\/\\\/andamios-tendo.com\\\/de\\\/\"]}]},{\"@type\":\"BreadcrumbList\",\"@id\":\"https:\\\/\\\/andamios-tendo.com\\\/de\\\/#breadcrumb\",\"itemListElement\":[{\"@type\":\"ListItem\",\"position\":1,\"name\":\"Tendo\",\"item\":\"https:\\\/\\\/andamios-tendo.com\\\/de\\\/\"},{\"@type\":\"ListItem\",\"position\":2,\"name\":\"Pagina de inicio\"}]},{\"@type\":\"WebSite\",\"@id\":\"https:\\\/\\\/andamios-tendo.com\\\/de\\\/#website\",\"url\":\"https:\\\/\\\/andamios-tendo.com\\\/de\\\/\",\"name\":\"Tendo\",\"description\":\"Une entreprise du groupe Fr\u00e9n\u00e9hard &amp; Michaux\",\"publisher\":{\"@id\":\"https:\\\/\\\/andamios-tendo.com\\\/de\\\/#organization\"},\"potentialAction\":[{\"@type\":\"SearchAction\",\"target\":{\"@type\":\"EntryPoint\",\"urlTemplate\":\"https:\\\/\\\/andamios-tendo.com\\\/de\\\/?s={search_term_string}\"},\"query-input\":{\"@type\":\"PropertyValueSpecification\",\"valueRequired\":true,\"valueName\":\"search_term_string\"}}],\"inLanguage\":\"de\"},{\"@type\":\"Organization\",\"@id\":\"https:\\\/\\\/andamios-tendo.com\\\/de\\\/#organization\",\"name\":\"Tendo\",\"url\":\"https:\\\/\\\/andamios-tendo.com\\\/de\\\/\",\"logo\":{\"@type\":\"ImageObject\",\"inLanguage\":\"de\",\"@id\":\"https:\\\/\\\/andamios-tendo.com\\\/de\\\/#\\\/schema\\\/logo\\\/image\\\/\",\"url\":\"https:\\\/\\\/andamios-tendo.com\\\/wp-content\\\/uploads\\\/sites\\\/2\\\/2022\\\/07\\\/logo_tendo-s.png\",\"contentUrl\":\"https:\\\/\\\/andamios-tendo.com\\\/wp-content\\\/uploads\\\/sites\\\/2\\\/2022\\\/07\\\/logo_tendo-s.png\",\"width\":153,\"height\":30,\"caption\":\"Tendo\"},\"image\":{\"@id\":\"https:\\\/\\\/andamios-tendo.com\\\/de\\\/#\\\/schema\\\/logo\\\/image\\\/\"}}]}<\/script>\n<!-- \/ Yoast SEO plugin. -->","yoast_head_json":{"title":"Pagina de inicio - Tendo","robots":{"index":"index","follow":"follow","max-snippet":"max-snippet:-1","max-image-preview":"max-image-preview:large","max-video-preview":"max-video-preview:-1"},"canonical":"https:\/\/andamios-tendo.com\/de\/","og_locale":"de_DE","og_type":"article","og_title":"Pagina de inicio - Tendo","og_url":"https:\/\/andamios-tendo.com\/de\/","og_site_name":"Tendo","article_modified_time":"2025-10-14T14:05:20+00:00","twitter_card":"summary_large_image","schema":{"@context":"https:\/\/schema.org","@graph":[{"@type":"WebPage","@id":"https:\/\/andamios-tendo.com\/de\/","url":"https:\/\/andamios-tendo.com\/de\/","name":"Pagina de inicio - Tendo","isPartOf":{"@id":"https:\/\/andamios-tendo.com\/de\/#website"},"datePublished":"2022-07-19T09:11:33+00:00","dateModified":"2025-10-14T14:05:20+00:00","breadcrumb":{"@id":"https:\/\/andamios-tendo.com\/de\/#breadcrumb"},"inLanguage":"de","potentialAction":[{"@type":"ReadAction","target":["https:\/\/andamios-tendo.com\/de\/"]}]},{"@type":"BreadcrumbList","@id":"https:\/\/andamios-tendo.com\/de\/#breadcrumb","itemListElement":[{"@type":"ListItem","position":1,"name":"Tendo","item":"https:\/\/andamios-tendo.com\/de\/"},{"@type":"ListItem","position":2,"name":"Pagina de inicio"}]},{"@type":"WebSite","@id":"https:\/\/andamios-tendo.com\/de\/#website","url":"https:\/\/andamios-tendo.com\/de\/","name":"Tendo","description":"Une entreprise du groupe Fr\u00e9n\u00e9hard &amp; Michaux","publisher":{"@id":"https:\/\/andamios-tendo.com\/de\/#organization"},"potentialAction":[{"@type":"SearchAction","target":{"@type":"EntryPoint","urlTemplate":"https:\/\/andamios-tendo.com\/de\/?s={search_term_string}"},"query-input":{"@type":"PropertyValueSpecification","valueRequired":true,"valueName":"search_term_string"}}],"inLanguage":"de"},{"@type":"Organization","@id":"https:\/\/andamios-tendo.com\/de\/#organization","name":"Tendo","url":"https:\/\/andamios-tendo.com\/de\/","logo":{"@type":"ImageObject","inLanguage":"de","@id":"https:\/\/andamios-tendo.com\/de\/#\/schema\/logo\/image\/","url":"https:\/\/andamios-tendo.com\/wp-content\/uploads\/sites\/2\/2022\/07\/logo_tendo-s.png","contentUrl":"https:\/\/andamios-tendo.com\/wp-content\/uploads\/sites\/2\/2022\/07\/logo_tendo-s.png","width":153,"height":30,"caption":"Tendo"},"image":{"@id":"https:\/\/andamios-tendo.com\/de\/#\/schema\/logo\/image\/"}}]}},"_links":{"self":[{"href":"https:\/\/andamios-tendo.com\/de\/wp-json\/wp\/v2\/pages\/207","targetHints":{"allow":["GET"]}}],"collection":[{"href":"https:\/\/andamios-tendo.com\/de\/wp-json\/wp\/v2\/pages"}],"about":[{"href":"https:\/\/andamios-tendo.com\/de\/wp-json\/wp\/v2\/types\/page"}],"author":[{"embeddable":true,"href":"https:\/\/andamios-tendo.com\/de\/wp-json\/wp\/v2\/users\/1"}],"replies":[{"embeddable":true,"href":"https:\/\/andamios-tendo.com\/de\/wp-json\/wp\/v2\/comments?post=207"}],"version-history":[{"count":14,"href":"https:\/\/andamios-tendo.com\/de\/wp-json\/wp\/v2\/pages\/207\/revisions"}],"predecessor-version":[{"id":37331,"href":"https:\/\/andamios-tendo.com\/de\/wp-json\/wp\/v2\/pages\/207\/revisions\/37331"}],"wp:attachment":[{"href":"https:\/\/andamios-tendo.com\/de\/wp-json\/wp\/v2\/media?parent=207"}],"curies":[{"name":"wp","href":"https:\/\/api.w.org\/{rel}","templated":true}]}}