{"id":755,"date":"2022-09-22T15:48:29","date_gmt":"2022-09-22T13:48:29","guid":{"rendered":"https:\/\/andamios-tendo.com\/unsere-geschichte\/"},"modified":"2022-09-30T11:15:52","modified_gmt":"2022-09-30T09:15:52","slug":"unsere-geschichte","status":"publish","type":"page","link":"https:\/\/andamios-tendo.com\/de\/unsere-geschichte\/","title":{"rendered":"Unsere Geschichte"},"content":{"rendered":"\n<figure class=\"wp-block-image size-large\"><img loading=\"lazy\" decoding=\"async\" width=\"1024\" height=\"294\" src=\"https:\/\/andamios-tendo.com\/wp-content\/uploads\/sites\/2\/2022\/09\/notre-histoire-1024x294.jpg\" alt=\"\" class=\"wp-image-1155\" srcset=\"https:\/\/andamios-tendo.com\/wp-content\/uploads\/sites\/2\/2022\/09\/notre-histoire-1024x294.jpg 1024w, https:\/\/andamios-tendo.com\/wp-content\/uploads\/sites\/2\/2022\/09\/notre-histoire-300x86.jpg 300w, https:\/\/andamios-tendo.com\/wp-content\/uploads\/sites\/2\/2022\/09\/notre-histoire-768x220.jpg 768w, https:\/\/andamios-tendo.com\/wp-content\/uploads\/sites\/2\/2022\/09\/notre-histoire-600x172.jpg 600w, https:\/\/andamios-tendo.com\/wp-content\/uploads\/sites\/2\/2022\/09\/notre-histoire.jpg 1500w\" sizes=\"auto, (max-width: 1024px) 100vw, 1024px\" \/><\/figure>\n\n\n\n<p>Unser Unternehmen besteht aus Fachleuten und ist auf die Entwicklung und <strong>Herstellung von Ger\u00fcstsystemen spezialisiert.<\/strong> Wir arbeiten seit 1990 mit Fachleuten aus dem Baugewerbe und der Industrie in Spanien zusammen und bieten ma\u00dfgeschneiderte und gesetzeskonforme <strong>Ger\u00fcstl\u00f6sungen<\/strong> an. <\/p>\n\n\n\n<div class=\"wp-block-columns is-layout-flex wp-container-core-columns-is-layout-9d6595d7 wp-block-columns-is-layout-flex\">\n<div class=\"wp-block-column is-layout-flow wp-block-column-is-layout-flow\">\n<figure class=\"wp-block-image is-style-mycms-bg-orange mycms-img-bg alignwide size-full \"><img loading=\"lazy\" decoding=\"async\" width=\"720\" height=\"405\" src=\"https:\/\/andamios-tendo.com\/wp-content\/uploads\/sites\/2\/2022\/09\/301123319_379235254404959_9180151108504228939_n-2.jpg\" alt=\"\" class=\"wp-image-406\" srcset=\"https:\/\/andamios-tendo.com\/wp-content\/uploads\/sites\/2\/2022\/09\/301123319_379235254404959_9180151108504228939_n-2.jpg 720w, https:\/\/andamios-tendo.com\/wp-content\/uploads\/sites\/2\/2022\/09\/301123319_379235254404959_9180151108504228939_n-2-300x169.jpg 300w, https:\/\/andamios-tendo.com\/wp-content\/uploads\/sites\/2\/2022\/09\/301123319_379235254404959_9180151108504228939_n-2-600x338.jpg 600w\" sizes=\"auto, (max-width: 720px) 100vw, 720px\" \/><\/figure>\n<\/div>\n\n\n\n<div class=\"wp-block-column is-layout-flow wp-block-column-is-layout-flow\">\n<p>Im Jahr 2016 fusionierte das Unternehmen mit der franz\u00f6sischen Unternehmensgruppe <strong>Fr\u00e9n\u00e9hard &amp; Michaux.<\/strong> Die Fusion hat die Synergieeffekte zwischen allen Konzernunternehmen verst\u00e4rkt und bietet Tendo die M\u00f6glichkeit, unsere mittel- und langfristige Strategie zu verbessern und unser Produkt- und Dienstleistungsangebot zu erweitern. Diese Entwicklung ist die Garantie f\u00fcr eine best\u00e4ndige Zukunftsperspektive und nachhaltiges Handeln. <\/p>\n\n\n\n<p><strong>Wir fertigen zwei Ger\u00fcstmodelle<\/strong>, die in Bezug auf die H\u00f6he miteinander kompatibel sind: \u201emit Rahmen\u201c und \u201eMulti\u201c, ausgestattet mit einer patentierten achteckigen multidirektionalen Scheibe. <\/p>\n\n\n\n<p>Mit Sitz in Tarazona (in der Provinz Zaragoza) geh\u00f6ren wir zu den <strong>Gr\u00fcndungsmitgliedern des AFAC<\/strong> (Verband der zertifizierten Ger\u00fcsthersteller). <\/p>\n<\/div>\n<\/div>\n","protected":false},"excerpt":{"rendered":"<p>Unser Unternehmen besteht aus Fachleuten und ist auf die Entwicklung und Herstellung von Ger\u00fcstsystemen spezialisiert. Wir arbeiten seit 1990 mit Fachleuten aus dem Baugewerbe und der Industrie in Spanien zusammen und bieten ma\u00dfgeschneiderte und gesetzeskonforme Ger\u00fcstl\u00f6sungen an. Im Jahr 2016 fusionierte das Unternehmen mit der franz\u00f6sischen Unternehmensgruppe Fr\u00e9n\u00e9hard &amp; Michaux. Die Fusion hat die Synergieeffekte [&hellip;]<\/p>\n","protected":false},"author":8,"featured_media":0,"parent":0,"menu_order":0,"comment_status":"closed","ping_status":"closed","template":"","meta":{"_acf_changed":false,"footnotes":""},"class_list":["post-755","page","type-page","status-publish","hentry"],"acf":[],"yoast_head":"<!-- This site is optimized with the Yoast SEO plugin v27.3 - https:\/\/yoast.com\/product\/yoast-seo-wordpress\/ -->\n<title>Unsere Geschichte - Tendo<\/title>\n<meta name=\"description\" content=\"Unser Unternehmen besteht aus Fachleuten und ist auf die Entwicklung und Herstellung von Ger\u00fcstsystemen spezialisiert. Wir arbeiten seit 1990 mit Fachleuten aus dem Baugewerbe und der Industrie in Spanien zusammen und bieten ma\u00dfgeschneiderte und gesetzeskonforme Ger\u00fcstl\u00f6sungen an.\" \/>\n<meta name=\"robots\" content=\"index, follow, max-snippet:-1, max-image-preview:large, max-video-preview:-1\" \/>\n<link rel=\"canonical\" href=\"https:\/\/andamios-tendo.com\/de\/unsere-geschichte\/\" \/>\n<meta property=\"og:locale\" content=\"de_DE\" \/>\n<meta property=\"og:type\" content=\"article\" \/>\n<meta property=\"og:title\" content=\"Unsere Geschichte - Tendo\" \/>\n<meta property=\"og:description\" content=\"Unser Unternehmen besteht aus Fachleuten und ist auf die Entwicklung und Herstellung von Ger\u00fcstsystemen spezialisiert. Wir arbeiten seit 1990 mit Fachleuten aus dem Baugewerbe und der Industrie in Spanien zusammen und bieten ma\u00dfgeschneiderte und gesetzeskonforme Ger\u00fcstl\u00f6sungen an.\" \/>\n<meta property=\"og:url\" content=\"https:\/\/andamios-tendo.com\/de\/unsere-geschichte\/\" \/>\n<meta property=\"og:site_name\" content=\"Tendo\" \/>\n<meta property=\"article:modified_time\" content=\"2022-09-30T09:15:52+00:00\" \/>\n<meta property=\"og:image\" content=\"https:\/\/andamios-tendo.com\/wp-content\/uploads\/sites\/2\/2022\/09\/notre-histoire-1024x294.jpg\" \/>\n<meta name=\"twitter:card\" content=\"summary_large_image\" \/>\n<meta name=\"twitter:label1\" content=\"Gesch\u00e4tzte Lesezeit\" \/>\n\t<meta name=\"twitter:data1\" content=\"2\u00a0Minuten\" \/>\n<script type=\"application\/ld+json\" class=\"yoast-schema-graph\">{\"@context\":\"https:\\\/\\\/schema.org\",\"@graph\":[{\"@type\":\"WebPage\",\"@id\":\"https:\\\/\\\/andamios-tendo.com\\\/de\\\/unsere-geschichte\\\/\",\"url\":\"https:\\\/\\\/andamios-tendo.com\\\/de\\\/unsere-geschichte\\\/\",\"name\":\"Unsere Geschichte - Tendo\",\"isPartOf\":{\"@id\":\"https:\\\/\\\/andamios-tendo.com\\\/de\\\/#website\"},\"primaryImageOfPage\":{\"@id\":\"https:\\\/\\\/andamios-tendo.com\\\/de\\\/unsere-geschichte\\\/#primaryimage\"},\"image\":{\"@id\":\"https:\\\/\\\/andamios-tendo.com\\\/de\\\/unsere-geschichte\\\/#primaryimage\"},\"thumbnailUrl\":\"https:\\\/\\\/andamios-tendo.com\\\/wp-content\\\/uploads\\\/sites\\\/2\\\/2022\\\/09\\\/notre-histoire-1024x294.jpg\",\"datePublished\":\"2022-09-22T13:48:29+00:00\",\"dateModified\":\"2022-09-30T09:15:52+00:00\",\"description\":\"Unser Unternehmen besteht aus Fachleuten und ist auf die Entwicklung und Herstellung von Ger\u00fcstsystemen spezialisiert. Wir arbeiten seit 1990 mit Fachleuten aus dem Baugewerbe und der Industrie in Spanien zusammen und bieten ma\u00dfgeschneiderte und gesetzeskonforme Ger\u00fcstl\u00f6sungen an.\",\"breadcrumb\":{\"@id\":\"https:\\\/\\\/andamios-tendo.com\\\/de\\\/unsere-geschichte\\\/#breadcrumb\"},\"inLanguage\":\"de\",\"potentialAction\":[{\"@type\":\"ReadAction\",\"target\":[\"https:\\\/\\\/andamios-tendo.com\\\/de\\\/unsere-geschichte\\\/\"]}]},{\"@type\":\"ImageObject\",\"inLanguage\":\"de\",\"@id\":\"https:\\\/\\\/andamios-tendo.com\\\/de\\\/unsere-geschichte\\\/#primaryimage\",\"url\":\"https:\\\/\\\/andamios-tendo.com\\\/wp-content\\\/uploads\\\/sites\\\/2\\\/2022\\\/09\\\/notre-histoire-1024x294.jpg\",\"contentUrl\":\"https:\\\/\\\/andamios-tendo.com\\\/wp-content\\\/uploads\\\/sites\\\/2\\\/2022\\\/09\\\/notre-histoire-1024x294.jpg\"},{\"@type\":\"BreadcrumbList\",\"@id\":\"https:\\\/\\\/andamios-tendo.com\\\/de\\\/unsere-geschichte\\\/#breadcrumb\",\"itemListElement\":[{\"@type\":\"ListItem\",\"position\":1,\"name\":\"Tendo\",\"item\":\"https:\\\/\\\/andamios-tendo.com\\\/de\\\/\"},{\"@type\":\"ListItem\",\"position\":2,\"name\":\"Unsere Geschichte\"}]},{\"@type\":\"WebSite\",\"@id\":\"https:\\\/\\\/andamios-tendo.com\\\/de\\\/#website\",\"url\":\"https:\\\/\\\/andamios-tendo.com\\\/de\\\/\",\"name\":\"Tendo\",\"description\":\"Une entreprise du groupe Fr\u00e9n\u00e9hard &amp; Michaux\",\"publisher\":{\"@id\":\"https:\\\/\\\/andamios-tendo.com\\\/de\\\/#organization\"},\"potentialAction\":[{\"@type\":\"SearchAction\",\"target\":{\"@type\":\"EntryPoint\",\"urlTemplate\":\"https:\\\/\\\/andamios-tendo.com\\\/de\\\/?s={search_term_string}\"},\"query-input\":{\"@type\":\"PropertyValueSpecification\",\"valueRequired\":true,\"valueName\":\"search_term_string\"}}],\"inLanguage\":\"de\"},{\"@type\":\"Organization\",\"@id\":\"https:\\\/\\\/andamios-tendo.com\\\/de\\\/#organization\",\"name\":\"Tendo\",\"url\":\"https:\\\/\\\/andamios-tendo.com\\\/de\\\/\",\"logo\":{\"@type\":\"ImageObject\",\"inLanguage\":\"de\",\"@id\":\"https:\\\/\\\/andamios-tendo.com\\\/de\\\/#\\\/schema\\\/logo\\\/image\\\/\",\"url\":\"https:\\\/\\\/andamios-tendo.com\\\/wp-content\\\/uploads\\\/sites\\\/2\\\/2022\\\/07\\\/logo_tendo-s.png\",\"contentUrl\":\"https:\\\/\\\/andamios-tendo.com\\\/wp-content\\\/uploads\\\/sites\\\/2\\\/2022\\\/07\\\/logo_tendo-s.png\",\"width\":153,\"height\":30,\"caption\":\"Tendo\"},\"image\":{\"@id\":\"https:\\\/\\\/andamios-tendo.com\\\/de\\\/#\\\/schema\\\/logo\\\/image\\\/\"}}]}<\/script>\n<!-- \/ Yoast SEO plugin. -->","yoast_head_json":{"title":"Unsere Geschichte - Tendo","description":"Unser Unternehmen besteht aus Fachleuten und ist auf die Entwicklung und Herstellung von Ger\u00fcstsystemen spezialisiert. Wir arbeiten seit 1990 mit Fachleuten aus dem Baugewerbe und der Industrie in Spanien zusammen und bieten ma\u00dfgeschneiderte und gesetzeskonforme Ger\u00fcstl\u00f6sungen an.","robots":{"index":"index","follow":"follow","max-snippet":"max-snippet:-1","max-image-preview":"max-image-preview:large","max-video-preview":"max-video-preview:-1"},"canonical":"https:\/\/andamios-tendo.com\/de\/unsere-geschichte\/","og_locale":"de_DE","og_type":"article","og_title":"Unsere Geschichte - Tendo","og_description":"Unser Unternehmen besteht aus Fachleuten und ist auf die Entwicklung und Herstellung von Ger\u00fcstsystemen spezialisiert. Wir arbeiten seit 1990 mit Fachleuten aus dem Baugewerbe und der Industrie in Spanien zusammen und bieten ma\u00dfgeschneiderte und gesetzeskonforme Ger\u00fcstl\u00f6sungen an.","og_url":"https:\/\/andamios-tendo.com\/de\/unsere-geschichte\/","og_site_name":"Tendo","article_modified_time":"2022-09-30T09:15:52+00:00","og_image":[{"url":"https:\/\/andamios-tendo.com\/wp-content\/uploads\/sites\/2\/2022\/09\/notre-histoire-1024x294.jpg","type":"","width":"","height":""}],"twitter_card":"summary_large_image","twitter_misc":{"Gesch\u00e4tzte Lesezeit":"2\u00a0Minuten"},"schema":{"@context":"https:\/\/schema.org","@graph":[{"@type":"WebPage","@id":"https:\/\/andamios-tendo.com\/de\/unsere-geschichte\/","url":"https:\/\/andamios-tendo.com\/de\/unsere-geschichte\/","name":"Unsere Geschichte - Tendo","isPartOf":{"@id":"https:\/\/andamios-tendo.com\/de\/#website"},"primaryImageOfPage":{"@id":"https:\/\/andamios-tendo.com\/de\/unsere-geschichte\/#primaryimage"},"image":{"@id":"https:\/\/andamios-tendo.com\/de\/unsere-geschichte\/#primaryimage"},"thumbnailUrl":"https:\/\/andamios-tendo.com\/wp-content\/uploads\/sites\/2\/2022\/09\/notre-histoire-1024x294.jpg","datePublished":"2022-09-22T13:48:29+00:00","dateModified":"2022-09-30T09:15:52+00:00","description":"Unser Unternehmen besteht aus Fachleuten und ist auf die Entwicklung und Herstellung von Ger\u00fcstsystemen spezialisiert. Wir arbeiten seit 1990 mit Fachleuten aus dem Baugewerbe und der Industrie in Spanien zusammen und bieten ma\u00dfgeschneiderte und gesetzeskonforme Ger\u00fcstl\u00f6sungen an.","breadcrumb":{"@id":"https:\/\/andamios-tendo.com\/de\/unsere-geschichte\/#breadcrumb"},"inLanguage":"de","potentialAction":[{"@type":"ReadAction","target":["https:\/\/andamios-tendo.com\/de\/unsere-geschichte\/"]}]},{"@type":"ImageObject","inLanguage":"de","@id":"https:\/\/andamios-tendo.com\/de\/unsere-geschichte\/#primaryimage","url":"https:\/\/andamios-tendo.com\/wp-content\/uploads\/sites\/2\/2022\/09\/notre-histoire-1024x294.jpg","contentUrl":"https:\/\/andamios-tendo.com\/wp-content\/uploads\/sites\/2\/2022\/09\/notre-histoire-1024x294.jpg"},{"@type":"BreadcrumbList","@id":"https:\/\/andamios-tendo.com\/de\/unsere-geschichte\/#breadcrumb","itemListElement":[{"@type":"ListItem","position":1,"name":"Tendo","item":"https:\/\/andamios-tendo.com\/de\/"},{"@type":"ListItem","position":2,"name":"Unsere Geschichte"}]},{"@type":"WebSite","@id":"https:\/\/andamios-tendo.com\/de\/#website","url":"https:\/\/andamios-tendo.com\/de\/","name":"Tendo","description":"Une entreprise du groupe Fr\u00e9n\u00e9hard &amp; Michaux","publisher":{"@id":"https:\/\/andamios-tendo.com\/de\/#organization"},"potentialAction":[{"@type":"SearchAction","target":{"@type":"EntryPoint","urlTemplate":"https:\/\/andamios-tendo.com\/de\/?s={search_term_string}"},"query-input":{"@type":"PropertyValueSpecification","valueRequired":true,"valueName":"search_term_string"}}],"inLanguage":"de"},{"@type":"Organization","@id":"https:\/\/andamios-tendo.com\/de\/#organization","name":"Tendo","url":"https:\/\/andamios-tendo.com\/de\/","logo":{"@type":"ImageObject","inLanguage":"de","@id":"https:\/\/andamios-tendo.com\/de\/#\/schema\/logo\/image\/","url":"https:\/\/andamios-tendo.com\/wp-content\/uploads\/sites\/2\/2022\/07\/logo_tendo-s.png","contentUrl":"https:\/\/andamios-tendo.com\/wp-content\/uploads\/sites\/2\/2022\/07\/logo_tendo-s.png","width":153,"height":30,"caption":"Tendo"},"image":{"@id":"https:\/\/andamios-tendo.com\/de\/#\/schema\/logo\/image\/"}}]}},"_links":{"self":[{"href":"https:\/\/andamios-tendo.com\/de\/wp-json\/wp\/v2\/pages\/755","targetHints":{"allow":["GET"]}}],"collection":[{"href":"https:\/\/andamios-tendo.com\/de\/wp-json\/wp\/v2\/pages"}],"about":[{"href":"https:\/\/andamios-tendo.com\/de\/wp-json\/wp\/v2\/types\/page"}],"author":[{"embeddable":true,"href":"https:\/\/andamios-tendo.com\/de\/wp-json\/wp\/v2\/users\/8"}],"replies":[{"embeddable":true,"href":"https:\/\/andamios-tendo.com\/de\/wp-json\/wp\/v2\/comments?post=755"}],"version-history":[{"count":2,"href":"https:\/\/andamios-tendo.com\/de\/wp-json\/wp\/v2\/pages\/755\/revisions"}],"predecessor-version":[{"id":1160,"href":"https:\/\/andamios-tendo.com\/de\/wp-json\/wp\/v2\/pages\/755\/revisions\/1160"}],"wp:attachment":[{"href":"https:\/\/andamios-tendo.com\/de\/wp-json\/wp\/v2\/media?parent=755"}],"curies":[{"name":"wp","href":"https:\/\/api.w.org\/{rel}","templated":true}]}}