{"id":757,"date":"2022-09-22T16:42:02","date_gmt":"2022-09-22T14:42:02","guid":{"rendered":"https:\/\/andamios-tendo.com\/unsere-werte\/"},"modified":"2023-04-18T16:12:56","modified_gmt":"2023-04-18T14:12:56","slug":"unsere-werte","status":"publish","type":"page","link":"https:\/\/andamios-tendo.com\/de\/unsere-werte\/","title":{"rendered":"Unsere Werte"},"content":{"rendered":"\n<div style=\"height:50px\" aria-hidden=\"true\" class=\"wp-block-spacer\"><\/div>\n\n\n\n<div class=\"wp-block-columns is-layout-flex wp-container-core-columns-is-layout-9d6595d7 wp-block-columns-is-layout-flex\">\n<div class=\"wp-block-column is-layout-flow wp-block-column-is-layout-flow\" style=\"flex-basis:20%\">\n<figure class=\"wp-block-image aligncenter size-full is-resized is-style-default\"><img loading=\"lazy\" decoding=\"async\" src=\"https:\/\/andamios-tendo.com\/wp-content\/uploads\/sites\/2\/2022\/09\/ecouter.png\" alt=\"\" class=\"wp-image-1187\" width=\"89\" height=\"89\" srcset=\"https:\/\/andamios-tendo.com\/wp-content\/uploads\/sites\/2\/2022\/09\/ecouter.png 177w, https:\/\/andamios-tendo.com\/wp-content\/uploads\/sites\/2\/2022\/09\/ecouter-150x150.png 150w, https:\/\/andamios-tendo.com\/wp-content\/uploads\/sites\/2\/2022\/09\/ecouter-100x100.png 100w\" sizes=\"auto, (max-width: 89px) 100vw, 89px\" \/><\/figure>\n\n\n\n<p class=\"has-text-align-center\"><strong>KUNDENORIENTIERTHEIT<\/strong><\/p>\n<\/div>\n\n\n\n<div class=\"wp-block-column is-layout-flow wp-block-column-is-layout-flow\" style=\"flex-basis:66.66%\">\n<p>Bei Tendo nehmen wir uns die Zeit, unseren Kunden zuzuh\u00f6ren und auf ihre Erwartungen einzugehen, um f\u00fcr sie die Produkte und Dienstleistungen der Zukunft zu gestalten.<\/p>\n\n\n\n<p>Die aufrichtige und st\u00e4ndige Bereitschaft unserer Mitarbeiter und Kollegen, auf die Bed\u00fcrfnisse unserer Kunden und Partner einzugehen, ist die Grundlage f\u00fcr eine solide und lohnende Arbeit.<\/p>\n<\/div>\n<\/div>\n\n\n\n<div class=\"wp-block-columns is-layout-flex wp-container-core-columns-is-layout-9d6595d7 wp-block-columns-is-layout-flex\">\n<div class=\"wp-block-column is-layout-flow wp-block-column-is-layout-flow\" style=\"flex-basis:20%\">\n<figure class=\"wp-block-image aligncenter size-full is-resized is-style-default\"><img loading=\"lazy\" decoding=\"async\" src=\"https:\/\/andamios-tendo.com\/wp-content\/uploads\/sites\/2\/2022\/09\/sengager.png\" alt=\"\" class=\"wp-image-1192\" width=\"89\" height=\"89\" srcset=\"https:\/\/andamios-tendo.com\/wp-content\/uploads\/sites\/2\/2022\/09\/sengager.png 177w, https:\/\/andamios-tendo.com\/wp-content\/uploads\/sites\/2\/2022\/09\/sengager-150x150.png 150w, https:\/\/andamios-tendo.com\/wp-content\/uploads\/sites\/2\/2022\/09\/sengager-100x100.png 100w\" sizes=\"auto, (max-width: 89px) 100vw, 89px\" \/><\/figure>\n\n\n\n<p class=\"has-text-align-center\"><strong>VERPFLICHTUNG<\/strong><\/p>\n<\/div>\n\n\n\n<div class=\"wp-block-column is-layout-flow wp-block-column-is-layout-flow\" style=\"flex-basis:66.66%\">\n<p>Bei Tendo ist die Einhaltung der Verpflichtungen f\u00fcr alle grundlegend.<\/p>\n\n\n\n<p>Wir bef\u00fcrworten eine Kultur der Eigeninitiative, die mit der Verantwortung verbunden ist, die eingegangenen Verpflichtungen zu erf\u00fcllen, sowohl zwischen den Mitarbeitern als auch gegen\u00fcber Kunden und Partnern.<\/p>\n<\/div>\n<\/div>\n\n\n\n<div class=\"wp-block-columns is-layout-flex wp-container-core-columns-is-layout-9d6595d7 wp-block-columns-is-layout-flex\">\n<div class=\"wp-block-column is-layout-flow wp-block-column-is-layout-flow\" style=\"flex-basis:20%\">\n<figure class=\"wp-block-image aligncenter size-full is-resized is-style-default\"><img loading=\"lazy\" decoding=\"async\" src=\"https:\/\/andamios-tendo.com\/wp-content\/uploads\/sites\/2\/2022\/09\/innover.png\" alt=\"\" class=\"wp-image-1207\" width=\"89\" height=\"89\" srcset=\"https:\/\/andamios-tendo.com\/wp-content\/uploads\/sites\/2\/2022\/09\/innover.png 178w, https:\/\/andamios-tendo.com\/wp-content\/uploads\/sites\/2\/2022\/09\/innover-150x150.png 150w, https:\/\/andamios-tendo.com\/wp-content\/uploads\/sites\/2\/2022\/09\/innover-100x100.png 100w\" sizes=\"auto, (max-width: 89px) 100vw, 89px\" \/><\/figure>\n\n\n\n<p class=\"has-text-align-center\"><strong>INNOVATION<\/strong><\/p>\n<\/div>\n\n\n\n<div class=\"wp-block-column is-layout-flow wp-block-column-is-layout-flow\" style=\"flex-basis:66.66%\">\n<p>Bei Tendo <\/p>\n\n\n\n<p>Bei Tendo arbeiten wir Hand in Hand mit unseren Kunden und Partnern mit dem Ziel der kontinuierlichen Verbesserung unserer Produkte und Prozesse.<\/p>\n\n\n\n<p>Wir ermutigen zur Eigeninitiative und hinterfragen uns selbst, sowohl auf Unternehmensebene als auch als Einzelpersonen, in dem Bestreben, neue Ideen zu entwickeln.<\/p>\n<\/div>\n<\/div>\n\n\n\n<div class=\"wp-block-columns is-layout-flex wp-container-core-columns-is-layout-9d6595d7 wp-block-columns-is-layout-flex\">\n<div class=\"wp-block-column is-layout-flow wp-block-column-is-layout-flow\" style=\"flex-basis:20%\">\n<figure class=\"wp-block-image aligncenter size-full is-resized is-style-default\"><img loading=\"lazy\" decoding=\"async\" src=\"https:\/\/andamios-tendo.com\/wp-content\/uploads\/sites\/2\/2022\/09\/proteger.png\" alt=\"\" class=\"wp-image-1213\" width=\"89\" height=\"89\" srcset=\"https:\/\/andamios-tendo.com\/wp-content\/uploads\/sites\/2\/2022\/09\/proteger.png 178w, https:\/\/andamios-tendo.com\/wp-content\/uploads\/sites\/2\/2022\/09\/proteger-150x150.png 150w, https:\/\/andamios-tendo.com\/wp-content\/uploads\/sites\/2\/2022\/09\/proteger-100x100.png 100w\" sizes=\"auto, (max-width: 89px) 100vw, 89px\" \/><\/figure>\n\n\n\n<p class=\"has-text-align-center\"><strong>SICHERHEIT<\/strong><\/p>\n<\/div>\n\n\n\n<div class=\"wp-block-column is-layout-flow wp-block-column-is-layout-flow\" style=\"flex-basis:66.66%\">\n<p>Bei Tendo sind H\u00f6he und Sicherheit untrennbar miteinander verbunden. Die Gesundheit und Sicherheit unserer Mitarbeitenden steht f\u00fcr uns ganz klar im Vordergrund.<\/p>\n\n\n\n<p>Die Qualit\u00e4t unserer Produkte und die kontrollierte Abwicklung unserer Prozesse gew\u00e4hrleisten unseren Kunden Sicherheit und den Fortbestand ihrer Anlagen<\/p>\n<\/div>\n<\/div>\n\n\n\n<div class=\"wp-block-columns is-layout-flex wp-container-core-columns-is-layout-9d6595d7 wp-block-columns-is-layout-flex\">\n<div class=\"wp-block-column is-layout-flow wp-block-column-is-layout-flow\" style=\"flex-basis:20%\">\n<figure class=\"wp-block-image aligncenter size-full is-resized is-style-default\"><img loading=\"lazy\" decoding=\"async\" src=\"https:\/\/andamios-tendo.com\/wp-content\/uploads\/sites\/2\/2022\/09\/selever.png\" alt=\"\" class=\"wp-image-1218\" width=\"89\" height=\"89\" srcset=\"https:\/\/andamios-tendo.com\/wp-content\/uploads\/sites\/2\/2022\/09\/selever.png 177w, https:\/\/andamios-tendo.com\/wp-content\/uploads\/sites\/2\/2022\/09\/selever-150x150.png 150w, https:\/\/andamios-tendo.com\/wp-content\/uploads\/sites\/2\/2022\/09\/selever-100x100.png 100w\" sizes=\"auto, (max-width: 89px) 100vw, 89px\" \/><\/figure>\n\n\n\n<p class=\"has-text-align-center\"><strong>ZUSAMMENHALT<\/strong><\/p>\n<\/div>\n\n\n\n<div class=\"wp-block-column is-layout-flow wp-block-column-is-layout-flow\" style=\"flex-basis:66.66%\">\n<p>Bei Tendo stehen wir \u00fcberzeugt hinter unseren Mitarbeitenden.<br>Die F\u00f6rderung der pers\u00f6nlichen Entwicklung, die Erweiterung von Kompetenzen, die Unterst\u00fctzung von positivem Verhalten und Teamarbeit sind Bestandteil unserer Unternehmenskultur.<\/p>\n\n\n\n<p>Diesen Stolz tragen wir nach au\u00dfen und wir w\u00fcrdigen die Frauen und M\u00e4nner, die f\u00fcr unsere Marken, unser Image und unsere Betriebe arbeiten und einstehen.<\/p>\n<\/div>\n<\/div>\n","protected":false},"excerpt":{"rendered":"<p>KUNDENORIENTIERTHEIT Bei Tendo nehmen wir uns die Zeit, unseren Kunden zuzuh\u00f6ren und auf ihre Erwartungen einzugehen, um f\u00fcr sie die Produkte und Dienstleistungen der Zukunft zu gestalten. Die aufrichtige und st\u00e4ndige Bereitschaft unserer Mitarbeiter und Kollegen, auf die Bed\u00fcrfnisse unserer Kunden und Partner einzugehen, ist die Grundlage f\u00fcr eine solide und lohnende Arbeit. VERPFLICHTUNG Bei [&hellip;]<\/p>\n","protected":false},"author":8,"featured_media":0,"parent":0,"menu_order":0,"comment_status":"closed","ping_status":"closed","template":"","meta":{"_acf_changed":false,"footnotes":""},"class_list":["post-757","page","type-page","status-publish","hentry"],"acf":[],"yoast_head":"<!-- This site is optimized with the Yoast SEO plugin v27.3 - https:\/\/yoast.com\/product\/yoast-seo-wordpress\/ -->\n<title>Unsere Werte - Tendo<\/title>\n<meta name=\"robots\" content=\"index, follow, max-snippet:-1, max-image-preview:large, max-video-preview:-1\" \/>\n<link rel=\"canonical\" href=\"https:\/\/andamios-tendo.com\/de\/unsere-werte\/\" \/>\n<meta property=\"og:locale\" content=\"de_DE\" \/>\n<meta property=\"og:type\" content=\"article\" \/>\n<meta property=\"og:title\" content=\"Unsere Werte - Tendo\" \/>\n<meta property=\"og:description\" content=\"KUNDENORIENTIERTHEIT Bei Tendo nehmen wir uns die Zeit, unseren Kunden zuzuh\u00f6ren und auf ihre Erwartungen einzugehen, um f\u00fcr sie die Produkte und Dienstleistungen der Zukunft zu gestalten. Die aufrichtige und st\u00e4ndige Bereitschaft unserer Mitarbeiter und Kollegen, auf die Bed\u00fcrfnisse unserer Kunden und Partner einzugehen, ist die Grundlage f\u00fcr eine solide und lohnende Arbeit. VERPFLICHTUNG Bei [&hellip;]\" \/>\n<meta property=\"og:url\" content=\"https:\/\/andamios-tendo.com\/de\/unsere-werte\/\" \/>\n<meta property=\"og:site_name\" content=\"Tendo\" \/>\n<meta property=\"article:modified_time\" content=\"2023-04-18T14:12:56+00:00\" \/>\n<meta property=\"og:image\" content=\"https:\/\/andamios-tendo.com\/wp-content\/uploads\/sites\/2\/2022\/09\/ecouter.png\" \/>\n<meta name=\"twitter:card\" content=\"summary_large_image\" \/>\n<meta name=\"twitter:label1\" content=\"Gesch\u00e4tzte Lesezeit\" \/>\n\t<meta name=\"twitter:data1\" content=\"3\u00a0Minuten\" \/>\n<script type=\"application\/ld+json\" class=\"yoast-schema-graph\">{\"@context\":\"https:\\\/\\\/schema.org\",\"@graph\":[{\"@type\":\"WebPage\",\"@id\":\"https:\\\/\\\/andamios-tendo.com\\\/de\\\/unsere-werte\\\/\",\"url\":\"https:\\\/\\\/andamios-tendo.com\\\/de\\\/unsere-werte\\\/\",\"name\":\"Unsere Werte - Tendo\",\"isPartOf\":{\"@id\":\"https:\\\/\\\/andamios-tendo.com\\\/de\\\/#website\"},\"primaryImageOfPage\":{\"@id\":\"https:\\\/\\\/andamios-tendo.com\\\/de\\\/unsere-werte\\\/#primaryimage\"},\"image\":{\"@id\":\"https:\\\/\\\/andamios-tendo.com\\\/de\\\/unsere-werte\\\/#primaryimage\"},\"thumbnailUrl\":\"https:\\\/\\\/andamios-tendo.com\\\/wp-content\\\/uploads\\\/sites\\\/2\\\/2022\\\/09\\\/ecouter.png\",\"datePublished\":\"2022-09-22T14:42:02+00:00\",\"dateModified\":\"2023-04-18T14:12:56+00:00\",\"breadcrumb\":{\"@id\":\"https:\\\/\\\/andamios-tendo.com\\\/de\\\/unsere-werte\\\/#breadcrumb\"},\"inLanguage\":\"de\",\"potentialAction\":[{\"@type\":\"ReadAction\",\"target\":[\"https:\\\/\\\/andamios-tendo.com\\\/de\\\/unsere-werte\\\/\"]}]},{\"@type\":\"ImageObject\",\"inLanguage\":\"de\",\"@id\":\"https:\\\/\\\/andamios-tendo.com\\\/de\\\/unsere-werte\\\/#primaryimage\",\"url\":\"https:\\\/\\\/andamios-tendo.com\\\/wp-content\\\/uploads\\\/sites\\\/2\\\/2022\\\/09\\\/ecouter.png\",\"contentUrl\":\"https:\\\/\\\/andamios-tendo.com\\\/wp-content\\\/uploads\\\/sites\\\/2\\\/2022\\\/09\\\/ecouter.png\"},{\"@type\":\"BreadcrumbList\",\"@id\":\"https:\\\/\\\/andamios-tendo.com\\\/de\\\/unsere-werte\\\/#breadcrumb\",\"itemListElement\":[{\"@type\":\"ListItem\",\"position\":1,\"name\":\"Tendo\",\"item\":\"https:\\\/\\\/andamios-tendo.com\\\/de\\\/\"},{\"@type\":\"ListItem\",\"position\":2,\"name\":\"Unsere Werte\"}]},{\"@type\":\"WebSite\",\"@id\":\"https:\\\/\\\/andamios-tendo.com\\\/de\\\/#website\",\"url\":\"https:\\\/\\\/andamios-tendo.com\\\/de\\\/\",\"name\":\"Tendo\",\"description\":\"Une entreprise du groupe Fr\u00e9n\u00e9hard &amp; Michaux\",\"publisher\":{\"@id\":\"https:\\\/\\\/andamios-tendo.com\\\/de\\\/#organization\"},\"potentialAction\":[{\"@type\":\"SearchAction\",\"target\":{\"@type\":\"EntryPoint\",\"urlTemplate\":\"https:\\\/\\\/andamios-tendo.com\\\/de\\\/?s={search_term_string}\"},\"query-input\":{\"@type\":\"PropertyValueSpecification\",\"valueRequired\":true,\"valueName\":\"search_term_string\"}}],\"inLanguage\":\"de\"},{\"@type\":\"Organization\",\"@id\":\"https:\\\/\\\/andamios-tendo.com\\\/de\\\/#organization\",\"name\":\"Tendo\",\"url\":\"https:\\\/\\\/andamios-tendo.com\\\/de\\\/\",\"logo\":{\"@type\":\"ImageObject\",\"inLanguage\":\"de\",\"@id\":\"https:\\\/\\\/andamios-tendo.com\\\/de\\\/#\\\/schema\\\/logo\\\/image\\\/\",\"url\":\"https:\\\/\\\/andamios-tendo.com\\\/wp-content\\\/uploads\\\/sites\\\/2\\\/2022\\\/07\\\/logo_tendo-s.png\",\"contentUrl\":\"https:\\\/\\\/andamios-tendo.com\\\/wp-content\\\/uploads\\\/sites\\\/2\\\/2022\\\/07\\\/logo_tendo-s.png\",\"width\":153,\"height\":30,\"caption\":\"Tendo\"},\"image\":{\"@id\":\"https:\\\/\\\/andamios-tendo.com\\\/de\\\/#\\\/schema\\\/logo\\\/image\\\/\"}}]}<\/script>\n<!-- \/ Yoast SEO plugin. -->","yoast_head_json":{"title":"Unsere Werte - Tendo","robots":{"index":"index","follow":"follow","max-snippet":"max-snippet:-1","max-image-preview":"max-image-preview:large","max-video-preview":"max-video-preview:-1"},"canonical":"https:\/\/andamios-tendo.com\/de\/unsere-werte\/","og_locale":"de_DE","og_type":"article","og_title":"Unsere Werte - Tendo","og_description":"KUNDENORIENTIERTHEIT Bei Tendo nehmen wir uns die Zeit, unseren Kunden zuzuh\u00f6ren und auf ihre Erwartungen einzugehen, um f\u00fcr sie die Produkte und Dienstleistungen der Zukunft zu gestalten. Die aufrichtige und st\u00e4ndige Bereitschaft unserer Mitarbeiter und Kollegen, auf die Bed\u00fcrfnisse unserer Kunden und Partner einzugehen, ist die Grundlage f\u00fcr eine solide und lohnende Arbeit. VERPFLICHTUNG Bei [&hellip;]","og_url":"https:\/\/andamios-tendo.com\/de\/unsere-werte\/","og_site_name":"Tendo","article_modified_time":"2023-04-18T14:12:56+00:00","og_image":[{"url":"https:\/\/andamios-tendo.com\/wp-content\/uploads\/sites\/2\/2022\/09\/ecouter.png","type":"","width":"","height":""}],"twitter_card":"summary_large_image","twitter_misc":{"Gesch\u00e4tzte Lesezeit":"3\u00a0Minuten"},"schema":{"@context":"https:\/\/schema.org","@graph":[{"@type":"WebPage","@id":"https:\/\/andamios-tendo.com\/de\/unsere-werte\/","url":"https:\/\/andamios-tendo.com\/de\/unsere-werte\/","name":"Unsere Werte - Tendo","isPartOf":{"@id":"https:\/\/andamios-tendo.com\/de\/#website"},"primaryImageOfPage":{"@id":"https:\/\/andamios-tendo.com\/de\/unsere-werte\/#primaryimage"},"image":{"@id":"https:\/\/andamios-tendo.com\/de\/unsere-werte\/#primaryimage"},"thumbnailUrl":"https:\/\/andamios-tendo.com\/wp-content\/uploads\/sites\/2\/2022\/09\/ecouter.png","datePublished":"2022-09-22T14:42:02+00:00","dateModified":"2023-04-18T14:12:56+00:00","breadcrumb":{"@id":"https:\/\/andamios-tendo.com\/de\/unsere-werte\/#breadcrumb"},"inLanguage":"de","potentialAction":[{"@type":"ReadAction","target":["https:\/\/andamios-tendo.com\/de\/unsere-werte\/"]}]},{"@type":"ImageObject","inLanguage":"de","@id":"https:\/\/andamios-tendo.com\/de\/unsere-werte\/#primaryimage","url":"https:\/\/andamios-tendo.com\/wp-content\/uploads\/sites\/2\/2022\/09\/ecouter.png","contentUrl":"https:\/\/andamios-tendo.com\/wp-content\/uploads\/sites\/2\/2022\/09\/ecouter.png"},{"@type":"BreadcrumbList","@id":"https:\/\/andamios-tendo.com\/de\/unsere-werte\/#breadcrumb","itemListElement":[{"@type":"ListItem","position":1,"name":"Tendo","item":"https:\/\/andamios-tendo.com\/de\/"},{"@type":"ListItem","position":2,"name":"Unsere Werte"}]},{"@type":"WebSite","@id":"https:\/\/andamios-tendo.com\/de\/#website","url":"https:\/\/andamios-tendo.com\/de\/","name":"Tendo","description":"Une entreprise du groupe Fr\u00e9n\u00e9hard &amp; Michaux","publisher":{"@id":"https:\/\/andamios-tendo.com\/de\/#organization"},"potentialAction":[{"@type":"SearchAction","target":{"@type":"EntryPoint","urlTemplate":"https:\/\/andamios-tendo.com\/de\/?s={search_term_string}"},"query-input":{"@type":"PropertyValueSpecification","valueRequired":true,"valueName":"search_term_string"}}],"inLanguage":"de"},{"@type":"Organization","@id":"https:\/\/andamios-tendo.com\/de\/#organization","name":"Tendo","url":"https:\/\/andamios-tendo.com\/de\/","logo":{"@type":"ImageObject","inLanguage":"de","@id":"https:\/\/andamios-tendo.com\/de\/#\/schema\/logo\/image\/","url":"https:\/\/andamios-tendo.com\/wp-content\/uploads\/sites\/2\/2022\/07\/logo_tendo-s.png","contentUrl":"https:\/\/andamios-tendo.com\/wp-content\/uploads\/sites\/2\/2022\/07\/logo_tendo-s.png","width":153,"height":30,"caption":"Tendo"},"image":{"@id":"https:\/\/andamios-tendo.com\/de\/#\/schema\/logo\/image\/"}}]}},"_links":{"self":[{"href":"https:\/\/andamios-tendo.com\/de\/wp-json\/wp\/v2\/pages\/757","targetHints":{"allow":["GET"]}}],"collection":[{"href":"https:\/\/andamios-tendo.com\/de\/wp-json\/wp\/v2\/pages"}],"about":[{"href":"https:\/\/andamios-tendo.com\/de\/wp-json\/wp\/v2\/types\/page"}],"author":[{"embeddable":true,"href":"https:\/\/andamios-tendo.com\/de\/wp-json\/wp\/v2\/users\/8"}],"replies":[{"embeddable":true,"href":"https:\/\/andamios-tendo.com\/de\/wp-json\/wp\/v2\/comments?post=757"}],"version-history":[{"count":9,"href":"https:\/\/andamios-tendo.com\/de\/wp-json\/wp\/v2\/pages\/757\/revisions"}],"predecessor-version":[{"id":3673,"href":"https:\/\/andamios-tendo.com\/de\/wp-json\/wp\/v2\/pages\/757\/revisions\/3673"}],"wp:attachment":[{"href":"https:\/\/andamios-tendo.com\/de\/wp-json\/wp\/v2\/media?parent=757"}],"curies":[{"name":"wp","href":"https:\/\/api.w.org\/{rel}","templated":true}]}}