{"id":761,"date":"2022-09-22T16:53:29","date_gmt":"2022-09-22T14:53:29","guid":{"rendered":"https:\/\/andamios-tendo.com\/die-gruppe\/"},"modified":"2025-10-14T16:05:48","modified_gmt":"2025-10-14T14:05:48","slug":"die-gruppe","status":"publish","type":"page","link":"https:\/\/andamios-tendo.com\/de\/die-gruppe\/","title":{"rendered":"Die Gruppe"},"content":{"rendered":"\n<p><\/p>\n\n\n\n<div class=\"wp-block-columns is-layout-flex wp-container-core-columns-is-layout-9d6595d7 wp-block-columns-is-layout-flex\">\n<div class=\"wp-block-column is-vertically-aligned-center is-layout-flow wp-block-column-is-layout-flow\" style=\"flex-basis:33.33%\">\n<p>Der Fr\u00e9n\u00e9hard &amp; Michaux-Konzern besteht aus einer Reihe von Industrieunternehmen mit mehr als 1.200 Mitarbeitern weltweit. Unsere Unternehmen bieten Qualit\u00e4tsprodukte und -dienstleistungen an, die auf die Bed\u00fcrfnisse von Fachleuten f\u00fcr H\u00f6henarbeit, Dachdeckern und anderen Bauprofis zugeschnitten sind.<\/p>\n<\/div>\n\n\n\n<div class=\"wp-block-column is-layout-flow wp-block-column-is-layout-flow\" style=\"flex-basis:70%\">\n<figure class=\"wp-block-image aligncenter size-large is-style-default\"><img loading=\"lazy\" decoding=\"async\" width=\"1024\" height=\"651\" src=\"https:\/\/andamios-tendo.com\/wp-content\/uploads\/sites\/2\/2022\/11\/groupe2-1024x651.jpg\" alt=\"\" class=\"wp-image-1903\" srcset=\"https:\/\/andamios-tendo.com\/wp-content\/uploads\/sites\/2\/2022\/11\/groupe2-1024x651.jpg 1024w, https:\/\/andamios-tendo.com\/wp-content\/uploads\/sites\/2\/2022\/11\/groupe2-300x191.jpg 300w, https:\/\/andamios-tendo.com\/wp-content\/uploads\/sites\/2\/2022\/11\/groupe2-768x488.jpg 768w, https:\/\/andamios-tendo.com\/wp-content\/uploads\/sites\/2\/2022\/11\/groupe2-600x381.jpg 600w, https:\/\/andamios-tendo.com\/wp-content\/uploads\/sites\/2\/2022\/11\/groupe2.jpg 1498w\" sizes=\"auto, (max-width: 1024px) 100vw, 1024px\" \/><\/figure>\n<\/div>\n<\/div>\n\n\n\n<div class=\"wp-block-columns is-layout-flex wp-container-core-columns-is-layout-9d6595d7 wp-block-columns-is-layout-flex\">\n<div class=\"wp-block-column is-layout-flow wp-block-column-is-layout-flow\">\n<figure class=\"wp-block-image aligncenter size-full is-resized\"><img loading=\"lazy\" decoding=\"async\" width=\"179\" height=\"178\" src=\"https:\/\/andamios-tendo.com\/wp-content\/uploads\/sites\/2\/2022\/11\/localisation.png\" alt=\"\" class=\"wp-image-1844\" style=\"width:60px;height:60px\" srcset=\"https:\/\/andamios-tendo.com\/wp-content\/uploads\/sites\/2\/2022\/11\/localisation.png 179w, https:\/\/andamios-tendo.com\/wp-content\/uploads\/sites\/2\/2022\/11\/localisation-150x150.png 150w, https:\/\/andamios-tendo.com\/wp-content\/uploads\/sites\/2\/2022\/11\/localisation-100x100.png 100w\" sizes=\"auto, (max-width: 179px) 100vw, 179px\" \/><\/figure>\n\n\n\n<p class=\"has-text-align-center\">31 Standorte in Europa<\/p>\n<\/div>\n\n\n\n<div class=\"wp-block-column is-layout-flow wp-block-column-is-layout-flow\">\n<figure class=\"wp-block-image aligncenter size-full is-resized\"><img loading=\"lazy\" decoding=\"async\" width=\"177\" height=\"177\" src=\"https:\/\/andamios-tendo.com\/wp-content\/uploads\/sites\/2\/2022\/11\/rentabilite.png\" alt=\"\" class=\"wp-image-1839\" style=\"width:60px;height:60px\" srcset=\"https:\/\/andamios-tendo.com\/wp-content\/uploads\/sites\/2\/2022\/11\/rentabilite.png 177w, https:\/\/andamios-tendo.com\/wp-content\/uploads\/sites\/2\/2022\/11\/rentabilite-150x150.png 150w, https:\/\/andamios-tendo.com\/wp-content\/uploads\/sites\/2\/2022\/11\/rentabilite-100x100.png 100w\" sizes=\"auto, (max-width: 177px) 100vw, 177px\" \/><\/figure>\n\n\n\n<p class=\"has-text-align-center\">Umsatz von 300 Millionen Euro<\/p>\n<\/div>\n\n\n\n<div class=\"wp-block-column is-layout-flow wp-block-column-is-layout-flow\">\n<figure class=\"wp-block-image aligncenter size-full is-resized\"><img loading=\"lazy\" decoding=\"async\" width=\"178\" height=\"178\" src=\"https:\/\/andamios-tendo.com\/wp-content\/uploads\/sites\/2\/2022\/11\/monde.png\" alt=\"\" class=\"wp-image-1833\" style=\"width:60px;height:60px\" srcset=\"https:\/\/andamios-tendo.com\/wp-content\/uploads\/sites\/2\/2022\/11\/monde.png 178w, https:\/\/andamios-tendo.com\/wp-content\/uploads\/sites\/2\/2022\/11\/monde-150x150.png 150w, https:\/\/andamios-tendo.com\/wp-content\/uploads\/sites\/2\/2022\/11\/monde-100x100.png 100w\" sizes=\"auto, (max-width: 178px) 100vw, 178px\" \/><\/figure>\n\n\n\n<p class=\"has-text-align-center\">Pr\u00e4senz in mehr als 70 L\u00e4ndern.<\/p>\n<\/div>\n<\/div>\n\n\n\n<div class=\"wp-block-columns are-vertically-aligned-center is-layout-flex wp-container-core-columns-is-layout-9d6595d7 wp-block-columns-is-layout-flex\">\n<div class=\"wp-block-column is-vertically-aligned-center is-layout-flow wp-block-column-is-layout-flow\">\n<h2 class=\"wp-block-heading has-medium-font-size\"><\/h2>\n\n\n\n<figure class=\"wp-block-image is-style-mycms-bg-orange mycms-img-bg size-large \"><img loading=\"lazy\" decoding=\"async\" width=\"1024\" height=\"1024\" src=\"https:\/\/andamios-tendo.com\/wp-content\/uploads\/sites\/2\/2022\/12\/carte-groupe2-1024x1024.jpg\" alt=\"\" class=\"wp-image-3257\" srcset=\"https:\/\/andamios-tendo.com\/wp-content\/uploads\/sites\/2\/2022\/12\/carte-groupe2-1024x1024.jpg 1024w, https:\/\/andamios-tendo.com\/wp-content\/uploads\/sites\/2\/2022\/12\/carte-groupe2-300x300.jpg 300w, https:\/\/andamios-tendo.com\/wp-content\/uploads\/sites\/2\/2022\/12\/carte-groupe2-150x150.jpg 150w, https:\/\/andamios-tendo.com\/wp-content\/uploads\/sites\/2\/2022\/12\/carte-groupe2-768x768.jpg 768w, https:\/\/andamios-tendo.com\/wp-content\/uploads\/sites\/2\/2022\/12\/carte-groupe2-600x600.jpg 600w, https:\/\/andamios-tendo.com\/wp-content\/uploads\/sites\/2\/2022\/12\/carte-groupe2-100x100.jpg 100w, https:\/\/andamios-tendo.com\/wp-content\/uploads\/sites\/2\/2022\/12\/carte-groupe2.jpg 1080w\" sizes=\"auto, (max-width: 1024px) 100vw, 1024px\" \/><\/figure>\n<\/div>\n\n\n\n<div class=\"wp-block-column is-vertically-aligned-center is-layout-flow wp-block-column-is-layout-flow\">\n<h2 class=\"wp-block-heading has-medium-font-size\" id=\"notre-vision\"><strong>UNSERE VISION<\/strong><\/h2>\n\n\n\n<p>Wir setzen uns daf\u00fcr ein, unseren Kunden sichere und zuverl\u00e4ssige L\u00f6sungen f\u00fcr ihre gewerblichen Bed\u00fcrfnisse zu liefern. Mit mehr als einem Jahrhundert Erfahrung bei der Erzeugung von Aluminium und Stahl sind wir Experten in der Herstellung von innovativen H\u00f6henzugangsl\u00f6sungen.<\/p>\n\n\n\n<p>Wir sind weltweit t\u00e4tig, verf\u00fcgen \u00fcber 24 internationale Betriebsst\u00e4tten in Europa und k\u00f6nnen Ihnen unabh\u00e4ngig von Ihrem Standort Produkte anbieten, die Ihren Bed\u00fcrfnissen entsprechen.<\/p>\n<\/div>\n<\/div>\n\n\n\n<div class=\"wp-block-columns is-layout-flex wp-container-core-columns-is-layout-9d6595d7 wp-block-columns-is-layout-flex\">\n<div class=\"wp-block-column is-vertically-aligned-center is-layout-flow wp-block-column-is-layout-flow\">\n<h2 class=\"wp-block-heading has-medium-font-size\" id=\"notre-ambition-1\">UNSERE AMBITION<\/h2>\n\n\n\n<ul class=\"wp-block-list is-style-mycms-default\">\n<li>St\u00e4rkung der F\u00e4higkeiten und Kompetenzen unserer Unternehmenseinheiten, damit sie ihr Bestes geben k\u00f6nnen.<\/li>\n\n\n\n<li>Fokussierung aller unserer Marken auf ihr Kerngesch\u00e4ft.<\/li>\n\n\n\n<li>Nutzung der Erfahrung unserer Marken, um neue M\u00e4rkte zu erschlie\u00dfen.<\/li>\n\n\n\n<li>Entwicklung der geografischen Pr\u00e4senz des Konzerns auf dem Bau- und Industriemarkt.<\/li>\n\n\n\n<li>Entwicklung von Synergien in Forschung und Entwicklung zur Optimierung unserer Produktserien.<\/li>\n<\/ul>\n<\/div>\n\n\n\n<div class=\"wp-block-column is-vertically-aligned-center is-layout-flow wp-block-column-is-layout-flow\">\n<figure class=\"wp-block-image aligncenter size-full\"><img loading=\"lazy\" decoding=\"async\" width=\"1000\" height=\"737\" src=\"https:\/\/andamios-tendo.com\/wp-content\/uploads\/sites\/2\/2022\/11\/IMG_5095-2.jpg\" alt=\"\" class=\"wp-image-1746\" srcset=\"https:\/\/andamios-tendo.com\/wp-content\/uploads\/sites\/2\/2022\/11\/IMG_5095-2.jpg 1000w, https:\/\/andamios-tendo.com\/wp-content\/uploads\/sites\/2\/2022\/11\/IMG_5095-2-300x221.jpg 300w, https:\/\/andamios-tendo.com\/wp-content\/uploads\/sites\/2\/2022\/11\/IMG_5095-2-768x566.jpg 768w, https:\/\/andamios-tendo.com\/wp-content\/uploads\/sites\/2\/2022\/11\/IMG_5095-2-600x442.jpg 600w\" sizes=\"auto, (max-width: 1000px) 100vw, 1000px\" \/><\/figure>\n<\/div>\n<\/div>\n\n\n\n<h3 class=\"wp-block-heading has-text-align-center has-mycms-yale-blue-color has-text-color\" id=\"notre-histoire\">UNSERE GESCHICHTE<\/h3>\n\n\n\n<div class=\"wp-block-columns alignwide is-layout-flex wp-container-core-columns-is-layout-9d6595d7 wp-block-columns-is-layout-flex\">\n<div class=\"wp-block-column is-layout-flow wp-block-column-is-layout-flow\">\n<figure class=\"wp-block-image aligncenter size-full is-resized\"><img loading=\"lazy\" decoding=\"async\" width=\"178\" height=\"178\" src=\"https:\/\/andamios-tendo.com\/wp-content\/uploads\/sites\/2\/2022\/11\/Fichier-340.png\" alt=\"\" class=\"wp-image-1913\" style=\"width:60px;height:60px\" srcset=\"https:\/\/andamios-tendo.com\/wp-content\/uploads\/sites\/2\/2022\/11\/Fichier-340.png 178w, https:\/\/andamios-tendo.com\/wp-content\/uploads\/sites\/2\/2022\/11\/Fichier-340-150x150.png 150w, https:\/\/andamios-tendo.com\/wp-content\/uploads\/sites\/2\/2022\/11\/Fichier-340-100x100.png 100w\" sizes=\"auto, (max-width: 178px) 100vw, 178px\" \/><\/figure>\n\n\n\n<p class=\"has-text-align-center has-small-font-size\">Cr\u00e9ation de Fr\u00e9n\u00e9hard<\/p>\n<\/div>\n\n\n\n<div class=\"wp-block-column is-layout-flow wp-block-column-is-layout-flow\">\n<figure class=\"wp-block-image aligncenter size-full is-resized\"><img loading=\"lazy\" decoding=\"async\" width=\"179\" height=\"178\" src=\"https:\/\/andamios-tendo.com\/wp-content\/uploads\/sites\/2\/2022\/11\/Fichier-3411922.png\" alt=\"\" class=\"wp-image-1923\" style=\"width:60px;height:60px\" srcset=\"https:\/\/andamios-tendo.com\/wp-content\/uploads\/sites\/2\/2022\/11\/Fichier-3411922.png 179w, https:\/\/andamios-tendo.com\/wp-content\/uploads\/sites\/2\/2022\/11\/Fichier-3411922-150x150.png 150w, https:\/\/andamios-tendo.com\/wp-content\/uploads\/sites\/2\/2022\/11\/Fichier-3411922-100x100.png 100w\" sizes=\"auto, (max-width: 179px) 100vw, 179px\" \/><\/figure>\n\n\n\n<p class=\"has-text-align-center has-small-font-size\">Cr\u00e9ation de Fr\u00e9n\u00e9hard &amp; Michaux<\/p>\n<\/div>\n\n\n\n<div class=\"wp-block-column is-layout-flow wp-block-column-is-layout-flow\">\n<figure class=\"wp-block-image aligncenter size-full is-resized\"><img loading=\"lazy\" decoding=\"async\" width=\"179\" height=\"178\" src=\"https:\/\/andamios-tendo.com\/wp-content\/uploads\/sites\/2\/2022\/11\/Fichier-3411995.png\" alt=\"\" class=\"wp-image-1928\" style=\"width:60px;height:60px\" srcset=\"https:\/\/andamios-tendo.com\/wp-content\/uploads\/sites\/2\/2022\/11\/Fichier-3411995.png 179w, https:\/\/andamios-tendo.com\/wp-content\/uploads\/sites\/2\/2022\/11\/Fichier-3411995-150x150.png 150w, https:\/\/andamios-tendo.com\/wp-content\/uploads\/sites\/2\/2022\/11\/Fichier-3411995-100x100.png 100w\" sizes=\"auto, (max-width: 179px) 100vw, 179px\" \/><\/figure>\n\n\n\n<p class=\"has-text-align-center has-small-font-size\">Cr\u00e9ation de l&#8217;activit\u00e9 Protection anti-chute \u00e0 travers Securigard<\/p>\n<\/div>\n\n\n\n<div class=\"wp-block-column is-layout-flow wp-block-column-is-layout-flow\">\n<figure class=\"wp-block-image aligncenter size-full is-resized\"><img loading=\"lazy\" decoding=\"async\" width=\"179\" height=\"178\" src=\"https:\/\/andamios-tendo.com\/wp-content\/uploads\/sites\/2\/2022\/11\/Fichier-3412007.png\" alt=\"\" class=\"wp-image-1941\" style=\"width:60px;height:60px\" srcset=\"https:\/\/andamios-tendo.com\/wp-content\/uploads\/sites\/2\/2022\/11\/Fichier-3412007.png 179w, https:\/\/andamios-tendo.com\/wp-content\/uploads\/sites\/2\/2022\/11\/Fichier-3412007-150x150.png 150w, https:\/\/andamios-tendo.com\/wp-content\/uploads\/sites\/2\/2022\/11\/Fichier-3412007-100x100.png 100w\" sizes=\"auto, (max-width: 179px) 100vw, 179px\" \/><\/figure>\n\n\n\n<p class=\"has-text-align-center has-small-font-size\">Integration von FMS Ringue<\/p>\n<\/div>\n<\/div>\n\n\n\n<div class=\"wp-block-columns alignwide is-layout-flex wp-container-core-columns-is-layout-9d6595d7 wp-block-columns-is-layout-flex\">\n<div class=\"wp-block-column is-layout-flow wp-block-column-is-layout-flow\">\n<figure class=\"wp-block-image aligncenter size-full is-resized\"><img loading=\"lazy\" decoding=\"async\" width=\"179\" height=\"178\" src=\"https:\/\/andamios-tendo.com\/wp-content\/uploads\/sites\/2\/2022\/11\/Fichier-3412016.png\" alt=\"\" class=\"wp-image-1971\" style=\"width:60px;height:60px\" srcset=\"https:\/\/andamios-tendo.com\/wp-content\/uploads\/sites\/2\/2022\/11\/Fichier-3412016.png 179w, https:\/\/andamios-tendo.com\/wp-content\/uploads\/sites\/2\/2022\/11\/Fichier-3412016-150x150.png 150w, https:\/\/andamios-tendo.com\/wp-content\/uploads\/sites\/2\/2022\/11\/Fichier-3412016-100x100.png 100w\" sizes=\"auto, (max-width: 179px) 100vw, 179px\" \/><\/figure>\n\n\n\n<p class=\"has-text-align-center has-small-font-size\">Integration von Artub, Skyworks, Tendo und Tubesca-Comabi.<\/p>\n<\/div>\n\n\n\n<div class=\"wp-block-column is-layout-flow wp-block-column-is-layout-flow\">\n<figure class=\"wp-block-image aligncenter size-full is-resized\"><img loading=\"lazy\" decoding=\"async\" width=\"179\" height=\"178\" src=\"https:\/\/andamios-tendo.com\/wp-content\/uploads\/sites\/2\/2022\/11\/Fichier-3412018.png\" alt=\"\" class=\"wp-image-1979\" style=\"width:60px;height:60px\" srcset=\"https:\/\/andamios-tendo.com\/wp-content\/uploads\/sites\/2\/2022\/11\/Fichier-3412018.png 179w, https:\/\/andamios-tendo.com\/wp-content\/uploads\/sites\/2\/2022\/11\/Fichier-3412018-150x150.png 150w, https:\/\/andamios-tendo.com\/wp-content\/uploads\/sites\/2\/2022\/11\/Fichier-3412018-100x100.png 100w\" sizes=\"auto, (max-width: 179px) 100vw, 179px\" \/><\/figure>\n\n\n\n<p class=\"has-text-align-center has-small-font-size\">Integration von Syam<\/p>\n<\/div>\n\n\n\n<div class=\"wp-block-column is-layout-flow wp-block-column-is-layout-flow\">\n<figure class=\"wp-block-image aligncenter size-full is-resized\"><img loading=\"lazy\" decoding=\"async\" width=\"179\" height=\"178\" src=\"https:\/\/andamios-tendo.com\/wp-content\/uploads\/sites\/2\/2022\/11\/Fichier-3412020.png\" alt=\"\" class=\"wp-image-1984\" style=\"width:62px;height:61px\" srcset=\"https:\/\/andamios-tendo.com\/wp-content\/uploads\/sites\/2\/2022\/11\/Fichier-3412020.png 179w, https:\/\/andamios-tendo.com\/wp-content\/uploads\/sites\/2\/2022\/11\/Fichier-3412020-150x150.png 150w, https:\/\/andamios-tendo.com\/wp-content\/uploads\/sites\/2\/2022\/11\/Fichier-3412020-100x100.png 100w\" sizes=\"auto, (max-width: 179px) 100vw, 179px\" \/><\/figure>\n\n\n\n<p class=\"has-text-align-center has-small-font-size\">Integration von MA Estructuras<\/p>\n<\/div>\n\n\n\n<div class=\"wp-block-column is-layout-flow wp-block-column-is-layout-flow\">\n<figure class=\"wp-block-image aligncenter size-full is-resized\"><img loading=\"lazy\" decoding=\"async\" width=\"179\" height=\"178\" src=\"https:\/\/andamios-tendo.com\/wp-content\/uploads\/sites\/2\/2022\/11\/Fichier-3422021.png\" alt=\"\" class=\"wp-image-1989\" style=\"width:60px;height:60px\" srcset=\"https:\/\/andamios-tendo.com\/wp-content\/uploads\/sites\/2\/2022\/11\/Fichier-3422021.png 179w, https:\/\/andamios-tendo.com\/wp-content\/uploads\/sites\/2\/2022\/11\/Fichier-3422021-150x150.png 150w, https:\/\/andamios-tendo.com\/wp-content\/uploads\/sites\/2\/2022\/11\/Fichier-3422021-100x100.png 100w\" sizes=\"auto, (max-width: 179px) 100vw, 179px\" \/><\/figure>\n\n\n\n<p class=\"has-text-align-center has-small-font-size\">Integration von GAMESYSTEM<\/p>\n<\/div>\n\n\n\n<div class=\"wp-block-column is-layout-flow wp-block-column-is-layout-flow\">\n<figure class=\"wp-block-image aligncenter size-full is-resized\"><img loading=\"lazy\" decoding=\"async\" width=\"179\" height=\"178\" src=\"https:\/\/andamios-tendo.com\/wp-content\/uploads\/sites\/2\/2022\/11\/Fichier-3422022.png\" alt=\"\" class=\"wp-image-1994\" style=\"width:60px;height:60px\" srcset=\"https:\/\/andamios-tendo.com\/wp-content\/uploads\/sites\/2\/2022\/11\/Fichier-3422022.png 179w, https:\/\/andamios-tendo.com\/wp-content\/uploads\/sites\/2\/2022\/11\/Fichier-3422022-150x150.png 150w, https:\/\/andamios-tendo.com\/wp-content\/uploads\/sites\/2\/2022\/11\/Fichier-3422022-100x100.png 100w\" sizes=\"auto, (max-width: 179px) 100vw, 179px\" \/><\/figure>\n\n\n\n<p class=\"has-text-align-center has-small-font-size\">Integration von Altrex<\/p>\n<\/div>\n<\/div>\n","protected":false},"excerpt":{"rendered":"<p>Der Fr\u00e9n\u00e9hard &amp; Michaux-Konzern besteht aus einer Reihe von Industrieunternehmen mit mehr als 1.200 Mitarbeitern weltweit. Unsere Unternehmen bieten Qualit\u00e4tsprodukte und -dienstleistungen an, die auf die Bed\u00fcrfnisse von Fachleuten f\u00fcr H\u00f6henarbeit, Dachdeckern und anderen Bauprofis zugeschnitten sind. 31 Standorte in Europa Umsatz von 300 Millionen Euro Pr\u00e4senz in mehr als 70 L\u00e4ndern. UNSERE VISION Wir [&hellip;]<\/p>\n","protected":false},"author":8,"featured_media":0,"parent":0,"menu_order":0,"comment_status":"closed","ping_status":"closed","template":"","meta":{"_acf_changed":false,"footnotes":""},"class_list":["post-761","page","type-page","status-publish","hentry"],"acf":[],"yoast_head":"<!-- This site is optimized with the Yoast SEO plugin v27.4 - https:\/\/yoast.com\/product\/yoast-seo-wordpress\/ -->\n<title>Die Gruppe - Tendo<\/title>\n<meta name=\"robots\" content=\"index, follow, max-snippet:-1, max-image-preview:large, max-video-preview:-1\" \/>\n<link rel=\"canonical\" href=\"https:\/\/andamios-tendo.com\/de\/die-gruppe\/\" \/>\n<meta property=\"og:locale\" content=\"de_DE\" \/>\n<meta property=\"og:type\" content=\"article\" \/>\n<meta property=\"og:title\" content=\"Die Gruppe - Tendo\" \/>\n<meta property=\"og:description\" content=\"Der Fr\u00e9n\u00e9hard &amp; Michaux-Konzern besteht aus einer Reihe von Industrieunternehmen mit mehr als 1.200 Mitarbeitern weltweit. Unsere Unternehmen bieten Qualit\u00e4tsprodukte und -dienstleistungen an, die auf die Bed\u00fcrfnisse von Fachleuten f\u00fcr H\u00f6henarbeit, Dachdeckern und anderen Bauprofis zugeschnitten sind. 31 Standorte in Europa Umsatz von 300 Millionen Euro Pr\u00e4senz in mehr als 70 L\u00e4ndern. UNSERE VISION Wir [&hellip;]\" \/>\n<meta property=\"og:url\" content=\"https:\/\/andamios-tendo.com\/de\/die-gruppe\/\" \/>\n<meta property=\"og:site_name\" content=\"Tendo\" \/>\n<meta property=\"article:modified_time\" content=\"2025-10-14T14:05:48+00:00\" \/>\n<meta property=\"og:image\" content=\"https:\/\/andamios-tendo.com\/wp-content\/uploads\/sites\/2\/2022\/11\/groupe2.jpg\" \/>\n\t<meta property=\"og:image:width\" content=\"1498\" \/>\n\t<meta property=\"og:image:height\" content=\"952\" \/>\n\t<meta property=\"og:image:type\" content=\"image\/jpeg\" \/>\n<meta name=\"twitter:card\" content=\"summary_large_image\" \/>\n<meta name=\"twitter:label1\" content=\"Gesch\u00e4tzte Lesezeit\" \/>\n\t<meta name=\"twitter:data1\" content=\"5\u00a0Minuten\" \/>\n<script type=\"application\/ld+json\" class=\"yoast-schema-graph\">{\"@context\":\"https:\\\/\\\/schema.org\",\"@graph\":[{\"@type\":\"WebPage\",\"@id\":\"https:\\\/\\\/andamios-tendo.com\\\/de\\\/die-gruppe\\\/\",\"url\":\"https:\\\/\\\/andamios-tendo.com\\\/de\\\/die-gruppe\\\/\",\"name\":\"Die Gruppe - Tendo\",\"isPartOf\":{\"@id\":\"https:\\\/\\\/andamios-tendo.com\\\/de\\\/#website\"},\"primaryImageOfPage\":{\"@id\":\"https:\\\/\\\/andamios-tendo.com\\\/de\\\/die-gruppe\\\/#primaryimage\"},\"image\":{\"@id\":\"https:\\\/\\\/andamios-tendo.com\\\/de\\\/die-gruppe\\\/#primaryimage\"},\"thumbnailUrl\":\"https:\\\/\\\/andamios-tendo.com\\\/wp-content\\\/uploads\\\/sites\\\/2\\\/2022\\\/11\\\/groupe2-1024x651.jpg\",\"datePublished\":\"2022-09-22T14:53:29+00:00\",\"dateModified\":\"2025-10-14T14:05:48+00:00\",\"breadcrumb\":{\"@id\":\"https:\\\/\\\/andamios-tendo.com\\\/de\\\/die-gruppe\\\/#breadcrumb\"},\"inLanguage\":\"de\",\"potentialAction\":[{\"@type\":\"ReadAction\",\"target\":[\"https:\\\/\\\/andamios-tendo.com\\\/de\\\/die-gruppe\\\/\"]}]},{\"@type\":\"ImageObject\",\"inLanguage\":\"de\",\"@id\":\"https:\\\/\\\/andamios-tendo.com\\\/de\\\/die-gruppe\\\/#primaryimage\",\"url\":\"https:\\\/\\\/andamios-tendo.com\\\/wp-content\\\/uploads\\\/sites\\\/2\\\/2022\\\/11\\\/groupe2-1024x651.jpg\",\"contentUrl\":\"https:\\\/\\\/andamios-tendo.com\\\/wp-content\\\/uploads\\\/sites\\\/2\\\/2022\\\/11\\\/groupe2-1024x651.jpg\"},{\"@type\":\"BreadcrumbList\",\"@id\":\"https:\\\/\\\/andamios-tendo.com\\\/de\\\/die-gruppe\\\/#breadcrumb\",\"itemListElement\":[{\"@type\":\"ListItem\",\"position\":1,\"name\":\"Tendo\",\"item\":\"https:\\\/\\\/andamios-tendo.com\\\/de\\\/\"},{\"@type\":\"ListItem\",\"position\":2,\"name\":\"Die Gruppe\"}]},{\"@type\":\"WebSite\",\"@id\":\"https:\\\/\\\/andamios-tendo.com\\\/de\\\/#website\",\"url\":\"https:\\\/\\\/andamios-tendo.com\\\/de\\\/\",\"name\":\"Tendo\",\"description\":\"Une entreprise du groupe Fr\u00e9n\u00e9hard &amp; Michaux\",\"publisher\":{\"@id\":\"https:\\\/\\\/andamios-tendo.com\\\/de\\\/#organization\"},\"potentialAction\":[{\"@type\":\"SearchAction\",\"target\":{\"@type\":\"EntryPoint\",\"urlTemplate\":\"https:\\\/\\\/andamios-tendo.com\\\/de\\\/?s={search_term_string}\"},\"query-input\":{\"@type\":\"PropertyValueSpecification\",\"valueRequired\":true,\"valueName\":\"search_term_string\"}}],\"inLanguage\":\"de\"},{\"@type\":\"Organization\",\"@id\":\"https:\\\/\\\/andamios-tendo.com\\\/de\\\/#organization\",\"name\":\"Tendo\",\"url\":\"https:\\\/\\\/andamios-tendo.com\\\/de\\\/\",\"logo\":{\"@type\":\"ImageObject\",\"inLanguage\":\"de\",\"@id\":\"https:\\\/\\\/andamios-tendo.com\\\/de\\\/#\\\/schema\\\/logo\\\/image\\\/\",\"url\":\"https:\\\/\\\/andamios-tendo.com\\\/wp-content\\\/uploads\\\/sites\\\/2\\\/2022\\\/07\\\/logo_tendo-s.png\",\"contentUrl\":\"https:\\\/\\\/andamios-tendo.com\\\/wp-content\\\/uploads\\\/sites\\\/2\\\/2022\\\/07\\\/logo_tendo-s.png\",\"width\":153,\"height\":30,\"caption\":\"Tendo\"},\"image\":{\"@id\":\"https:\\\/\\\/andamios-tendo.com\\\/de\\\/#\\\/schema\\\/logo\\\/image\\\/\"}}]}<\/script>\n<!-- \/ Yoast SEO plugin. -->","yoast_head_json":{"title":"Die Gruppe - Tendo","robots":{"index":"index","follow":"follow","max-snippet":"max-snippet:-1","max-image-preview":"max-image-preview:large","max-video-preview":"max-video-preview:-1"},"canonical":"https:\/\/andamios-tendo.com\/de\/die-gruppe\/","og_locale":"de_DE","og_type":"article","og_title":"Die Gruppe - Tendo","og_description":"Der Fr\u00e9n\u00e9hard &amp; Michaux-Konzern besteht aus einer Reihe von Industrieunternehmen mit mehr als 1.200 Mitarbeitern weltweit. Unsere Unternehmen bieten Qualit\u00e4tsprodukte und -dienstleistungen an, die auf die Bed\u00fcrfnisse von Fachleuten f\u00fcr H\u00f6henarbeit, Dachdeckern und anderen Bauprofis zugeschnitten sind. 31 Standorte in Europa Umsatz von 300 Millionen Euro Pr\u00e4senz in mehr als 70 L\u00e4ndern. UNSERE VISION Wir [&hellip;]","og_url":"https:\/\/andamios-tendo.com\/de\/die-gruppe\/","og_site_name":"Tendo","article_modified_time":"2025-10-14T14:05:48+00:00","og_image":[{"width":1498,"height":952,"url":"https:\/\/andamios-tendo.com\/wp-content\/uploads\/sites\/2\/2022\/11\/groupe2.jpg","type":"image\/jpeg"}],"twitter_card":"summary_large_image","twitter_misc":{"Gesch\u00e4tzte Lesezeit":"5\u00a0Minuten"},"schema":{"@context":"https:\/\/schema.org","@graph":[{"@type":"WebPage","@id":"https:\/\/andamios-tendo.com\/de\/die-gruppe\/","url":"https:\/\/andamios-tendo.com\/de\/die-gruppe\/","name":"Die Gruppe - Tendo","isPartOf":{"@id":"https:\/\/andamios-tendo.com\/de\/#website"},"primaryImageOfPage":{"@id":"https:\/\/andamios-tendo.com\/de\/die-gruppe\/#primaryimage"},"image":{"@id":"https:\/\/andamios-tendo.com\/de\/die-gruppe\/#primaryimage"},"thumbnailUrl":"https:\/\/andamios-tendo.com\/wp-content\/uploads\/sites\/2\/2022\/11\/groupe2-1024x651.jpg","datePublished":"2022-09-22T14:53:29+00:00","dateModified":"2025-10-14T14:05:48+00:00","breadcrumb":{"@id":"https:\/\/andamios-tendo.com\/de\/die-gruppe\/#breadcrumb"},"inLanguage":"de","potentialAction":[{"@type":"ReadAction","target":["https:\/\/andamios-tendo.com\/de\/die-gruppe\/"]}]},{"@type":"ImageObject","inLanguage":"de","@id":"https:\/\/andamios-tendo.com\/de\/die-gruppe\/#primaryimage","url":"https:\/\/andamios-tendo.com\/wp-content\/uploads\/sites\/2\/2022\/11\/groupe2-1024x651.jpg","contentUrl":"https:\/\/andamios-tendo.com\/wp-content\/uploads\/sites\/2\/2022\/11\/groupe2-1024x651.jpg"},{"@type":"BreadcrumbList","@id":"https:\/\/andamios-tendo.com\/de\/die-gruppe\/#breadcrumb","itemListElement":[{"@type":"ListItem","position":1,"name":"Tendo","item":"https:\/\/andamios-tendo.com\/de\/"},{"@type":"ListItem","position":2,"name":"Die Gruppe"}]},{"@type":"WebSite","@id":"https:\/\/andamios-tendo.com\/de\/#website","url":"https:\/\/andamios-tendo.com\/de\/","name":"Tendo","description":"Une entreprise du groupe Fr\u00e9n\u00e9hard &amp; Michaux","publisher":{"@id":"https:\/\/andamios-tendo.com\/de\/#organization"},"potentialAction":[{"@type":"SearchAction","target":{"@type":"EntryPoint","urlTemplate":"https:\/\/andamios-tendo.com\/de\/?s={search_term_string}"},"query-input":{"@type":"PropertyValueSpecification","valueRequired":true,"valueName":"search_term_string"}}],"inLanguage":"de"},{"@type":"Organization","@id":"https:\/\/andamios-tendo.com\/de\/#organization","name":"Tendo","url":"https:\/\/andamios-tendo.com\/de\/","logo":{"@type":"ImageObject","inLanguage":"de","@id":"https:\/\/andamios-tendo.com\/de\/#\/schema\/logo\/image\/","url":"https:\/\/andamios-tendo.com\/wp-content\/uploads\/sites\/2\/2022\/07\/logo_tendo-s.png","contentUrl":"https:\/\/andamios-tendo.com\/wp-content\/uploads\/sites\/2\/2022\/07\/logo_tendo-s.png","width":153,"height":30,"caption":"Tendo"},"image":{"@id":"https:\/\/andamios-tendo.com\/de\/#\/schema\/logo\/image\/"}}]}},"_links":{"self":[{"href":"https:\/\/andamios-tendo.com\/de\/wp-json\/wp\/v2\/pages\/761","targetHints":{"allow":["GET"]}}],"collection":[{"href":"https:\/\/andamios-tendo.com\/de\/wp-json\/wp\/v2\/pages"}],"about":[{"href":"https:\/\/andamios-tendo.com\/de\/wp-json\/wp\/v2\/types\/page"}],"author":[{"embeddable":true,"href":"https:\/\/andamios-tendo.com\/de\/wp-json\/wp\/v2\/users\/8"}],"replies":[{"embeddable":true,"href":"https:\/\/andamios-tendo.com\/de\/wp-json\/wp\/v2\/comments?post=761"}],"version-history":[{"count":10,"href":"https:\/\/andamios-tendo.com\/de\/wp-json\/wp\/v2\/pages\/761\/revisions"}],"predecessor-version":[{"id":37332,"href":"https:\/\/andamios-tendo.com\/de\/wp-json\/wp\/v2\/pages\/761\/revisions\/37332"}],"wp:attachment":[{"href":"https:\/\/andamios-tendo.com\/de\/wp-json\/wp\/v2\/media?parent=761"}],"curies":[{"name":"wp","href":"https:\/\/api.w.org\/{rel}","templated":true}]}}