{"id":769,"date":"2022-09-26T09:38:36","date_gmt":"2022-09-26T07:38:36","guid":{"rendered":"https:\/\/andamios-tendo.com\/qualitaets-sicherheits-und-umweltansatz\/"},"modified":"2023-01-16T14:43:22","modified_gmt":"2023-01-16T13:43:22","slug":"qualitaets-sicherheits-und-umweltansatz","status":"publish","type":"page","link":"https:\/\/andamios-tendo.com\/de\/qualitaets-sicherheits-und-umweltansatz\/","title":{"rendered":"Qualit\u00e4ts-, Sicherheits- und Umweltansatz"},"content":{"rendered":"\n<figure class=\"wp-block-image size-large\"><img loading=\"lazy\" decoding=\"async\" width=\"1024\" height=\"294\" src=\"https:\/\/andamios-tendo.com\/wp-content\/uploads\/sites\/2\/2022\/09\/qualite-1024x294.jpg\" alt=\"\" class=\"wp-image-1166\" srcset=\"https:\/\/andamios-tendo.com\/wp-content\/uploads\/sites\/2\/2022\/09\/qualite-1024x294.jpg 1024w, https:\/\/andamios-tendo.com\/wp-content\/uploads\/sites\/2\/2022\/09\/qualite-300x86.jpg 300w, https:\/\/andamios-tendo.com\/wp-content\/uploads\/sites\/2\/2022\/09\/qualite-768x220.jpg 768w, https:\/\/andamios-tendo.com\/wp-content\/uploads\/sites\/2\/2022\/09\/qualite-600x172.jpg 600w, https:\/\/andamios-tendo.com\/wp-content\/uploads\/sites\/2\/2022\/09\/qualite.jpg 1500w\" sizes=\"auto, (max-width: 1024px) 100vw, 1024px\" \/><\/figure>\n\n\n\n<p>Tendo hat sich dazu verpflichtet, die Sicherheit, die Qualit\u00e4t und die Umwelt seiner Mitarbeiter zu gew\u00e4hrleisten. Zu diesem Zweck verfolgt das Unternehmen einen Ansatz, der auf internationale Qualit\u00e4tsstandards wie die Normen ISO 9001 oder ISO 14001 ausgelegt ist. Das Unternehmen strebt nach kontinuierlicher Verbesserung, um verantwortungsvolle Arbeitsbedingungen zu bieten und gleichzeitig Qualit\u00e4tsprodukte zu produzieren.<\/p>\n\n\n<section class=\"mycms-content-wrapper mycms-grid-row--centered  mediatitlelist\">\n    <div class=\"mycms-mediatitlelist mycms-grid-row mycms-list--unstyled\">\n        <img loading=\"lazy\" decoding=\"async\" width=\"541\" height=\"360\" src=\"https:\/\/andamios-tendo.com\/wp-content\/uploads\/sites\/2\/2022\/09\/qualite2-541x360.jpg\" class=\"attachment-mediatitlelist size-mediatitlelist\" alt=\"\" srcset=\"https:\/\/andamios-tendo.com\/wp-content\/uploads\/sites\/2\/2022\/09\/qualite2-541x360.jpg 541w, https:\/\/andamios-tendo.com\/wp-content\/uploads\/sites\/2\/2022\/09\/qualite2-317x211.jpg 317w\" sizes=\"auto, (max-width: 541px) 100vw, 541px\" \/><div class=\"mycms-mediatitlelist--container mycms-grid-column-lg-6 mycms-grid-column-md-6 mycms-grid-column-sm-2 \"><h3 class=\"mycms-txt--h3 mycms-txt--color-onyx-light mycms-margin-bottom--30\">DIE MASSNAHMENPL\u00c4NE VON TENDO BASIEREN AUF 5 WICHTIGEN SCHWERPUNKTEN <\/h3><ol class=\"mycms-mediatitlelist--list\"><li><span>Kundenzufriedenheit und -erfahrung<\/span><\/li><li><span>Effiziente und effektive Nutzung von Ressourcen und Kapazit\u00e4ten<\/span><\/li><li><span>Positionierung von Industrien<\/span><\/li><li><span>Gemeinn\u00fctziges Engagement des Unternehmens<\/span><\/li><li><span>Betonung der pers\u00f6nlichen Entwicklung<\/span><\/li><\/ol><\/div>    <\/div>\n<\/section>\n\n\n\n<h2 class=\"has-medium-font-size wp-block-heading\" id=\"qualite\"><strong>QUALIT\u00c4T<\/strong><\/h2>\n\n\n\n<p>Tendo ist bestrebt, Produkte und Dienstleistungen von h\u00f6chstm\u00f6glicher Qualit\u00e4t anzubieten. Dabei erhielt das Unternehmen bereits vor mehr als 20 Jahren die Zertifizierung nach ISO 9001 und CE 12810-12811. Diese Qualit\u00e4tsgarantie gew\u00e4hrleistet sowohl die Konformit\u00e4t unserer Produkte als auch das Know-how unseres Unternehmens, und garantiert einen Mehrwert (des Produkts oder der Dienstleistung). Um dieses hohe Qualit\u00e4tsniveau aufrechtzuerhalten, verfolgen wir jeden Schritt des Qualit\u00e4tssicherungsprozesses, vom Einkauf bis hin zu den Produktionsverfahren.<\/p>\n\n\n<section class=\"mycms-content-wrapper mycms-grid-row--centered  mediatitlelist\">\n    <div class=\"mycms-mediatitlelist mycms-grid-row mycms-list--unstyled\">\n        <img loading=\"lazy\" decoding=\"async\" width=\"541\" height=\"360\" src=\"https:\/\/andamios-tendo.com\/wp-content\/uploads\/sites\/2\/2022\/09\/qualite3-541x360.jpg\" class=\"attachment-mediatitlelist size-mediatitlelist\" alt=\"\" srcset=\"https:\/\/andamios-tendo.com\/wp-content\/uploads\/sites\/2\/2022\/09\/qualite3-541x360.jpg 541w, https:\/\/andamios-tendo.com\/wp-content\/uploads\/sites\/2\/2022\/09\/qualite3-317x211.jpg 317w\" sizes=\"auto, (max-width: 541px) 100vw, 541px\" \/><div class=\"mycms-mediatitlelist--container mycms-grid-column-lg-6 mycms-grid-column-md-6 mycms-grid-column-sm-2 \"><h3 class=\"mycms-txt--h3 mycms-txt--color-onyx-light mycms-margin-bottom--30\">Die Qualit\u00e4tssicherungsteams \u00fcberwachen die folgenden Schritte:<\/h3><ol class=\"mycms-mediatitlelist--list\"><li><span>Umsetzung: Tests zur Kontrolle der Qualit\u00e4t, der Konformit\u00e4t und zur Zertifizierung von Produkten; <\/span><\/li><li><span>\u00dcberpr\u00fcfung: Nachvollziehbarkeit der Herstellung und Produktkontrolle;<\/span><\/li><li><span>Berichte: Aufzeichnung der Ergebnisse und Archivierung der Tests;<\/span><\/li><li><span>Kontinuierliche Verbesserung: Beteiligung an der Umsetzung und Optimierung von Testprotokollen<\/span><\/li><\/ol><\/div>    <\/div>\n<\/section>\n\n\n\n<h2 class=\"has-medium-font-size wp-block-heading\" id=\"securite\"><strong>SICHERHEIT<\/strong><\/h2>\n\n\n\n<p>Um die R\u00fcckverfolgbarkeit der Sicherheitsanweisungen des Unternehmens zu kontrollieren, haben wir ein einzigartiges Dokument erstellt, in dem die Berufsrisiken quantifiziert werden. Die Gesundheit und Sicherheit unserer Mitarbeiter ist uns ein wichtiges Anliegen.<\/p>\n\n\n\n<h2 class=\"has-medium-font-size wp-block-heading\" id=\"environnement\"><strong>UMWELT<\/strong><\/h2>\n\n\n\n<p>Tendo war schon immer bestrebt, ein umweltbewusstes Unternehmen zu sein. Um den Bed\u00fcrfnissen seiner Kunden gerecht zu werden, hat das Unternehmen einen neuen Rahmenplan f\u00fcr die gesellschaftliche Verantwortung von Unternehmen (GVU) eingef\u00fchrt, der derart wirkt, alle Ma\u00dfnahmen miteinander zu verkn\u00fcpfen, die auf die Einhaltung der Prinzipien der nachhaltigen Entwicklung ausgerichtet sind, wirtschaftlich tragf\u00e4hig sind und positive Auswirkungen auf die Gesellschaft und die Umwelt haben.<\/p>\n\n\n<section class=\"mycms-content-wrapper mycms-grid-row--centered  mediatitlelist\">\n    <div class=\"mycms-mediatitlelist mycms-grid-row mycms-list--unstyled\">\n        <img loading=\"lazy\" decoding=\"async\" width=\"541\" height=\"360\" src=\"https:\/\/andamios-tendo.com\/wp-content\/uploads\/sites\/2\/2022\/09\/qualite4-541x360.jpg\" class=\"attachment-mediatitlelist size-mediatitlelist\" alt=\"\" srcset=\"https:\/\/andamios-tendo.com\/wp-content\/uploads\/sites\/2\/2022\/09\/qualite4-541x360.jpg 541w, https:\/\/andamios-tendo.com\/wp-content\/uploads\/sites\/2\/2022\/09\/qualite4-317x211.jpg 317w\" sizes=\"auto, (max-width: 541px) 100vw, 541px\" \/><div class=\"mycms-mediatitlelist--container mycms-grid-column-lg-6 mycms-grid-column-md-6 mycms-grid-column-sm-2 \"><h3 class=\"mycms-txt--h3 mycms-txt--color-onyx-light mycms-margin-bottom--30\">Diese Zertifizierungen garantieren die hervorragende Qualit\u00e4t unserer Produkte:<\/h3><ol class=\"mycms-mediatitlelist--list\"><li><span>Unsere Produkte unterliegen strengen Tests, die von unabh\u00e4ngigen Pr\u00fcfstellen durchgef\u00fchrt werden, um ihre Qualit\u00e4t zu gew\u00e4hrleisten.<\/span><\/li><li><span>Tendo arbeitet seit jeher eng mit spanischen und europ\u00e4ischen Unternehmen zusammen, um die Sicherheit seiner Produkte zu gew\u00e4hrleisten. Tendo ist ebenfalls Vollmitglied der europ\u00e4ischen und der spanischen Kommission f\u00fcr den Hochbau. Weiterhin ist das Unternehmen Mitglied des Ger\u00fcstbauverbandes.<\/span><\/li><li><span>Tendo hat sich dazu verpflichtet, sichere und qualitativ hochwertige Produkte in \u00dcbereinstimmung mit den europ\u00e4ischen Normen anzubieten.<\/span><\/li><li><span>Unsere Produkte werden von anerkannten unabh\u00e4ngigen Pr\u00fcforganisationen in allen L\u00e4ndern der Europ\u00e4ischen Union zertifiziert und mit einem G\u00fctesiegel versehen.<\/span><\/li><\/ol><\/div>    <\/div>\n<\/section>\n\n\n\n<p>Der Erhalt dieser Qualit\u00e4tssiegel ist das Ergebnis einer bewussten Vorgehensweise des Herstellers. Sie werden von offiziellen Pr\u00fcfstellen vergeben, die die Konformit\u00e4t der Produkte von Tendo mit den geltenden Normen und Erlasse best\u00e4tigen.<\/p>\n\n\n\n<div class=\"wp-block-buttons is-layout-flex wp-block-buttons-is-layout-flex\">\n<div class=\"wp-block-button\"><a class=\"wp-block-button__link\" href=\"https:\/\/andamios-tendo.com\/wp-content\/uploads\/sites\/2\/2023\/01\/DE_Anexo-1-Politica-calidadseguridad-y-medio-ambiente.pdf\">Qualit\u00e4ts-, Sicherheits- und Umweltansatz<\/a><\/div>\n<\/div>\n","protected":false},"excerpt":{"rendered":"<p>Tendo hat sich dazu verpflichtet, die Sicherheit, die Qualit\u00e4t und die Umwelt seiner Mitarbeiter zu gew\u00e4hrleisten. Zu diesem Zweck verfolgt das Unternehmen einen Ansatz, der auf internationale Qualit\u00e4tsstandards wie die Normen ISO 9001 oder ISO 14001 ausgelegt ist. Das Unternehmen strebt nach kontinuierlicher Verbesserung, um verantwortungsvolle Arbeitsbedingungen zu bieten und gleichzeitig Qualit\u00e4tsprodukte zu produzieren. QUALIT\u00c4T [&hellip;]<\/p>\n","protected":false},"author":8,"featured_media":0,"parent":0,"menu_order":0,"comment_status":"closed","ping_status":"closed","template":"","meta":{"_acf_changed":false,"footnotes":""},"class_list":["post-769","page","type-page","status-publish","hentry"],"acf":[],"yoast_head":"<!-- This site is optimized with the Yoast SEO plugin v27.4 - https:\/\/yoast.com\/product\/yoast-seo-wordpress\/ -->\n<title>Qualit\u00e4ts-, Sicherheits- und Umweltansatz - Tendo<\/title>\n<meta name=\"robots\" content=\"index, follow, max-snippet:-1, max-image-preview:large, max-video-preview:-1\" \/>\n<link rel=\"canonical\" href=\"https:\/\/andamios-tendo.com\/de\/qualitaets-sicherheits-und-umweltansatz\/\" \/>\n<meta property=\"og:locale\" content=\"de_DE\" \/>\n<meta property=\"og:type\" content=\"article\" \/>\n<meta property=\"og:title\" content=\"Qualit\u00e4ts-, Sicherheits- und Umweltansatz - Tendo\" \/>\n<meta property=\"og:description\" content=\"Tendo hat sich dazu verpflichtet, die Sicherheit, die Qualit\u00e4t und die Umwelt seiner Mitarbeiter zu gew\u00e4hrleisten. Zu diesem Zweck verfolgt das Unternehmen einen Ansatz, der auf internationale Qualit\u00e4tsstandards wie die Normen ISO 9001 oder ISO 14001 ausgelegt ist. Das Unternehmen strebt nach kontinuierlicher Verbesserung, um verantwortungsvolle Arbeitsbedingungen zu bieten und gleichzeitig Qualit\u00e4tsprodukte zu produzieren. QUALIT\u00c4T [&hellip;]\" \/>\n<meta property=\"og:url\" content=\"https:\/\/andamios-tendo.com\/de\/qualitaets-sicherheits-und-umweltansatz\/\" \/>\n<meta property=\"og:site_name\" content=\"Tendo\" \/>\n<meta property=\"article:modified_time\" content=\"2023-01-16T13:43:22+00:00\" \/>\n<meta property=\"og:image\" content=\"https:\/\/andamios-tendo.com\/wp-content\/uploads\/sites\/2\/2022\/09\/qualite-1024x294.jpg\" \/>\n<meta name=\"twitter:card\" content=\"summary_large_image\" \/>\n<meta name=\"twitter:label1\" content=\"Gesch\u00e4tzte Lesezeit\" \/>\n\t<meta name=\"twitter:data1\" content=\"2\u00a0Minuten\" \/>\n<script type=\"application\/ld+json\" class=\"yoast-schema-graph\">{\"@context\":\"https:\\\/\\\/schema.org\",\"@graph\":[{\"@type\":\"WebPage\",\"@id\":\"https:\\\/\\\/andamios-tendo.com\\\/de\\\/qualitaets-sicherheits-und-umweltansatz\\\/\",\"url\":\"https:\\\/\\\/andamios-tendo.com\\\/de\\\/qualitaets-sicherheits-und-umweltansatz\\\/\",\"name\":\"Qualit\u00e4ts-, Sicherheits- und Umweltansatz - Tendo\",\"isPartOf\":{\"@id\":\"https:\\\/\\\/andamios-tendo.com\\\/de\\\/#website\"},\"primaryImageOfPage\":{\"@id\":\"https:\\\/\\\/andamios-tendo.com\\\/de\\\/qualitaets-sicherheits-und-umweltansatz\\\/#primaryimage\"},\"image\":{\"@id\":\"https:\\\/\\\/andamios-tendo.com\\\/de\\\/qualitaets-sicherheits-und-umweltansatz\\\/#primaryimage\"},\"thumbnailUrl\":\"https:\\\/\\\/andamios-tendo.com\\\/wp-content\\\/uploads\\\/sites\\\/2\\\/2022\\\/09\\\/qualite-1024x294.jpg\",\"datePublished\":\"2022-09-26T07:38:36+00:00\",\"dateModified\":\"2023-01-16T13:43:22+00:00\",\"breadcrumb\":{\"@id\":\"https:\\\/\\\/andamios-tendo.com\\\/de\\\/qualitaets-sicherheits-und-umweltansatz\\\/#breadcrumb\"},\"inLanguage\":\"de\",\"potentialAction\":[{\"@type\":\"ReadAction\",\"target\":[\"https:\\\/\\\/andamios-tendo.com\\\/de\\\/qualitaets-sicherheits-und-umweltansatz\\\/\"]}]},{\"@type\":\"ImageObject\",\"inLanguage\":\"de\",\"@id\":\"https:\\\/\\\/andamios-tendo.com\\\/de\\\/qualitaets-sicherheits-und-umweltansatz\\\/#primaryimage\",\"url\":\"https:\\\/\\\/andamios-tendo.com\\\/wp-content\\\/uploads\\\/sites\\\/2\\\/2022\\\/09\\\/qualite-1024x294.jpg\",\"contentUrl\":\"https:\\\/\\\/andamios-tendo.com\\\/wp-content\\\/uploads\\\/sites\\\/2\\\/2022\\\/09\\\/qualite-1024x294.jpg\"},{\"@type\":\"BreadcrumbList\",\"@id\":\"https:\\\/\\\/andamios-tendo.com\\\/de\\\/qualitaets-sicherheits-und-umweltansatz\\\/#breadcrumb\",\"itemListElement\":[{\"@type\":\"ListItem\",\"position\":1,\"name\":\"Tendo\",\"item\":\"https:\\\/\\\/andamios-tendo.com\\\/de\\\/\"},{\"@type\":\"ListItem\",\"position\":2,\"name\":\"Qualit\u00e4ts-, Sicherheits- und Umweltansatz\"}]},{\"@type\":\"WebSite\",\"@id\":\"https:\\\/\\\/andamios-tendo.com\\\/de\\\/#website\",\"url\":\"https:\\\/\\\/andamios-tendo.com\\\/de\\\/\",\"name\":\"Tendo\",\"description\":\"Une entreprise du groupe Fr\u00e9n\u00e9hard &amp; Michaux\",\"publisher\":{\"@id\":\"https:\\\/\\\/andamios-tendo.com\\\/de\\\/#organization\"},\"potentialAction\":[{\"@type\":\"SearchAction\",\"target\":{\"@type\":\"EntryPoint\",\"urlTemplate\":\"https:\\\/\\\/andamios-tendo.com\\\/de\\\/?s={search_term_string}\"},\"query-input\":{\"@type\":\"PropertyValueSpecification\",\"valueRequired\":true,\"valueName\":\"search_term_string\"}}],\"inLanguage\":\"de\"},{\"@type\":\"Organization\",\"@id\":\"https:\\\/\\\/andamios-tendo.com\\\/de\\\/#organization\",\"name\":\"Tendo\",\"url\":\"https:\\\/\\\/andamios-tendo.com\\\/de\\\/\",\"logo\":{\"@type\":\"ImageObject\",\"inLanguage\":\"de\",\"@id\":\"https:\\\/\\\/andamios-tendo.com\\\/de\\\/#\\\/schema\\\/logo\\\/image\\\/\",\"url\":\"https:\\\/\\\/andamios-tendo.com\\\/wp-content\\\/uploads\\\/sites\\\/2\\\/2022\\\/07\\\/logo_tendo-s.png\",\"contentUrl\":\"https:\\\/\\\/andamios-tendo.com\\\/wp-content\\\/uploads\\\/sites\\\/2\\\/2022\\\/07\\\/logo_tendo-s.png\",\"width\":153,\"height\":30,\"caption\":\"Tendo\"},\"image\":{\"@id\":\"https:\\\/\\\/andamios-tendo.com\\\/de\\\/#\\\/schema\\\/logo\\\/image\\\/\"}}]}<\/script>\n<!-- \/ Yoast SEO plugin. -->","yoast_head_json":{"title":"Qualit\u00e4ts-, Sicherheits- und Umweltansatz - Tendo","robots":{"index":"index","follow":"follow","max-snippet":"max-snippet:-1","max-image-preview":"max-image-preview:large","max-video-preview":"max-video-preview:-1"},"canonical":"https:\/\/andamios-tendo.com\/de\/qualitaets-sicherheits-und-umweltansatz\/","og_locale":"de_DE","og_type":"article","og_title":"Qualit\u00e4ts-, Sicherheits- und Umweltansatz - Tendo","og_description":"Tendo hat sich dazu verpflichtet, die Sicherheit, die Qualit\u00e4t und die Umwelt seiner Mitarbeiter zu gew\u00e4hrleisten. Zu diesem Zweck verfolgt das Unternehmen einen Ansatz, der auf internationale Qualit\u00e4tsstandards wie die Normen ISO 9001 oder ISO 14001 ausgelegt ist. Das Unternehmen strebt nach kontinuierlicher Verbesserung, um verantwortungsvolle Arbeitsbedingungen zu bieten und gleichzeitig Qualit\u00e4tsprodukte zu produzieren. QUALIT\u00c4T [&hellip;]","og_url":"https:\/\/andamios-tendo.com\/de\/qualitaets-sicherheits-und-umweltansatz\/","og_site_name":"Tendo","article_modified_time":"2023-01-16T13:43:22+00:00","og_image":[{"url":"https:\/\/andamios-tendo.com\/wp-content\/uploads\/sites\/2\/2022\/09\/qualite-1024x294.jpg","type":"","width":"","height":""}],"twitter_card":"summary_large_image","twitter_misc":{"Gesch\u00e4tzte Lesezeit":"2\u00a0Minuten"},"schema":{"@context":"https:\/\/schema.org","@graph":[{"@type":"WebPage","@id":"https:\/\/andamios-tendo.com\/de\/qualitaets-sicherheits-und-umweltansatz\/","url":"https:\/\/andamios-tendo.com\/de\/qualitaets-sicherheits-und-umweltansatz\/","name":"Qualit\u00e4ts-, Sicherheits- und Umweltansatz - Tendo","isPartOf":{"@id":"https:\/\/andamios-tendo.com\/de\/#website"},"primaryImageOfPage":{"@id":"https:\/\/andamios-tendo.com\/de\/qualitaets-sicherheits-und-umweltansatz\/#primaryimage"},"image":{"@id":"https:\/\/andamios-tendo.com\/de\/qualitaets-sicherheits-und-umweltansatz\/#primaryimage"},"thumbnailUrl":"https:\/\/andamios-tendo.com\/wp-content\/uploads\/sites\/2\/2022\/09\/qualite-1024x294.jpg","datePublished":"2022-09-26T07:38:36+00:00","dateModified":"2023-01-16T13:43:22+00:00","breadcrumb":{"@id":"https:\/\/andamios-tendo.com\/de\/qualitaets-sicherheits-und-umweltansatz\/#breadcrumb"},"inLanguage":"de","potentialAction":[{"@type":"ReadAction","target":["https:\/\/andamios-tendo.com\/de\/qualitaets-sicherheits-und-umweltansatz\/"]}]},{"@type":"ImageObject","inLanguage":"de","@id":"https:\/\/andamios-tendo.com\/de\/qualitaets-sicherheits-und-umweltansatz\/#primaryimage","url":"https:\/\/andamios-tendo.com\/wp-content\/uploads\/sites\/2\/2022\/09\/qualite-1024x294.jpg","contentUrl":"https:\/\/andamios-tendo.com\/wp-content\/uploads\/sites\/2\/2022\/09\/qualite-1024x294.jpg"},{"@type":"BreadcrumbList","@id":"https:\/\/andamios-tendo.com\/de\/qualitaets-sicherheits-und-umweltansatz\/#breadcrumb","itemListElement":[{"@type":"ListItem","position":1,"name":"Tendo","item":"https:\/\/andamios-tendo.com\/de\/"},{"@type":"ListItem","position":2,"name":"Qualit\u00e4ts-, Sicherheits- und Umweltansatz"}]},{"@type":"WebSite","@id":"https:\/\/andamios-tendo.com\/de\/#website","url":"https:\/\/andamios-tendo.com\/de\/","name":"Tendo","description":"Une entreprise du groupe Fr\u00e9n\u00e9hard &amp; Michaux","publisher":{"@id":"https:\/\/andamios-tendo.com\/de\/#organization"},"potentialAction":[{"@type":"SearchAction","target":{"@type":"EntryPoint","urlTemplate":"https:\/\/andamios-tendo.com\/de\/?s={search_term_string}"},"query-input":{"@type":"PropertyValueSpecification","valueRequired":true,"valueName":"search_term_string"}}],"inLanguage":"de"},{"@type":"Organization","@id":"https:\/\/andamios-tendo.com\/de\/#organization","name":"Tendo","url":"https:\/\/andamios-tendo.com\/de\/","logo":{"@type":"ImageObject","inLanguage":"de","@id":"https:\/\/andamios-tendo.com\/de\/#\/schema\/logo\/image\/","url":"https:\/\/andamios-tendo.com\/wp-content\/uploads\/sites\/2\/2022\/07\/logo_tendo-s.png","contentUrl":"https:\/\/andamios-tendo.com\/wp-content\/uploads\/sites\/2\/2022\/07\/logo_tendo-s.png","width":153,"height":30,"caption":"Tendo"},"image":{"@id":"https:\/\/andamios-tendo.com\/de\/#\/schema\/logo\/image\/"}}]}},"_links":{"self":[{"href":"https:\/\/andamios-tendo.com\/de\/wp-json\/wp\/v2\/pages\/769","targetHints":{"allow":["GET"]}}],"collection":[{"href":"https:\/\/andamios-tendo.com\/de\/wp-json\/wp\/v2\/pages"}],"about":[{"href":"https:\/\/andamios-tendo.com\/de\/wp-json\/wp\/v2\/types\/page"}],"author":[{"embeddable":true,"href":"https:\/\/andamios-tendo.com\/de\/wp-json\/wp\/v2\/users\/8"}],"replies":[{"embeddable":true,"href":"https:\/\/andamios-tendo.com\/de\/wp-json\/wp\/v2\/comments?post=769"}],"version-history":[{"count":6,"href":"https:\/\/andamios-tendo.com\/de\/wp-json\/wp\/v2\/pages\/769\/revisions"}],"predecessor-version":[{"id":3384,"href":"https:\/\/andamios-tendo.com\/de\/wp-json\/wp\/v2\/pages\/769\/revisions\/3384"}],"wp:attachment":[{"href":"https:\/\/andamios-tendo.com\/de\/wp-json\/wp\/v2\/media?parent=769"}],"curies":[{"name":"wp","href":"https:\/\/api.w.org\/{rel}","templated":true}]}}