{"id":780,"date":"2022-09-26T09:49:09","date_gmt":"2022-09-26T07:49:09","guid":{"rendered":"https:\/\/andamios-tendo.com\/unsere-loesungen\/"},"modified":"2022-09-30T16:57:50","modified_gmt":"2022-09-30T14:57:50","slug":"unsere-loesungen","status":"publish","type":"page","link":"https:\/\/andamios-tendo.com\/de\/unsere-loesungen\/","title":{"rendered":"Unsere L\u00f6sungen"},"content":{"rendered":"\n<figure class=\"wp-block-image size-large\"><img loading=\"lazy\" decoding=\"async\" width=\"1024\" height=\"294\" src=\"https:\/\/andamios-tendo.com\/wp-content\/uploads\/sites\/2\/2022\/09\/solutions5-1-1024x294.jpg\" alt=\"\" class=\"wp-image-1403\" srcset=\"https:\/\/andamios-tendo.com\/wp-content\/uploads\/sites\/2\/2022\/09\/solutions5-1-1024x294.jpg 1024w, https:\/\/andamios-tendo.com\/wp-content\/uploads\/sites\/2\/2022\/09\/solutions5-1-300x86.jpg 300w, https:\/\/andamios-tendo.com\/wp-content\/uploads\/sites\/2\/2022\/09\/solutions5-1-768x220.jpg 768w, https:\/\/andamios-tendo.com\/wp-content\/uploads\/sites\/2\/2022\/09\/solutions5-1-600x172.jpg 600w, https:\/\/andamios-tendo.com\/wp-content\/uploads\/sites\/2\/2022\/09\/solutions5-1.jpg 1500w\" sizes=\"auto, (max-width: 1024px) 100vw, 1024px\" \/><\/figure>\n\n\n\n<p>Zwei Arten von Tragger\u00fcsten, die sich perfekt an die Bed\u00fcrfnisse der Aufgabe anpassen, die in der H\u00f6he ausgef\u00fchrt werden muss. Sei es bei der Bedachung eines Geb\u00e4udes oder bei der industriellen Wartung.<\/p>\n\n\n\n<h2 class=\"has-large-font-size wp-block-heading\" id=\"goya\">GOYA<\/h2>\n\n\n\n<div class=\"wp-block-columns is-layout-flex wp-container-core-columns-is-layout-9d6595d7 wp-block-columns-is-layout-flex\">\n<div class=\"wp-block-column is-layout-flow wp-block-column-is-layout-flow\">\n<figure class=\"wp-block-image is-style-mycms-bg-orange mycms-img-bg alignwide size-full \"><img loading=\"lazy\" decoding=\"async\" width=\"720\" height=\"405\" src=\"https:\/\/andamios-tendo.com\/wp-content\/uploads\/sites\/2\/2022\/09\/goya2.jpg\" alt=\"\" class=\"wp-image-1367\" srcset=\"https:\/\/andamios-tendo.com\/wp-content\/uploads\/sites\/2\/2022\/09\/goya2.jpg 720w, https:\/\/andamios-tendo.com\/wp-content\/uploads\/sites\/2\/2022\/09\/goya2-300x169.jpg 300w, https:\/\/andamios-tendo.com\/wp-content\/uploads\/sites\/2\/2022\/09\/goya2-600x338.jpg 600w\" sizes=\"auto, (max-width: 720px) 100vw, 720px\" \/><\/figure>\n<\/div>\n\n\n\n<div class=\"wp-block-column is-layout-flow wp-block-column-is-layout-flow\">\n<p><strong>PORTALGER\u00dcST<\/strong><\/p>\n\n\n\n<p>Es besteht im Wesentlichen aus Rahmen oder Portalen, die durch Plattformen , L\u00e4ngstr\u00e4ger und Diagonalprofilen miteinander verbunden sind, sodass ein perfekt starres Tragger\u00fcst entsteht. Mit nur wenigen Elementen und Arbeitsschritten ist dieses klassische Ger\u00fcst sehr schnell aufgebaut und bietet eine sichere Plattform f\u00fcr alle Arten von Arbeiten. Dar\u00fcber hinaus spart es Material und Zeit bei Montage und Demontage.<\/p>\n\n\n\n<ul class=\"wp-block-list\"><li>Komfortabel (erh\u00e4ltlich in 0,70 m Breite).<\/li><li>In bestimmten Konfigurationen kompatibel mit dem MULTI-System.<\/li><li>Vorgefertigter Leichtbaurahmen mit geringem Volumen f\u00fcr den Transport.<\/li><li>Nur wenige Komponenten f\u00fcr einen schnellen Aufbau.<\/li><li>Sicher.<\/li><li>Einfach zu montieren.<\/li><li>2 Jahre Garantie.<\/li><\/ul>\n<\/div>\n<\/div>\n\n\n\n<h2 class=\"has-large-font-size wp-block-heading\" id=\"multi\"><strong>MULTI<\/strong><\/h2>\n\n\n\n<div class=\"wp-block-columns is-layout-flex wp-container-core-columns-is-layout-9d6595d7 wp-block-columns-is-layout-flex\">\n<div class=\"wp-block-column is-layout-flow wp-block-column-is-layout-flow\">\n<figure class=\"wp-block-image is-style-mycms-bg-orange mycms-img-bg alignwide size-full \"><img loading=\"lazy\" decoding=\"async\" width=\"720\" height=\"405\" src=\"https:\/\/andamios-tendo.com\/wp-content\/uploads\/sites\/2\/2022\/09\/multi.jpg\" alt=\"\" class=\"wp-image-1373\" srcset=\"https:\/\/andamios-tendo.com\/wp-content\/uploads\/sites\/2\/2022\/09\/multi.jpg 720w, https:\/\/andamios-tendo.com\/wp-content\/uploads\/sites\/2\/2022\/09\/multi-300x169.jpg 300w, https:\/\/andamios-tendo.com\/wp-content\/uploads\/sites\/2\/2022\/09\/multi-600x338.jpg 600w\" sizes=\"auto, (max-width: 720px) 100vw, 720px\" \/><\/figure>\n<\/div>\n\n\n\n<div class=\"wp-block-column is-layout-flow wp-block-column-is-layout-flow\">\n<p><strong>MEHRRICHTUNGSGER\u00dcST<\/strong><\/p>\n\n\n\n<p>Seine Hauptmerkmale sind seine Vielseitigkeit und Flexibilit\u00e4t, die sich an jeden Bedarf und jede komplexe Geometrie anpassen, unabh\u00e4ngig davon, wie kompliziert die Form ist, die es anzunehmen gilt. Dieses System ist mit allen m\u00f6glichen Konfigurationen f\u00fcr die Bereiche Bauwesen, Gastronomie, Renovierung, industrielle Wartung, Veranstaltungsbranche usw. kompatibel.<\/p>\n\n\n\n<p>Ger\u00fcste, die aus Standardelementen bestehen, ersetzen Rohre und Schellen und zeichnen sich durch Verbindungsscheiben aus, die alle 50 cm vertikal beabstandet sind. . Sie sind mit 8 verschiedenen Gelenken auf einem einzigen Leiterabschnitt ausgestattet und erm\u00f6glichen die Montage aller Elemente, wodurch hohe Stabilit\u00e4t und Steifigkeit gew\u00e4hrleistet wird. Dieses System ist ideal f\u00fcr den Aufbau von Ger\u00fcstt\u00fcrmen mit oder ohne Rollen, um diese zu bewegen.<\/p>\n\n\n\n<ul class=\"wp-block-list\"><li>Omnidirektional: 8 Positionen.<\/li><li>Passt sich an alle Arten von Fassaden und Baustellen an.<\/li><li>Die Breite kann an die gew\u00fcnschten Ma\u00dfe angepasst werden.<\/li><li>Hochfeste F\u00fchrungen (verzinkte Komponenten) mit \u00d8 48,3 mm.<\/li><li>Dicke: 3,2 mm.<\/li><li>Solide: pr\u00e4zise Montage und komplettes Blockiersystem.<\/li><li>M\u00f6glichkeit einer 180\u00b0-Montage an jeder Verbindung.<\/li><li>Effizient: f\u00fcr gro\u00dfe Lasten geeignet und erm\u00f6glicht den Zugang zu gro\u00dfen H\u00f6hen.<\/li><li>Gro\u00dfe Komponentenauswahl.<\/li><li>2 Jahre Garantie.<\/li><\/ul>\n<\/div>\n<\/div>\n","protected":false},"excerpt":{"rendered":"<p>Zwei Arten von Tragger\u00fcsten, die sich perfekt an die Bed\u00fcrfnisse der Aufgabe anpassen, die in der H\u00f6he ausgef\u00fchrt werden muss. Sei es bei der Bedachung eines Geb\u00e4udes oder bei der industriellen Wartung. GOYA PORTALGER\u00dcST Es besteht im Wesentlichen aus Rahmen oder Portalen, die durch Plattformen , L\u00e4ngstr\u00e4ger und Diagonalprofilen miteinander verbunden sind, sodass ein perfekt [&hellip;]<\/p>\n","protected":false},"author":8,"featured_media":0,"parent":0,"menu_order":0,"comment_status":"closed","ping_status":"closed","template":"","meta":{"_acf_changed":false,"footnotes":""},"class_list":["post-780","page","type-page","status-publish","hentry"],"acf":[],"yoast_head":"<!-- This site is optimized with the Yoast SEO plugin v27.4 - https:\/\/yoast.com\/product\/yoast-seo-wordpress\/ -->\n<title>Unsere L\u00f6sungen - Tendo<\/title>\n<meta name=\"robots\" content=\"index, follow, max-snippet:-1, max-image-preview:large, max-video-preview:-1\" \/>\n<link rel=\"canonical\" href=\"https:\/\/andamios-tendo.com\/de\/unsere-loesungen\/\" \/>\n<meta property=\"og:locale\" content=\"de_DE\" \/>\n<meta property=\"og:type\" content=\"article\" \/>\n<meta property=\"og:title\" content=\"Unsere L\u00f6sungen - Tendo\" \/>\n<meta property=\"og:description\" content=\"Zwei Arten von Tragger\u00fcsten, die sich perfekt an die Bed\u00fcrfnisse der Aufgabe anpassen, die in der H\u00f6he ausgef\u00fchrt werden muss. Sei es bei der Bedachung eines Geb\u00e4udes oder bei der industriellen Wartung. GOYA PORTALGER\u00dcST Es besteht im Wesentlichen aus Rahmen oder Portalen, die durch Plattformen , L\u00e4ngstr\u00e4ger und Diagonalprofilen miteinander verbunden sind, sodass ein perfekt [&hellip;]\" \/>\n<meta property=\"og:url\" content=\"https:\/\/andamios-tendo.com\/de\/unsere-loesungen\/\" \/>\n<meta property=\"og:site_name\" content=\"Tendo\" \/>\n<meta property=\"article:modified_time\" content=\"2022-09-30T14:57:50+00:00\" \/>\n<meta property=\"og:image\" content=\"https:\/\/andamios-tendo.com\/wp-content\/uploads\/sites\/2\/2022\/09\/solutions5-1-1024x294.jpg\" \/>\n<meta name=\"twitter:card\" content=\"summary_large_image\" \/>\n<meta name=\"twitter:label1\" content=\"Gesch\u00e4tzte Lesezeit\" \/>\n\t<meta name=\"twitter:data1\" content=\"3\u00a0Minuten\" \/>\n<script type=\"application\/ld+json\" class=\"yoast-schema-graph\">{\"@context\":\"https:\\\/\\\/schema.org\",\"@graph\":[{\"@type\":\"WebPage\",\"@id\":\"https:\\\/\\\/andamios-tendo.com\\\/de\\\/unsere-loesungen\\\/\",\"url\":\"https:\\\/\\\/andamios-tendo.com\\\/de\\\/unsere-loesungen\\\/\",\"name\":\"Unsere L\u00f6sungen - Tendo\",\"isPartOf\":{\"@id\":\"https:\\\/\\\/andamios-tendo.com\\\/de\\\/#website\"},\"primaryImageOfPage\":{\"@id\":\"https:\\\/\\\/andamios-tendo.com\\\/de\\\/unsere-loesungen\\\/#primaryimage\"},\"image\":{\"@id\":\"https:\\\/\\\/andamios-tendo.com\\\/de\\\/unsere-loesungen\\\/#primaryimage\"},\"thumbnailUrl\":\"https:\\\/\\\/andamios-tendo.com\\\/wp-content\\\/uploads\\\/sites\\\/2\\\/2022\\\/09\\\/solutions5-1-1024x294.jpg\",\"datePublished\":\"2022-09-26T07:49:09+00:00\",\"dateModified\":\"2022-09-30T14:57:50+00:00\",\"breadcrumb\":{\"@id\":\"https:\\\/\\\/andamios-tendo.com\\\/de\\\/unsere-loesungen\\\/#breadcrumb\"},\"inLanguage\":\"de\",\"potentialAction\":[{\"@type\":\"ReadAction\",\"target\":[\"https:\\\/\\\/andamios-tendo.com\\\/de\\\/unsere-loesungen\\\/\"]}]},{\"@type\":\"ImageObject\",\"inLanguage\":\"de\",\"@id\":\"https:\\\/\\\/andamios-tendo.com\\\/de\\\/unsere-loesungen\\\/#primaryimage\",\"url\":\"https:\\\/\\\/andamios-tendo.com\\\/wp-content\\\/uploads\\\/sites\\\/2\\\/2022\\\/09\\\/solutions5-1-1024x294.jpg\",\"contentUrl\":\"https:\\\/\\\/andamios-tendo.com\\\/wp-content\\\/uploads\\\/sites\\\/2\\\/2022\\\/09\\\/solutions5-1-1024x294.jpg\"},{\"@type\":\"BreadcrumbList\",\"@id\":\"https:\\\/\\\/andamios-tendo.com\\\/de\\\/unsere-loesungen\\\/#breadcrumb\",\"itemListElement\":[{\"@type\":\"ListItem\",\"position\":1,\"name\":\"Tendo\",\"item\":\"https:\\\/\\\/andamios-tendo.com\\\/de\\\/\"},{\"@type\":\"ListItem\",\"position\":2,\"name\":\"Unsere L\u00f6sungen\"}]},{\"@type\":\"WebSite\",\"@id\":\"https:\\\/\\\/andamios-tendo.com\\\/de\\\/#website\",\"url\":\"https:\\\/\\\/andamios-tendo.com\\\/de\\\/\",\"name\":\"Tendo\",\"description\":\"Une entreprise du groupe Fr\u00e9n\u00e9hard &amp; Michaux\",\"publisher\":{\"@id\":\"https:\\\/\\\/andamios-tendo.com\\\/de\\\/#organization\"},\"potentialAction\":[{\"@type\":\"SearchAction\",\"target\":{\"@type\":\"EntryPoint\",\"urlTemplate\":\"https:\\\/\\\/andamios-tendo.com\\\/de\\\/?s={search_term_string}\"},\"query-input\":{\"@type\":\"PropertyValueSpecification\",\"valueRequired\":true,\"valueName\":\"search_term_string\"}}],\"inLanguage\":\"de\"},{\"@type\":\"Organization\",\"@id\":\"https:\\\/\\\/andamios-tendo.com\\\/de\\\/#organization\",\"name\":\"Tendo\",\"url\":\"https:\\\/\\\/andamios-tendo.com\\\/de\\\/\",\"logo\":{\"@type\":\"ImageObject\",\"inLanguage\":\"de\",\"@id\":\"https:\\\/\\\/andamios-tendo.com\\\/de\\\/#\\\/schema\\\/logo\\\/image\\\/\",\"url\":\"https:\\\/\\\/andamios-tendo.com\\\/wp-content\\\/uploads\\\/sites\\\/2\\\/2022\\\/07\\\/logo_tendo-s.png\",\"contentUrl\":\"https:\\\/\\\/andamios-tendo.com\\\/wp-content\\\/uploads\\\/sites\\\/2\\\/2022\\\/07\\\/logo_tendo-s.png\",\"width\":153,\"height\":30,\"caption\":\"Tendo\"},\"image\":{\"@id\":\"https:\\\/\\\/andamios-tendo.com\\\/de\\\/#\\\/schema\\\/logo\\\/image\\\/\"}}]}<\/script>\n<!-- \/ Yoast SEO plugin. -->","yoast_head_json":{"title":"Unsere L\u00f6sungen - Tendo","robots":{"index":"index","follow":"follow","max-snippet":"max-snippet:-1","max-image-preview":"max-image-preview:large","max-video-preview":"max-video-preview:-1"},"canonical":"https:\/\/andamios-tendo.com\/de\/unsere-loesungen\/","og_locale":"de_DE","og_type":"article","og_title":"Unsere L\u00f6sungen - Tendo","og_description":"Zwei Arten von Tragger\u00fcsten, die sich perfekt an die Bed\u00fcrfnisse der Aufgabe anpassen, die in der H\u00f6he ausgef\u00fchrt werden muss. Sei es bei der Bedachung eines Geb\u00e4udes oder bei der industriellen Wartung. GOYA PORTALGER\u00dcST Es besteht im Wesentlichen aus Rahmen oder Portalen, die durch Plattformen , L\u00e4ngstr\u00e4ger und Diagonalprofilen miteinander verbunden sind, sodass ein perfekt [&hellip;]","og_url":"https:\/\/andamios-tendo.com\/de\/unsere-loesungen\/","og_site_name":"Tendo","article_modified_time":"2022-09-30T14:57:50+00:00","og_image":[{"url":"https:\/\/andamios-tendo.com\/wp-content\/uploads\/sites\/2\/2022\/09\/solutions5-1-1024x294.jpg","type":"","width":"","height":""}],"twitter_card":"summary_large_image","twitter_misc":{"Gesch\u00e4tzte Lesezeit":"3\u00a0Minuten"},"schema":{"@context":"https:\/\/schema.org","@graph":[{"@type":"WebPage","@id":"https:\/\/andamios-tendo.com\/de\/unsere-loesungen\/","url":"https:\/\/andamios-tendo.com\/de\/unsere-loesungen\/","name":"Unsere L\u00f6sungen - Tendo","isPartOf":{"@id":"https:\/\/andamios-tendo.com\/de\/#website"},"primaryImageOfPage":{"@id":"https:\/\/andamios-tendo.com\/de\/unsere-loesungen\/#primaryimage"},"image":{"@id":"https:\/\/andamios-tendo.com\/de\/unsere-loesungen\/#primaryimage"},"thumbnailUrl":"https:\/\/andamios-tendo.com\/wp-content\/uploads\/sites\/2\/2022\/09\/solutions5-1-1024x294.jpg","datePublished":"2022-09-26T07:49:09+00:00","dateModified":"2022-09-30T14:57:50+00:00","breadcrumb":{"@id":"https:\/\/andamios-tendo.com\/de\/unsere-loesungen\/#breadcrumb"},"inLanguage":"de","potentialAction":[{"@type":"ReadAction","target":["https:\/\/andamios-tendo.com\/de\/unsere-loesungen\/"]}]},{"@type":"ImageObject","inLanguage":"de","@id":"https:\/\/andamios-tendo.com\/de\/unsere-loesungen\/#primaryimage","url":"https:\/\/andamios-tendo.com\/wp-content\/uploads\/sites\/2\/2022\/09\/solutions5-1-1024x294.jpg","contentUrl":"https:\/\/andamios-tendo.com\/wp-content\/uploads\/sites\/2\/2022\/09\/solutions5-1-1024x294.jpg"},{"@type":"BreadcrumbList","@id":"https:\/\/andamios-tendo.com\/de\/unsere-loesungen\/#breadcrumb","itemListElement":[{"@type":"ListItem","position":1,"name":"Tendo","item":"https:\/\/andamios-tendo.com\/de\/"},{"@type":"ListItem","position":2,"name":"Unsere L\u00f6sungen"}]},{"@type":"WebSite","@id":"https:\/\/andamios-tendo.com\/de\/#website","url":"https:\/\/andamios-tendo.com\/de\/","name":"Tendo","description":"Une entreprise du groupe Fr\u00e9n\u00e9hard &amp; Michaux","publisher":{"@id":"https:\/\/andamios-tendo.com\/de\/#organization"},"potentialAction":[{"@type":"SearchAction","target":{"@type":"EntryPoint","urlTemplate":"https:\/\/andamios-tendo.com\/de\/?s={search_term_string}"},"query-input":{"@type":"PropertyValueSpecification","valueRequired":true,"valueName":"search_term_string"}}],"inLanguage":"de"},{"@type":"Organization","@id":"https:\/\/andamios-tendo.com\/de\/#organization","name":"Tendo","url":"https:\/\/andamios-tendo.com\/de\/","logo":{"@type":"ImageObject","inLanguage":"de","@id":"https:\/\/andamios-tendo.com\/de\/#\/schema\/logo\/image\/","url":"https:\/\/andamios-tendo.com\/wp-content\/uploads\/sites\/2\/2022\/07\/logo_tendo-s.png","contentUrl":"https:\/\/andamios-tendo.com\/wp-content\/uploads\/sites\/2\/2022\/07\/logo_tendo-s.png","width":153,"height":30,"caption":"Tendo"},"image":{"@id":"https:\/\/andamios-tendo.com\/de\/#\/schema\/logo\/image\/"}}]}},"_links":{"self":[{"href":"https:\/\/andamios-tendo.com\/de\/wp-json\/wp\/v2\/pages\/780","targetHints":{"allow":["GET"]}}],"collection":[{"href":"https:\/\/andamios-tendo.com\/de\/wp-json\/wp\/v2\/pages"}],"about":[{"href":"https:\/\/andamios-tendo.com\/de\/wp-json\/wp\/v2\/types\/page"}],"author":[{"embeddable":true,"href":"https:\/\/andamios-tendo.com\/de\/wp-json\/wp\/v2\/users\/8"}],"replies":[{"embeddable":true,"href":"https:\/\/andamios-tendo.com\/de\/wp-json\/wp\/v2\/comments?post=780"}],"version-history":[{"count":2,"href":"https:\/\/andamios-tendo.com\/de\/wp-json\/wp\/v2\/pages\/780\/revisions"}],"predecessor-version":[{"id":1407,"href":"https:\/\/andamios-tendo.com\/de\/wp-json\/wp\/v2\/pages\/780\/revisions\/1407"}],"wp:attachment":[{"href":"https:\/\/andamios-tendo.com\/de\/wp-json\/wp\/v2\/media?parent=780"}],"curies":[{"name":"wp","href":"https:\/\/api.w.org\/{rel}","templated":true}]}}