{"id":782,"date":"2022-09-26T09:53:20","date_gmt":"2022-09-26T07:53:20","guid":{"rendered":"https:\/\/andamios-tendo.com\/unsere-dienstleistungen\/"},"modified":"2022-12-19T16:37:58","modified_gmt":"2022-12-19T15:37:58","slug":"unsere-dienstleistungen","status":"publish","type":"page","link":"https:\/\/andamios-tendo.com\/de\/unsere-dienstleistungen\/","title":{"rendered":"Unsere Dienstleistungen"},"content":{"rendered":"\n<figure class=\"wp-block-image size-large\"><img loading=\"lazy\" decoding=\"async\" width=\"1024\" height=\"294\" src=\"https:\/\/andamios-tendo.com\/wp-content\/uploads\/sites\/2\/2022\/11\/services-1024x294.jpg\" alt=\"\" class=\"wp-image-2119\" srcset=\"https:\/\/andamios-tendo.com\/wp-content\/uploads\/sites\/2\/2022\/11\/services-1024x294.jpg 1024w, https:\/\/andamios-tendo.com\/wp-content\/uploads\/sites\/2\/2022\/11\/services-300x86.jpg 300w, https:\/\/andamios-tendo.com\/wp-content\/uploads\/sites\/2\/2022\/11\/services-768x220.jpg 768w, https:\/\/andamios-tendo.com\/wp-content\/uploads\/sites\/2\/2022\/11\/services-600x172.jpg 600w, https:\/\/andamios-tendo.com\/wp-content\/uploads\/sites\/2\/2022\/11\/services.jpg 1500w\" sizes=\"auto, (max-width: 1024px) 100vw, 1024px\" \/><\/figure>\n\n\n\n<div style=\"height:31px\" aria-hidden=\"true\" class=\"wp-block-spacer\"><\/div>\n\n\n\n<h2 class=\"has-text-align-center has-medium-font-size wp-block-heading\" id=\"service-technique\"><strong>Ingenieurwesen<\/strong><\/h2>\n\n\n\n<div class=\"wp-block-columns is-layout-flex wp-container-core-columns-is-layout-9d6595d7 wp-block-columns-is-layout-flex\">\n<div class=\"wp-block-column is-layout-flow wp-block-column-is-layout-flow\">\n<figure class=\"wp-block-image is-style-mycms-bg-orange mycms-img-bg alignwide size-full \"><img loading=\"lazy\" decoding=\"async\" width=\"749\" height=\"749\" src=\"https:\/\/andamios-tendo.com\/wp-content\/uploads\/sites\/2\/2022\/11\/be-2.jpg\" alt=\"\" class=\"wp-image-2180\" srcset=\"https:\/\/andamios-tendo.com\/wp-content\/uploads\/sites\/2\/2022\/11\/be-2.jpg 749w, https:\/\/andamios-tendo.com\/wp-content\/uploads\/sites\/2\/2022\/11\/be-2-300x300.jpg 300w, https:\/\/andamios-tendo.com\/wp-content\/uploads\/sites\/2\/2022\/11\/be-2-150x150.jpg 150w, https:\/\/andamios-tendo.com\/wp-content\/uploads\/sites\/2\/2022\/11\/be-2-600x600.jpg 600w, https:\/\/andamios-tendo.com\/wp-content\/uploads\/sites\/2\/2022\/11\/be-2-100x100.jpg 100w\" sizes=\"auto, (max-width: 749px) 100vw, 749px\" \/><\/figure>\n<\/div>\n\n\n\n<div class=\"wp-block-column is-vertically-aligned-center is-layout-flow wp-block-column-is-layout-flow\">\n<p>Mit unserer kontinuierlichen Forschungsarbeit wollen wir uns st\u00e4ndig verbessern und uns an unsere Kunden anpassen, indem wir ihnen eine umfassende, modulare und effiziente L\u00f6sung anbieten.<\/p>\n\n\n\n<p>Die Erfahrung unserer technischen Abteilung bei der Planung verschiedenster Projekte und die Marktkenntnisse unseres Vertriebsnetzes erm\u00f6glichen es uns, L\u00f6sungen f\u00fcr die kompliziertesten Baustellen unserer Kunden bereitzustellen.<\/p>\n\n\n\n<p>Tendo ist ein professioneller Partner in Sachen Technik und Handel, der es sich zur Aufgabe gemacht hat, seine Kunden zu begleiten und zu unterst\u00fctzen, unabh\u00e4ngig von der Komplexit\u00e4t der zu bew\u00e4ltigenden Arbeit, indem er die L\u00f6sungen und Innovationen einsetzt, die f\u00fcr die Durchf\u00fchrung auf der Baustelle erforderlich sind.<\/p>\n<\/div>\n<\/div>\n\n\n\n<div class=\"wp-block-columns is-layout-flex wp-container-core-columns-is-layout-9d6595d7 wp-block-columns-is-layout-flex\">\n<div class=\"wp-block-column is-vertically-aligned-center is-layout-flow wp-block-column-is-layout-flow\">\n<p>Durch die st\u00e4ndige Weiterentwicklung unserer Produkte k\u00f6nnen wir optimierte Ger\u00fcstsysteme anbieten, die L\u00f6sungen bieten, die den entscheidenden Unterschied ausmachen. Die einfache Struktur unserer Tragger\u00fcste reduziert die Einarbeitungs- und Montagezeit der Installateure und gew\u00e4hrleistet so eine h\u00f6here Effizienz.<\/p>\n\n\n\n<p>Durch die kontinuierliche Weiterentwicklung unserer Produkte konnte die Anzahl der verschiedenen Bestandteile optimiert werden, sodass wir mit einer begrenzten Anzahl von Teilen f\u00fcr beinahe jede Baustelle eine passende L\u00f6sung anbieten k\u00f6nnen.<\/p>\n<\/div>\n\n\n\n<div class=\"wp-block-column is-layout-flow wp-block-column-is-layout-flow\">\n<figure class=\"wp-block-image is-style-mycms-bg-orange mycms-img-bg alignwide size-full \"><img loading=\"lazy\" decoding=\"async\" width=\"800\" height=\"800\" src=\"https:\/\/andamios-tendo.com\/wp-content\/uploads\/sites\/2\/2022\/11\/usine-1.jpg\" alt=\"\" class=\"wp-image-2185\" srcset=\"https:\/\/andamios-tendo.com\/wp-content\/uploads\/sites\/2\/2022\/11\/usine-1.jpg 800w, https:\/\/andamios-tendo.com\/wp-content\/uploads\/sites\/2\/2022\/11\/usine-1-300x300.jpg 300w, https:\/\/andamios-tendo.com\/wp-content\/uploads\/sites\/2\/2022\/11\/usine-1-150x150.jpg 150w, https:\/\/andamios-tendo.com\/wp-content\/uploads\/sites\/2\/2022\/11\/usine-1-768x768.jpg 768w, https:\/\/andamios-tendo.com\/wp-content\/uploads\/sites\/2\/2022\/11\/usine-1-600x600.jpg 600w, https:\/\/andamios-tendo.com\/wp-content\/uploads\/sites\/2\/2022\/11\/usine-1-100x100.jpg 100w\" sizes=\"auto, (max-width: 800px) 100vw, 800px\" \/><\/figure>\n<\/div>\n<\/div>\n","protected":false},"excerpt":{"rendered":"<p>Ingenieurwesen Mit unserer kontinuierlichen Forschungsarbeit wollen wir uns st\u00e4ndig verbessern und uns an unsere Kunden anpassen, indem wir ihnen eine umfassende, modulare und effiziente L\u00f6sung anbieten. Die Erfahrung unserer technischen Abteilung bei der Planung verschiedenster Projekte und die Marktkenntnisse unseres Vertriebsnetzes erm\u00f6glichen es uns, L\u00f6sungen f\u00fcr die kompliziertesten Baustellen unserer Kunden bereitzustellen. Tendo ist ein [&hellip;]<\/p>\n","protected":false},"author":8,"featured_media":0,"parent":0,"menu_order":0,"comment_status":"closed","ping_status":"closed","template":"","meta":{"_acf_changed":false,"footnotes":""},"class_list":["post-782","page","type-page","status-publish","hentry"],"acf":[],"yoast_head":"<!-- This site is optimized with the Yoast SEO plugin v27.5 - https:\/\/yoast.com\/product\/yoast-seo-wordpress\/ -->\n<title>Unsere Dienstleistungen - Tendo<\/title>\n<meta name=\"robots\" content=\"index, follow, max-snippet:-1, max-image-preview:large, max-video-preview:-1\" \/>\n<link rel=\"canonical\" href=\"https:\/\/andamios-tendo.com\/de\/unsere-dienstleistungen\/\" \/>\n<meta property=\"og:locale\" content=\"de_DE\" \/>\n<meta property=\"og:type\" content=\"article\" \/>\n<meta property=\"og:title\" content=\"Unsere Dienstleistungen - Tendo\" \/>\n<meta property=\"og:description\" content=\"Ingenieurwesen Mit unserer kontinuierlichen Forschungsarbeit wollen wir uns st\u00e4ndig verbessern und uns an unsere Kunden anpassen, indem wir ihnen eine umfassende, modulare und effiziente L\u00f6sung anbieten. Die Erfahrung unserer technischen Abteilung bei der Planung verschiedenster Projekte und die Marktkenntnisse unseres Vertriebsnetzes erm\u00f6glichen es uns, L\u00f6sungen f\u00fcr die kompliziertesten Baustellen unserer Kunden bereitzustellen. Tendo ist ein [&hellip;]\" \/>\n<meta property=\"og:url\" content=\"https:\/\/andamios-tendo.com\/de\/unsere-dienstleistungen\/\" \/>\n<meta property=\"og:site_name\" content=\"Tendo\" \/>\n<meta property=\"article:modified_time\" content=\"2022-12-19T15:37:58+00:00\" \/>\n<meta property=\"og:image\" content=\"https:\/\/andamios-tendo.com\/wp-content\/uploads\/sites\/2\/2022\/11\/services-1024x294.jpg\" \/>\n<meta name=\"twitter:card\" content=\"summary_large_image\" \/>\n<meta name=\"twitter:label1\" content=\"Gesch\u00e4tzte Lesezeit\" \/>\n\t<meta name=\"twitter:data1\" content=\"2\u00a0Minuten\" \/>\n<script type=\"application\/ld+json\" class=\"yoast-schema-graph\">{\"@context\":\"https:\\\/\\\/schema.org\",\"@graph\":[{\"@type\":\"WebPage\",\"@id\":\"https:\\\/\\\/andamios-tendo.com\\\/de\\\/unsere-dienstleistungen\\\/\",\"url\":\"https:\\\/\\\/andamios-tendo.com\\\/de\\\/unsere-dienstleistungen\\\/\",\"name\":\"Unsere Dienstleistungen - Tendo\",\"isPartOf\":{\"@id\":\"https:\\\/\\\/andamios-tendo.com\\\/de\\\/#website\"},\"primaryImageOfPage\":{\"@id\":\"https:\\\/\\\/andamios-tendo.com\\\/de\\\/unsere-dienstleistungen\\\/#primaryimage\"},\"image\":{\"@id\":\"https:\\\/\\\/andamios-tendo.com\\\/de\\\/unsere-dienstleistungen\\\/#primaryimage\"},\"thumbnailUrl\":\"https:\\\/\\\/andamios-tendo.com\\\/wp-content\\\/uploads\\\/sites\\\/2\\\/2022\\\/11\\\/services-1024x294.jpg\",\"datePublished\":\"2022-09-26T07:53:20+00:00\",\"dateModified\":\"2022-12-19T15:37:58+00:00\",\"breadcrumb\":{\"@id\":\"https:\\\/\\\/andamios-tendo.com\\\/de\\\/unsere-dienstleistungen\\\/#breadcrumb\"},\"inLanguage\":\"de\",\"potentialAction\":[{\"@type\":\"ReadAction\",\"target\":[\"https:\\\/\\\/andamios-tendo.com\\\/de\\\/unsere-dienstleistungen\\\/\"]}]},{\"@type\":\"ImageObject\",\"inLanguage\":\"de\",\"@id\":\"https:\\\/\\\/andamios-tendo.com\\\/de\\\/unsere-dienstleistungen\\\/#primaryimage\",\"url\":\"https:\\\/\\\/andamios-tendo.com\\\/wp-content\\\/uploads\\\/sites\\\/2\\\/2022\\\/11\\\/services-1024x294.jpg\",\"contentUrl\":\"https:\\\/\\\/andamios-tendo.com\\\/wp-content\\\/uploads\\\/sites\\\/2\\\/2022\\\/11\\\/services-1024x294.jpg\"},{\"@type\":\"BreadcrumbList\",\"@id\":\"https:\\\/\\\/andamios-tendo.com\\\/de\\\/unsere-dienstleistungen\\\/#breadcrumb\",\"itemListElement\":[{\"@type\":\"ListItem\",\"position\":1,\"name\":\"Tendo\",\"item\":\"https:\\\/\\\/andamios-tendo.com\\\/de\\\/\"},{\"@type\":\"ListItem\",\"position\":2,\"name\":\"Unsere Dienstleistungen\"}]},{\"@type\":\"WebSite\",\"@id\":\"https:\\\/\\\/andamios-tendo.com\\\/de\\\/#website\",\"url\":\"https:\\\/\\\/andamios-tendo.com\\\/de\\\/\",\"name\":\"Tendo\",\"description\":\"Une entreprise du groupe Fr\u00e9n\u00e9hard &amp; Michaux\",\"publisher\":{\"@id\":\"https:\\\/\\\/andamios-tendo.com\\\/de\\\/#organization\"},\"potentialAction\":[{\"@type\":\"SearchAction\",\"target\":{\"@type\":\"EntryPoint\",\"urlTemplate\":\"https:\\\/\\\/andamios-tendo.com\\\/de\\\/?s={search_term_string}\"},\"query-input\":{\"@type\":\"PropertyValueSpecification\",\"valueRequired\":true,\"valueName\":\"search_term_string\"}}],\"inLanguage\":\"de\"},{\"@type\":\"Organization\",\"@id\":\"https:\\\/\\\/andamios-tendo.com\\\/de\\\/#organization\",\"name\":\"Tendo\",\"url\":\"https:\\\/\\\/andamios-tendo.com\\\/de\\\/\",\"logo\":{\"@type\":\"ImageObject\",\"inLanguage\":\"de\",\"@id\":\"https:\\\/\\\/andamios-tendo.com\\\/de\\\/#\\\/schema\\\/logo\\\/image\\\/\",\"url\":\"https:\\\/\\\/andamios-tendo.com\\\/wp-content\\\/uploads\\\/sites\\\/2\\\/2022\\\/07\\\/logo_tendo-s.png\",\"contentUrl\":\"https:\\\/\\\/andamios-tendo.com\\\/wp-content\\\/uploads\\\/sites\\\/2\\\/2022\\\/07\\\/logo_tendo-s.png\",\"width\":153,\"height\":30,\"caption\":\"Tendo\"},\"image\":{\"@id\":\"https:\\\/\\\/andamios-tendo.com\\\/de\\\/#\\\/schema\\\/logo\\\/image\\\/\"}}]}<\/script>\n<!-- \/ Yoast SEO plugin. -->","yoast_head_json":{"title":"Unsere Dienstleistungen - Tendo","robots":{"index":"index","follow":"follow","max-snippet":"max-snippet:-1","max-image-preview":"max-image-preview:large","max-video-preview":"max-video-preview:-1"},"canonical":"https:\/\/andamios-tendo.com\/de\/unsere-dienstleistungen\/","og_locale":"de_DE","og_type":"article","og_title":"Unsere Dienstleistungen - Tendo","og_description":"Ingenieurwesen Mit unserer kontinuierlichen Forschungsarbeit wollen wir uns st\u00e4ndig verbessern und uns an unsere Kunden anpassen, indem wir ihnen eine umfassende, modulare und effiziente L\u00f6sung anbieten. Die Erfahrung unserer technischen Abteilung bei der Planung verschiedenster Projekte und die Marktkenntnisse unseres Vertriebsnetzes erm\u00f6glichen es uns, L\u00f6sungen f\u00fcr die kompliziertesten Baustellen unserer Kunden bereitzustellen. Tendo ist ein [&hellip;]","og_url":"https:\/\/andamios-tendo.com\/de\/unsere-dienstleistungen\/","og_site_name":"Tendo","article_modified_time":"2022-12-19T15:37:58+00:00","og_image":[{"url":"https:\/\/andamios-tendo.com\/wp-content\/uploads\/sites\/2\/2022\/11\/services-1024x294.jpg","type":"","width":"","height":""}],"twitter_card":"summary_large_image","twitter_misc":{"Gesch\u00e4tzte Lesezeit":"2\u00a0Minuten"},"schema":{"@context":"https:\/\/schema.org","@graph":[{"@type":"WebPage","@id":"https:\/\/andamios-tendo.com\/de\/unsere-dienstleistungen\/","url":"https:\/\/andamios-tendo.com\/de\/unsere-dienstleistungen\/","name":"Unsere Dienstleistungen - Tendo","isPartOf":{"@id":"https:\/\/andamios-tendo.com\/de\/#website"},"primaryImageOfPage":{"@id":"https:\/\/andamios-tendo.com\/de\/unsere-dienstleistungen\/#primaryimage"},"image":{"@id":"https:\/\/andamios-tendo.com\/de\/unsere-dienstleistungen\/#primaryimage"},"thumbnailUrl":"https:\/\/andamios-tendo.com\/wp-content\/uploads\/sites\/2\/2022\/11\/services-1024x294.jpg","datePublished":"2022-09-26T07:53:20+00:00","dateModified":"2022-12-19T15:37:58+00:00","breadcrumb":{"@id":"https:\/\/andamios-tendo.com\/de\/unsere-dienstleistungen\/#breadcrumb"},"inLanguage":"de","potentialAction":[{"@type":"ReadAction","target":["https:\/\/andamios-tendo.com\/de\/unsere-dienstleistungen\/"]}]},{"@type":"ImageObject","inLanguage":"de","@id":"https:\/\/andamios-tendo.com\/de\/unsere-dienstleistungen\/#primaryimage","url":"https:\/\/andamios-tendo.com\/wp-content\/uploads\/sites\/2\/2022\/11\/services-1024x294.jpg","contentUrl":"https:\/\/andamios-tendo.com\/wp-content\/uploads\/sites\/2\/2022\/11\/services-1024x294.jpg"},{"@type":"BreadcrumbList","@id":"https:\/\/andamios-tendo.com\/de\/unsere-dienstleistungen\/#breadcrumb","itemListElement":[{"@type":"ListItem","position":1,"name":"Tendo","item":"https:\/\/andamios-tendo.com\/de\/"},{"@type":"ListItem","position":2,"name":"Unsere Dienstleistungen"}]},{"@type":"WebSite","@id":"https:\/\/andamios-tendo.com\/de\/#website","url":"https:\/\/andamios-tendo.com\/de\/","name":"Tendo","description":"Une entreprise du groupe Fr\u00e9n\u00e9hard &amp; Michaux","publisher":{"@id":"https:\/\/andamios-tendo.com\/de\/#organization"},"potentialAction":[{"@type":"SearchAction","target":{"@type":"EntryPoint","urlTemplate":"https:\/\/andamios-tendo.com\/de\/?s={search_term_string}"},"query-input":{"@type":"PropertyValueSpecification","valueRequired":true,"valueName":"search_term_string"}}],"inLanguage":"de"},{"@type":"Organization","@id":"https:\/\/andamios-tendo.com\/de\/#organization","name":"Tendo","url":"https:\/\/andamios-tendo.com\/de\/","logo":{"@type":"ImageObject","inLanguage":"de","@id":"https:\/\/andamios-tendo.com\/de\/#\/schema\/logo\/image\/","url":"https:\/\/andamios-tendo.com\/wp-content\/uploads\/sites\/2\/2022\/07\/logo_tendo-s.png","contentUrl":"https:\/\/andamios-tendo.com\/wp-content\/uploads\/sites\/2\/2022\/07\/logo_tendo-s.png","width":153,"height":30,"caption":"Tendo"},"image":{"@id":"https:\/\/andamios-tendo.com\/de\/#\/schema\/logo\/image\/"}}]}},"_links":{"self":[{"href":"https:\/\/andamios-tendo.com\/de\/wp-json\/wp\/v2\/pages\/782","targetHints":{"allow":["GET"]}}],"collection":[{"href":"https:\/\/andamios-tendo.com\/de\/wp-json\/wp\/v2\/pages"}],"about":[{"href":"https:\/\/andamios-tendo.com\/de\/wp-json\/wp\/v2\/types\/page"}],"author":[{"embeddable":true,"href":"https:\/\/andamios-tendo.com\/de\/wp-json\/wp\/v2\/users\/8"}],"replies":[{"embeddable":true,"href":"https:\/\/andamios-tendo.com\/de\/wp-json\/wp\/v2\/comments?post=782"}],"version-history":[{"count":2,"href":"https:\/\/andamios-tendo.com\/de\/wp-json\/wp\/v2\/pages\/782\/revisions"}],"predecessor-version":[{"id":3239,"href":"https:\/\/andamios-tendo.com\/de\/wp-json\/wp\/v2\/pages\/782\/revisions\/3239"}],"wp:attachment":[{"href":"https:\/\/andamios-tendo.com\/de\/wp-json\/wp\/v2\/media?parent=782"}],"curies":[{"name":"wp","href":"https:\/\/api.w.org\/{rel}","templated":true}]}}