{"id":784,"date":"2022-09-26T09:55:27","date_gmt":"2022-09-26T07:55:27","guid":{"rendered":"https:\/\/andamios-tendo.com\/unsere-loesungen-fuer-fassadengerueste\/"},"modified":"2022-11-09T09:32:58","modified_gmt":"2022-11-09T08:32:58","slug":"unsere-realisierungen","status":"publish","type":"page","link":"https:\/\/andamios-tendo.com\/de\/unsere-realisierungen\/","title":{"rendered":"Unsere Realisierungen"},"content":{"rendered":"\n<figure class=\"wp-block-image size-large\"><img loading=\"lazy\" decoding=\"async\" width=\"1024\" height=\"294\" src=\"https:\/\/andamios-tendo.com\/wp-content\/uploads\/sites\/2\/2022\/09\/chantiers-1-1024x294.jpg\" alt=\"\" class=\"wp-image-1282\" srcset=\"https:\/\/andamios-tendo.com\/wp-content\/uploads\/sites\/2\/2022\/09\/chantiers-1-1024x294.jpg 1024w, https:\/\/andamios-tendo.com\/wp-content\/uploads\/sites\/2\/2022\/09\/chantiers-1-300x86.jpg 300w, https:\/\/andamios-tendo.com\/wp-content\/uploads\/sites\/2\/2022\/09\/chantiers-1-768x220.jpg 768w, https:\/\/andamios-tendo.com\/wp-content\/uploads\/sites\/2\/2022\/09\/chantiers-1-600x172.jpg 600w, https:\/\/andamios-tendo.com\/wp-content\/uploads\/sites\/2\/2022\/09\/chantiers-1.jpg 1500w\" sizes=\"auto, (max-width: 1024px) 100vw, 1024px\" \/><\/figure>\n\n\n\n<p><\/p>\n\n\n\n<p><\/p>\n\n\n\n<div class=\"wp-block-columns is-layout-flex wp-container-core-columns-is-layout-9d6595d7 wp-block-columns-is-layout-flex\">\n<div class=\"wp-block-column is-layout-flow wp-block-column-is-layout-flow\">\n<figure class=\"wp-block-gallery has-nested-images columns-4 is-cropped wp-block-gallery-1 is-layout-flex wp-block-gallery-is-layout-flex\">\n<figure class=\"wp-block-image size-large\"><img loading=\"lazy\" decoding=\"async\" width=\"576\" height=\"1024\" data-id=\"1304\" src=\"https:\/\/andamios-tendo.com\/wp-content\/uploads\/sites\/2\/2022\/09\/20170503_124434-576x1024.jpg\" alt=\"\" class=\"wp-image-1304\" srcset=\"https:\/\/andamios-tendo.com\/wp-content\/uploads\/sites\/2\/2022\/09\/20170503_124434-576x1024.jpg 576w, https:\/\/andamios-tendo.com\/wp-content\/uploads\/sites\/2\/2022\/09\/20170503_124434-169x300.jpg 169w, https:\/\/andamios-tendo.com\/wp-content\/uploads\/sites\/2\/2022\/09\/20170503_124434-768x1365.jpg 768w, https:\/\/andamios-tendo.com\/wp-content\/uploads\/sites\/2\/2022\/09\/20170503_124434-864x1536.jpg 864w, https:\/\/andamios-tendo.com\/wp-content\/uploads\/sites\/2\/2022\/09\/20170503_124434-1152x2048.jpg 1152w, https:\/\/andamios-tendo.com\/wp-content\/uploads\/sites\/2\/2022\/09\/20170503_124434-600x1067.jpg 600w, https:\/\/andamios-tendo.com\/wp-content\/uploads\/sites\/2\/2022\/09\/20170503_124434-scaled.jpg 1440w\" sizes=\"auto, (max-width: 576px) 100vw, 576px\" \/><\/figure>\n\n\n\n<figure class=\"wp-block-image size-large\"><img loading=\"lazy\" decoding=\"async\" width=\"1024\" height=\"768\" data-id=\"1289\" src=\"https:\/\/andamios-tendo.com\/wp-content\/uploads\/sites\/2\/2022\/09\/WhatsApp-Image-2020-04-10-at-10.22.48.jpeg\" alt=\"\" class=\"wp-image-1289\" srcset=\"https:\/\/andamios-tendo.com\/wp-content\/uploads\/sites\/2\/2022\/09\/WhatsApp-Image-2020-04-10-at-10.22.48.jpeg 1024w, https:\/\/andamios-tendo.com\/wp-content\/uploads\/sites\/2\/2022\/09\/WhatsApp-Image-2020-04-10-at-10.22.48-300x225.jpeg 300w, https:\/\/andamios-tendo.com\/wp-content\/uploads\/sites\/2\/2022\/09\/WhatsApp-Image-2020-04-10-at-10.22.48-768x576.jpeg 768w, https:\/\/andamios-tendo.com\/wp-content\/uploads\/sites\/2\/2022\/09\/WhatsApp-Image-2020-04-10-at-10.22.48-395x295.jpeg 395w, https:\/\/andamios-tendo.com\/wp-content\/uploads\/sites\/2\/2022\/09\/WhatsApp-Image-2020-04-10-at-10.22.48-600x450.jpeg 600w\" sizes=\"auto, (max-width: 1024px) 100vw, 1024px\" \/><\/figure>\n\n\n\n<figure class=\"wp-block-image size-large\"><img loading=\"lazy\" decoding=\"async\" width=\"1024\" height=\"576\" data-id=\"1293\" src=\"https:\/\/andamios-tendo.com\/wp-content\/uploads\/sites\/2\/2022\/09\/WhatsApp-Image-2021-05-21-at-13.23.24-1024x576.jpeg\" alt=\"\" class=\"wp-image-1293\" srcset=\"https:\/\/andamios-tendo.com\/wp-content\/uploads\/sites\/2\/2022\/09\/WhatsApp-Image-2021-05-21-at-13.23.24-1024x576.jpeg 1024w, https:\/\/andamios-tendo.com\/wp-content\/uploads\/sites\/2\/2022\/09\/WhatsApp-Image-2021-05-21-at-13.23.24-300x169.jpeg 300w, https:\/\/andamios-tendo.com\/wp-content\/uploads\/sites\/2\/2022\/09\/WhatsApp-Image-2021-05-21-at-13.23.24-768x432.jpeg 768w, https:\/\/andamios-tendo.com\/wp-content\/uploads\/sites\/2\/2022\/09\/WhatsApp-Image-2021-05-21-at-13.23.24-1536x864.jpeg 1536w, https:\/\/andamios-tendo.com\/wp-content\/uploads\/sites\/2\/2022\/09\/WhatsApp-Image-2021-05-21-at-13.23.24-600x338.jpeg 600w, https:\/\/andamios-tendo.com\/wp-content\/uploads\/sites\/2\/2022\/09\/WhatsApp-Image-2021-05-21-at-13.23.24.jpeg 1600w\" sizes=\"auto, (max-width: 1024px) 100vw, 1024px\" \/><\/figure>\n\n\n\n<figure class=\"wp-block-image size-large\"><img loading=\"lazy\" decoding=\"async\" width=\"1024\" height=\"768\" data-id=\"1292\" src=\"https:\/\/andamios-tendo.com\/wp-content\/uploads\/sites\/2\/2022\/09\/WhatsApp-Image-2021-08-06-at-14.53.19-3-1024x768.jpeg\" alt=\"\" class=\"wp-image-1292\" srcset=\"https:\/\/andamios-tendo.com\/wp-content\/uploads\/sites\/2\/2022\/09\/WhatsApp-Image-2021-08-06-at-14.53.19-3-1024x768.jpeg 1024w, https:\/\/andamios-tendo.com\/wp-content\/uploads\/sites\/2\/2022\/09\/WhatsApp-Image-2021-08-06-at-14.53.19-3-300x225.jpeg 300w, https:\/\/andamios-tendo.com\/wp-content\/uploads\/sites\/2\/2022\/09\/WhatsApp-Image-2021-08-06-at-14.53.19-3-768x576.jpeg 768w, https:\/\/andamios-tendo.com\/wp-content\/uploads\/sites\/2\/2022\/09\/WhatsApp-Image-2021-08-06-at-14.53.19-3-1536x1152.jpeg 1536w, https:\/\/andamios-tendo.com\/wp-content\/uploads\/sites\/2\/2022\/09\/WhatsApp-Image-2021-08-06-at-14.53.19-3-395x295.jpeg 395w, https:\/\/andamios-tendo.com\/wp-content\/uploads\/sites\/2\/2022\/09\/WhatsApp-Image-2021-08-06-at-14.53.19-3-600x450.jpeg 600w, https:\/\/andamios-tendo.com\/wp-content\/uploads\/sites\/2\/2022\/09\/WhatsApp-Image-2021-08-06-at-14.53.19-3.jpeg 1600w\" sizes=\"auto, (max-width: 1024px) 100vw, 1024px\" \/><\/figure>\n<\/figure>\n\n\n\n<div style=\"height:7px\" aria-hidden=\"true\" class=\"wp-block-spacer\"><\/div>\n\n\n\n<figure class=\"wp-block-gallery has-nested-images columns-4 is-cropped wp-block-gallery-2 is-layout-flex wp-block-gallery-is-layout-flex\">\n<figure class=\"wp-block-image size-large\"><img loading=\"lazy\" decoding=\"async\" width=\"768\" height=\"1024\" data-id=\"1312\" src=\"https:\/\/andamios-tendo.com\/wp-content\/uploads\/sites\/2\/2022\/09\/105_0503-768x1024.jpg\" alt=\"\" class=\"wp-image-1312\" srcset=\"https:\/\/andamios-tendo.com\/wp-content\/uploads\/sites\/2\/2022\/09\/105_0503-768x1024.jpg 768w, https:\/\/andamios-tendo.com\/wp-content\/uploads\/sites\/2\/2022\/09\/105_0503-225x300.jpg 225w, https:\/\/andamios-tendo.com\/wp-content\/uploads\/sites\/2\/2022\/09\/105_0503-1152x1536.jpg 1152w, https:\/\/andamios-tendo.com\/wp-content\/uploads\/sites\/2\/2022\/09\/105_0503-600x800.jpg 600w, https:\/\/andamios-tendo.com\/wp-content\/uploads\/sites\/2\/2022\/09\/105_0503.jpg 1200w\" sizes=\"auto, (max-width: 768px) 100vw, 768px\" \/><\/figure>\n\n\n\n<figure class=\"wp-block-image size-large\"><img loading=\"lazy\" decoding=\"async\" width=\"768\" height=\"1024\" data-id=\"1317\" src=\"https:\/\/andamios-tendo.com\/wp-content\/uploads\/sites\/2\/2022\/09\/100_1590-768x1024.jpg\" alt=\"\" class=\"wp-image-1317\" srcset=\"https:\/\/andamios-tendo.com\/wp-content\/uploads\/sites\/2\/2022\/09\/100_1590-768x1024.jpg 768w, https:\/\/andamios-tendo.com\/wp-content\/uploads\/sites\/2\/2022\/09\/100_1590-225x300.jpg 225w, https:\/\/andamios-tendo.com\/wp-content\/uploads\/sites\/2\/2022\/09\/100_1590-1152x1536.jpg 1152w, https:\/\/andamios-tendo.com\/wp-content\/uploads\/sites\/2\/2022\/09\/100_1590-1536x2048.jpg 1536w, https:\/\/andamios-tendo.com\/wp-content\/uploads\/sites\/2\/2022\/09\/100_1590-600x800.jpg 600w, https:\/\/andamios-tendo.com\/wp-content\/uploads\/sites\/2\/2022\/09\/100_1590-scaled.jpg 1920w\" sizes=\"auto, (max-width: 768px) 100vw, 768px\" \/><\/figure>\n\n\n\n<figure class=\"wp-block-image size-large\"><img loading=\"lazy\" decoding=\"async\" width=\"768\" height=\"1024\" data-id=\"1323\" src=\"https:\/\/andamios-tendo.com\/wp-content\/uploads\/sites\/2\/2022\/09\/WhatsApp-Image-2020-10-16-at-09.34.27-768x1024.jpeg\" alt=\"\" class=\"wp-image-1323\" srcset=\"https:\/\/andamios-tendo.com\/wp-content\/uploads\/sites\/2\/2022\/09\/WhatsApp-Image-2020-10-16-at-09.34.27-768x1024.jpeg 768w, https:\/\/andamios-tendo.com\/wp-content\/uploads\/sites\/2\/2022\/09\/WhatsApp-Image-2020-10-16-at-09.34.27-225x300.jpeg 225w, https:\/\/andamios-tendo.com\/wp-content\/uploads\/sites\/2\/2022\/09\/WhatsApp-Image-2020-10-16-at-09.34.27-1152x1536.jpeg 1152w, https:\/\/andamios-tendo.com\/wp-content\/uploads\/sites\/2\/2022\/09\/WhatsApp-Image-2020-10-16-at-09.34.27-600x800.jpeg 600w, https:\/\/andamios-tendo.com\/wp-content\/uploads\/sites\/2\/2022\/09\/WhatsApp-Image-2020-10-16-at-09.34.27.jpeg 1536w\" sizes=\"auto, (max-width: 768px) 100vw, 768px\" \/><\/figure>\n\n\n\n<figure class=\"wp-block-image size-large\"><img loading=\"lazy\" decoding=\"async\" width=\"768\" height=\"1024\" data-id=\"1331\" src=\"https:\/\/andamios-tendo.com\/wp-content\/uploads\/sites\/2\/2022\/09\/IMGP2391-768x1024.jpg\" alt=\"\" class=\"wp-image-1331\" srcset=\"https:\/\/andamios-tendo.com\/wp-content\/uploads\/sites\/2\/2022\/09\/IMGP2391-768x1024.jpg 768w, https:\/\/andamios-tendo.com\/wp-content\/uploads\/sites\/2\/2022\/09\/IMGP2391-225x300.jpg 225w, https:\/\/andamios-tendo.com\/wp-content\/uploads\/sites\/2\/2022\/09\/IMGP2391-1152x1536.jpg 1152w, https:\/\/andamios-tendo.com\/wp-content\/uploads\/sites\/2\/2022\/09\/IMGP2391-600x800.jpg 600w, https:\/\/andamios-tendo.com\/wp-content\/uploads\/sites\/2\/2022\/09\/IMGP2391.jpg 1200w\" sizes=\"auto, (max-width: 768px) 100vw, 768px\" \/><\/figure>\n<\/figure>\n<\/div>\n\n\n\n<div class=\"wp-block-column is-vertically-aligned-center is-layout-flow wp-block-column-is-layout-flow\">\n<h2 class=\"has-medium-font-size wp-block-heading\" id=\"construction-et-renovation\"><strong>Neubau und Renovierung<\/strong><\/h2>\n\n\n\n<p>Haben Sie Neubau- und Renovierungsprojekte? Ganz gleich, ob es sich um Maurerarbeiten, Fassadenrenovierungen, Tischlerei- oder sonstige Arbeiten handelt, wir tun alles, um Ihnen eine ma\u00dfgeschneiderte L\u00f6sung zu bieten, die den geltenden Normen entspricht.<\/p>\n<\/div>\n<\/div>\n\n\n\n<p><\/p>\n\n\n\n<div class=\"wp-block-columns is-layout-flex wp-container-core-columns-is-layout-9d6595d7 wp-block-columns-is-layout-flex\">\n<div class=\"wp-block-column is-vertically-aligned-center is-layout-flow wp-block-column-is-layout-flow\">\n<h2 class=\"has-medium-font-size wp-block-heading\" id=\"industrie\">Industrie<\/h2>\n\n\n\n<p>Unsere Ger\u00fcste k\u00f6nnen f\u00fcr industrielle Anwendungen im Innen- und Au\u00dfenbereich in Branchen wie der Chemie-, Metall-, Lebensmittel-, Schiffs-, Energie- oder \u00d6lindustrie verwendet werden. Unser Team spezialisierter Ingenieure wird Sie bei der Planung Ihres Projekts begleiten und sich bem\u00fchen, Ihren Anforderungen gerecht zu werden: j\u00e4hrliche Wartung, regelm\u00e4\u00dfige Besuche, Reparaturen, etc.<\/p>\n<\/div>\n\n\n\n<div class=\"wp-block-column is-layout-flow wp-block-column-is-layout-flow\">\n<figure class=\"wp-block-image is-style-mycms-bg-blue mycms-img-bg aligncenter size-full \"><img loading=\"lazy\" decoding=\"async\" width=\"629\" height=\"472\" src=\"https:\/\/andamios-tendo.com\/wp-content\/uploads\/sites\/2\/2022\/09\/Image7.jpg\" alt=\"\" class=\"wp-image-566\" srcset=\"https:\/\/andamios-tendo.com\/wp-content\/uploads\/sites\/2\/2022\/09\/Image7.jpg 629w, https:\/\/andamios-tendo.com\/wp-content\/uploads\/sites\/2\/2022\/09\/Image7-300x225.jpg 300w, https:\/\/andamios-tendo.com\/wp-content\/uploads\/sites\/2\/2022\/09\/Image7-395x295.jpg 395w, https:\/\/andamios-tendo.com\/wp-content\/uploads\/sites\/2\/2022\/09\/Image7-600x450.jpg 600w\" sizes=\"auto, (max-width: 629px) 100vw, 629px\" \/><\/figure>\n<\/div>\n<\/div>\n","protected":false},"excerpt":{"rendered":"<p>Neubau und Renovierung Haben Sie Neubau- und Renovierungsprojekte? Ganz gleich, ob es sich um Maurerarbeiten, Fassadenrenovierungen, Tischlerei- oder sonstige Arbeiten handelt, wir tun alles, um Ihnen eine ma\u00dfgeschneiderte L\u00f6sung zu bieten, die den geltenden Normen entspricht. Industrie Unsere Ger\u00fcste k\u00f6nnen f\u00fcr industrielle Anwendungen im Innen- und Au\u00dfenbereich in Branchen wie der Chemie-, Metall-, Lebensmittel-, Schiffs-, [&hellip;]<\/p>\n","protected":false},"author":8,"featured_media":0,"parent":0,"menu_order":0,"comment_status":"closed","ping_status":"closed","template":"","meta":{"_acf_changed":false,"footnotes":""},"class_list":["post-784","page","type-page","status-publish","hentry"],"acf":[],"yoast_head":"<!-- This site is optimized with the Yoast SEO plugin v27.4 - https:\/\/yoast.com\/product\/yoast-seo-wordpress\/ -->\n<title>Unsere Realisierungen - Tendo<\/title>\n<meta name=\"robots\" content=\"index, follow, max-snippet:-1, max-image-preview:large, max-video-preview:-1\" \/>\n<link rel=\"canonical\" href=\"https:\/\/andamios-tendo.com\/de\/unsere-realisierungen\/\" \/>\n<meta property=\"og:locale\" content=\"de_DE\" \/>\n<meta property=\"og:type\" content=\"article\" \/>\n<meta property=\"og:title\" content=\"Unsere Realisierungen - Tendo\" \/>\n<meta property=\"og:description\" content=\"Neubau und Renovierung Haben Sie Neubau- und Renovierungsprojekte? Ganz gleich, ob es sich um Maurerarbeiten, Fassadenrenovierungen, Tischlerei- oder sonstige Arbeiten handelt, wir tun alles, um Ihnen eine ma\u00dfgeschneiderte L\u00f6sung zu bieten, die den geltenden Normen entspricht. Industrie Unsere Ger\u00fcste k\u00f6nnen f\u00fcr industrielle Anwendungen im Innen- und Au\u00dfenbereich in Branchen wie der Chemie-, Metall-, Lebensmittel-, Schiffs-, [&hellip;]\" \/>\n<meta property=\"og:url\" content=\"https:\/\/andamios-tendo.com\/de\/unsere-realisierungen\/\" \/>\n<meta property=\"og:site_name\" content=\"Tendo\" \/>\n<meta property=\"article:modified_time\" content=\"2022-11-09T08:32:58+00:00\" \/>\n<meta property=\"og:image\" content=\"https:\/\/andamios-tendo.com\/wp-content\/uploads\/sites\/2\/2022\/09\/chantiers-1-1024x294.jpg\" \/>\n<meta name=\"twitter:card\" content=\"summary_large_image\" \/>\n<meta name=\"twitter:label1\" content=\"Gesch\u00e4tzte Lesezeit\" \/>\n\t<meta name=\"twitter:data1\" content=\"3\u00a0Minuten\" \/>\n<script type=\"application\/ld+json\" class=\"yoast-schema-graph\">{\"@context\":\"https:\\\/\\\/schema.org\",\"@graph\":[{\"@type\":\"WebPage\",\"@id\":\"https:\\\/\\\/andamios-tendo.com\\\/de\\\/unsere-realisierungen\\\/\",\"url\":\"https:\\\/\\\/andamios-tendo.com\\\/de\\\/unsere-realisierungen\\\/\",\"name\":\"Unsere Realisierungen - Tendo\",\"isPartOf\":{\"@id\":\"https:\\\/\\\/andamios-tendo.com\\\/de\\\/#website\"},\"primaryImageOfPage\":{\"@id\":\"https:\\\/\\\/andamios-tendo.com\\\/de\\\/unsere-realisierungen\\\/#primaryimage\"},\"image\":{\"@id\":\"https:\\\/\\\/andamios-tendo.com\\\/de\\\/unsere-realisierungen\\\/#primaryimage\"},\"thumbnailUrl\":\"https:\\\/\\\/andamios-tendo.com\\\/wp-content\\\/uploads\\\/sites\\\/2\\\/2022\\\/09\\\/chantiers-1-1024x294.jpg\",\"datePublished\":\"2022-09-26T07:55:27+00:00\",\"dateModified\":\"2022-11-09T08:32:58+00:00\",\"breadcrumb\":{\"@id\":\"https:\\\/\\\/andamios-tendo.com\\\/de\\\/unsere-realisierungen\\\/#breadcrumb\"},\"inLanguage\":\"de\",\"potentialAction\":[{\"@type\":\"ReadAction\",\"target\":[\"https:\\\/\\\/andamios-tendo.com\\\/de\\\/unsere-realisierungen\\\/\"]}]},{\"@type\":\"ImageObject\",\"inLanguage\":\"de\",\"@id\":\"https:\\\/\\\/andamios-tendo.com\\\/de\\\/unsere-realisierungen\\\/#primaryimage\",\"url\":\"https:\\\/\\\/andamios-tendo.com\\\/wp-content\\\/uploads\\\/sites\\\/2\\\/2022\\\/09\\\/chantiers-1-1024x294.jpg\",\"contentUrl\":\"https:\\\/\\\/andamios-tendo.com\\\/wp-content\\\/uploads\\\/sites\\\/2\\\/2022\\\/09\\\/chantiers-1-1024x294.jpg\"},{\"@type\":\"BreadcrumbList\",\"@id\":\"https:\\\/\\\/andamios-tendo.com\\\/de\\\/unsere-realisierungen\\\/#breadcrumb\",\"itemListElement\":[{\"@type\":\"ListItem\",\"position\":1,\"name\":\"Tendo\",\"item\":\"https:\\\/\\\/andamios-tendo.com\\\/de\\\/\"},{\"@type\":\"ListItem\",\"position\":2,\"name\":\"Unsere Realisierungen\"}]},{\"@type\":\"WebSite\",\"@id\":\"https:\\\/\\\/andamios-tendo.com\\\/de\\\/#website\",\"url\":\"https:\\\/\\\/andamios-tendo.com\\\/de\\\/\",\"name\":\"Tendo\",\"description\":\"Une entreprise du groupe Fr\u00e9n\u00e9hard &amp; Michaux\",\"publisher\":{\"@id\":\"https:\\\/\\\/andamios-tendo.com\\\/de\\\/#organization\"},\"potentialAction\":[{\"@type\":\"SearchAction\",\"target\":{\"@type\":\"EntryPoint\",\"urlTemplate\":\"https:\\\/\\\/andamios-tendo.com\\\/de\\\/?s={search_term_string}\"},\"query-input\":{\"@type\":\"PropertyValueSpecification\",\"valueRequired\":true,\"valueName\":\"search_term_string\"}}],\"inLanguage\":\"de\"},{\"@type\":\"Organization\",\"@id\":\"https:\\\/\\\/andamios-tendo.com\\\/de\\\/#organization\",\"name\":\"Tendo\",\"url\":\"https:\\\/\\\/andamios-tendo.com\\\/de\\\/\",\"logo\":{\"@type\":\"ImageObject\",\"inLanguage\":\"de\",\"@id\":\"https:\\\/\\\/andamios-tendo.com\\\/de\\\/#\\\/schema\\\/logo\\\/image\\\/\",\"url\":\"https:\\\/\\\/andamios-tendo.com\\\/wp-content\\\/uploads\\\/sites\\\/2\\\/2022\\\/07\\\/logo_tendo-s.png\",\"contentUrl\":\"https:\\\/\\\/andamios-tendo.com\\\/wp-content\\\/uploads\\\/sites\\\/2\\\/2022\\\/07\\\/logo_tendo-s.png\",\"width\":153,\"height\":30,\"caption\":\"Tendo\"},\"image\":{\"@id\":\"https:\\\/\\\/andamios-tendo.com\\\/de\\\/#\\\/schema\\\/logo\\\/image\\\/\"}}]}<\/script>\n<!-- \/ Yoast SEO plugin. -->","yoast_head_json":{"title":"Unsere Realisierungen - Tendo","robots":{"index":"index","follow":"follow","max-snippet":"max-snippet:-1","max-image-preview":"max-image-preview:large","max-video-preview":"max-video-preview:-1"},"canonical":"https:\/\/andamios-tendo.com\/de\/unsere-realisierungen\/","og_locale":"de_DE","og_type":"article","og_title":"Unsere Realisierungen - Tendo","og_description":"Neubau und Renovierung Haben Sie Neubau- und Renovierungsprojekte? Ganz gleich, ob es sich um Maurerarbeiten, Fassadenrenovierungen, Tischlerei- oder sonstige Arbeiten handelt, wir tun alles, um Ihnen eine ma\u00dfgeschneiderte L\u00f6sung zu bieten, die den geltenden Normen entspricht. Industrie Unsere Ger\u00fcste k\u00f6nnen f\u00fcr industrielle Anwendungen im Innen- und Au\u00dfenbereich in Branchen wie der Chemie-, Metall-, Lebensmittel-, Schiffs-, [&hellip;]","og_url":"https:\/\/andamios-tendo.com\/de\/unsere-realisierungen\/","og_site_name":"Tendo","article_modified_time":"2022-11-09T08:32:58+00:00","og_image":[{"url":"https:\/\/andamios-tendo.com\/wp-content\/uploads\/sites\/2\/2022\/09\/chantiers-1-1024x294.jpg","type":"","width":"","height":""}],"twitter_card":"summary_large_image","twitter_misc":{"Gesch\u00e4tzte Lesezeit":"3\u00a0Minuten"},"schema":{"@context":"https:\/\/schema.org","@graph":[{"@type":"WebPage","@id":"https:\/\/andamios-tendo.com\/de\/unsere-realisierungen\/","url":"https:\/\/andamios-tendo.com\/de\/unsere-realisierungen\/","name":"Unsere Realisierungen - Tendo","isPartOf":{"@id":"https:\/\/andamios-tendo.com\/de\/#website"},"primaryImageOfPage":{"@id":"https:\/\/andamios-tendo.com\/de\/unsere-realisierungen\/#primaryimage"},"image":{"@id":"https:\/\/andamios-tendo.com\/de\/unsere-realisierungen\/#primaryimage"},"thumbnailUrl":"https:\/\/andamios-tendo.com\/wp-content\/uploads\/sites\/2\/2022\/09\/chantiers-1-1024x294.jpg","datePublished":"2022-09-26T07:55:27+00:00","dateModified":"2022-11-09T08:32:58+00:00","breadcrumb":{"@id":"https:\/\/andamios-tendo.com\/de\/unsere-realisierungen\/#breadcrumb"},"inLanguage":"de","potentialAction":[{"@type":"ReadAction","target":["https:\/\/andamios-tendo.com\/de\/unsere-realisierungen\/"]}]},{"@type":"ImageObject","inLanguage":"de","@id":"https:\/\/andamios-tendo.com\/de\/unsere-realisierungen\/#primaryimage","url":"https:\/\/andamios-tendo.com\/wp-content\/uploads\/sites\/2\/2022\/09\/chantiers-1-1024x294.jpg","contentUrl":"https:\/\/andamios-tendo.com\/wp-content\/uploads\/sites\/2\/2022\/09\/chantiers-1-1024x294.jpg"},{"@type":"BreadcrumbList","@id":"https:\/\/andamios-tendo.com\/de\/unsere-realisierungen\/#breadcrumb","itemListElement":[{"@type":"ListItem","position":1,"name":"Tendo","item":"https:\/\/andamios-tendo.com\/de\/"},{"@type":"ListItem","position":2,"name":"Unsere Realisierungen"}]},{"@type":"WebSite","@id":"https:\/\/andamios-tendo.com\/de\/#website","url":"https:\/\/andamios-tendo.com\/de\/","name":"Tendo","description":"Une entreprise du groupe Fr\u00e9n\u00e9hard &amp; Michaux","publisher":{"@id":"https:\/\/andamios-tendo.com\/de\/#organization"},"potentialAction":[{"@type":"SearchAction","target":{"@type":"EntryPoint","urlTemplate":"https:\/\/andamios-tendo.com\/de\/?s={search_term_string}"},"query-input":{"@type":"PropertyValueSpecification","valueRequired":true,"valueName":"search_term_string"}}],"inLanguage":"de"},{"@type":"Organization","@id":"https:\/\/andamios-tendo.com\/de\/#organization","name":"Tendo","url":"https:\/\/andamios-tendo.com\/de\/","logo":{"@type":"ImageObject","inLanguage":"de","@id":"https:\/\/andamios-tendo.com\/de\/#\/schema\/logo\/image\/","url":"https:\/\/andamios-tendo.com\/wp-content\/uploads\/sites\/2\/2022\/07\/logo_tendo-s.png","contentUrl":"https:\/\/andamios-tendo.com\/wp-content\/uploads\/sites\/2\/2022\/07\/logo_tendo-s.png","width":153,"height":30,"caption":"Tendo"},"image":{"@id":"https:\/\/andamios-tendo.com\/de\/#\/schema\/logo\/image\/"}}]}},"_links":{"self":[{"href":"https:\/\/andamios-tendo.com\/de\/wp-json\/wp\/v2\/pages\/784","targetHints":{"allow":["GET"]}}],"collection":[{"href":"https:\/\/andamios-tendo.com\/de\/wp-json\/wp\/v2\/pages"}],"about":[{"href":"https:\/\/andamios-tendo.com\/de\/wp-json\/wp\/v2\/types\/page"}],"author":[{"embeddable":true,"href":"https:\/\/andamios-tendo.com\/de\/wp-json\/wp\/v2\/users\/8"}],"replies":[{"embeddable":true,"href":"https:\/\/andamios-tendo.com\/de\/wp-json\/wp\/v2\/comments?post=784"}],"version-history":[{"count":3,"href":"https:\/\/andamios-tendo.com\/de\/wp-json\/wp\/v2\/pages\/784\/revisions"}],"predecessor-version":[{"id":1670,"href":"https:\/\/andamios-tendo.com\/de\/wp-json\/wp\/v2\/pages\/784\/revisions\/1670"}],"wp:attachment":[{"href":"https:\/\/andamios-tendo.com\/de\/wp-json\/wp\/v2\/media?parent=784"}],"curies":[{"name":"wp","href":"https:\/\/api.w.org\/{rel}","templated":true}]}}