{"id":887,"date":"2022-09-27T14:12:46","date_gmt":"2022-09-27T12:12:46","guid":{"rendered":"https:\/\/andamios-tendo.com\/politique-de-confidentialite-du-site-andamios-tendo-com\/"},"modified":"2022-10-11T13:38:23","modified_gmt":"2022-10-11T11:38:23","slug":"datenschutzerklaerung-andamios-tendo-com","status":"publish","type":"page","link":"https:\/\/andamios-tendo.com\/de\/datenschutzerklaerung-andamios-tendo-com\/","title":{"rendered":"DATENSCHUTZERKL\u00c4RUNG"},"content":{"rendered":"\n<p>Das Unternehmen Tendobi (nachstehend \u201e<strong>Wir<\/strong>\u201c) legt gr\u00f6\u00dften Wert auf den Schutz der personenbezogenen Daten der Benutzer seiner Website (https:\/\/www.andamios-tendo.com) (nachstehend gemeinschaftlich \u201e<strong>Sie<\/strong>\u201c).<\/p>\n\n\n\n<p>Wir haben diese Datenschutzerkl\u00e4rung verfasst, um Sie umfassend und transparent dar\u00fcber zu informieren, wie wir Ihre personenbezogenen Daten verwenden und welche Rechte Sie aus\u00fcben k\u00f6nnen.<\/p>\n\n\n\n<p>Wir sammeln Ihre personenbezogenen Daten auf faire, rechtm\u00e4\u00dfige und transparente Weise, und Ihre so erfassten Daten stehen in einem angemessenen Verh\u00e4ltnis zu den Zwecken unserer Verarbeitung.<\/p>\n\n\n\n<ol class=\"wp-block-list\" type=\"1\"><li><strong>BEGRIFFSBESTIMMUNGEN<\/strong><\/li><\/ol>\n\n\n\n<ul class=\"wp-block-list\"><li><strong>Personenbezogene Daten:<\/strong> Personenbezogene Daten sind Informationen, anhand derer Sie als Person direkt oder indirekt identifiziert werden k\u00f6nnen. Dazu geh\u00f6ren Ihr Vor- und Nachname, Ihre Post- und E-Mail-Adresse sowie Ihre Navigationsdaten.<\/li><li><strong>Verantwortlicher f\u00fcr die Datenverarbeitung:<\/strong> Ein f\u00fcr die Verarbeitung Verantwortlicher ist die Person oder Organisation, die entscheidet, ob Ihre personenbezogenen Daten verarbeitet werden, und die festlegt, warum und wie sie verwendet werden.<\/li><li><strong>Zweck:<\/strong> Der Zweck ist der wichtigste Gegenstand der Verwendung Ihrer Daten.<\/li><li><strong>Rechtsgrundlage:<\/strong> Dabei handelt es sich um die Grundlage, auf der die Verwendung Ihrer Daten beruht, damit sie rechtm\u00e4\u00dfig ist.<\/li><li><strong>Aufbewahrungsdauer:<\/strong> Dies ist der Zeitraum, in dem wir Ihre Daten in Bezug auf den angestrebten Zweck verwenden m\u00fcssen, es sei denn, wir sind gesetzlich dazu berechtigt oder verpflichtet, Ihre Daten l\u00e4nger aufzubewahren.<\/li><\/ul>\n\n\n\n<ul class=\"wp-block-list\"><li><strong>WER IST F\u00dcR DIE VERARBEITUNG VERANTWORTLICH?<\/strong><\/li><\/ul>\n\n\n\n<p>Tendo ist der Verantwortliche f\u00fcr die Verarbeitung Ihrer pers\u00f6nlichen Daten, die auf der Website erfasst werden.<\/p>\n\n\n\n<ul class=\"wp-block-list\"><li><strong>WOZU VERWENDEN WIR IHRE DATEN, UND WIE LANGE BEWAHREN WIR SIE AUF?<\/strong><\/li><\/ul>\n\n\n\n<p>F\u00fcr eine vereinfachte Beschreibung der von uns durchgef\u00fchrten Datenverarbeitung legen wir in der folgenden Tabelle dar, warum wir Ihre Daten verarbeiten (Zweck), worauf wir die Verarbeitung begr\u00fcnden (Rechtsgrundlagen) und wie lange wir sie verwenden (Aufbewahrungsdauer).<\/p>\n\n\n\n<figure class=\"wp-block-table\"><table><tbody><tr><td><strong>Zweck<\/strong><strong><\/strong><\/td><td><strong>Rechtsgrundlagen<\/strong><strong><\/strong><\/td><td><strong>Aufbewahrungsdauer<\/strong><strong><\/strong><\/td><\/tr><tr><td><\/td><td><\/td><td><\/td><\/tr><tr><td><\/td><td><\/td><td><\/td><\/tr><tr><td>Verwaltung Ihrer Angebotsanfragen<\/td><td>Vertrag<\/td><td>Keine Aufbewahrung<\/td><\/tr><tr><td>Versenden von Gesch\u00e4ftsangeboten per E-Mail, sofern Sie sich nicht gegen den Erhalt dieser Angebote aussprechen<br>(Auswahlk\u00e4stchen \u201eIch stimme zu, Angebote von Tendo zu erhalten\u201c)<\/td><td>Unser berechtigtes Interesse, Ihnen Empfehlungen zu Produkten zukommen zu lassen, die f\u00fcr Sie von Interesse sein k\u00f6nnten. &nbsp;<\/td><td>F\u00fcr einen Zeitraum von 3 Jahren ab unserem letzten Kontakt mit Ihnen oder bis Sie den Erhalt dieser Angebote ablehnen.<\/td><\/tr><tr><td>Beantwortung Ihrer Fragen<\/td><td>Unser berechtigtes Interesse, auf Ihre Anfragen einzugehen.<\/td><td>Ben\u00f6tigte Zeit f\u00fcr die Bearbeitung Ihrer Anfragen<\/td><\/tr><tr><td>Verwaltung der Website durch die Einrichtung von Cookies<\/td><td>Unser berechtigtes Interesse, den Betrieb unserer Website zu gew\u00e4hrleisten, die Besucherzahlen zu messen, die Relevanz der Inhalte zu ermitteln und die Website ansprechender zu gestalten.<\/td><td>Ihre Daten werden f\u00fcr einen Zeitraum von h\u00f6chstens 13 Monaten aufbewahrt.<\/td><\/tr><\/tbody><\/table><\/figure>\n\n\n\n<ul class=\"wp-block-list\"><li><strong>WELCHE PERSONENBEZOGENEN DATEN WERDEN VON UNS ERHOBEN?<\/strong><\/li><\/ul>\n\n\n\n<p>Zu Zwecken der oben beschriebenen Verarbeitung sammeln wir folgende Daten:<\/p>\n\n\n\n<ul class=\"wp-block-list\"><li>Ihren Namen,<\/li><li>Ihren Vornamen,<\/li><li>Ihre gesch\u00e4ftliche E-Mail-Adresse,<\/li><li>Ihre gesch\u00e4ftliche Telefonnummer.<\/li><\/ul>\n\n\n\n<p>Gegebenenfalls sammeln wir auch personenbezogene Daten, die Sie bei der Registrierung Ihrer PSA in das freie Kommentarfeld oder bei der Kontaktaufnahme mit uns in das Nachrichtenfeld eintragen k\u00f6nnen. Wir bitten Sie in diesem Zusammenhang, in diesen Feldern ausschlie\u00dflich neutrale und objektive Kommentare einzugeben und die personenbezogenen Daten, die Sie uns gegebenenfalls \u00fcbermitteln, auf das absolut Notwendige zu beschr\u00e4nken.<\/p>\n\n\n\n<p>Wenn Sie der Hinterlegung von Cookies zugestimmt haben, k\u00f6nnen wir auch Daten \u00fcber Ihr Navigationsverhalten auf den Seiten der Website und Ihre IP-Adresse erfassen. Wir f\u00fchren Publikumsmessungen durch, um Statistiken \u00fcber die Nutzung der Website zu erstellen und die Wirksamkeit von Werbekampagnen zu analysieren. Weitere Informationen \u00fcber die Zwecke der verwendeten Cookies, ihre Urheber und die Ihnen zur Verf\u00fcgung stehenden Mittel, um dem Einsatz von Cookies zu widersprechen, finden Sie unter folgender URL: <a href=\"http:\/\/www.axeptio.com\">www.axeptio.com<\/a><\/p>\n\n\n\n<ul class=\"wp-block-list\"><li><strong>AN WEN GEBEN WIR IHRE DATEN WEITER?<\/strong><\/li><\/ul>\n\n\n\n<p>Ihre personenbezogenen Daten werden innerhalb unserer Abteilungen nur an die Personen weitergegeben, die zur Verarbeitung der Daten befugt sind, insbesondere an die Mitarbeiter unserer Vertriebsabteilung.<\/p>\n\n\n\n<p>Au\u00dferdem werden sie an unsere Auftragnehmer weitergegeben, die in unserem Namen und auf unsere Rechnung handeln, z. B. an Dienstleister, die wir mit der Verwaltung unserer Website und dem Hosting unserer Daten beauftragt haben. Ihre Daten k\u00f6nnen auch an unsere Partnerunternehmen, die der Gruppe Fr\u00e9n\u00e9hard &amp; Michaux angeh\u00f6ren, weitergegeben werden, um auf Ihre Anfrage hin bestimmte Leistungen zu erbringen. Beispielsweise k\u00f6nnen Ihre Daten an die Firma Gamesystem weitergeleitet werden, um Angebote f\u00fcr die Inspektion Ihrer PSA zu erstellen. Wir vergewissern uns, dass diese Unternehmen die notwendigen Garantien f\u00fcr die Einhaltung der Sicherheit und Vertraulichkeit Ihrer Daten bieten.&nbsp;<\/p>\n\n\n\n<p>Aufgrund einer gesetzlichen Verpflichtung k\u00f6nnen wir Ihre personenbezogenen Daten auch an eine Verwaltungsbeh\u00f6rde oder eine befugte \u00f6ffentliche Einrichtung (z. B. Sozialversicherung, Steuerbeh\u00f6rde oder andere) \u00fcbermitteln.<\/p>\n\n\n\n<ul class=\"wp-block-list\"><li><strong>WERDEN IHRE DATEN AN EMPF\u00c4NGER AUSSERHALB DER EUROP\u00c4ISCHEN UNION WEITERGELEITET?<\/strong><\/li><\/ul>\n\n\n\n<p>Wir verarbeiten personenbezogene Daten haupts\u00e4chlich in Europa.<\/p>\n\n\n\n<p>Es kann jedoch vorkommen, dass personenbezogene Daten in ein Land au\u00dferhalb der Europ\u00e4ischen Union \u00fcbermittelt werden. F\u00fcr den Fall, dass diese \u00dcbermittlung in ein Land erfolgt, dessen Datenschutzniveau von den europ\u00e4ischen Beh\u00f6rden nicht als angemessen betrachtet wird, verpflichten wir uns, die betreffende \u00dcbermittlung durch angemessene Garantien gem\u00e4\u00df der geltenden Gesetzgebung abzusichern.<\/p>\n\n\n\n<p>Beispielsweise stellen wir sicher, dass die Empf\u00e4ngerunternehmen Ihrer Daten Verarbeitungsvertr\u00e4ge auf der Grundlage der geltenden Standardvertragsklauseln der Europ\u00e4ischen Kommission abschlie\u00dfen, die durch zus\u00e4tzliche Ma\u00dfnahmen erg\u00e4nzt werden k\u00f6nnen, oder dass sie sich einem Verhaltenskodex oder einem Zertifizierungsmechanismus angeschlossen haben.<\/p>\n\n\n\n<p>Wenn Sie weitere Ausk\u00fcnfte \u00fcber die eingerichteten Garantien w\u00fcnschen, senden Sie uns eine E-Mail an die im nachstehenden Abschnitt 7 \u2013 <em>Welche Rechte haben Sie bez\u00fcglich Ihrer personenbezogenen Daten?<\/em> angegebene Adresse.<\/p>\n\n\n\n<ul class=\"wp-block-list\"><li><strong>WELCHE RECHTE HABEN SIE BEZ\u00dcGLICH IHRER PERSONENBEZOGENEN DATEN?<\/strong><\/li><\/ul>\n\n\n\n<p>Gem\u00e4\u00df den geltenden Vorschriften verf\u00fcgen Sie \u00fcber folgende Rechte:<\/p>\n\n\n\n<ul class=\"wp-block-list\"><li>Sie sind berechtigt, von dem f\u00fcr die Verarbeitung Verantwortlichen <strong>Zugang<\/strong> zu Ihren personenbezogenen Daten zu verlangen,<\/li><li>Sie haben das Recht, die <strong>Berichtigung<\/strong> oder <strong>L\u00f6schung<\/strong> der Sie betreffenden Daten zu verlangen,<\/li><li>Sie sind gegebenenfalls berechtigt, eine <strong>Einschr\u00e4nkung der Bearbeitung Ihrer Daten<\/strong> anzufordern,<\/li><li>Sie haben das Recht, <strong>sich der Verarbeitung zu widersetzen<\/strong>. Setzt die Datenverarbeitung Ihre Einwilligung voraus, sind Sie berechtigt, diese jederzeit zu widerrufen.<\/li><li>Unter bestimmten Umst\u00e4nden haben Sie das <strong>Recht auf \u00dcbertragbarkeit Ihrer personenbezogenen Daten<\/strong>.<\/li><\/ul>\n\n\n\n<p>Das Recht auf \u00dcbertragbarkeit erm\u00f6glicht es Ihnen, wenn die Verarbeitung Ihrer Daten auf Ihrer Einwilligung oder auf einem Vertrag beruht und mithilfe automatisierter Verfahren erfolgt, von uns zu verlangen, dass wir Ihnen Ihre Daten in einem strukturierten, g\u00e4ngigen und maschinenlesbaren Format zur Verf\u00fcgung stellen. Die auf diese Weise erhaltenen personenbezogenen Daten k\u00f6nnen anschlie\u00dfend an einen anderen f\u00fcr die Verarbeitung Verantwortlichen \u00fcbermittelt werden, ohne dass wir dies ablehnen k\u00f6nnen.&nbsp;<\/p>\n\n\n\n<p>Dar\u00fcber hinaus sind Sie berechtigt, <strong>allgemeine oder besondere Anweisungen f\u00fcr den Verbleib Ihrer personenbezogenen Daten nach Ihrem Ableben festzulegen<\/strong>. Allgemeine Anweisungen k\u00f6nnen bei einem von der franz\u00f6sischen Datenschutzbeh\u00f6rde CNIL zertifizierten vertrauensw\u00fcrdigen Dritten registriert werden, w\u00e4hrend besondere Anweisungen an den f\u00fcr die jeweilige Verarbeitung Verantwortlichen zu richten sind.&nbsp;<\/p>\n\n\n\n<p>Sie k\u00f6nnen Ihre Rechte aus\u00fcben, indem Sie uns per E-Mail an <a href=\"mailto:communication@tubesca-comabi.com\">communication@andamios-tendo<\/a> oder per Post unter der folgenden Adresse kontaktieren:<\/p>\n\n\n\n<p>TENDO SL<\/p>\n\n\n\n<p>POL\u00cdGONO INDUSTRIAL, C\/ LA RIOJA \u2013 PARCELA 89\/1-2-3.TARAZONA50-ZARAGOZA<\/p>\n\n\n\n<p>N\u00e4here Angaben zu Ihren Rechten finden Sie auf der Website der CNIL (in franz\u00f6sischer Sprache): <a href=\"https:\/\/www.cnil.fr\/fr\/les-droits-pour-maitriser-vos-donnees-personnelles\">https:\/\/www.cnil.fr\/fr\/les-droits-pour-maitriser-vos-donnees-personnelles<\/a><\/p>\n\n\n\n<p>Falls Sie der Ansicht sind, dass wir unsere Verpflichtungen oder Ihre Rechte in Bezug auf Ihre personenbezogenen Daten nicht einhalten, k\u00f6nnen Sie gem\u00e4\u00df den geltenden Vorschriften eine Beschwerde bei der <a href=\"https:\/\/www.cnil.fr\/\">CNIL<\/a> einreichen.<strong><br><\/strong><\/p>\n\n\n\n<ul class=\"wp-block-list\"><li><strong>\u00c4NDERUNG DER DATENSCHUTZERKL\u00c4RUNG<\/strong><\/li><\/ul>\n\n\n\n<p>Die vorliegende Datenschutzerkl\u00e4rung kann jederzeit ge\u00e4ndert oder erg\u00e4nzt werden, um insbesondere gesetzlichen, regulatorischen, rechtlichen oder technologischen Entwicklungen nachzukommen.<\/p>\n\n\n\n<p>Zuletzt aktualisiert am: 26.09.2022<\/p>\n","protected":false},"excerpt":{"rendered":"<p>Das Unternehmen Tendobi (nachstehend \u201eWir\u201c) legt gr\u00f6\u00dften Wert auf den Schutz der personenbezogenen Daten der Benutzer seiner Website (https:\/\/www.andamios-tendo.com) (nachstehend gemeinschaftlich \u201eSie\u201c). Wir haben diese Datenschutzerkl\u00e4rung verfasst, um Sie umfassend und transparent dar\u00fcber zu informieren, wie wir Ihre personenbezogenen Daten verwenden und welche Rechte Sie aus\u00fcben k\u00f6nnen. Wir sammeln Ihre personenbezogenen Daten auf faire, rechtm\u00e4\u00dfige [&hellip;]<\/p>\n","protected":false},"author":8,"featured_media":0,"parent":0,"menu_order":0,"comment_status":"closed","ping_status":"closed","template":"","meta":{"_acf_changed":false,"footnotes":""},"class_list":["post-887","page","type-page","status-publish","hentry"],"acf":[],"yoast_head":"<!-- This site is optimized with the Yoast SEO plugin v27.3 - https:\/\/yoast.com\/product\/yoast-seo-wordpress\/ -->\n<title>DATENSCHUTZERKL\u00c4RUNG - Tendo<\/title>\n<meta name=\"robots\" content=\"index, follow, max-snippet:-1, max-image-preview:large, max-video-preview:-1\" \/>\n<link rel=\"canonical\" href=\"https:\/\/andamios-tendo.com\/de\/datenschutzerklaerung-andamios-tendo-com\/\" \/>\n<meta property=\"og:locale\" content=\"de_DE\" \/>\n<meta property=\"og:type\" content=\"article\" \/>\n<meta property=\"og:title\" content=\"DATENSCHUTZERKL\u00c4RUNG - Tendo\" \/>\n<meta property=\"og:description\" content=\"Das Unternehmen Tendobi (nachstehend \u201eWir\u201c) legt gr\u00f6\u00dften Wert auf den Schutz der personenbezogenen Daten der Benutzer seiner Website (https:\/\/www.andamios-tendo.com) (nachstehend gemeinschaftlich \u201eSie\u201c). Wir haben diese Datenschutzerkl\u00e4rung verfasst, um Sie umfassend und transparent dar\u00fcber zu informieren, wie wir Ihre personenbezogenen Daten verwenden und welche Rechte Sie aus\u00fcben k\u00f6nnen. Wir sammeln Ihre personenbezogenen Daten auf faire, rechtm\u00e4\u00dfige [&hellip;]\" \/>\n<meta property=\"og:url\" content=\"https:\/\/andamios-tendo.com\/de\/datenschutzerklaerung-andamios-tendo-com\/\" \/>\n<meta property=\"og:site_name\" content=\"Tendo\" \/>\n<meta property=\"article:modified_time\" content=\"2022-10-11T11:38:23+00:00\" \/>\n<meta name=\"twitter:card\" content=\"summary_large_image\" \/>\n<meta name=\"twitter:label1\" content=\"Gesch\u00e4tzte Lesezeit\" \/>\n\t<meta name=\"twitter:data1\" content=\"6\u00a0Minuten\" \/>\n<script type=\"application\/ld+json\" class=\"yoast-schema-graph\">{\"@context\":\"https:\\\/\\\/schema.org\",\"@graph\":[{\"@type\":\"WebPage\",\"@id\":\"https:\\\/\\\/andamios-tendo.com\\\/de\\\/datenschutzerklaerung-andamios-tendo-com\\\/\",\"url\":\"https:\\\/\\\/andamios-tendo.com\\\/de\\\/datenschutzerklaerung-andamios-tendo-com\\\/\",\"name\":\"DATENSCHUTZERKL\u00c4RUNG - Tendo\",\"isPartOf\":{\"@id\":\"https:\\\/\\\/andamios-tendo.com\\\/de\\\/#website\"},\"datePublished\":\"2022-09-27T12:12:46+00:00\",\"dateModified\":\"2022-10-11T11:38:23+00:00\",\"breadcrumb\":{\"@id\":\"https:\\\/\\\/andamios-tendo.com\\\/de\\\/datenschutzerklaerung-andamios-tendo-com\\\/#breadcrumb\"},\"inLanguage\":\"de\",\"potentialAction\":[{\"@type\":\"ReadAction\",\"target\":[\"https:\\\/\\\/andamios-tendo.com\\\/de\\\/datenschutzerklaerung-andamios-tendo-com\\\/\"]}]},{\"@type\":\"BreadcrumbList\",\"@id\":\"https:\\\/\\\/andamios-tendo.com\\\/de\\\/datenschutzerklaerung-andamios-tendo-com\\\/#breadcrumb\",\"itemListElement\":[{\"@type\":\"ListItem\",\"position\":1,\"name\":\"Tendo\",\"item\":\"https:\\\/\\\/andamios-tendo.com\\\/de\\\/\"},{\"@type\":\"ListItem\",\"position\":2,\"name\":\"DATENSCHUTZERKL\u00c4RUNG\"}]},{\"@type\":\"WebSite\",\"@id\":\"https:\\\/\\\/andamios-tendo.com\\\/de\\\/#website\",\"url\":\"https:\\\/\\\/andamios-tendo.com\\\/de\\\/\",\"name\":\"Tendo\",\"description\":\"Une entreprise du groupe Fr\u00e9n\u00e9hard &amp; Michaux\",\"publisher\":{\"@id\":\"https:\\\/\\\/andamios-tendo.com\\\/de\\\/#organization\"},\"potentialAction\":[{\"@type\":\"SearchAction\",\"target\":{\"@type\":\"EntryPoint\",\"urlTemplate\":\"https:\\\/\\\/andamios-tendo.com\\\/de\\\/?s={search_term_string}\"},\"query-input\":{\"@type\":\"PropertyValueSpecification\",\"valueRequired\":true,\"valueName\":\"search_term_string\"}}],\"inLanguage\":\"de\"},{\"@type\":\"Organization\",\"@id\":\"https:\\\/\\\/andamios-tendo.com\\\/de\\\/#organization\",\"name\":\"Tendo\",\"url\":\"https:\\\/\\\/andamios-tendo.com\\\/de\\\/\",\"logo\":{\"@type\":\"ImageObject\",\"inLanguage\":\"de\",\"@id\":\"https:\\\/\\\/andamios-tendo.com\\\/de\\\/#\\\/schema\\\/logo\\\/image\\\/\",\"url\":\"https:\\\/\\\/andamios-tendo.com\\\/wp-content\\\/uploads\\\/sites\\\/2\\\/2022\\\/07\\\/logo_tendo-s.png\",\"contentUrl\":\"https:\\\/\\\/andamios-tendo.com\\\/wp-content\\\/uploads\\\/sites\\\/2\\\/2022\\\/07\\\/logo_tendo-s.png\",\"width\":153,\"height\":30,\"caption\":\"Tendo\"},\"image\":{\"@id\":\"https:\\\/\\\/andamios-tendo.com\\\/de\\\/#\\\/schema\\\/logo\\\/image\\\/\"}}]}<\/script>\n<!-- \/ Yoast SEO plugin. -->","yoast_head_json":{"title":"DATENSCHUTZERKL\u00c4RUNG - Tendo","robots":{"index":"index","follow":"follow","max-snippet":"max-snippet:-1","max-image-preview":"max-image-preview:large","max-video-preview":"max-video-preview:-1"},"canonical":"https:\/\/andamios-tendo.com\/de\/datenschutzerklaerung-andamios-tendo-com\/","og_locale":"de_DE","og_type":"article","og_title":"DATENSCHUTZERKL\u00c4RUNG - Tendo","og_description":"Das Unternehmen Tendobi (nachstehend \u201eWir\u201c) legt gr\u00f6\u00dften Wert auf den Schutz der personenbezogenen Daten der Benutzer seiner Website (https:\/\/www.andamios-tendo.com) (nachstehend gemeinschaftlich \u201eSie\u201c). Wir haben diese Datenschutzerkl\u00e4rung verfasst, um Sie umfassend und transparent dar\u00fcber zu informieren, wie wir Ihre personenbezogenen Daten verwenden und welche Rechte Sie aus\u00fcben k\u00f6nnen. Wir sammeln Ihre personenbezogenen Daten auf faire, rechtm\u00e4\u00dfige [&hellip;]","og_url":"https:\/\/andamios-tendo.com\/de\/datenschutzerklaerung-andamios-tendo-com\/","og_site_name":"Tendo","article_modified_time":"2022-10-11T11:38:23+00:00","twitter_card":"summary_large_image","twitter_misc":{"Gesch\u00e4tzte Lesezeit":"6\u00a0Minuten"},"schema":{"@context":"https:\/\/schema.org","@graph":[{"@type":"WebPage","@id":"https:\/\/andamios-tendo.com\/de\/datenschutzerklaerung-andamios-tendo-com\/","url":"https:\/\/andamios-tendo.com\/de\/datenschutzerklaerung-andamios-tendo-com\/","name":"DATENSCHUTZERKL\u00c4RUNG - Tendo","isPartOf":{"@id":"https:\/\/andamios-tendo.com\/de\/#website"},"datePublished":"2022-09-27T12:12:46+00:00","dateModified":"2022-10-11T11:38:23+00:00","breadcrumb":{"@id":"https:\/\/andamios-tendo.com\/de\/datenschutzerklaerung-andamios-tendo-com\/#breadcrumb"},"inLanguage":"de","potentialAction":[{"@type":"ReadAction","target":["https:\/\/andamios-tendo.com\/de\/datenschutzerklaerung-andamios-tendo-com\/"]}]},{"@type":"BreadcrumbList","@id":"https:\/\/andamios-tendo.com\/de\/datenschutzerklaerung-andamios-tendo-com\/#breadcrumb","itemListElement":[{"@type":"ListItem","position":1,"name":"Tendo","item":"https:\/\/andamios-tendo.com\/de\/"},{"@type":"ListItem","position":2,"name":"DATENSCHUTZERKL\u00c4RUNG"}]},{"@type":"WebSite","@id":"https:\/\/andamios-tendo.com\/de\/#website","url":"https:\/\/andamios-tendo.com\/de\/","name":"Tendo","description":"Une entreprise du groupe Fr\u00e9n\u00e9hard &amp; Michaux","publisher":{"@id":"https:\/\/andamios-tendo.com\/de\/#organization"},"potentialAction":[{"@type":"SearchAction","target":{"@type":"EntryPoint","urlTemplate":"https:\/\/andamios-tendo.com\/de\/?s={search_term_string}"},"query-input":{"@type":"PropertyValueSpecification","valueRequired":true,"valueName":"search_term_string"}}],"inLanguage":"de"},{"@type":"Organization","@id":"https:\/\/andamios-tendo.com\/de\/#organization","name":"Tendo","url":"https:\/\/andamios-tendo.com\/de\/","logo":{"@type":"ImageObject","inLanguage":"de","@id":"https:\/\/andamios-tendo.com\/de\/#\/schema\/logo\/image\/","url":"https:\/\/andamios-tendo.com\/wp-content\/uploads\/sites\/2\/2022\/07\/logo_tendo-s.png","contentUrl":"https:\/\/andamios-tendo.com\/wp-content\/uploads\/sites\/2\/2022\/07\/logo_tendo-s.png","width":153,"height":30,"caption":"Tendo"},"image":{"@id":"https:\/\/andamios-tendo.com\/de\/#\/schema\/logo\/image\/"}}]}},"_links":{"self":[{"href":"https:\/\/andamios-tendo.com\/de\/wp-json\/wp\/v2\/pages\/887","targetHints":{"allow":["GET"]}}],"collection":[{"href":"https:\/\/andamios-tendo.com\/de\/wp-json\/wp\/v2\/pages"}],"about":[{"href":"https:\/\/andamios-tendo.com\/de\/wp-json\/wp\/v2\/types\/page"}],"author":[{"embeddable":true,"href":"https:\/\/andamios-tendo.com\/de\/wp-json\/wp\/v2\/users\/8"}],"replies":[{"embeddable":true,"href":"https:\/\/andamios-tendo.com\/de\/wp-json\/wp\/v2\/comments?post=887"}],"version-history":[{"count":2,"href":"https:\/\/andamios-tendo.com\/de\/wp-json\/wp\/v2\/pages\/887\/revisions"}],"predecessor-version":[{"id":1103,"href":"https:\/\/andamios-tendo.com\/de\/wp-json\/wp\/v2\/pages\/887\/revisions\/1103"}],"wp:attachment":[{"href":"https:\/\/andamios-tendo.com\/de\/wp-json\/wp\/v2\/media?parent=887"}],"curies":[{"name":"wp","href":"https:\/\/api.w.org\/{rel}","templated":true}]}}