{"id":2730,"date":"2022-11-21T16:26:10","date_gmt":"2022-11-21T15:26:10","guid":{"rendered":"https:\/\/andamios-tendo.com\/produit\/verstaerkte-riegel\/"},"modified":"2022-11-21T16:26:10","modified_gmt":"2022-11-21T15:26:10","slug":"verstarkte-riegel","status":"publish","type":"product","link":"https:\/\/andamios-tendo.com\/de\/produkt\/verstarkte-riegel\/","title":{"rendered":"VERST\u00c4RKTE RIEGEL"},"content":{"rendered":"","protected":false},"excerpt":{"rendered":"<p>Unsere Ger\u00fcstriegel sind in verschiedenen Abmessungen erh\u00e4ltlich und verf\u00fcgen an den Enden \u00fcber jeweils eine Klemmbacke zur Aufnahme eines Keils. Diese Elemente werden an den Ger\u00fcstst\u00e4ndern montiert. Die endg\u00fcltige Verbindung erfolgt durch das Einschlagen des Keils. Diese Riegel gew\u00e4hren die Aufnahme schwerer Lasten.<\/p>\n","protected":false},"featured_media":2725,"comment_status":"open","ping_status":"closed","template":"","meta":{"_acf_changed":false},"product_brand":[],"product_cat":[77],"product_tag":[],"class_list":{"0":"post-2730","1":"product","2":"type-product","3":"status-publish","4":"has-post-thumbnail","6":"product_cat-multi-de","8":"first","9":"instock","10":"shipping-taxable","11":"product-type-simple"},"acf":[],"yoast_head":"<!-- This site is optimized with the Yoast SEO plugin v27.3 - https:\/\/yoast.com\/product\/yoast-seo-wordpress\/ -->\n<title>VERST\u00c4RKTE RIEGEL - Tendo<\/title>\n<meta name=\"robots\" content=\"index, follow, max-snippet:-1, max-image-preview:large, max-video-preview:-1\" \/>\n<link rel=\"canonical\" href=\"https:\/\/andamios-tendo.com\/de\/produkt\/verstarkte-riegel\/\" \/>\n<meta property=\"og:locale\" content=\"de_DE\" \/>\n<meta property=\"og:type\" content=\"article\" \/>\n<meta property=\"og:title\" content=\"VERST\u00c4RKTE RIEGEL - Tendo\" \/>\n<meta property=\"og:description\" content=\"Unsere Ger\u00fcstriegel sind in verschiedenen Abmessungen erh\u00e4ltlich und verf\u00fcgen an den Enden \u00fcber jeweils eine Klemmbacke zur Aufnahme eines Keils. Diese Elemente werden an den Ger\u00fcstst\u00e4ndern montiert. Die endg\u00fcltige Verbindung erfolgt durch das Einschlagen des Keils. Diese Riegel gew\u00e4hren die Aufnahme schwerer Lasten.\" \/>\n<meta property=\"og:url\" content=\"https:\/\/andamios-tendo.com\/de\/produkt\/verstarkte-riegel\/\" \/>\n<meta property=\"og:site_name\" content=\"Tendo\" \/>\n<meta property=\"og:image\" content=\"https:\/\/andamios-tendo.com\/wp-content\/uploads\/sites\/2\/2022\/11\/ANDAMIOS-FIJOS_HORIZONTAL-REFORZADO-1000MM_PTN13120101G.png\" \/>\n\t<meta property=\"og:image:width\" content=\"2248\" \/>\n\t<meta property=\"og:image:height\" content=\"3000\" \/>\n\t<meta property=\"og:image:type\" content=\"image\/png\" \/>\n<meta name=\"twitter:card\" content=\"summary_large_image\" \/>\n<script type=\"application\/ld+json\" class=\"yoast-schema-graph\">{\"@context\":\"https:\\\/\\\/schema.org\",\"@graph\":[{\"@type\":\"WebPage\",\"@id\":\"https:\\\/\\\/andamios-tendo.com\\\/de\\\/produkt\\\/verstarkte-riegel\\\/\",\"url\":\"https:\\\/\\\/andamios-tendo.com\\\/de\\\/produkt\\\/verstarkte-riegel\\\/\",\"name\":\"VERST\u00c4RKTE RIEGEL - Tendo\",\"isPartOf\":{\"@id\":\"https:\\\/\\\/andamios-tendo.com\\\/de\\\/#website\"},\"primaryImageOfPage\":{\"@id\":\"https:\\\/\\\/andamios-tendo.com\\\/de\\\/produkt\\\/verstarkte-riegel\\\/#primaryimage\"},\"image\":{\"@id\":\"https:\\\/\\\/andamios-tendo.com\\\/de\\\/produkt\\\/verstarkte-riegel\\\/#primaryimage\"},\"thumbnailUrl\":\"https:\\\/\\\/andamios-tendo.com\\\/wp-content\\\/uploads\\\/sites\\\/2\\\/2022\\\/11\\\/ANDAMIOS-FIJOS_HORIZONTAL-REFORZADO-1000MM_PTN13120101G.png\",\"datePublished\":\"2022-11-21T15:26:10+00:00\",\"breadcrumb\":{\"@id\":\"https:\\\/\\\/andamios-tendo.com\\\/de\\\/produkt\\\/verstarkte-riegel\\\/#breadcrumb\"},\"inLanguage\":\"de\",\"potentialAction\":[{\"@type\":\"ReadAction\",\"target\":[\"https:\\\/\\\/andamios-tendo.com\\\/de\\\/produkt\\\/verstarkte-riegel\\\/\"]}]},{\"@type\":\"ImageObject\",\"inLanguage\":\"de\",\"@id\":\"https:\\\/\\\/andamios-tendo.com\\\/de\\\/produkt\\\/verstarkte-riegel\\\/#primaryimage\",\"url\":\"https:\\\/\\\/andamios-tendo.com\\\/wp-content\\\/uploads\\\/sites\\\/2\\\/2022\\\/11\\\/ANDAMIOS-FIJOS_HORIZONTAL-REFORZADO-1000MM_PTN13120101G.png\",\"contentUrl\":\"https:\\\/\\\/andamios-tendo.com\\\/wp-content\\\/uploads\\\/sites\\\/2\\\/2022\\\/11\\\/ANDAMIOS-FIJOS_HORIZONTAL-REFORZADO-1000MM_PTN13120101G.png\",\"width\":2248,\"height\":3000},{\"@type\":\"BreadcrumbList\",\"@id\":\"https:\\\/\\\/andamios-tendo.com\\\/de\\\/produkt\\\/verstarkte-riegel\\\/#breadcrumb\",\"itemListElement\":[{\"@type\":\"ListItem\",\"position\":1,\"name\":\"Tendo\",\"item\":\"https:\\\/\\\/andamios-tendo.com\\\/de\\\/\"},{\"@type\":\"ListItem\",\"position\":2,\"name\":\"VERST\u00c4RKTE RIEGEL\"}]},{\"@type\":\"WebSite\",\"@id\":\"https:\\\/\\\/andamios-tendo.com\\\/de\\\/#website\",\"url\":\"https:\\\/\\\/andamios-tendo.com\\\/de\\\/\",\"name\":\"Tendo\",\"description\":\"Une entreprise du groupe Fr\u00e9n\u00e9hard &amp; Michaux\",\"publisher\":{\"@id\":\"https:\\\/\\\/andamios-tendo.com\\\/de\\\/#organization\"},\"potentialAction\":[{\"@type\":\"SearchAction\",\"target\":{\"@type\":\"EntryPoint\",\"urlTemplate\":\"https:\\\/\\\/andamios-tendo.com\\\/de\\\/?s={search_term_string}\"},\"query-input\":{\"@type\":\"PropertyValueSpecification\",\"valueRequired\":true,\"valueName\":\"search_term_string\"}}],\"inLanguage\":\"de\"},{\"@type\":\"Organization\",\"@id\":\"https:\\\/\\\/andamios-tendo.com\\\/de\\\/#organization\",\"name\":\"Tendo\",\"url\":\"https:\\\/\\\/andamios-tendo.com\\\/de\\\/\",\"logo\":{\"@type\":\"ImageObject\",\"inLanguage\":\"de\",\"@id\":\"https:\\\/\\\/andamios-tendo.com\\\/de\\\/#\\\/schema\\\/logo\\\/image\\\/\",\"url\":\"https:\\\/\\\/andamios-tendo.com\\\/wp-content\\\/uploads\\\/sites\\\/2\\\/2022\\\/07\\\/logo_tendo-s.png\",\"contentUrl\":\"https:\\\/\\\/andamios-tendo.com\\\/wp-content\\\/uploads\\\/sites\\\/2\\\/2022\\\/07\\\/logo_tendo-s.png\",\"width\":153,\"height\":30,\"caption\":\"Tendo\"},\"image\":{\"@id\":\"https:\\\/\\\/andamios-tendo.com\\\/de\\\/#\\\/schema\\\/logo\\\/image\\\/\"}}]}<\/script>\n<!-- \/ Yoast SEO plugin. -->","yoast_head_json":{"title":"VERST\u00c4RKTE RIEGEL - Tendo","robots":{"index":"index","follow":"follow","max-snippet":"max-snippet:-1","max-image-preview":"max-image-preview:large","max-video-preview":"max-video-preview:-1"},"canonical":"https:\/\/andamios-tendo.com\/de\/produkt\/verstarkte-riegel\/","og_locale":"de_DE","og_type":"article","og_title":"VERST\u00c4RKTE RIEGEL - Tendo","og_description":"Unsere Ger\u00fcstriegel sind in verschiedenen Abmessungen erh\u00e4ltlich und verf\u00fcgen an den Enden \u00fcber jeweils eine Klemmbacke zur Aufnahme eines Keils. Diese Elemente werden an den Ger\u00fcstst\u00e4ndern montiert. Die endg\u00fcltige Verbindung erfolgt durch das Einschlagen des Keils. Diese Riegel gew\u00e4hren die Aufnahme schwerer Lasten.","og_url":"https:\/\/andamios-tendo.com\/de\/produkt\/verstarkte-riegel\/","og_site_name":"Tendo","og_image":[{"width":2248,"height":3000,"url":"https:\/\/andamios-tendo.com\/wp-content\/uploads\/sites\/2\/2022\/11\/ANDAMIOS-FIJOS_HORIZONTAL-REFORZADO-1000MM_PTN13120101G.png","type":"image\/png"}],"twitter_card":"summary_large_image","schema":{"@context":"https:\/\/schema.org","@graph":[{"@type":"WebPage","@id":"https:\/\/andamios-tendo.com\/de\/produkt\/verstarkte-riegel\/","url":"https:\/\/andamios-tendo.com\/de\/produkt\/verstarkte-riegel\/","name":"VERST\u00c4RKTE RIEGEL - Tendo","isPartOf":{"@id":"https:\/\/andamios-tendo.com\/de\/#website"},"primaryImageOfPage":{"@id":"https:\/\/andamios-tendo.com\/de\/produkt\/verstarkte-riegel\/#primaryimage"},"image":{"@id":"https:\/\/andamios-tendo.com\/de\/produkt\/verstarkte-riegel\/#primaryimage"},"thumbnailUrl":"https:\/\/andamios-tendo.com\/wp-content\/uploads\/sites\/2\/2022\/11\/ANDAMIOS-FIJOS_HORIZONTAL-REFORZADO-1000MM_PTN13120101G.png","datePublished":"2022-11-21T15:26:10+00:00","breadcrumb":{"@id":"https:\/\/andamios-tendo.com\/de\/produkt\/verstarkte-riegel\/#breadcrumb"},"inLanguage":"de","potentialAction":[{"@type":"ReadAction","target":["https:\/\/andamios-tendo.com\/de\/produkt\/verstarkte-riegel\/"]}]},{"@type":"ImageObject","inLanguage":"de","@id":"https:\/\/andamios-tendo.com\/de\/produkt\/verstarkte-riegel\/#primaryimage","url":"https:\/\/andamios-tendo.com\/wp-content\/uploads\/sites\/2\/2022\/11\/ANDAMIOS-FIJOS_HORIZONTAL-REFORZADO-1000MM_PTN13120101G.png","contentUrl":"https:\/\/andamios-tendo.com\/wp-content\/uploads\/sites\/2\/2022\/11\/ANDAMIOS-FIJOS_HORIZONTAL-REFORZADO-1000MM_PTN13120101G.png","width":2248,"height":3000},{"@type":"BreadcrumbList","@id":"https:\/\/andamios-tendo.com\/de\/produkt\/verstarkte-riegel\/#breadcrumb","itemListElement":[{"@type":"ListItem","position":1,"name":"Tendo","item":"https:\/\/andamios-tendo.com\/de\/"},{"@type":"ListItem","position":2,"name":"VERST\u00c4RKTE RIEGEL"}]},{"@type":"WebSite","@id":"https:\/\/andamios-tendo.com\/de\/#website","url":"https:\/\/andamios-tendo.com\/de\/","name":"Tendo","description":"Une entreprise du groupe Fr\u00e9n\u00e9hard &amp; Michaux","publisher":{"@id":"https:\/\/andamios-tendo.com\/de\/#organization"},"potentialAction":[{"@type":"SearchAction","target":{"@type":"EntryPoint","urlTemplate":"https:\/\/andamios-tendo.com\/de\/?s={search_term_string}"},"query-input":{"@type":"PropertyValueSpecification","valueRequired":true,"valueName":"search_term_string"}}],"inLanguage":"de"},{"@type":"Organization","@id":"https:\/\/andamios-tendo.com\/de\/#organization","name":"Tendo","url":"https:\/\/andamios-tendo.com\/de\/","logo":{"@type":"ImageObject","inLanguage":"de","@id":"https:\/\/andamios-tendo.com\/de\/#\/schema\/logo\/image\/","url":"https:\/\/andamios-tendo.com\/wp-content\/uploads\/sites\/2\/2022\/07\/logo_tendo-s.png","contentUrl":"https:\/\/andamios-tendo.com\/wp-content\/uploads\/sites\/2\/2022\/07\/logo_tendo-s.png","width":153,"height":30,"caption":"Tendo"},"image":{"@id":"https:\/\/andamios-tendo.com\/de\/#\/schema\/logo\/image\/"}}]}},"_links":{"self":[{"href":"https:\/\/andamios-tendo.com\/de\/wp-json\/wp\/v2\/product\/2730","targetHints":{"allow":["GET"]}}],"collection":[{"href":"https:\/\/andamios-tendo.com\/de\/wp-json\/wp\/v2\/product"}],"about":[{"href":"https:\/\/andamios-tendo.com\/de\/wp-json\/wp\/v2\/types\/product"}],"replies":[{"embeddable":true,"href":"https:\/\/andamios-tendo.com\/de\/wp-json\/wp\/v2\/comments?post=2730"}],"wp:featuredmedia":[{"embeddable":true,"href":"https:\/\/andamios-tendo.com\/de\/wp-json\/wp\/v2\/media\/2725"}],"wp:attachment":[{"href":"https:\/\/andamios-tendo.com\/de\/wp-json\/wp\/v2\/media?parent=2730"}],"wp:term":[{"taxonomy":"product_brand","embeddable":true,"href":"https:\/\/andamios-tendo.com\/de\/wp-json\/wp\/v2\/product_brand?post=2730"},{"taxonomy":"product_cat","embeddable":true,"href":"https:\/\/andamios-tendo.com\/de\/wp-json\/wp\/v2\/product_cat?post=2730"},{"taxonomy":"product_tag","embeddable":true,"href":"https:\/\/andamios-tendo.com\/de\/wp-json\/wp\/v2\/product_tag?post=2730"}],"curies":[{"name":"wp","href":"https:\/\/api.w.org\/{rel}","templated":true}]}}