{"id":349,"date":"2022-09-22T15:48:29","date_gmt":"2022-09-22T13:48:29","guid":{"rendered":"https:\/\/andamios-tendo.com\/?page_id=349"},"modified":"2022-09-30T11:14:29","modified_gmt":"2022-09-30T09:14:29","slug":"notre-histoire","status":"publish","type":"page","link":"https:\/\/andamios-tendo.com\/fr\/notre-histoire\/","title":{"rendered":"Notre histoire"},"content":{"rendered":"\n<figure class=\"wp-block-image size-large\"><img loading=\"lazy\" decoding=\"async\" width=\"1024\" height=\"294\" src=\"https:\/\/andamios-tendo.com\/wp-content\/uploads\/sites\/2\/2022\/09\/notre-histoire-1024x294.jpg\" alt=\"\" class=\"wp-image-1153\" srcset=\"https:\/\/andamios-tendo.com\/wp-content\/uploads\/sites\/2\/2022\/09\/notre-histoire-1024x294.jpg 1024w, https:\/\/andamios-tendo.com\/wp-content\/uploads\/sites\/2\/2022\/09\/notre-histoire-300x86.jpg 300w, https:\/\/andamios-tendo.com\/wp-content\/uploads\/sites\/2\/2022\/09\/notre-histoire-768x220.jpg 768w, https:\/\/andamios-tendo.com\/wp-content\/uploads\/sites\/2\/2022\/09\/notre-histoire-600x172.jpg 600w, https:\/\/andamios-tendo.com\/wp-content\/uploads\/sites\/2\/2022\/09\/notre-histoire.jpg 1500w\" sizes=\"auto, (max-width: 1024px) 100vw, 1024px\" \/><\/figure>\n\n\n\n<p>Compos\u00e9e de professionnels, notre entreprise est <strong>sp\u00e9cialis\u00e9e dans la conception et la fabrication de syst\u00e8mes d\u2019\u00e9chafaudage<\/strong>. Nous collaborons depuis 1990 avec des professionnels du secteur de la construction et de l\u2019industrie en Espagne, leur offrant des <strong>solutions d\u2019\u00e9chafaudage sur mesure<\/strong> en conformit\u00e9 avec la l\u00e9gislation en vigueur.&nbsp;<\/p>\n\n\n\n<div class=\"wp-block-columns is-layout-flex wp-container-core-columns-is-layout-9d6595d7 wp-block-columns-is-layout-flex\">\n<div class=\"wp-block-column is-layout-flow wp-block-column-is-layout-flow\">\n<figure class=\"wp-block-image is-style-mycms-bg-orange mycms-img-bg alignwide size-full \"><img loading=\"lazy\" decoding=\"async\" width=\"720\" height=\"405\" src=\"https:\/\/andamios-tendo.com\/wp-content\/uploads\/sites\/2\/2022\/09\/301123319_379235254404959_9180151108504228939_n-2.jpg\" alt=\"\" class=\"wp-image-406\" srcset=\"https:\/\/andamios-tendo.com\/wp-content\/uploads\/sites\/2\/2022\/09\/301123319_379235254404959_9180151108504228939_n-2.jpg 720w, https:\/\/andamios-tendo.com\/wp-content\/uploads\/sites\/2\/2022\/09\/301123319_379235254404959_9180151108504228939_n-2-300x169.jpg 300w, https:\/\/andamios-tendo.com\/wp-content\/uploads\/sites\/2\/2022\/09\/301123319_379235254404959_9180151108504228939_n-2-600x338.jpg 600w\" sizes=\"auto, (max-width: 720px) 100vw, 720px\" \/><\/figure>\n<\/div>\n\n\n\n<div class=\"wp-block-column is-layout-flow wp-block-column-is-layout-flow\">\n<p>En 2016, l\u2019entreprise a fusionn\u00e9 avec le groupe industriel fran\u00e7ais <strong>Fr\u00e9n\u00e9hard &amp; Michaux<\/strong>. Cette fusion a renforc\u00e9 les synergies entre toutes les entreprises du groupe, offrant \u00e0 Tendo l\u2019occasion d\u2019am\u00e9liorer sa strat\u00e9gie \u00e0 moyen et \u00e0 long terme et de d\u00e9velopper son offre de produits et de services. Cette \u00e9volution est la garantie de perspectives constantes et d\u2019une action durable.&nbsp;<\/p>\n\n\n\n<p>Nous produisons <strong>deux mod\u00e8les d\u2019\u00e9chafaudage<\/strong> compatibles entre eux en termes de hauteur\u202f: \u00ab\u202f\u00e0 cadre\u202f\u00bb et \u00ab\u202fmulti\u202f\u00bb, dot\u00e9 d\u2019un disque octogonal multidirectionnel brevet\u00e9.&nbsp;&nbsp;<\/p>\n\n\n\n<p>Situ\u00e9e \u00e0 Tarazona (dans la province de Saragosse), l\u2019entreprise est l\u2019un des <strong>membres fondateurs de l\u2019AFAC<\/strong> (l\u2019Association des fabricants d\u2019\u00e9chafaudages certifi\u00e9s).&nbsp;<\/p>\n<\/div>\n<\/div>\n","protected":false},"excerpt":{"rendered":"<p>Compos\u00e9e de professionnels, notre entreprise est sp\u00e9cialis\u00e9e dans la conception et la fabrication de syst\u00e8mes d\u2019\u00e9chafaudage. Nous collaborons depuis 1990 avec des professionnels du secteur de la construction et de l\u2019industrie en Espagne, leur offrant des solutions d\u2019\u00e9chafaudage sur mesure en conformit\u00e9 avec la l\u00e9gislation en vigueur.&nbsp; En 2016, l\u2019entreprise a fusionn\u00e9 avec le groupe [&hellip;]<\/p>\n","protected":false},"author":8,"featured_media":0,"parent":0,"menu_order":0,"comment_status":"closed","ping_status":"closed","template":"","meta":{"_acf_changed":false,"footnotes":""},"class_list":["post-349","page","type-page","status-publish","hentry"],"acf":[],"yoast_head":"<!-- This site is optimized with the Yoast SEO plugin v27.4 - https:\/\/yoast.com\/product\/yoast-seo-wordpress\/ -->\n<title>Notre histoire - Tendo<\/title>\n<meta name=\"description\" content=\"Compos\u00e9e de professionnels, notre entreprise est sp\u00e9cialis\u00e9e dans la conception et la fabrication de syst\u00e8mes d\u2019\u00e9chafaudage. Nous collaborons depuis 1990 avec des professionnels du secteur de la construction et de l\u2019industrie en Espagne, leur offrant des solutions d\u2019\u00e9chafaudage sur mesure en conformit\u00e9 avec la l\u00e9gislation en vigueur.\" \/>\n<meta name=\"robots\" content=\"index, follow, max-snippet:-1, max-image-preview:large, max-video-preview:-1\" \/>\n<link rel=\"canonical\" href=\"https:\/\/andamios-tendo.com\/fr\/notre-histoire\/\" \/>\n<meta property=\"og:locale\" content=\"fr_FR\" \/>\n<meta property=\"og:type\" content=\"article\" \/>\n<meta property=\"og:title\" content=\"Notre histoire - Tendo\" \/>\n<meta property=\"og:description\" content=\"Compos\u00e9e de professionnels, notre entreprise est sp\u00e9cialis\u00e9e dans la conception et la fabrication de syst\u00e8mes d\u2019\u00e9chafaudage. Nous collaborons depuis 1990 avec des professionnels du secteur de la construction et de l\u2019industrie en Espagne, leur offrant des solutions d\u2019\u00e9chafaudage sur mesure en conformit\u00e9 avec la l\u00e9gislation en vigueur.\" \/>\n<meta property=\"og:url\" content=\"https:\/\/andamios-tendo.com\/fr\/notre-histoire\/\" \/>\n<meta property=\"og:site_name\" content=\"Tendo\" \/>\n<meta property=\"article:modified_time\" content=\"2022-09-30T09:14:29+00:00\" \/>\n<meta property=\"og:image\" content=\"https:\/\/andamios-tendo.com\/wp-content\/uploads\/sites\/2\/2022\/09\/notre-histoire-1024x294.jpg\" \/>\n<meta name=\"twitter:card\" content=\"summary_large_image\" \/>\n<meta name=\"twitter:label1\" content=\"Dur\u00e9e de lecture estim\u00e9e\" \/>\n\t<meta name=\"twitter:data1\" content=\"2 minutes\" \/>\n<script type=\"application\/ld+json\" class=\"yoast-schema-graph\">{\"@context\":\"https:\\\/\\\/schema.org\",\"@graph\":[{\"@type\":\"WebPage\",\"@id\":\"https:\\\/\\\/andamios-tendo.com\\\/fr\\\/notre-histoire\\\/\",\"url\":\"https:\\\/\\\/andamios-tendo.com\\\/fr\\\/notre-histoire\\\/\",\"name\":\"Notre histoire - Tendo\",\"isPartOf\":{\"@id\":\"https:\\\/\\\/andamios-tendo.com\\\/fr\\\/#website\"},\"primaryImageOfPage\":{\"@id\":\"https:\\\/\\\/andamios-tendo.com\\\/fr\\\/notre-histoire\\\/#primaryimage\"},\"image\":{\"@id\":\"https:\\\/\\\/andamios-tendo.com\\\/fr\\\/notre-histoire\\\/#primaryimage\"},\"thumbnailUrl\":\"https:\\\/\\\/andamios-tendo.com\\\/wp-content\\\/uploads\\\/sites\\\/2\\\/2022\\\/09\\\/notre-histoire-1024x294.jpg\",\"datePublished\":\"2022-09-22T13:48:29+00:00\",\"dateModified\":\"2022-09-30T09:14:29+00:00\",\"description\":\"Compos\u00e9e de professionnels, notre entreprise est sp\u00e9cialis\u00e9e dans la conception et la fabrication de syst\u00e8mes d\u2019\u00e9chafaudage. Nous collaborons depuis 1990 avec des professionnels du secteur de la construction et de l\u2019industrie en Espagne, leur offrant des solutions d\u2019\u00e9chafaudage sur mesure en conformit\u00e9 avec la l\u00e9gislation en vigueur.\",\"breadcrumb\":{\"@id\":\"https:\\\/\\\/andamios-tendo.com\\\/fr\\\/notre-histoire\\\/#breadcrumb\"},\"inLanguage\":\"fr-FR\",\"potentialAction\":[{\"@type\":\"ReadAction\",\"target\":[\"https:\\\/\\\/andamios-tendo.com\\\/fr\\\/notre-histoire\\\/\"]}]},{\"@type\":\"ImageObject\",\"inLanguage\":\"fr-FR\",\"@id\":\"https:\\\/\\\/andamios-tendo.com\\\/fr\\\/notre-histoire\\\/#primaryimage\",\"url\":\"https:\\\/\\\/andamios-tendo.com\\\/wp-content\\\/uploads\\\/sites\\\/2\\\/2022\\\/09\\\/notre-histoire-1024x294.jpg\",\"contentUrl\":\"https:\\\/\\\/andamios-tendo.com\\\/wp-content\\\/uploads\\\/sites\\\/2\\\/2022\\\/09\\\/notre-histoire-1024x294.jpg\"},{\"@type\":\"BreadcrumbList\",\"@id\":\"https:\\\/\\\/andamios-tendo.com\\\/fr\\\/notre-histoire\\\/#breadcrumb\",\"itemListElement\":[{\"@type\":\"ListItem\",\"position\":1,\"name\":\"Tendo\",\"item\":\"https:\\\/\\\/andamios-tendo.com\\\/fr\\\/\"},{\"@type\":\"ListItem\",\"position\":2,\"name\":\"Notre histoire\"}]},{\"@type\":\"WebSite\",\"@id\":\"https:\\\/\\\/andamios-tendo.com\\\/fr\\\/#website\",\"url\":\"https:\\\/\\\/andamios-tendo.com\\\/fr\\\/\",\"name\":\"Tendo\",\"description\":\"Une entreprise du groupe Fr\u00e9n\u00e9hard &amp; Michaux\",\"publisher\":{\"@id\":\"https:\\\/\\\/andamios-tendo.com\\\/fr\\\/#organization\"},\"potentialAction\":[{\"@type\":\"SearchAction\",\"target\":{\"@type\":\"EntryPoint\",\"urlTemplate\":\"https:\\\/\\\/andamios-tendo.com\\\/fr\\\/?s={search_term_string}\"},\"query-input\":{\"@type\":\"PropertyValueSpecification\",\"valueRequired\":true,\"valueName\":\"search_term_string\"}}],\"inLanguage\":\"fr-FR\"},{\"@type\":\"Organization\",\"@id\":\"https:\\\/\\\/andamios-tendo.com\\\/fr\\\/#organization\",\"name\":\"Tendo\",\"url\":\"https:\\\/\\\/andamios-tendo.com\\\/fr\\\/\",\"logo\":{\"@type\":\"ImageObject\",\"inLanguage\":\"fr-FR\",\"@id\":\"https:\\\/\\\/andamios-tendo.com\\\/fr\\\/#\\\/schema\\\/logo\\\/image\\\/\",\"url\":\"https:\\\/\\\/andamios-tendo.com\\\/wp-content\\\/uploads\\\/sites\\\/2\\\/2022\\\/07\\\/logo_tendo-s.png\",\"contentUrl\":\"https:\\\/\\\/andamios-tendo.com\\\/wp-content\\\/uploads\\\/sites\\\/2\\\/2022\\\/07\\\/logo_tendo-s.png\",\"width\":153,\"height\":30,\"caption\":\"Tendo\"},\"image\":{\"@id\":\"https:\\\/\\\/andamios-tendo.com\\\/fr\\\/#\\\/schema\\\/logo\\\/image\\\/\"}}]}<\/script>\n<!-- \/ Yoast SEO plugin. -->","yoast_head_json":{"title":"Notre histoire - Tendo","description":"Compos\u00e9e de professionnels, notre entreprise est sp\u00e9cialis\u00e9e dans la conception et la fabrication de syst\u00e8mes d\u2019\u00e9chafaudage. Nous collaborons depuis 1990 avec des professionnels du secteur de la construction et de l\u2019industrie en Espagne, leur offrant des solutions d\u2019\u00e9chafaudage sur mesure en conformit\u00e9 avec la l\u00e9gislation en vigueur.","robots":{"index":"index","follow":"follow","max-snippet":"max-snippet:-1","max-image-preview":"max-image-preview:large","max-video-preview":"max-video-preview:-1"},"canonical":"https:\/\/andamios-tendo.com\/fr\/notre-histoire\/","og_locale":"fr_FR","og_type":"article","og_title":"Notre histoire - Tendo","og_description":"Compos\u00e9e de professionnels, notre entreprise est sp\u00e9cialis\u00e9e dans la conception et la fabrication de syst\u00e8mes d\u2019\u00e9chafaudage. Nous collaborons depuis 1990 avec des professionnels du secteur de la construction et de l\u2019industrie en Espagne, leur offrant des solutions d\u2019\u00e9chafaudage sur mesure en conformit\u00e9 avec la l\u00e9gislation en vigueur.","og_url":"https:\/\/andamios-tendo.com\/fr\/notre-histoire\/","og_site_name":"Tendo","article_modified_time":"2022-09-30T09:14:29+00:00","og_image":[{"url":"https:\/\/andamios-tendo.com\/wp-content\/uploads\/sites\/2\/2022\/09\/notre-histoire-1024x294.jpg","type":"","width":"","height":""}],"twitter_card":"summary_large_image","twitter_misc":{"Dur\u00e9e de lecture estim\u00e9e":"2 minutes"},"schema":{"@context":"https:\/\/schema.org","@graph":[{"@type":"WebPage","@id":"https:\/\/andamios-tendo.com\/fr\/notre-histoire\/","url":"https:\/\/andamios-tendo.com\/fr\/notre-histoire\/","name":"Notre histoire - Tendo","isPartOf":{"@id":"https:\/\/andamios-tendo.com\/fr\/#website"},"primaryImageOfPage":{"@id":"https:\/\/andamios-tendo.com\/fr\/notre-histoire\/#primaryimage"},"image":{"@id":"https:\/\/andamios-tendo.com\/fr\/notre-histoire\/#primaryimage"},"thumbnailUrl":"https:\/\/andamios-tendo.com\/wp-content\/uploads\/sites\/2\/2022\/09\/notre-histoire-1024x294.jpg","datePublished":"2022-09-22T13:48:29+00:00","dateModified":"2022-09-30T09:14:29+00:00","description":"Compos\u00e9e de professionnels, notre entreprise est sp\u00e9cialis\u00e9e dans la conception et la fabrication de syst\u00e8mes d\u2019\u00e9chafaudage. Nous collaborons depuis 1990 avec des professionnels du secteur de la construction et de l\u2019industrie en Espagne, leur offrant des solutions d\u2019\u00e9chafaudage sur mesure en conformit\u00e9 avec la l\u00e9gislation en vigueur.","breadcrumb":{"@id":"https:\/\/andamios-tendo.com\/fr\/notre-histoire\/#breadcrumb"},"inLanguage":"fr-FR","potentialAction":[{"@type":"ReadAction","target":["https:\/\/andamios-tendo.com\/fr\/notre-histoire\/"]}]},{"@type":"ImageObject","inLanguage":"fr-FR","@id":"https:\/\/andamios-tendo.com\/fr\/notre-histoire\/#primaryimage","url":"https:\/\/andamios-tendo.com\/wp-content\/uploads\/sites\/2\/2022\/09\/notre-histoire-1024x294.jpg","contentUrl":"https:\/\/andamios-tendo.com\/wp-content\/uploads\/sites\/2\/2022\/09\/notre-histoire-1024x294.jpg"},{"@type":"BreadcrumbList","@id":"https:\/\/andamios-tendo.com\/fr\/notre-histoire\/#breadcrumb","itemListElement":[{"@type":"ListItem","position":1,"name":"Tendo","item":"https:\/\/andamios-tendo.com\/fr\/"},{"@type":"ListItem","position":2,"name":"Notre histoire"}]},{"@type":"WebSite","@id":"https:\/\/andamios-tendo.com\/fr\/#website","url":"https:\/\/andamios-tendo.com\/fr\/","name":"Tendo","description":"Une entreprise du groupe Fr\u00e9n\u00e9hard &amp; Michaux","publisher":{"@id":"https:\/\/andamios-tendo.com\/fr\/#organization"},"potentialAction":[{"@type":"SearchAction","target":{"@type":"EntryPoint","urlTemplate":"https:\/\/andamios-tendo.com\/fr\/?s={search_term_string}"},"query-input":{"@type":"PropertyValueSpecification","valueRequired":true,"valueName":"search_term_string"}}],"inLanguage":"fr-FR"},{"@type":"Organization","@id":"https:\/\/andamios-tendo.com\/fr\/#organization","name":"Tendo","url":"https:\/\/andamios-tendo.com\/fr\/","logo":{"@type":"ImageObject","inLanguage":"fr-FR","@id":"https:\/\/andamios-tendo.com\/fr\/#\/schema\/logo\/image\/","url":"https:\/\/andamios-tendo.com\/wp-content\/uploads\/sites\/2\/2022\/07\/logo_tendo-s.png","contentUrl":"https:\/\/andamios-tendo.com\/wp-content\/uploads\/sites\/2\/2022\/07\/logo_tendo-s.png","width":153,"height":30,"caption":"Tendo"},"image":{"@id":"https:\/\/andamios-tendo.com\/fr\/#\/schema\/logo\/image\/"}}]}},"_links":{"self":[{"href":"https:\/\/andamios-tendo.com\/fr\/wp-json\/wp\/v2\/pages\/349","targetHints":{"allow":["GET"]}}],"collection":[{"href":"https:\/\/andamios-tendo.com\/fr\/wp-json\/wp\/v2\/pages"}],"about":[{"href":"https:\/\/andamios-tendo.com\/fr\/wp-json\/wp\/v2\/types\/page"}],"author":[{"embeddable":true,"href":"https:\/\/andamios-tendo.com\/fr\/wp-json\/wp\/v2\/users\/8"}],"replies":[{"embeddable":true,"href":"https:\/\/andamios-tendo.com\/fr\/wp-json\/wp\/v2\/comments?post=349"}],"version-history":[{"count":28,"href":"https:\/\/andamios-tendo.com\/fr\/wp-json\/wp\/v2\/pages\/349\/revisions"}],"predecessor-version":[{"id":1158,"href":"https:\/\/andamios-tendo.com\/fr\/wp-json\/wp\/v2\/pages\/349\/revisions\/1158"}],"wp:attachment":[{"href":"https:\/\/andamios-tendo.com\/fr\/wp-json\/wp\/v2\/media?parent=349"}],"curies":[{"name":"wp","href":"https:\/\/api.w.org\/{rel}","templated":true}]}}