{"id":392,"date":"2022-09-22T16:42:02","date_gmt":"2022-09-22T14:42:02","guid":{"rendered":"https:\/\/andamios-tendo.com\/?page_id=392"},"modified":"2023-04-18T16:06:41","modified_gmt":"2023-04-18T14:06:41","slug":"nos-valeurs","status":"publish","type":"page","link":"https:\/\/andamios-tendo.com\/fr\/nos-valeurs\/","title":{"rendered":"Nos valeurs"},"content":{"rendered":"\n<div style=\"height:50px\" aria-hidden=\"true\" class=\"wp-block-spacer\"><\/div>\n\n\n\n<div class=\"wp-block-columns is-layout-flex wp-container-core-columns-is-layout-9d6595d7 wp-block-columns-is-layout-flex\">\n<div class=\"wp-block-column is-layout-flow wp-block-column-is-layout-flow\" style=\"flex-basis:20%\">\n<figure class=\"wp-block-image aligncenter size-full is-resized is-style-default\"><img loading=\"lazy\" decoding=\"async\" src=\"https:\/\/andamios-tendo.com\/wp-content\/uploads\/sites\/2\/2022\/09\/ecouter.png\" alt=\"\" class=\"wp-image-1187\" width=\"89\" height=\"89\" srcset=\"https:\/\/andamios-tendo.com\/wp-content\/uploads\/sites\/2\/2022\/09\/ecouter.png 177w, https:\/\/andamios-tendo.com\/wp-content\/uploads\/sites\/2\/2022\/09\/ecouter-150x150.png 150w, https:\/\/andamios-tendo.com\/wp-content\/uploads\/sites\/2\/2022\/09\/ecouter-100x100.png 100w\" sizes=\"auto, (max-width: 89px) 100vw, 89px\" \/><\/figure>\n\n\n\n<p class=\"has-text-align-center\"><strong>\u00c9COUTER<\/strong><\/p>\n<\/div>\n\n\n\n<div class=\"wp-block-column is-layout-flow wp-block-column-is-layout-flow\" style=\"flex-basis:66.66%\">\n<p>Chez Tendo, nous \u00e9coutons nos clients, prenons le temps de comprendre leurs attentes, afin d\u2019imaginer pour eux les produits et services de demain.<\/p>\n\n\n\n<p>L\u2019\u00e9coute sinc\u00e8re et permanente de nos collaborateurs et de nos coll\u00e8gues est le fondement d\u2019un travail solide et gagnant.<\/p>\n<\/div>\n<\/div>\n\n\n\n<div class=\"wp-block-columns is-layout-flex wp-container-core-columns-is-layout-9d6595d7 wp-block-columns-is-layout-flex\">\n<div class=\"wp-block-column is-layout-flow wp-block-column-is-layout-flow\" style=\"flex-basis:20%\">\n<figure class=\"wp-block-image aligncenter size-full is-resized is-style-default\"><img loading=\"lazy\" decoding=\"async\" src=\"https:\/\/andamios-tendo.com\/wp-content\/uploads\/sites\/2\/2022\/09\/sengager.png\" alt=\"\" class=\"wp-image-1192\" width=\"89\" height=\"89\" srcset=\"https:\/\/andamios-tendo.com\/wp-content\/uploads\/sites\/2\/2022\/09\/sengager.png 177w, https:\/\/andamios-tendo.com\/wp-content\/uploads\/sites\/2\/2022\/09\/sengager-150x150.png 150w, https:\/\/andamios-tendo.com\/wp-content\/uploads\/sites\/2\/2022\/09\/sengager-100x100.png 100w\" sizes=\"auto, (max-width: 89px) 100vw, 89px\" \/><\/figure>\n\n\n\n<p class=\"has-text-align-center\"><strong>S&#8217;ENGAGER<\/strong><\/p>\n<\/div>\n\n\n\n<div class=\"wp-block-column is-layout-flow wp-block-column-is-layout-flow\" style=\"flex-basis:66.66%\">\n<p>Chez Tendo, le respect des engagements est fondamental pour tous.<\/p>\n\n\n\n<p>Nous pr\u00f4nons une culture de l\u2019initiative de responsabilisation qui s\u2019accompagne d\u2019un devoir d\u2019assumer les engagements pris, tant entre collaborateurs qu\u2019aupr\u00e8s des clients et partenaires.<\/p>\n<\/div>\n<\/div>\n\n\n\n<div class=\"wp-block-columns is-layout-flex wp-container-core-columns-is-layout-9d6595d7 wp-block-columns-is-layout-flex\">\n<div class=\"wp-block-column is-layout-flow wp-block-column-is-layout-flow\" style=\"flex-basis:20%\">\n<figure class=\"wp-block-image aligncenter size-full is-resized is-style-default\"><img loading=\"lazy\" decoding=\"async\" src=\"https:\/\/andamios-tendo.com\/wp-content\/uploads\/sites\/2\/2022\/09\/innover.png\" alt=\"\" class=\"wp-image-1207\" width=\"89\" height=\"89\" srcset=\"https:\/\/andamios-tendo.com\/wp-content\/uploads\/sites\/2\/2022\/09\/innover.png 178w, https:\/\/andamios-tendo.com\/wp-content\/uploads\/sites\/2\/2022\/09\/innover-150x150.png 150w, https:\/\/andamios-tendo.com\/wp-content\/uploads\/sites\/2\/2022\/09\/innover-100x100.png 100w\" sizes=\"auto, (max-width: 89px) 100vw, 89px\" \/><\/figure>\n\n\n\n<p class=\"has-text-align-center\"><strong>INNOVER<\/strong><\/p>\n<\/div>\n\n\n\n<div class=\"wp-block-column is-layout-flow wp-block-column-is-layout-flow\" style=\"flex-basis:66.66%\">\n<p>Chez Tendo, l\u2019innovation est au c\u0153ur de notre identit\u00e9. Nous travaillons main dans la main avec nos clients et notre environnement pour am\u00e9liorer nos produits, nos process.<\/p>\n\n\n\n<p>Encourageant l\u2019initiative, nous nous remettons en cause, tant au niveau du Groupe qu\u2019\u00e0 titre individuel, pour d\u00e9velopper de nouvelles id\u00e9es.<\/p>\n<\/div>\n<\/div>\n\n\n\n<div class=\"wp-block-columns is-layout-flex wp-container-core-columns-is-layout-9d6595d7 wp-block-columns-is-layout-flex\">\n<div class=\"wp-block-column is-layout-flow wp-block-column-is-layout-flow\" style=\"flex-basis:20%\">\n<figure class=\"wp-block-image aligncenter size-full is-resized is-style-default\"><img loading=\"lazy\" decoding=\"async\" src=\"https:\/\/andamios-tendo.com\/wp-content\/uploads\/sites\/2\/2022\/09\/proteger.png\" alt=\"\" class=\"wp-image-1213\" width=\"89\" height=\"89\" srcset=\"https:\/\/andamios-tendo.com\/wp-content\/uploads\/sites\/2\/2022\/09\/proteger.png 178w, https:\/\/andamios-tendo.com\/wp-content\/uploads\/sites\/2\/2022\/09\/proteger-150x150.png 150w, https:\/\/andamios-tendo.com\/wp-content\/uploads\/sites\/2\/2022\/09\/proteger-100x100.png 100w\" sizes=\"auto, (max-width: 89px) 100vw, 89px\" \/><\/figure>\n\n\n\n<p class=\"has-text-align-center\"><strong>PROT\u00c9GER<\/strong><\/p>\n<\/div>\n\n\n\n<div class=\"wp-block-column is-layout-flow wp-block-column-is-layout-flow\" style=\"flex-basis:66.66%\">\n<p>Chez Tendo, nous privil\u00e9gions la qualit\u00e9 pour garantir des process et des produits au service de la s\u00e9curit\u00e9 des utilisateurs ou garant de la p\u00e9rennit\u00e9 des constructions.<\/p>\n\n\n\n<p>Cela passe \u00e9galement par l\u2019attention accord\u00e9e \u00e0 la sant\u00e9 et \u00e0 la s\u00e9curit\u00e9 de tous nos collaborateurs.<\/p>\n<\/div>\n<\/div>\n\n\n\n<div class=\"wp-block-columns is-layout-flex wp-container-core-columns-is-layout-9d6595d7 wp-block-columns-is-layout-flex\">\n<div class=\"wp-block-column is-layout-flow wp-block-column-is-layout-flow\" style=\"flex-basis:20%\">\n<figure class=\"wp-block-image aligncenter size-full is-resized is-style-default\"><img loading=\"lazy\" decoding=\"async\" src=\"https:\/\/andamios-tendo.com\/wp-content\/uploads\/sites\/2\/2022\/09\/selever.png\" alt=\"\" class=\"wp-image-1218\" width=\"89\" height=\"89\" srcset=\"https:\/\/andamios-tendo.com\/wp-content\/uploads\/sites\/2\/2022\/09\/selever.png 177w, https:\/\/andamios-tendo.com\/wp-content\/uploads\/sites\/2\/2022\/09\/selever-150x150.png 150w, https:\/\/andamios-tendo.com\/wp-content\/uploads\/sites\/2\/2022\/09\/selever-100x100.png 100w\" sizes=\"auto, (max-width: 89px) 100vw, 89px\" \/><\/figure>\n\n\n\n<p class=\"has-text-align-center\"><strong>S&#8217;\u00c9LEVER<\/strong><\/p>\n<\/div>\n\n\n\n<div class=\"wp-block-column is-layout-flow wp-block-column-is-layout-flow\" style=\"flex-basis:66.66%\">\n<p>Chez Tendo, nous croyons \u00e0 la valeur de nos collaborateurs.<br>Cultiver le d\u00e9veloppement personnel, les comp\u00e9tences, les comportements positifs et le travail d\u2019\u00e9quipe fait partie de notre culture.<\/p>\n\n\n\n<p>Cette fiert\u00e9, nous la partageons \u00e0 l\u2019externe en valorisant nos marques, notre image, nos usines et les hommes et les femmes qui les portent.<\/p>\n<\/div>\n<\/div>\n","protected":false},"excerpt":{"rendered":"<p>\u00c9COUTER Chez Tendo, nous \u00e9coutons nos clients, prenons le temps de comprendre leurs attentes, afin d\u2019imaginer pour eux les produits et services de demain. L\u2019\u00e9coute sinc\u00e8re et permanente de nos collaborateurs et de nos coll\u00e8gues est le fondement d\u2019un travail solide et gagnant. S&#8217;ENGAGER Chez Tendo, le respect des engagements est fondamental pour tous. Nous [&hellip;]<\/p>\n","protected":false},"author":8,"featured_media":0,"parent":0,"menu_order":0,"comment_status":"closed","ping_status":"closed","template":"","meta":{"_acf_changed":false,"footnotes":""},"class_list":["post-392","page","type-page","status-publish","hentry"],"acf":[],"yoast_head":"<!-- This site is optimized with the Yoast SEO plugin v27.4 - https:\/\/yoast.com\/product\/yoast-seo-wordpress\/ -->\n<title>Nos valeurs - Tendo<\/title>\n<meta name=\"robots\" content=\"index, follow, max-snippet:-1, max-image-preview:large, max-video-preview:-1\" \/>\n<link rel=\"canonical\" href=\"https:\/\/andamios-tendo.com\/fr\/nos-valeurs\/\" \/>\n<meta property=\"og:locale\" content=\"fr_FR\" \/>\n<meta property=\"og:type\" content=\"article\" \/>\n<meta property=\"og:title\" content=\"Nos valeurs - Tendo\" \/>\n<meta property=\"og:description\" content=\"\u00c9COUTER Chez Tendo, nous \u00e9coutons nos clients, prenons le temps de comprendre leurs attentes, afin d\u2019imaginer pour eux les produits et services de demain. L\u2019\u00e9coute sinc\u00e8re et permanente de nos collaborateurs et de nos coll\u00e8gues est le fondement d\u2019un travail solide et gagnant. S&#8217;ENGAGER Chez Tendo, le respect des engagements est fondamental pour tous. Nous [&hellip;]\" \/>\n<meta property=\"og:url\" content=\"https:\/\/andamios-tendo.com\/fr\/nos-valeurs\/\" \/>\n<meta property=\"og:site_name\" content=\"Tendo\" \/>\n<meta property=\"article:modified_time\" content=\"2023-04-18T14:06:41+00:00\" \/>\n<meta property=\"og:image\" content=\"https:\/\/andamios-tendo.com\/wp-content\/uploads\/sites\/2\/2022\/09\/ecouter.png\" \/>\n<meta name=\"twitter:card\" content=\"summary_large_image\" \/>\n<meta name=\"twitter:label1\" content=\"Dur\u00e9e de lecture estim\u00e9e\" \/>\n\t<meta name=\"twitter:data1\" content=\"3 minutes\" \/>\n<script type=\"application\/ld+json\" class=\"yoast-schema-graph\">{\"@context\":\"https:\\\/\\\/schema.org\",\"@graph\":[{\"@type\":\"WebPage\",\"@id\":\"https:\\\/\\\/andamios-tendo.com\\\/fr\\\/nos-valeurs\\\/\",\"url\":\"https:\\\/\\\/andamios-tendo.com\\\/fr\\\/nos-valeurs\\\/\",\"name\":\"Nos valeurs - Tendo\",\"isPartOf\":{\"@id\":\"https:\\\/\\\/andamios-tendo.com\\\/fr\\\/#website\"},\"primaryImageOfPage\":{\"@id\":\"https:\\\/\\\/andamios-tendo.com\\\/fr\\\/nos-valeurs\\\/#primaryimage\"},\"image\":{\"@id\":\"https:\\\/\\\/andamios-tendo.com\\\/fr\\\/nos-valeurs\\\/#primaryimage\"},\"thumbnailUrl\":\"https:\\\/\\\/andamios-tendo.com\\\/wp-content\\\/uploads\\\/sites\\\/2\\\/2022\\\/09\\\/ecouter.png\",\"datePublished\":\"2022-09-22T14:42:02+00:00\",\"dateModified\":\"2023-04-18T14:06:41+00:00\",\"breadcrumb\":{\"@id\":\"https:\\\/\\\/andamios-tendo.com\\\/fr\\\/nos-valeurs\\\/#breadcrumb\"},\"inLanguage\":\"fr-FR\",\"potentialAction\":[{\"@type\":\"ReadAction\",\"target\":[\"https:\\\/\\\/andamios-tendo.com\\\/fr\\\/nos-valeurs\\\/\"]}]},{\"@type\":\"ImageObject\",\"inLanguage\":\"fr-FR\",\"@id\":\"https:\\\/\\\/andamios-tendo.com\\\/fr\\\/nos-valeurs\\\/#primaryimage\",\"url\":\"https:\\\/\\\/andamios-tendo.com\\\/wp-content\\\/uploads\\\/sites\\\/2\\\/2022\\\/09\\\/ecouter.png\",\"contentUrl\":\"https:\\\/\\\/andamios-tendo.com\\\/wp-content\\\/uploads\\\/sites\\\/2\\\/2022\\\/09\\\/ecouter.png\"},{\"@type\":\"BreadcrumbList\",\"@id\":\"https:\\\/\\\/andamios-tendo.com\\\/fr\\\/nos-valeurs\\\/#breadcrumb\",\"itemListElement\":[{\"@type\":\"ListItem\",\"position\":1,\"name\":\"Tendo\",\"item\":\"https:\\\/\\\/andamios-tendo.com\\\/fr\\\/\"},{\"@type\":\"ListItem\",\"position\":2,\"name\":\"Nos valeurs\"}]},{\"@type\":\"WebSite\",\"@id\":\"https:\\\/\\\/andamios-tendo.com\\\/fr\\\/#website\",\"url\":\"https:\\\/\\\/andamios-tendo.com\\\/fr\\\/\",\"name\":\"Tendo\",\"description\":\"Une entreprise du groupe Fr\u00e9n\u00e9hard &amp; Michaux\",\"publisher\":{\"@id\":\"https:\\\/\\\/andamios-tendo.com\\\/fr\\\/#organization\"},\"potentialAction\":[{\"@type\":\"SearchAction\",\"target\":{\"@type\":\"EntryPoint\",\"urlTemplate\":\"https:\\\/\\\/andamios-tendo.com\\\/fr\\\/?s={search_term_string}\"},\"query-input\":{\"@type\":\"PropertyValueSpecification\",\"valueRequired\":true,\"valueName\":\"search_term_string\"}}],\"inLanguage\":\"fr-FR\"},{\"@type\":\"Organization\",\"@id\":\"https:\\\/\\\/andamios-tendo.com\\\/fr\\\/#organization\",\"name\":\"Tendo\",\"url\":\"https:\\\/\\\/andamios-tendo.com\\\/fr\\\/\",\"logo\":{\"@type\":\"ImageObject\",\"inLanguage\":\"fr-FR\",\"@id\":\"https:\\\/\\\/andamios-tendo.com\\\/fr\\\/#\\\/schema\\\/logo\\\/image\\\/\",\"url\":\"https:\\\/\\\/andamios-tendo.com\\\/wp-content\\\/uploads\\\/sites\\\/2\\\/2022\\\/07\\\/logo_tendo-s.png\",\"contentUrl\":\"https:\\\/\\\/andamios-tendo.com\\\/wp-content\\\/uploads\\\/sites\\\/2\\\/2022\\\/07\\\/logo_tendo-s.png\",\"width\":153,\"height\":30,\"caption\":\"Tendo\"},\"image\":{\"@id\":\"https:\\\/\\\/andamios-tendo.com\\\/fr\\\/#\\\/schema\\\/logo\\\/image\\\/\"}}]}<\/script>\n<!-- \/ Yoast SEO plugin. -->","yoast_head_json":{"title":"Nos valeurs - Tendo","robots":{"index":"index","follow":"follow","max-snippet":"max-snippet:-1","max-image-preview":"max-image-preview:large","max-video-preview":"max-video-preview:-1"},"canonical":"https:\/\/andamios-tendo.com\/fr\/nos-valeurs\/","og_locale":"fr_FR","og_type":"article","og_title":"Nos valeurs - Tendo","og_description":"\u00c9COUTER Chez Tendo, nous \u00e9coutons nos clients, prenons le temps de comprendre leurs attentes, afin d\u2019imaginer pour eux les produits et services de demain. L\u2019\u00e9coute sinc\u00e8re et permanente de nos collaborateurs et de nos coll\u00e8gues est le fondement d\u2019un travail solide et gagnant. S&#8217;ENGAGER Chez Tendo, le respect des engagements est fondamental pour tous. Nous [&hellip;]","og_url":"https:\/\/andamios-tendo.com\/fr\/nos-valeurs\/","og_site_name":"Tendo","article_modified_time":"2023-04-18T14:06:41+00:00","og_image":[{"url":"https:\/\/andamios-tendo.com\/wp-content\/uploads\/sites\/2\/2022\/09\/ecouter.png","type":"","width":"","height":""}],"twitter_card":"summary_large_image","twitter_misc":{"Dur\u00e9e de lecture estim\u00e9e":"3 minutes"},"schema":{"@context":"https:\/\/schema.org","@graph":[{"@type":"WebPage","@id":"https:\/\/andamios-tendo.com\/fr\/nos-valeurs\/","url":"https:\/\/andamios-tendo.com\/fr\/nos-valeurs\/","name":"Nos valeurs - Tendo","isPartOf":{"@id":"https:\/\/andamios-tendo.com\/fr\/#website"},"primaryImageOfPage":{"@id":"https:\/\/andamios-tendo.com\/fr\/nos-valeurs\/#primaryimage"},"image":{"@id":"https:\/\/andamios-tendo.com\/fr\/nos-valeurs\/#primaryimage"},"thumbnailUrl":"https:\/\/andamios-tendo.com\/wp-content\/uploads\/sites\/2\/2022\/09\/ecouter.png","datePublished":"2022-09-22T14:42:02+00:00","dateModified":"2023-04-18T14:06:41+00:00","breadcrumb":{"@id":"https:\/\/andamios-tendo.com\/fr\/nos-valeurs\/#breadcrumb"},"inLanguage":"fr-FR","potentialAction":[{"@type":"ReadAction","target":["https:\/\/andamios-tendo.com\/fr\/nos-valeurs\/"]}]},{"@type":"ImageObject","inLanguage":"fr-FR","@id":"https:\/\/andamios-tendo.com\/fr\/nos-valeurs\/#primaryimage","url":"https:\/\/andamios-tendo.com\/wp-content\/uploads\/sites\/2\/2022\/09\/ecouter.png","contentUrl":"https:\/\/andamios-tendo.com\/wp-content\/uploads\/sites\/2\/2022\/09\/ecouter.png"},{"@type":"BreadcrumbList","@id":"https:\/\/andamios-tendo.com\/fr\/nos-valeurs\/#breadcrumb","itemListElement":[{"@type":"ListItem","position":1,"name":"Tendo","item":"https:\/\/andamios-tendo.com\/fr\/"},{"@type":"ListItem","position":2,"name":"Nos valeurs"}]},{"@type":"WebSite","@id":"https:\/\/andamios-tendo.com\/fr\/#website","url":"https:\/\/andamios-tendo.com\/fr\/","name":"Tendo","description":"Une entreprise du groupe Fr\u00e9n\u00e9hard &amp; Michaux","publisher":{"@id":"https:\/\/andamios-tendo.com\/fr\/#organization"},"potentialAction":[{"@type":"SearchAction","target":{"@type":"EntryPoint","urlTemplate":"https:\/\/andamios-tendo.com\/fr\/?s={search_term_string}"},"query-input":{"@type":"PropertyValueSpecification","valueRequired":true,"valueName":"search_term_string"}}],"inLanguage":"fr-FR"},{"@type":"Organization","@id":"https:\/\/andamios-tendo.com\/fr\/#organization","name":"Tendo","url":"https:\/\/andamios-tendo.com\/fr\/","logo":{"@type":"ImageObject","inLanguage":"fr-FR","@id":"https:\/\/andamios-tendo.com\/fr\/#\/schema\/logo\/image\/","url":"https:\/\/andamios-tendo.com\/wp-content\/uploads\/sites\/2\/2022\/07\/logo_tendo-s.png","contentUrl":"https:\/\/andamios-tendo.com\/wp-content\/uploads\/sites\/2\/2022\/07\/logo_tendo-s.png","width":153,"height":30,"caption":"Tendo"},"image":{"@id":"https:\/\/andamios-tendo.com\/fr\/#\/schema\/logo\/image\/"}}]}},"_links":{"self":[{"href":"https:\/\/andamios-tendo.com\/fr\/wp-json\/wp\/v2\/pages\/392","targetHints":{"allow":["GET"]}}],"collection":[{"href":"https:\/\/andamios-tendo.com\/fr\/wp-json\/wp\/v2\/pages"}],"about":[{"href":"https:\/\/andamios-tendo.com\/fr\/wp-json\/wp\/v2\/types\/page"}],"author":[{"embeddable":true,"href":"https:\/\/andamios-tendo.com\/fr\/wp-json\/wp\/v2\/users\/8"}],"replies":[{"embeddable":true,"href":"https:\/\/andamios-tendo.com\/fr\/wp-json\/wp\/v2\/comments?post=392"}],"version-history":[{"count":21,"href":"https:\/\/andamios-tendo.com\/fr\/wp-json\/wp\/v2\/pages\/392\/revisions"}],"predecessor-version":[{"id":3669,"href":"https:\/\/andamios-tendo.com\/fr\/wp-json\/wp\/v2\/pages\/392\/revisions\/3669"}],"wp:attachment":[{"href":"https:\/\/andamios-tendo.com\/fr\/wp-json\/wp\/v2\/media?parent=392"}],"curies":[{"name":"wp","href":"https:\/\/api.w.org\/{rel}","templated":true}]}}