{"id":428,"date":"2022-09-22T16:53:29","date_gmt":"2022-09-22T14:53:29","guid":{"rendered":"https:\/\/andamios-tendo.com\/?page_id=428"},"modified":"2025-10-14T15:59:59","modified_gmt":"2025-10-14T13:59:59","slug":"le-groupe","status":"publish","type":"page","link":"https:\/\/andamios-tendo.com\/fr\/le-groupe\/","title":{"rendered":"Le groupe"},"content":{"rendered":"\n<p><\/p>\n\n\n\n<div class=\"wp-block-columns is-layout-flex wp-container-core-columns-is-layout-9d6595d7 wp-block-columns-is-layout-flex\">\n<div class=\"wp-block-column is-vertically-aligned-center is-layout-flow wp-block-column-is-layout-flow\" style=\"flex-basis:33.33%\">\n<p>Le Groupe Fr\u00e9n\u00e9hard &amp; Michaux est un groupement d&#8217;entreprises industrielles comptant plus de 1 200 employ\u00e9s dans le monde. Nos entreprises fournissent des produits et des services de qualit\u00e9 qui r\u00e9pondent aux besoins des sp\u00e9cialistes du travail en hauteur, des couvreurs et des autres professionnels du secteur de la construction.<\/p>\n<\/div>\n\n\n\n<div class=\"wp-block-column is-layout-flow wp-block-column-is-layout-flow\" style=\"flex-basis:70%\">\n<figure class=\"wp-block-image aligncenter size-large is-style-default\"><img loading=\"lazy\" decoding=\"async\" width=\"1024\" height=\"651\" src=\"https:\/\/andamios-tendo.com\/wp-content\/uploads\/sites\/2\/2022\/11\/groupe2-1024x651.jpg\" alt=\"\" class=\"wp-image-1903\" srcset=\"https:\/\/andamios-tendo.com\/wp-content\/uploads\/sites\/2\/2022\/11\/groupe2-1024x651.jpg 1024w, https:\/\/andamios-tendo.com\/wp-content\/uploads\/sites\/2\/2022\/11\/groupe2-300x191.jpg 300w, https:\/\/andamios-tendo.com\/wp-content\/uploads\/sites\/2\/2022\/11\/groupe2-768x488.jpg 768w, https:\/\/andamios-tendo.com\/wp-content\/uploads\/sites\/2\/2022\/11\/groupe2-600x381.jpg 600w, https:\/\/andamios-tendo.com\/wp-content\/uploads\/sites\/2\/2022\/11\/groupe2.jpg 1498w\" sizes=\"auto, (max-width: 1024px) 100vw, 1024px\" \/><\/figure>\n<\/div>\n<\/div>\n\n\n\n<div class=\"wp-block-columns is-layout-flex wp-container-core-columns-is-layout-9d6595d7 wp-block-columns-is-layout-flex\">\n<div class=\"wp-block-column is-layout-flow wp-block-column-is-layout-flow\">\n<figure class=\"wp-block-image aligncenter size-full is-resized\"><img loading=\"lazy\" decoding=\"async\" width=\"179\" height=\"178\" src=\"https:\/\/andamios-tendo.com\/wp-content\/uploads\/sites\/2\/2022\/11\/localisation.png\" alt=\"\" class=\"wp-image-1844\" style=\"width:60px;height:60px\" srcset=\"https:\/\/andamios-tendo.com\/wp-content\/uploads\/sites\/2\/2022\/11\/localisation.png 179w, https:\/\/andamios-tendo.com\/wp-content\/uploads\/sites\/2\/2022\/11\/localisation-150x150.png 150w, https:\/\/andamios-tendo.com\/wp-content\/uploads\/sites\/2\/2022\/11\/localisation-100x100.png 100w\" sizes=\"auto, (max-width: 179px) 100vw, 179px\" \/><\/figure>\n\n\n\n<p class=\"has-text-align-center\">31 sites en Europe<\/p>\n<\/div>\n\n\n\n<div class=\"wp-block-column is-layout-flow wp-block-column-is-layout-flow\">\n<figure class=\"wp-block-image aligncenter size-full is-resized\"><img loading=\"lazy\" decoding=\"async\" width=\"177\" height=\"177\" src=\"https:\/\/andamios-tendo.com\/wp-content\/uploads\/sites\/2\/2022\/11\/rentabilite.png\" alt=\"\" class=\"wp-image-1839\" style=\"width:60px;height:60px\" srcset=\"https:\/\/andamios-tendo.com\/wp-content\/uploads\/sites\/2\/2022\/11\/rentabilite.png 177w, https:\/\/andamios-tendo.com\/wp-content\/uploads\/sites\/2\/2022\/11\/rentabilite-150x150.png 150w, https:\/\/andamios-tendo.com\/wp-content\/uploads\/sites\/2\/2022\/11\/rentabilite-100x100.png 100w\" sizes=\"auto, (max-width: 177px) 100vw, 177px\" \/><\/figure>\n\n\n\n<p class=\"has-text-align-center\">Chiffre d&#8217;affaires de 300 millions d&#8217;euros<\/p>\n<\/div>\n\n\n\n<div class=\"wp-block-column is-layout-flow wp-block-column-is-layout-flow\">\n<figure class=\"wp-block-image aligncenter size-full is-resized\"><img loading=\"lazy\" decoding=\"async\" width=\"178\" height=\"178\" src=\"https:\/\/andamios-tendo.com\/wp-content\/uploads\/sites\/2\/2022\/11\/monde.png\" alt=\"\" class=\"wp-image-1833\" style=\"width:60px;height:60px\" srcset=\"https:\/\/andamios-tendo.com\/wp-content\/uploads\/sites\/2\/2022\/11\/monde.png 178w, https:\/\/andamios-tendo.com\/wp-content\/uploads\/sites\/2\/2022\/11\/monde-150x150.png 150w, https:\/\/andamios-tendo.com\/wp-content\/uploads\/sites\/2\/2022\/11\/monde-100x100.png 100w\" sizes=\"auto, (max-width: 178px) 100vw, 178px\" \/><\/figure>\n\n\n\n<p class=\"has-text-align-center\">Pr\u00e9sence dans plus de 70 pays<\/p>\n<\/div>\n<\/div>\n\n\n\n<div class=\"wp-block-columns are-vertically-aligned-center is-layout-flex wp-container-core-columns-is-layout-9d6595d7 wp-block-columns-is-layout-flex\">\n<div class=\"wp-block-column is-vertically-aligned-center is-layout-flow wp-block-column-is-layout-flow\">\n<h2 class=\"wp-block-heading has-medium-font-size\"><\/h2>\n\n\n\n<figure class=\"wp-block-image is-style-mycms-bg-orange mycms-img-bg size-large \"><img loading=\"lazy\" decoding=\"async\" width=\"1024\" height=\"1024\" src=\"https:\/\/andamios-tendo.com\/wp-content\/uploads\/sites\/2\/2022\/12\/carte-groupe2-1024x1024.jpg\" alt=\"\" class=\"wp-image-3257\" srcset=\"https:\/\/andamios-tendo.com\/wp-content\/uploads\/sites\/2\/2022\/12\/carte-groupe2-1024x1024.jpg 1024w, https:\/\/andamios-tendo.com\/wp-content\/uploads\/sites\/2\/2022\/12\/carte-groupe2-300x300.jpg 300w, https:\/\/andamios-tendo.com\/wp-content\/uploads\/sites\/2\/2022\/12\/carte-groupe2-150x150.jpg 150w, https:\/\/andamios-tendo.com\/wp-content\/uploads\/sites\/2\/2022\/12\/carte-groupe2-768x768.jpg 768w, https:\/\/andamios-tendo.com\/wp-content\/uploads\/sites\/2\/2022\/12\/carte-groupe2-600x600.jpg 600w, https:\/\/andamios-tendo.com\/wp-content\/uploads\/sites\/2\/2022\/12\/carte-groupe2-100x100.jpg 100w, https:\/\/andamios-tendo.com\/wp-content\/uploads\/sites\/2\/2022\/12\/carte-groupe2.jpg 1080w\" sizes=\"auto, (max-width: 1024px) 100vw, 1024px\" \/><\/figure>\n<\/div>\n\n\n\n<div class=\"wp-block-column is-vertically-aligned-center is-layout-flow wp-block-column-is-layout-flow\">\n<h2 class=\"wp-block-heading has-medium-font-size\" id=\"notre-vision\"><strong>NOTRE VISION<\/strong><\/h2>\n\n\n\n<p>Nous nous engageons \u00e0 fournir \u00e0 nos clients des solutions s\u00fbres et fiables pour leurs besoins professionnels. Forts de plus d&#8217;un si\u00e8cle d&#8217;exp\u00e9rience dans la fabrication de l&#8217;aluminium et de l&#8217;acier, nous sommes experts dans la fabrication de solutions d&#8217;acc\u00e8s en hauteur innovantes.<\/p>\n\n\n\n<p>Nous sommes pr\u00e9sents dans le monde entier, avec 24 sites internationaux en Europe et pouvons vous fournir des produits adapt\u00e9s \u00e0 vos besoins quelle que soit votre localisation.<\/p>\n<\/div>\n<\/div>\n\n\n\n<div class=\"wp-block-columns is-layout-flex wp-container-core-columns-is-layout-9d6595d7 wp-block-columns-is-layout-flex\">\n<div class=\"wp-block-column is-vertically-aligned-center is-layout-flow wp-block-column-is-layout-flow\">\n<h2 class=\"wp-block-heading has-medium-font-size\" id=\"notre-ambition-1\">NOTRE AMBITION<\/h2>\n\n\n\n<ul class=\"wp-block-list is-style-mycms-default\">\n<li>Cr\u00e9er des synergies entre nos entit\u00e9s pour faire na\u00eetre de grandes id\u00e9es.<\/li>\n\n\n\n<li>Renforcer les m\u00e9tiers de base de chacune de nos soci\u00e9t\u00e9s.<\/li>\n\n\n\n<li>Capitaliser sur nos marques historiques pour conqu\u00e9rir de nouveaux march\u00e9s.<\/li>\n\n\n\n<li>\u00c9tendre la pr\u00e9sence du groupe sur les march\u00e9s du b\u00e2timent et de l\u2019industrie.<\/li>\n\n\n\n<li>Mutualiser nos ressources en R&amp;D pour d\u00e9velopper nos gammes de produits.<\/li>\n<\/ul>\n<\/div>\n\n\n\n<div class=\"wp-block-column is-vertically-aligned-center is-layout-flow wp-block-column-is-layout-flow\">\n<figure class=\"wp-block-image aligncenter size-full\"><img loading=\"lazy\" decoding=\"async\" width=\"1000\" height=\"737\" src=\"https:\/\/andamios-tendo.com\/wp-content\/uploads\/sites\/2\/2022\/11\/IMG_5095-2.jpg\" alt=\"\" class=\"wp-image-1746\" srcset=\"https:\/\/andamios-tendo.com\/wp-content\/uploads\/sites\/2\/2022\/11\/IMG_5095-2.jpg 1000w, https:\/\/andamios-tendo.com\/wp-content\/uploads\/sites\/2\/2022\/11\/IMG_5095-2-300x221.jpg 300w, https:\/\/andamios-tendo.com\/wp-content\/uploads\/sites\/2\/2022\/11\/IMG_5095-2-768x566.jpg 768w, https:\/\/andamios-tendo.com\/wp-content\/uploads\/sites\/2\/2022\/11\/IMG_5095-2-600x442.jpg 600w\" sizes=\"auto, (max-width: 1000px) 100vw, 1000px\" \/><\/figure>\n<\/div>\n<\/div>\n\n\n\n<h3 class=\"wp-block-heading has-text-align-center has-mycms-yale-blue-color has-text-color\" id=\"notre-histoire\">NOTRE HISTOIRE<\/h3>\n\n\n\n<div class=\"wp-block-columns alignwide is-layout-flex wp-container-core-columns-is-layout-9d6595d7 wp-block-columns-is-layout-flex\">\n<div class=\"wp-block-column is-layout-flow wp-block-column-is-layout-flow\">\n<figure class=\"wp-block-image aligncenter size-full is-resized\"><img loading=\"lazy\" decoding=\"async\" width=\"178\" height=\"178\" src=\"https:\/\/andamios-tendo.com\/wp-content\/uploads\/sites\/2\/2022\/11\/Fichier-340.png\" alt=\"\" class=\"wp-image-1913\" style=\"width:60px;height:60px\" srcset=\"https:\/\/andamios-tendo.com\/wp-content\/uploads\/sites\/2\/2022\/11\/Fichier-340.png 178w, https:\/\/andamios-tendo.com\/wp-content\/uploads\/sites\/2\/2022\/11\/Fichier-340-150x150.png 150w, https:\/\/andamios-tendo.com\/wp-content\/uploads\/sites\/2\/2022\/11\/Fichier-340-100x100.png 100w\" sizes=\"auto, (max-width: 178px) 100vw, 178px\" \/><\/figure>\n\n\n\n<p class=\"has-text-align-center has-small-font-size\">Cr\u00e9ation de Fr\u00e9n\u00e9hard<\/p>\n<\/div>\n\n\n\n<div class=\"wp-block-column is-layout-flow wp-block-column-is-layout-flow\">\n<figure class=\"wp-block-image aligncenter size-full is-resized\"><img loading=\"lazy\" decoding=\"async\" width=\"179\" height=\"178\" src=\"https:\/\/andamios-tendo.com\/wp-content\/uploads\/sites\/2\/2022\/11\/Fichier-3411922.png\" alt=\"\" class=\"wp-image-1923\" style=\"width:60px;height:60px\" srcset=\"https:\/\/andamios-tendo.com\/wp-content\/uploads\/sites\/2\/2022\/11\/Fichier-3411922.png 179w, https:\/\/andamios-tendo.com\/wp-content\/uploads\/sites\/2\/2022\/11\/Fichier-3411922-150x150.png 150w, https:\/\/andamios-tendo.com\/wp-content\/uploads\/sites\/2\/2022\/11\/Fichier-3411922-100x100.png 100w\" sizes=\"auto, (max-width: 179px) 100vw, 179px\" \/><\/figure>\n\n\n\n<p class=\"has-text-align-center has-small-font-size\">Cr\u00e9ation de Fr\u00e9n\u00e9hard &amp; Michaux<\/p>\n<\/div>\n\n\n\n<div class=\"wp-block-column is-layout-flow wp-block-column-is-layout-flow\">\n<figure class=\"wp-block-image aligncenter size-full is-resized\"><img loading=\"lazy\" decoding=\"async\" width=\"179\" height=\"178\" src=\"https:\/\/andamios-tendo.com\/wp-content\/uploads\/sites\/2\/2022\/11\/Fichier-3411995.png\" alt=\"\" class=\"wp-image-1928\" style=\"width:60px;height:60px\" srcset=\"https:\/\/andamios-tendo.com\/wp-content\/uploads\/sites\/2\/2022\/11\/Fichier-3411995.png 179w, https:\/\/andamios-tendo.com\/wp-content\/uploads\/sites\/2\/2022\/11\/Fichier-3411995-150x150.png 150w, https:\/\/andamios-tendo.com\/wp-content\/uploads\/sites\/2\/2022\/11\/Fichier-3411995-100x100.png 100w\" sizes=\"auto, (max-width: 179px) 100vw, 179px\" \/><\/figure>\n\n\n\n<p class=\"has-text-align-center has-small-font-size\">Cr\u00e9ation de l&#8217;activit\u00e9 Protection anti-chute \u00e0 travers Securigard<\/p>\n<\/div>\n\n\n\n<div class=\"wp-block-column is-layout-flow wp-block-column-is-layout-flow\">\n<figure class=\"wp-block-image aligncenter size-full is-resized\"><img loading=\"lazy\" decoding=\"async\" width=\"179\" height=\"178\" src=\"https:\/\/andamios-tendo.com\/wp-content\/uploads\/sites\/2\/2022\/11\/Fichier-3412007.png\" alt=\"\" class=\"wp-image-1941\" style=\"width:60px;height:60px\" srcset=\"https:\/\/andamios-tendo.com\/wp-content\/uploads\/sites\/2\/2022\/11\/Fichier-3412007.png 179w, https:\/\/andamios-tendo.com\/wp-content\/uploads\/sites\/2\/2022\/11\/Fichier-3412007-150x150.png 150w, https:\/\/andamios-tendo.com\/wp-content\/uploads\/sites\/2\/2022\/11\/Fichier-3412007-100x100.png 100w\" sizes=\"auto, (max-width: 179px) 100vw, 179px\" \/><\/figure>\n\n\n\n<p class=\"has-text-align-center has-small-font-size\">Int\u00e9gration de FMS Ringue<\/p>\n<\/div>\n<\/div>\n\n\n\n<div class=\"wp-block-columns alignwide is-layout-flex wp-container-core-columns-is-layout-9d6595d7 wp-block-columns-is-layout-flex\">\n<div class=\"wp-block-column is-layout-flow wp-block-column-is-layout-flow\">\n<figure class=\"wp-block-image aligncenter size-full is-resized\"><img loading=\"lazy\" decoding=\"async\" width=\"179\" height=\"178\" src=\"https:\/\/andamios-tendo.com\/wp-content\/uploads\/sites\/2\/2022\/11\/Fichier-3412016.png\" alt=\"\" class=\"wp-image-1971\" style=\"width:60px;height:60px\" srcset=\"https:\/\/andamios-tendo.com\/wp-content\/uploads\/sites\/2\/2022\/11\/Fichier-3412016.png 179w, https:\/\/andamios-tendo.com\/wp-content\/uploads\/sites\/2\/2022\/11\/Fichier-3412016-150x150.png 150w, https:\/\/andamios-tendo.com\/wp-content\/uploads\/sites\/2\/2022\/11\/Fichier-3412016-100x100.png 100w\" sizes=\"auto, (max-width: 179px) 100vw, 179px\" \/><\/figure>\n\n\n\n<p class=\"has-text-align-center has-small-font-size\">Int\u00e9gration d&#8217;Artub, Skyworks, Tendo et Tubesca-Comabi<\/p>\n<\/div>\n\n\n\n<div class=\"wp-block-column is-layout-flow wp-block-column-is-layout-flow\">\n<figure class=\"wp-block-image aligncenter size-full is-resized\"><img loading=\"lazy\" decoding=\"async\" width=\"179\" height=\"178\" src=\"https:\/\/andamios-tendo.com\/wp-content\/uploads\/sites\/2\/2022\/11\/Fichier-3412018.png\" alt=\"\" class=\"wp-image-1979\" style=\"width:60px;height:60px\" srcset=\"https:\/\/andamios-tendo.com\/wp-content\/uploads\/sites\/2\/2022\/11\/Fichier-3412018.png 179w, https:\/\/andamios-tendo.com\/wp-content\/uploads\/sites\/2\/2022\/11\/Fichier-3412018-150x150.png 150w, https:\/\/andamios-tendo.com\/wp-content\/uploads\/sites\/2\/2022\/11\/Fichier-3412018-100x100.png 100w\" sizes=\"auto, (max-width: 179px) 100vw, 179px\" \/><\/figure>\n\n\n\n<p class=\"has-text-align-center has-small-font-size\">Int\u00e9gration de Syam<\/p>\n<\/div>\n\n\n\n<div class=\"wp-block-column is-layout-flow wp-block-column-is-layout-flow\">\n<figure class=\"wp-block-image aligncenter size-full is-resized\"><img loading=\"lazy\" decoding=\"async\" width=\"179\" height=\"178\" src=\"https:\/\/andamios-tendo.com\/wp-content\/uploads\/sites\/2\/2022\/11\/Fichier-3412020.png\" alt=\"\" class=\"wp-image-1984\" style=\"width:62px;height:61px\" srcset=\"https:\/\/andamios-tendo.com\/wp-content\/uploads\/sites\/2\/2022\/11\/Fichier-3412020.png 179w, https:\/\/andamios-tendo.com\/wp-content\/uploads\/sites\/2\/2022\/11\/Fichier-3412020-150x150.png 150w, https:\/\/andamios-tendo.com\/wp-content\/uploads\/sites\/2\/2022\/11\/Fichier-3412020-100x100.png 100w\" sizes=\"auto, (max-width: 179px) 100vw, 179px\" \/><\/figure>\n\n\n\n<p class=\"has-text-align-center has-small-font-size\">Int\u00e9gration de MA Estructuras<\/p>\n<\/div>\n\n\n\n<div class=\"wp-block-column is-layout-flow wp-block-column-is-layout-flow\">\n<figure class=\"wp-block-image aligncenter size-full is-resized\"><img loading=\"lazy\" decoding=\"async\" width=\"179\" height=\"178\" src=\"https:\/\/andamios-tendo.com\/wp-content\/uploads\/sites\/2\/2022\/11\/Fichier-3422021.png\" alt=\"\" class=\"wp-image-1989\" style=\"width:60px;height:60px\" srcset=\"https:\/\/andamios-tendo.com\/wp-content\/uploads\/sites\/2\/2022\/11\/Fichier-3422021.png 179w, https:\/\/andamios-tendo.com\/wp-content\/uploads\/sites\/2\/2022\/11\/Fichier-3422021-150x150.png 150w, https:\/\/andamios-tendo.com\/wp-content\/uploads\/sites\/2\/2022\/11\/Fichier-3422021-100x100.png 100w\" sizes=\"auto, (max-width: 179px) 100vw, 179px\" \/><\/figure>\n\n\n\n<p class=\"has-text-align-center has-small-font-size\">Int\u00e9gration de Gamesystem<\/p>\n<\/div>\n\n\n\n<div class=\"wp-block-column is-layout-flow wp-block-column-is-layout-flow\">\n<figure class=\"wp-block-image aligncenter size-full is-resized\"><img loading=\"lazy\" decoding=\"async\" width=\"179\" height=\"178\" src=\"https:\/\/andamios-tendo.com\/wp-content\/uploads\/sites\/2\/2022\/11\/Fichier-3422022.png\" alt=\"\" class=\"wp-image-1994\" style=\"width:60px;height:60px\" srcset=\"https:\/\/andamios-tendo.com\/wp-content\/uploads\/sites\/2\/2022\/11\/Fichier-3422022.png 179w, https:\/\/andamios-tendo.com\/wp-content\/uploads\/sites\/2\/2022\/11\/Fichier-3422022-150x150.png 150w, https:\/\/andamios-tendo.com\/wp-content\/uploads\/sites\/2\/2022\/11\/Fichier-3422022-100x100.png 100w\" sizes=\"auto, (max-width: 179px) 100vw, 179px\" \/><\/figure>\n\n\n\n<p class=\"has-text-align-center has-small-font-size\">Int\u00e9gration d&#8217;Altrex<\/p>\n<\/div>\n<\/div>\n","protected":false},"excerpt":{"rendered":"<p>Le Groupe Fr\u00e9n\u00e9hard &amp; Michaux est un groupement d&#8217;entreprises industrielles comptant plus de 1 200 employ\u00e9s dans le monde. Nos entreprises fournissent des produits et des services de qualit\u00e9 qui r\u00e9pondent aux besoins des sp\u00e9cialistes du travail en hauteur, des couvreurs et des autres professionnels du secteur de la construction. 31 sites en Europe Chiffre [&hellip;]<\/p>\n","protected":false},"author":8,"featured_media":0,"parent":0,"menu_order":0,"comment_status":"closed","ping_status":"closed","template":"","meta":{"_acf_changed":false,"footnotes":""},"class_list":["post-428","page","type-page","status-publish","hentry"],"acf":[],"yoast_head":"<!-- This site is optimized with the Yoast SEO plugin v27.3 - https:\/\/yoast.com\/product\/yoast-seo-wordpress\/ -->\n<title>Le groupe - Tendo<\/title>\n<meta name=\"robots\" content=\"index, follow, max-snippet:-1, max-image-preview:large, max-video-preview:-1\" \/>\n<link rel=\"canonical\" href=\"https:\/\/andamios-tendo.com\/fr\/le-groupe\/\" \/>\n<meta property=\"og:locale\" content=\"fr_FR\" \/>\n<meta property=\"og:type\" content=\"article\" \/>\n<meta property=\"og:title\" content=\"Le groupe - Tendo\" \/>\n<meta property=\"og:description\" content=\"Le Groupe Fr\u00e9n\u00e9hard &amp; Michaux est un groupement d&#8217;entreprises industrielles comptant plus de 1 200 employ\u00e9s dans le monde. Nos entreprises fournissent des produits et des services de qualit\u00e9 qui r\u00e9pondent aux besoins des sp\u00e9cialistes du travail en hauteur, des couvreurs et des autres professionnels du secteur de la construction. 31 sites en Europe Chiffre [&hellip;]\" \/>\n<meta property=\"og:url\" content=\"https:\/\/andamios-tendo.com\/fr\/le-groupe\/\" \/>\n<meta property=\"og:site_name\" content=\"Tendo\" \/>\n<meta property=\"article:modified_time\" content=\"2025-10-14T13:59:59+00:00\" \/>\n<meta property=\"og:image\" content=\"https:\/\/andamios-tendo.com\/wp-content\/uploads\/sites\/2\/2022\/11\/groupe2.jpg\" \/>\n\t<meta property=\"og:image:width\" content=\"1498\" \/>\n\t<meta property=\"og:image:height\" content=\"952\" \/>\n\t<meta property=\"og:image:type\" content=\"image\/jpeg\" \/>\n<meta name=\"twitter:card\" content=\"summary_large_image\" \/>\n<meta name=\"twitter:label1\" content=\"Dur\u00e9e de lecture estim\u00e9e\" \/>\n\t<meta name=\"twitter:data1\" content=\"5 minutes\" \/>\n<script type=\"application\/ld+json\" class=\"yoast-schema-graph\">{\"@context\":\"https:\\\/\\\/schema.org\",\"@graph\":[{\"@type\":\"WebPage\",\"@id\":\"https:\\\/\\\/andamios-tendo.com\\\/fr\\\/le-groupe\\\/\",\"url\":\"https:\\\/\\\/andamios-tendo.com\\\/fr\\\/le-groupe\\\/\",\"name\":\"Le groupe - Tendo\",\"isPartOf\":{\"@id\":\"https:\\\/\\\/andamios-tendo.com\\\/fr\\\/#website\"},\"primaryImageOfPage\":{\"@id\":\"https:\\\/\\\/andamios-tendo.com\\\/fr\\\/le-groupe\\\/#primaryimage\"},\"image\":{\"@id\":\"https:\\\/\\\/andamios-tendo.com\\\/fr\\\/le-groupe\\\/#primaryimage\"},\"thumbnailUrl\":\"https:\\\/\\\/andamios-tendo.com\\\/wp-content\\\/uploads\\\/sites\\\/2\\\/2022\\\/11\\\/groupe2-1024x651.jpg\",\"datePublished\":\"2022-09-22T14:53:29+00:00\",\"dateModified\":\"2025-10-14T13:59:59+00:00\",\"breadcrumb\":{\"@id\":\"https:\\\/\\\/andamios-tendo.com\\\/fr\\\/le-groupe\\\/#breadcrumb\"},\"inLanguage\":\"fr-FR\",\"potentialAction\":[{\"@type\":\"ReadAction\",\"target\":[\"https:\\\/\\\/andamios-tendo.com\\\/fr\\\/le-groupe\\\/\"]}]},{\"@type\":\"ImageObject\",\"inLanguage\":\"fr-FR\",\"@id\":\"https:\\\/\\\/andamios-tendo.com\\\/fr\\\/le-groupe\\\/#primaryimage\",\"url\":\"https:\\\/\\\/andamios-tendo.com\\\/wp-content\\\/uploads\\\/sites\\\/2\\\/2022\\\/11\\\/groupe2-1024x651.jpg\",\"contentUrl\":\"https:\\\/\\\/andamios-tendo.com\\\/wp-content\\\/uploads\\\/sites\\\/2\\\/2022\\\/11\\\/groupe2-1024x651.jpg\"},{\"@type\":\"BreadcrumbList\",\"@id\":\"https:\\\/\\\/andamios-tendo.com\\\/fr\\\/le-groupe\\\/#breadcrumb\",\"itemListElement\":[{\"@type\":\"ListItem\",\"position\":1,\"name\":\"Tendo\",\"item\":\"https:\\\/\\\/andamios-tendo.com\\\/fr\\\/\"},{\"@type\":\"ListItem\",\"position\":2,\"name\":\"Le groupe\"}]},{\"@type\":\"WebSite\",\"@id\":\"https:\\\/\\\/andamios-tendo.com\\\/fr\\\/#website\",\"url\":\"https:\\\/\\\/andamios-tendo.com\\\/fr\\\/\",\"name\":\"Tendo\",\"description\":\"Une entreprise du groupe Fr\u00e9n\u00e9hard &amp; Michaux\",\"publisher\":{\"@id\":\"https:\\\/\\\/andamios-tendo.com\\\/fr\\\/#organization\"},\"potentialAction\":[{\"@type\":\"SearchAction\",\"target\":{\"@type\":\"EntryPoint\",\"urlTemplate\":\"https:\\\/\\\/andamios-tendo.com\\\/fr\\\/?s={search_term_string}\"},\"query-input\":{\"@type\":\"PropertyValueSpecification\",\"valueRequired\":true,\"valueName\":\"search_term_string\"}}],\"inLanguage\":\"fr-FR\"},{\"@type\":\"Organization\",\"@id\":\"https:\\\/\\\/andamios-tendo.com\\\/fr\\\/#organization\",\"name\":\"Tendo\",\"url\":\"https:\\\/\\\/andamios-tendo.com\\\/fr\\\/\",\"logo\":{\"@type\":\"ImageObject\",\"inLanguage\":\"fr-FR\",\"@id\":\"https:\\\/\\\/andamios-tendo.com\\\/fr\\\/#\\\/schema\\\/logo\\\/image\\\/\",\"url\":\"https:\\\/\\\/andamios-tendo.com\\\/wp-content\\\/uploads\\\/sites\\\/2\\\/2022\\\/07\\\/logo_tendo-s.png\",\"contentUrl\":\"https:\\\/\\\/andamios-tendo.com\\\/wp-content\\\/uploads\\\/sites\\\/2\\\/2022\\\/07\\\/logo_tendo-s.png\",\"width\":153,\"height\":30,\"caption\":\"Tendo\"},\"image\":{\"@id\":\"https:\\\/\\\/andamios-tendo.com\\\/fr\\\/#\\\/schema\\\/logo\\\/image\\\/\"}}]}<\/script>\n<!-- \/ Yoast SEO plugin. -->","yoast_head_json":{"title":"Le groupe - Tendo","robots":{"index":"index","follow":"follow","max-snippet":"max-snippet:-1","max-image-preview":"max-image-preview:large","max-video-preview":"max-video-preview:-1"},"canonical":"https:\/\/andamios-tendo.com\/fr\/le-groupe\/","og_locale":"fr_FR","og_type":"article","og_title":"Le groupe - Tendo","og_description":"Le Groupe Fr\u00e9n\u00e9hard &amp; Michaux est un groupement d&#8217;entreprises industrielles comptant plus de 1 200 employ\u00e9s dans le monde. Nos entreprises fournissent des produits et des services de qualit\u00e9 qui r\u00e9pondent aux besoins des sp\u00e9cialistes du travail en hauteur, des couvreurs et des autres professionnels du secteur de la construction. 31 sites en Europe Chiffre [&hellip;]","og_url":"https:\/\/andamios-tendo.com\/fr\/le-groupe\/","og_site_name":"Tendo","article_modified_time":"2025-10-14T13:59:59+00:00","og_image":[{"width":1498,"height":952,"url":"https:\/\/andamios-tendo.com\/wp-content\/uploads\/sites\/2\/2022\/11\/groupe2.jpg","type":"image\/jpeg"}],"twitter_card":"summary_large_image","twitter_misc":{"Dur\u00e9e de lecture estim\u00e9e":"5 minutes"},"schema":{"@context":"https:\/\/schema.org","@graph":[{"@type":"WebPage","@id":"https:\/\/andamios-tendo.com\/fr\/le-groupe\/","url":"https:\/\/andamios-tendo.com\/fr\/le-groupe\/","name":"Le groupe - Tendo","isPartOf":{"@id":"https:\/\/andamios-tendo.com\/fr\/#website"},"primaryImageOfPage":{"@id":"https:\/\/andamios-tendo.com\/fr\/le-groupe\/#primaryimage"},"image":{"@id":"https:\/\/andamios-tendo.com\/fr\/le-groupe\/#primaryimage"},"thumbnailUrl":"https:\/\/andamios-tendo.com\/wp-content\/uploads\/sites\/2\/2022\/11\/groupe2-1024x651.jpg","datePublished":"2022-09-22T14:53:29+00:00","dateModified":"2025-10-14T13:59:59+00:00","breadcrumb":{"@id":"https:\/\/andamios-tendo.com\/fr\/le-groupe\/#breadcrumb"},"inLanguage":"fr-FR","potentialAction":[{"@type":"ReadAction","target":["https:\/\/andamios-tendo.com\/fr\/le-groupe\/"]}]},{"@type":"ImageObject","inLanguage":"fr-FR","@id":"https:\/\/andamios-tendo.com\/fr\/le-groupe\/#primaryimage","url":"https:\/\/andamios-tendo.com\/wp-content\/uploads\/sites\/2\/2022\/11\/groupe2-1024x651.jpg","contentUrl":"https:\/\/andamios-tendo.com\/wp-content\/uploads\/sites\/2\/2022\/11\/groupe2-1024x651.jpg"},{"@type":"BreadcrumbList","@id":"https:\/\/andamios-tendo.com\/fr\/le-groupe\/#breadcrumb","itemListElement":[{"@type":"ListItem","position":1,"name":"Tendo","item":"https:\/\/andamios-tendo.com\/fr\/"},{"@type":"ListItem","position":2,"name":"Le groupe"}]},{"@type":"WebSite","@id":"https:\/\/andamios-tendo.com\/fr\/#website","url":"https:\/\/andamios-tendo.com\/fr\/","name":"Tendo","description":"Une entreprise du groupe Fr\u00e9n\u00e9hard &amp; Michaux","publisher":{"@id":"https:\/\/andamios-tendo.com\/fr\/#organization"},"potentialAction":[{"@type":"SearchAction","target":{"@type":"EntryPoint","urlTemplate":"https:\/\/andamios-tendo.com\/fr\/?s={search_term_string}"},"query-input":{"@type":"PropertyValueSpecification","valueRequired":true,"valueName":"search_term_string"}}],"inLanguage":"fr-FR"},{"@type":"Organization","@id":"https:\/\/andamios-tendo.com\/fr\/#organization","name":"Tendo","url":"https:\/\/andamios-tendo.com\/fr\/","logo":{"@type":"ImageObject","inLanguage":"fr-FR","@id":"https:\/\/andamios-tendo.com\/fr\/#\/schema\/logo\/image\/","url":"https:\/\/andamios-tendo.com\/wp-content\/uploads\/sites\/2\/2022\/07\/logo_tendo-s.png","contentUrl":"https:\/\/andamios-tendo.com\/wp-content\/uploads\/sites\/2\/2022\/07\/logo_tendo-s.png","width":153,"height":30,"caption":"Tendo"},"image":{"@id":"https:\/\/andamios-tendo.com\/fr\/#\/schema\/logo\/image\/"}}]}},"_links":{"self":[{"href":"https:\/\/andamios-tendo.com\/fr\/wp-json\/wp\/v2\/pages\/428","targetHints":{"allow":["GET"]}}],"collection":[{"href":"https:\/\/andamios-tendo.com\/fr\/wp-json\/wp\/v2\/pages"}],"about":[{"href":"https:\/\/andamios-tendo.com\/fr\/wp-json\/wp\/v2\/types\/page"}],"author":[{"embeddable":true,"href":"https:\/\/andamios-tendo.com\/fr\/wp-json\/wp\/v2\/users\/8"}],"replies":[{"embeddable":true,"href":"https:\/\/andamios-tendo.com\/fr\/wp-json\/wp\/v2\/comments?post=428"}],"version-history":[{"count":136,"href":"https:\/\/andamios-tendo.com\/fr\/wp-json\/wp\/v2\/pages\/428\/revisions"}],"predecessor-version":[{"id":37325,"href":"https:\/\/andamios-tendo.com\/fr\/wp-json\/wp\/v2\/pages\/428\/revisions\/37325"}],"wp:attachment":[{"href":"https:\/\/andamios-tendo.com\/fr\/wp-json\/wp\/v2\/media?parent=428"}],"curies":[{"name":"wp","href":"https:\/\/api.w.org\/{rel}","templated":true}]}}