{"id":480,"date":"2022-09-26T09:15:06","date_gmt":"2022-09-26T07:15:06","guid":{"rendered":"https:\/\/andamios-tendo.com\/?page_id=480"},"modified":"2025-10-14T16:09:23","modified_gmt":"2025-10-14T14:09:23","slug":"hec","status":"publish","type":"page","link":"https:\/\/andamios-tendo.com\/fr\/hec\/","title":{"rendered":"Hauteur En Confiance"},"content":{"rendered":"\n<div class=\"wp-block-columns alignfull is-layout-flex wp-container-core-columns-is-layout-9d6595d7 wp-block-columns-is-layout-flex\">\n<div class=\"wp-block-column is-layout-flow wp-block-column-is-layout-flow\">\n<figure class=\"wp-block-image size-full\"><img loading=\"lazy\" decoding=\"async\" width=\"500\" height=\"455\" src=\"https:\/\/andamios-tendo.com\/wp-content\/uploads\/sites\/2\/2022\/09\/BATIMENT_FRENEHARD_MIN-705x642-1-500x455-1.jpg\" alt=\"\" class=\"wp-image-429\" srcset=\"https:\/\/andamios-tendo.com\/wp-content\/uploads\/sites\/2\/2022\/09\/BATIMENT_FRENEHARD_MIN-705x642-1-500x455-1.jpg 500w, https:\/\/andamios-tendo.com\/wp-content\/uploads\/sites\/2\/2022\/09\/BATIMENT_FRENEHARD_MIN-705x642-1-500x455-1-300x273.jpg 300w\" sizes=\"auto, (max-width: 500px) 100vw, 500px\" \/><\/figure>\n<\/div>\n\n\n\n<div class=\"wp-block-column is-layout-flow wp-block-column-is-layout-flow\">\n<p><\/p>\n\n\n\n<p>Altrex, Artub, FMS Ringue, Gamesystem, MA Estructuras, Securigard, Neressy, Skyworks, Syam, Tendo, Tubesca-Comabi\u2026 Nous allons tous dans la m\u00eame direction. Notre famille s&#8217;appelle Fr\u00e9n\u00e9hard &amp; Michaux, et nous partageons la m\u00eame id\u00e9e : s\u00e9curiser vos chantiers avec nos \u00e9chafaudages et \u00e9chelles, protections collectives et individuelles et accessoires pour toits et couvertures.<\/p>\n\n\n\n<p>Nous sommes tous conscients des risques associ\u00e9s au travail en hauteur, et il est important que nous travaillions ensemble pour garantir votre s\u00e9curit\u00e9.<\/p>\n<\/div>\n\n\n\n<div class=\"wp-block-column is-layout-flow wp-block-column-is-layout-flow\">\n<figure class=\"wp-block-image size-full\"><img loading=\"lazy\" decoding=\"async\" width=\"500\" height=\"455\" src=\"https:\/\/andamios-tendo.com\/wp-content\/uploads\/sites\/2\/2022\/09\/BATIMENT_INDUSTRIE_MIN-705x642-1-500x455-1.jpg\" alt=\"\" class=\"wp-image-434\" srcset=\"https:\/\/andamios-tendo.com\/wp-content\/uploads\/sites\/2\/2022\/09\/BATIMENT_INDUSTRIE_MIN-705x642-1-500x455-1.jpg 500w, https:\/\/andamios-tendo.com\/wp-content\/uploads\/sites\/2\/2022\/09\/BATIMENT_INDUSTRIE_MIN-705x642-1-500x455-1-300x273.jpg 300w\" sizes=\"auto, (max-width: 500px) 100vw, 500px\" \/><\/figure>\n<\/div>\n<\/div>\n\n\n\n<div class=\"wp-block-columns are-vertically-aligned-center is-layout-flex wp-container-core-columns-is-layout-9d6595d7 wp-block-columns-is-layout-flex\">\n<div class=\"wp-block-column is-vertically-aligned-center is-layout-flow wp-block-column-is-layout-flow\" style=\"flex-basis:50%\">\n<figure class=\"wp-block-image is-style-mycms-bg-orange mycms-img-bg size-full is-resized  has-position-bottom-left\"><img loading=\"lazy\" decoding=\"async\" width=\"600\" height=\"595\" src=\"https:\/\/andamios-tendo.com\/wp-content\/uploads\/sites\/2\/2022\/12\/tendo.jpg\" alt=\"\" class=\"wp-image-3132\" style=\"width:450px;height:446px\" srcset=\"https:\/\/andamios-tendo.com\/wp-content\/uploads\/sites\/2\/2022\/12\/tendo.jpg 600w, https:\/\/andamios-tendo.com\/wp-content\/uploads\/sites\/2\/2022\/12\/tendo-300x298.jpg 300w, https:\/\/andamios-tendo.com\/wp-content\/uploads\/sites\/2\/2022\/12\/tendo-150x150.jpg 150w, https:\/\/andamios-tendo.com\/wp-content\/uploads\/sites\/2\/2022\/12\/tendo-100x100.jpg 100w\" sizes=\"auto, (max-width: 600px) 100vw, 600px\" \/><\/figure>\n<\/div>\n\n\n\n<div class=\"wp-block-column is-vertically-aligned-center is-layout-flow wp-block-column-is-layout-flow\" style=\"flex-basis:33.33%\">\n<h3 class=\"wp-block-heading has-mycms-yale-blue-color has-text-color\" id=\"nos-solutions-1\">NOS SOLUTIONS<\/h3>\n\n\n\n<ul class=\"wp-block-list is-style-mycms-default\">\n<li>Garde-corps permanents toits plats<\/li>\n\n\n\n<li>Garde-corps temporaires sur toiture et bas de pente<\/li>\n\n\n\n<li>Equipements de Protection Individuelle (E.P.I.)<\/li>\n\n\n\n<li>Ancrages fixes et mobiles, lignes de vie<\/li>\n\n\n\n<li>Protections de lanterneaux<\/li>\n\n\n\n<li>Passerelles et sauts de loup<\/li>\n\n\n\n<li>Echelles \u00e0 crinoline<\/li>\n\n\n\n<li>Nacelles suspendues<\/li>\n\n\n\n<li>Echafaudages fixes, roulants, sur consoles et parapluie<\/li>\n\n\n\n<li>Monte-mat\u00e9riaux<\/li>\n\n\n\n<li>Echelles et \u00e9chelles de toit<\/li>\n\n\n\n<li>Marchepieds, escabeaux, plates-formes de travail<\/li>\n\n\n\n<li>Audit, conseil, conception, formation, location, pose et suivi<\/li>\n<\/ul>\n<\/div>\n<\/div>\n\n\n\n<div class=\"wp-block-columns is-layout-flex wp-container-core-columns-is-layout-9d6595d7 wp-block-columns-is-layout-flex\">\n<div class=\"wp-block-column is-layout-flow wp-block-column-is-layout-flow\">\n<div class=\"wp-block-columns is-layout-flex wp-container-core-columns-is-layout-9d6595d7 wp-block-columns-is-layout-flex\">\n<div class=\"wp-block-column is-layout-flow wp-block-column-is-layout-flow\">\n<figure class=\"wp-block-image size-full\"><img loading=\"lazy\" decoding=\"async\" width=\"696\" height=\"696\" src=\"https:\/\/andamios-tendo.com\/wp-content\/uploads\/sites\/2\/2022\/11\/suspendu.jpg\" alt=\"\" class=\"wp-image-2095\" srcset=\"https:\/\/andamios-tendo.com\/wp-content\/uploads\/sites\/2\/2022\/11\/suspendu.jpg 696w, https:\/\/andamios-tendo.com\/wp-content\/uploads\/sites\/2\/2022\/11\/suspendu-300x300.jpg 300w, https:\/\/andamios-tendo.com\/wp-content\/uploads\/sites\/2\/2022\/11\/suspendu-150x150.jpg 150w, https:\/\/andamios-tendo.com\/wp-content\/uploads\/sites\/2\/2022\/11\/suspendu-600x600.jpg 600w, https:\/\/andamios-tendo.com\/wp-content\/uploads\/sites\/2\/2022\/11\/suspendu-100x100.jpg 100w\" sizes=\"auto, (max-width: 696px) 100vw, 696px\" \/><\/figure>\n<\/div>\n\n\n\n<div class=\"wp-block-column is-layout-flow wp-block-column-is-layout-flow\">\n<figure class=\"wp-block-image size-large\"><img loading=\"lazy\" decoding=\"async\" width=\"1024\" height=\"1016\" src=\"https:\/\/andamios-tendo.com\/wp-content\/uploads\/sites\/2\/2022\/11\/syam-1024x1016.jpg\" alt=\"\" class=\"wp-image-2039\" srcset=\"https:\/\/andamios-tendo.com\/wp-content\/uploads\/sites\/2\/2022\/11\/syam-1024x1016.jpg 1024w, https:\/\/andamios-tendo.com\/wp-content\/uploads\/sites\/2\/2022\/11\/syam-300x298.jpg 300w, https:\/\/andamios-tendo.com\/wp-content\/uploads\/sites\/2\/2022\/11\/syam-150x150.jpg 150w, https:\/\/andamios-tendo.com\/wp-content\/uploads\/sites\/2\/2022\/11\/syam-768x762.jpg 768w, https:\/\/andamios-tendo.com\/wp-content\/uploads\/sites\/2\/2022\/11\/syam-600x595.jpg 600w, https:\/\/andamios-tendo.com\/wp-content\/uploads\/sites\/2\/2022\/11\/syam-100x100.jpg 100w, https:\/\/andamios-tendo.com\/wp-content\/uploads\/sites\/2\/2022\/11\/syam.jpg 1089w\" sizes=\"auto, (max-width: 1024px) 100vw, 1024px\" \/><\/figure>\n<\/div>\n\n\n\n<div class=\"wp-block-column is-layout-flow wp-block-column-is-layout-flow\">\n<figure class=\"wp-block-image size-large\"><img loading=\"lazy\" decoding=\"async\" width=\"1024\" height=\"1016\" src=\"https:\/\/andamios-tendo.com\/wp-content\/uploads\/sites\/2\/2022\/11\/frenehard-1024x1016.jpg\" alt=\"\" class=\"wp-image-2034\" srcset=\"https:\/\/andamios-tendo.com\/wp-content\/uploads\/sites\/2\/2022\/11\/frenehard-1024x1016.jpg 1024w, https:\/\/andamios-tendo.com\/wp-content\/uploads\/sites\/2\/2022\/11\/frenehard-300x298.jpg 300w, https:\/\/andamios-tendo.com\/wp-content\/uploads\/sites\/2\/2022\/11\/frenehard-150x150.jpg 150w, https:\/\/andamios-tendo.com\/wp-content\/uploads\/sites\/2\/2022\/11\/frenehard-768x762.jpg 768w, https:\/\/andamios-tendo.com\/wp-content\/uploads\/sites\/2\/2022\/11\/frenehard-600x595.jpg 600w, https:\/\/andamios-tendo.com\/wp-content\/uploads\/sites\/2\/2022\/11\/frenehard-100x100.jpg 100w, https:\/\/andamios-tendo.com\/wp-content\/uploads\/sites\/2\/2022\/11\/frenehard.jpg 1089w\" sizes=\"auto, (max-width: 1024px) 100vw, 1024px\" \/><\/figure>\n<\/div>\n\n\n\n<div class=\"wp-block-column is-layout-flow wp-block-column-is-layout-flow\">\n<figure class=\"wp-block-image size-large\"><img loading=\"lazy\" decoding=\"async\" width=\"1024\" height=\"1016\" src=\"https:\/\/andamios-tendo.com\/wp-content\/uploads\/sites\/2\/2022\/11\/gamesystem-2-1024x1016.jpg\" alt=\"\" class=\"wp-image-2029\" srcset=\"https:\/\/andamios-tendo.com\/wp-content\/uploads\/sites\/2\/2022\/11\/gamesystem-2-1024x1016.jpg 1024w, https:\/\/andamios-tendo.com\/wp-content\/uploads\/sites\/2\/2022\/11\/gamesystem-2-300x298.jpg 300w, https:\/\/andamios-tendo.com\/wp-content\/uploads\/sites\/2\/2022\/11\/gamesystem-2-150x150.jpg 150w, https:\/\/andamios-tendo.com\/wp-content\/uploads\/sites\/2\/2022\/11\/gamesystem-2-768x762.jpg 768w, https:\/\/andamios-tendo.com\/wp-content\/uploads\/sites\/2\/2022\/11\/gamesystem-2-600x595.jpg 600w, https:\/\/andamios-tendo.com\/wp-content\/uploads\/sites\/2\/2022\/11\/gamesystem-2-100x100.jpg 100w, https:\/\/andamios-tendo.com\/wp-content\/uploads\/sites\/2\/2022\/11\/gamesystem-2.jpg 1089w\" sizes=\"auto, (max-width: 1024px) 100vw, 1024px\" \/><\/figure>\n<\/div>\n\n\n\n<div class=\"wp-block-column is-layout-flow wp-block-column-is-layout-flow\">\n<figure class=\"wp-block-image size-large\"><img loading=\"lazy\" decoding=\"async\" width=\"1024\" height=\"1016\" src=\"https:\/\/andamios-tendo.com\/wp-content\/uploads\/sites\/2\/2022\/11\/gamesystem-1024x1016.jpg\" alt=\"\" class=\"wp-image-2024\" srcset=\"https:\/\/andamios-tendo.com\/wp-content\/uploads\/sites\/2\/2022\/11\/gamesystem-1024x1016.jpg 1024w, https:\/\/andamios-tendo.com\/wp-content\/uploads\/sites\/2\/2022\/11\/gamesystem-300x298.jpg 300w, https:\/\/andamios-tendo.com\/wp-content\/uploads\/sites\/2\/2022\/11\/gamesystem-150x150.jpg 150w, https:\/\/andamios-tendo.com\/wp-content\/uploads\/sites\/2\/2022\/11\/gamesystem-768x762.jpg 768w, https:\/\/andamios-tendo.com\/wp-content\/uploads\/sites\/2\/2022\/11\/gamesystem-600x595.jpg 600w, https:\/\/andamios-tendo.com\/wp-content\/uploads\/sites\/2\/2022\/11\/gamesystem-100x100.jpg 100w, https:\/\/andamios-tendo.com\/wp-content\/uploads\/sites\/2\/2022\/11\/gamesystem.jpg 1089w\" sizes=\"auto, (max-width: 1024px) 100vw, 1024px\" \/><\/figure>\n<\/div>\n\n\n\n<div class=\"wp-block-column is-layout-flow wp-block-column-is-layout-flow\">\n<figure class=\"wp-block-image size-full\"><img loading=\"lazy\" decoding=\"async\" width=\"686\" height=\"686\" src=\"https:\/\/andamios-tendo.com\/wp-content\/uploads\/sites\/2\/2022\/11\/installations-anti-chute-garde-corps.jpg\" alt=\"\" class=\"wp-image-2101\" srcset=\"https:\/\/andamios-tendo.com\/wp-content\/uploads\/sites\/2\/2022\/11\/installations-anti-chute-garde-corps.jpg 686w, https:\/\/andamios-tendo.com\/wp-content\/uploads\/sites\/2\/2022\/11\/installations-anti-chute-garde-corps-300x300.jpg 300w, https:\/\/andamios-tendo.com\/wp-content\/uploads\/sites\/2\/2022\/11\/installations-anti-chute-garde-corps-150x150.jpg 150w, https:\/\/andamios-tendo.com\/wp-content\/uploads\/sites\/2\/2022\/11\/installations-anti-chute-garde-corps-600x600.jpg 600w, https:\/\/andamios-tendo.com\/wp-content\/uploads\/sites\/2\/2022\/11\/installations-anti-chute-garde-corps-100x100.jpg 100w\" sizes=\"auto, (max-width: 686px) 100vw, 686px\" \/><\/figure>\n<\/div>\n<\/div>\n<\/div>\n<\/div>\n","protected":false},"excerpt":{"rendered":"<p>Altrex, Artub, FMS Ringue, Gamesystem, MA Estructuras, Securigard, Neressy, Skyworks, Syam, Tendo, Tubesca-Comabi\u2026 Nous allons tous dans la m\u00eame direction. Notre famille s&#8217;appelle Fr\u00e9n\u00e9hard &amp; Michaux, et nous partageons la m\u00eame id\u00e9e : s\u00e9curiser vos chantiers avec nos \u00e9chafaudages et \u00e9chelles, protections collectives et individuelles et accessoires pour toits et couvertures. Nous sommes tous conscients [&hellip;]<\/p>\n","protected":false},"author":8,"featured_media":0,"parent":0,"menu_order":0,"comment_status":"closed","ping_status":"closed","template":"","meta":{"_acf_changed":false,"footnotes":""},"class_list":["post-480","page","type-page","status-publish","hentry"],"acf":[],"yoast_head":"<!-- This site is optimized with the Yoast SEO plugin v27.3 - https:\/\/yoast.com\/product\/yoast-seo-wordpress\/ -->\n<title>Hauteur En Confiance - Tendo<\/title>\n<meta name=\"robots\" content=\"index, follow, max-snippet:-1, max-image-preview:large, max-video-preview:-1\" \/>\n<link rel=\"canonical\" href=\"https:\/\/andamios-tendo.com\/fr\/hec\/\" \/>\n<meta property=\"og:locale\" content=\"fr_FR\" \/>\n<meta property=\"og:type\" content=\"article\" \/>\n<meta property=\"og:title\" content=\"Hauteur En Confiance - Tendo\" \/>\n<meta property=\"og:description\" content=\"Altrex, Artub, FMS Ringue, Gamesystem, MA Estructuras, Securigard, Neressy, Skyworks, Syam, Tendo, Tubesca-Comabi\u2026 Nous allons tous dans la m\u00eame direction. Notre famille s&#8217;appelle Fr\u00e9n\u00e9hard &amp; Michaux, et nous partageons la m\u00eame id\u00e9e : s\u00e9curiser vos chantiers avec nos \u00e9chafaudages et \u00e9chelles, protections collectives et individuelles et accessoires pour toits et couvertures. Nous sommes tous conscients [&hellip;]\" \/>\n<meta property=\"og:url\" content=\"https:\/\/andamios-tendo.com\/fr\/hec\/\" \/>\n<meta property=\"og:site_name\" content=\"Tendo\" \/>\n<meta property=\"article:modified_time\" content=\"2025-10-14T14:09:23+00:00\" \/>\n<meta property=\"og:image\" content=\"https:\/\/andamios-tendo.com\/wp-content\/uploads\/sites\/2\/2022\/09\/BATIMENT_FRENEHARD_MIN-705x642-1-500x455-1.jpg\" \/>\n\t<meta property=\"og:image:width\" content=\"500\" \/>\n\t<meta property=\"og:image:height\" content=\"455\" \/>\n\t<meta property=\"og:image:type\" content=\"image\/jpeg\" \/>\n<meta name=\"twitter:card\" content=\"summary_large_image\" \/>\n<meta name=\"twitter:label1\" content=\"Dur\u00e9e de lecture estim\u00e9e\" \/>\n\t<meta name=\"twitter:data1\" content=\"3 minutes\" \/>\n<script type=\"application\/ld+json\" class=\"yoast-schema-graph\">{\"@context\":\"https:\\\/\\\/schema.org\",\"@graph\":[{\"@type\":\"WebPage\",\"@id\":\"https:\\\/\\\/andamios-tendo.com\\\/fr\\\/hec\\\/\",\"url\":\"https:\\\/\\\/andamios-tendo.com\\\/fr\\\/hec\\\/\",\"name\":\"Hauteur En Confiance - Tendo\",\"isPartOf\":{\"@id\":\"https:\\\/\\\/andamios-tendo.com\\\/fr\\\/#website\"},\"primaryImageOfPage\":{\"@id\":\"https:\\\/\\\/andamios-tendo.com\\\/fr\\\/hec\\\/#primaryimage\"},\"image\":{\"@id\":\"https:\\\/\\\/andamios-tendo.com\\\/fr\\\/hec\\\/#primaryimage\"},\"thumbnailUrl\":\"https:\\\/\\\/andamios-tendo.com\\\/wp-content\\\/uploads\\\/sites\\\/2\\\/2022\\\/09\\\/BATIMENT_FRENEHARD_MIN-705x642-1-500x455-1.jpg\",\"datePublished\":\"2022-09-26T07:15:06+00:00\",\"dateModified\":\"2025-10-14T14:09:23+00:00\",\"breadcrumb\":{\"@id\":\"https:\\\/\\\/andamios-tendo.com\\\/fr\\\/hec\\\/#breadcrumb\"},\"inLanguage\":\"fr-FR\",\"potentialAction\":[{\"@type\":\"ReadAction\",\"target\":[\"https:\\\/\\\/andamios-tendo.com\\\/fr\\\/hec\\\/\"]}]},{\"@type\":\"ImageObject\",\"inLanguage\":\"fr-FR\",\"@id\":\"https:\\\/\\\/andamios-tendo.com\\\/fr\\\/hec\\\/#primaryimage\",\"url\":\"https:\\\/\\\/andamios-tendo.com\\\/wp-content\\\/uploads\\\/sites\\\/2\\\/2022\\\/09\\\/BATIMENT_FRENEHARD_MIN-705x642-1-500x455-1.jpg\",\"contentUrl\":\"https:\\\/\\\/andamios-tendo.com\\\/wp-content\\\/uploads\\\/sites\\\/2\\\/2022\\\/09\\\/BATIMENT_FRENEHARD_MIN-705x642-1-500x455-1.jpg\"},{\"@type\":\"BreadcrumbList\",\"@id\":\"https:\\\/\\\/andamios-tendo.com\\\/fr\\\/hec\\\/#breadcrumb\",\"itemListElement\":[{\"@type\":\"ListItem\",\"position\":1,\"name\":\"Tendo\",\"item\":\"https:\\\/\\\/andamios-tendo.com\\\/fr\\\/\"},{\"@type\":\"ListItem\",\"position\":2,\"name\":\"Hauteur En Confiance\"}]},{\"@type\":\"WebSite\",\"@id\":\"https:\\\/\\\/andamios-tendo.com\\\/fr\\\/#website\",\"url\":\"https:\\\/\\\/andamios-tendo.com\\\/fr\\\/\",\"name\":\"Tendo\",\"description\":\"Une entreprise du groupe Fr\u00e9n\u00e9hard &amp; Michaux\",\"publisher\":{\"@id\":\"https:\\\/\\\/andamios-tendo.com\\\/fr\\\/#organization\"},\"potentialAction\":[{\"@type\":\"SearchAction\",\"target\":{\"@type\":\"EntryPoint\",\"urlTemplate\":\"https:\\\/\\\/andamios-tendo.com\\\/fr\\\/?s={search_term_string}\"},\"query-input\":{\"@type\":\"PropertyValueSpecification\",\"valueRequired\":true,\"valueName\":\"search_term_string\"}}],\"inLanguage\":\"fr-FR\"},{\"@type\":\"Organization\",\"@id\":\"https:\\\/\\\/andamios-tendo.com\\\/fr\\\/#organization\",\"name\":\"Tendo\",\"url\":\"https:\\\/\\\/andamios-tendo.com\\\/fr\\\/\",\"logo\":{\"@type\":\"ImageObject\",\"inLanguage\":\"fr-FR\",\"@id\":\"https:\\\/\\\/andamios-tendo.com\\\/fr\\\/#\\\/schema\\\/logo\\\/image\\\/\",\"url\":\"https:\\\/\\\/andamios-tendo.com\\\/wp-content\\\/uploads\\\/sites\\\/2\\\/2022\\\/07\\\/logo_tendo-s.png\",\"contentUrl\":\"https:\\\/\\\/andamios-tendo.com\\\/wp-content\\\/uploads\\\/sites\\\/2\\\/2022\\\/07\\\/logo_tendo-s.png\",\"width\":153,\"height\":30,\"caption\":\"Tendo\"},\"image\":{\"@id\":\"https:\\\/\\\/andamios-tendo.com\\\/fr\\\/#\\\/schema\\\/logo\\\/image\\\/\"}}]}<\/script>\n<!-- \/ Yoast SEO plugin. -->","yoast_head_json":{"title":"Hauteur En Confiance - Tendo","robots":{"index":"index","follow":"follow","max-snippet":"max-snippet:-1","max-image-preview":"max-image-preview:large","max-video-preview":"max-video-preview:-1"},"canonical":"https:\/\/andamios-tendo.com\/fr\/hec\/","og_locale":"fr_FR","og_type":"article","og_title":"Hauteur En Confiance - Tendo","og_description":"Altrex, Artub, FMS Ringue, Gamesystem, MA Estructuras, Securigard, Neressy, Skyworks, Syam, Tendo, Tubesca-Comabi\u2026 Nous allons tous dans la m\u00eame direction. Notre famille s&#8217;appelle Fr\u00e9n\u00e9hard &amp; Michaux, et nous partageons la m\u00eame id\u00e9e : s\u00e9curiser vos chantiers avec nos \u00e9chafaudages et \u00e9chelles, protections collectives et individuelles et accessoires pour toits et couvertures. Nous sommes tous conscients [&hellip;]","og_url":"https:\/\/andamios-tendo.com\/fr\/hec\/","og_site_name":"Tendo","article_modified_time":"2025-10-14T14:09:23+00:00","og_image":[{"width":500,"height":455,"url":"https:\/\/andamios-tendo.com\/wp-content\/uploads\/sites\/2\/2022\/09\/BATIMENT_FRENEHARD_MIN-705x642-1-500x455-1.jpg","type":"image\/jpeg"}],"twitter_card":"summary_large_image","twitter_misc":{"Dur\u00e9e de lecture estim\u00e9e":"3 minutes"},"schema":{"@context":"https:\/\/schema.org","@graph":[{"@type":"WebPage","@id":"https:\/\/andamios-tendo.com\/fr\/hec\/","url":"https:\/\/andamios-tendo.com\/fr\/hec\/","name":"Hauteur En Confiance - Tendo","isPartOf":{"@id":"https:\/\/andamios-tendo.com\/fr\/#website"},"primaryImageOfPage":{"@id":"https:\/\/andamios-tendo.com\/fr\/hec\/#primaryimage"},"image":{"@id":"https:\/\/andamios-tendo.com\/fr\/hec\/#primaryimage"},"thumbnailUrl":"https:\/\/andamios-tendo.com\/wp-content\/uploads\/sites\/2\/2022\/09\/BATIMENT_FRENEHARD_MIN-705x642-1-500x455-1.jpg","datePublished":"2022-09-26T07:15:06+00:00","dateModified":"2025-10-14T14:09:23+00:00","breadcrumb":{"@id":"https:\/\/andamios-tendo.com\/fr\/hec\/#breadcrumb"},"inLanguage":"fr-FR","potentialAction":[{"@type":"ReadAction","target":["https:\/\/andamios-tendo.com\/fr\/hec\/"]}]},{"@type":"ImageObject","inLanguage":"fr-FR","@id":"https:\/\/andamios-tendo.com\/fr\/hec\/#primaryimage","url":"https:\/\/andamios-tendo.com\/wp-content\/uploads\/sites\/2\/2022\/09\/BATIMENT_FRENEHARD_MIN-705x642-1-500x455-1.jpg","contentUrl":"https:\/\/andamios-tendo.com\/wp-content\/uploads\/sites\/2\/2022\/09\/BATIMENT_FRENEHARD_MIN-705x642-1-500x455-1.jpg"},{"@type":"BreadcrumbList","@id":"https:\/\/andamios-tendo.com\/fr\/hec\/#breadcrumb","itemListElement":[{"@type":"ListItem","position":1,"name":"Tendo","item":"https:\/\/andamios-tendo.com\/fr\/"},{"@type":"ListItem","position":2,"name":"Hauteur En Confiance"}]},{"@type":"WebSite","@id":"https:\/\/andamios-tendo.com\/fr\/#website","url":"https:\/\/andamios-tendo.com\/fr\/","name":"Tendo","description":"Une entreprise du groupe Fr\u00e9n\u00e9hard &amp; Michaux","publisher":{"@id":"https:\/\/andamios-tendo.com\/fr\/#organization"},"potentialAction":[{"@type":"SearchAction","target":{"@type":"EntryPoint","urlTemplate":"https:\/\/andamios-tendo.com\/fr\/?s={search_term_string}"},"query-input":{"@type":"PropertyValueSpecification","valueRequired":true,"valueName":"search_term_string"}}],"inLanguage":"fr-FR"},{"@type":"Organization","@id":"https:\/\/andamios-tendo.com\/fr\/#organization","name":"Tendo","url":"https:\/\/andamios-tendo.com\/fr\/","logo":{"@type":"ImageObject","inLanguage":"fr-FR","@id":"https:\/\/andamios-tendo.com\/fr\/#\/schema\/logo\/image\/","url":"https:\/\/andamios-tendo.com\/wp-content\/uploads\/sites\/2\/2022\/07\/logo_tendo-s.png","contentUrl":"https:\/\/andamios-tendo.com\/wp-content\/uploads\/sites\/2\/2022\/07\/logo_tendo-s.png","width":153,"height":30,"caption":"Tendo"},"image":{"@id":"https:\/\/andamios-tendo.com\/fr\/#\/schema\/logo\/image\/"}}]}},"_links":{"self":[{"href":"https:\/\/andamios-tendo.com\/fr\/wp-json\/wp\/v2\/pages\/480","targetHints":{"allow":["GET"]}}],"collection":[{"href":"https:\/\/andamios-tendo.com\/fr\/wp-json\/wp\/v2\/pages"}],"about":[{"href":"https:\/\/andamios-tendo.com\/fr\/wp-json\/wp\/v2\/types\/page"}],"author":[{"embeddable":true,"href":"https:\/\/andamios-tendo.com\/fr\/wp-json\/wp\/v2\/users\/8"}],"replies":[{"embeddable":true,"href":"https:\/\/andamios-tendo.com\/fr\/wp-json\/wp\/v2\/comments?post=480"}],"version-history":[{"count":39,"href":"https:\/\/andamios-tendo.com\/fr\/wp-json\/wp\/v2\/pages\/480\/revisions"}],"predecessor-version":[{"id":37338,"href":"https:\/\/andamios-tendo.com\/fr\/wp-json\/wp\/v2\/pages\/480\/revisions\/37338"}],"wp:attachment":[{"href":"https:\/\/andamios-tendo.com\/fr\/wp-json\/wp\/v2\/media?parent=480"}],"curies":[{"name":"wp","href":"https:\/\/api.w.org\/{rel}","templated":true}]}}