{"id":498,"date":"2022-09-26T09:38:36","date_gmt":"2022-09-26T07:38:36","guid":{"rendered":"https:\/\/andamios-tendo.com\/?page_id=498"},"modified":"2023-01-16T14:46:22","modified_gmt":"2023-01-16T13:46:22","slug":"qualite-securite-et-environnement","status":"publish","type":"page","link":"https:\/\/andamios-tendo.com\/fr\/qualite-securite-et-environnement\/","title":{"rendered":"Qualit\u00e9, S\u00e9curit\u00e9 et Environnement"},"content":{"rendered":"\n<figure class=\"wp-block-image size-large\"><img loading=\"lazy\" decoding=\"async\" width=\"1024\" height=\"294\" src=\"https:\/\/andamios-tendo.com\/wp-content\/uploads\/sites\/2\/2022\/09\/qualite-1024x294.jpg\" alt=\"\" class=\"wp-image-1164\" srcset=\"https:\/\/andamios-tendo.com\/wp-content\/uploads\/sites\/2\/2022\/09\/qualite-1024x294.jpg 1024w, https:\/\/andamios-tendo.com\/wp-content\/uploads\/sites\/2\/2022\/09\/qualite-300x86.jpg 300w, https:\/\/andamios-tendo.com\/wp-content\/uploads\/sites\/2\/2022\/09\/qualite-768x220.jpg 768w, https:\/\/andamios-tendo.com\/wp-content\/uploads\/sites\/2\/2022\/09\/qualite-600x172.jpg 600w, https:\/\/andamios-tendo.com\/wp-content\/uploads\/sites\/2\/2022\/09\/qualite.jpg 1500w\" sizes=\"auto, (max-width: 1024px) 100vw, 1024px\" \/><\/figure>\n\n\n\n<p>Tendo s\u2019engage \u00e0 garantir la s\u00e9curit\u00e9, la qualit\u00e9 et l\u2019environnement de son personnel. \u00c0 cette fin, l\u2019entreprise adopte une approche align\u00e9e sur des normes de qualit\u00e9 internationales telles que les normes ISO&nbsp;9001 ou ISO&nbsp;14001. Elle vise une am\u00e9lioration continue, afin d\u2019offrir des conditions de travail responsables tout en produisant des produits de qualit\u00e9.<\/p>\n\n\n<section class=\"mycms-content-wrapper mycms-grid-row--centered  mediatitlelist\">\n    <div class=\"mycms-mediatitlelist mycms-grid-row mycms-list--unstyled\">\n        <img loading=\"lazy\" decoding=\"async\" width=\"541\" height=\"360\" src=\"https:\/\/andamios-tendo.com\/wp-content\/uploads\/sites\/2\/2022\/09\/qualite2-541x360.jpg\" class=\"attachment-mediatitlelist size-mediatitlelist\" alt=\"\" srcset=\"https:\/\/andamios-tendo.com\/wp-content\/uploads\/sites\/2\/2022\/09\/qualite2-541x360.jpg 541w, https:\/\/andamios-tendo.com\/wp-content\/uploads\/sites\/2\/2022\/09\/qualite2-317x211.jpg 317w\" sizes=\"auto, (max-width: 541px) 100vw, 541px\" \/><div class=\"mycms-mediatitlelist--container mycms-grid-column-lg-6 mycms-grid-column-md-6 mycms-grid-column-sm-2 \"><h3 class=\"mycms-txt--h3 mycms-txt--color-onyx-light mycms-margin-bottom--30\">LES PLANS D\u2019ACTIONS DE TENDO S\u2019ARTICULENT AUTOUR DE 5 ORIENTATIONS MAJEURES <\/h3><ol class=\"mycms-mediatitlelist--list\"><li><span>Satisfaction et exp\u00e9rience du client<\/span><\/li><li><span>Engagement civique de l\u2019entreprise<\/span><\/li><li><span>D\u00e9ploiement des industries<\/span><\/li><li><span>Utilisation efficiente et efficace des ressources et capacit\u00e9s<\/span><\/li><li><span>Attention port\u00e9e au d\u00e9veloppement personnel<\/span><\/li><\/ol><\/div>    <\/div>\n<\/section>\n\n\n\n<h2 class=\"has-medium-font-size wp-block-heading\" id=\"qualite\"><strong>QUALIT\u00c9<\/strong><\/h2>\n\n\n\n<p>Tendo s\u2019engage \u00e0 proposer des produits et services de la plus haute qualit\u00e9 possible. Dans ce contexte, elle a obtenu la certification ISO&nbsp;9001 et CE 12810-12811 il y a plus de 20&nbsp;ans. Ce gage de qualit\u00e9 assure \u00e0 la fois la conformit\u00e9 de nos produits et le savoir-faire de notre entreprise pour garantir une valeur ajout\u00e9e (au produit ou service). Pour maintenir ce haut niveau d\u2019excellence, nous suivons chacune des \u00e9tapes du processus de qualit\u00e9, de l\u2019achat au proc\u00e9d\u00e9 de production.<\/p>\n\n\n<section class=\"mycms-content-wrapper mycms-grid-row--centered  mediatitlelist\">\n    <div class=\"mycms-mediatitlelist mycms-grid-row mycms-list--unstyled\">\n        <img loading=\"lazy\" decoding=\"async\" width=\"541\" height=\"360\" src=\"https:\/\/andamios-tendo.com\/wp-content\/uploads\/sites\/2\/2022\/09\/qualite3-541x360.jpg\" class=\"attachment-mediatitlelist size-mediatitlelist\" alt=\"\" srcset=\"https:\/\/andamios-tendo.com\/wp-content\/uploads\/sites\/2\/2022\/09\/qualite3-541x360.jpg 541w, https:\/\/andamios-tendo.com\/wp-content\/uploads\/sites\/2\/2022\/09\/qualite3-317x211.jpg 317w\" sizes=\"auto, (max-width: 541px) 100vw, 541px\" \/><div class=\"mycms-mediatitlelist--container mycms-grid-column-lg-6 mycms-grid-column-md-6 mycms-grid-column-sm-2 \"><h3 class=\"mycms-txt--h3 mycms-txt--color-onyx-light mycms-margin-bottom--30\">Les \u00e9quipes du service qualit\u00e9 veillent aux \u00e9tapes de :<\/h3><ol class=\"mycms-mediatitlelist--list\"><li><span>Mise en \u0153uvre : tests de contr\u00f4le de la qualit\u00e9, conformit\u00e9 et certification des produits ; <\/span><\/li><li><span>V\u00e9rification : tra\u00e7abilit\u00e9 de fabrication et suivi des produits ;<\/span><\/li><li><span>Rapports : enregistrement des r\u00e9sultats et archivage des tests ;<\/span><\/li><li><span>Am\u00e9lioration continue : participation \u00e0 la mise en \u0153uvre et \u00e0 l\u2019optimisation des protocoles d\u2019essai<\/span><\/li><\/ol><\/div>    <\/div>\n<\/section>\n\n\n\n<h2 class=\"has-medium-font-size wp-block-heading\" id=\"securite\"><strong>S\u00c9CURIT\u00c9<\/strong><\/h2>\n\n\n\n<p>Pour contr\u00f4ler la tra\u00e7abilit\u00e9 des instructions de s\u00e9curit\u00e9 de l\u2019entreprise, nous avons \u00e9labor\u00e9 un document unique qui quantifie les risques professionnels. La sant\u00e9 et la s\u00e9curit\u00e9 de notre personnel sont au c\u0153ur de nos pr\u00e9occupations.<\/p>\n\n\n\n<h2 class=\"has-medium-font-size wp-block-heading\" id=\"environnement\"><strong>ENVIRONNEMENT<\/strong><\/h2>\n\n\n\n<p>Tendo a toujours cherch\u00e9 \u00e0 \u00eatre une entreprise respectueuse de l\u2019environnement. Pour r\u00e9pondre aux besoins de ses clients, l\u2019entreprise a adopt\u00e9 un nouveau cadre de responsabilit\u00e9 soci\u00e9tale des entreprises (RSE), qui consiste \u00e0 allier toutes les pratiques orient\u00e9es vers le respect des principes du d\u00e9veloppement durable, viables sur le plan \u00e9conomique et ayant une incidence positive pour la soci\u00e9t\u00e9 et l\u2019environnement.<\/p>\n\n\n<section class=\"mycms-content-wrapper mycms-grid-row--centered  mediatitlelist\">\n    <div class=\"mycms-mediatitlelist mycms-grid-row mycms-list--unstyled\">\n        <img loading=\"lazy\" decoding=\"async\" width=\"541\" height=\"360\" src=\"https:\/\/andamios-tendo.com\/wp-content\/uploads\/sites\/2\/2022\/09\/qualite4-541x360.jpg\" class=\"attachment-mediatitlelist size-mediatitlelist\" alt=\"\" srcset=\"https:\/\/andamios-tendo.com\/wp-content\/uploads\/sites\/2\/2022\/09\/qualite4-541x360.jpg 541w, https:\/\/andamios-tendo.com\/wp-content\/uploads\/sites\/2\/2022\/09\/qualite4-317x211.jpg 317w\" sizes=\"auto, (max-width: 541px) 100vw, 541px\" \/><div class=\"mycms-mediatitlelist--container mycms-grid-column-lg-6 mycms-grid-column-md-6 mycms-grid-column-sm-2 \"><h3 class=\"mycms-txt--h3 mycms-txt--color-onyx-light mycms-margin-bottom--30\">Ces certifications garantissent l\u2019excellence de nos produits :<\/h3><ol class=\"mycms-mediatitlelist--list\"><li><span>Tendo s\u2019engage \u00e0 proposer des produits s\u00fbrs et de qualit\u00e9 en conformit\u00e9 avec les normes europ\u00e9ennes.<\/span><\/li><li><span>Tendo est membre \u00e0 part enti\u00e8re des commissions europ\u00e9enne et espagnole pour l\u2019acc\u00e8s \u00e0 la hauteur. Elle fait \u00e9galement partie du syndicat de l\u2019\u00e9chafaudage.<\/span><\/li><li><span>Tendo a toujours travaill\u00e9 en \u00e9troite collaboration avec des entreprises espagnoles et europ\u00e9ennes pour garantir la s\u00e9curit\u00e9 de ses produits.<\/span><\/li><li><span>Tous nos produits sont soumis \u00e0 des tests rigoureux r\u00e9alis\u00e9s par des laboratoires ind\u00e9pendants afin d\u2019en garantir la qualit\u00e9.<\/span><\/li><\/ol><\/div>    <\/div>\n<\/section>\n\n\n\n<p>Nos produits sont certifi\u00e9s et labellis\u00e9s par des organismes d\u2019inspection ind\u00e9pendants reconnus dans tous les pays de l\u2019Union europ\u00e9enne. L\u2019obtention de ces labels de qualit\u00e9 est le r\u00e9sultat d\u2019une d\u00e9marche volontaire de la part du fabricant. Ils ont \u00e9t\u00e9 attribu\u00e9s par des laboratoires officiels, qui authentifient la conformit\u00e9 des produits de Tendo aux normes et d\u00e9crets en vigueur.<\/p>\n\n\n\n<div class=\"wp-block-buttons is-layout-flex wp-block-buttons-is-layout-flex\">\n<div class=\"wp-block-button\"><a class=\"wp-block-button__link\" href=\"https:\/\/andamios-tendo.com\/wp-content\/uploads\/sites\/2\/2023\/01\/FR_Anexo-1-Politica-calidadseguridad-y-medio-ambiente.pdf\">Notre politique Qualit\u00e9, S\u00e9curit\u00e9 et Environnement<\/a><\/div>\n<\/div>\n","protected":false},"excerpt":{"rendered":"<p>Tendo s\u2019engage \u00e0 garantir la s\u00e9curit\u00e9, la qualit\u00e9 et l\u2019environnement de son personnel. \u00c0 cette fin, l\u2019entreprise adopte une approche align\u00e9e sur des normes de qualit\u00e9 internationales telles que les normes ISO&nbsp;9001 ou ISO&nbsp;14001. Elle vise une am\u00e9lioration continue, afin d\u2019offrir des conditions de travail responsables tout en produisant des produits de qualit\u00e9. QUALIT\u00c9 Tendo [&hellip;]<\/p>\n","protected":false},"author":8,"featured_media":0,"parent":0,"menu_order":0,"comment_status":"closed","ping_status":"closed","template":"","meta":{"_acf_changed":false,"footnotes":""},"class_list":["post-498","page","type-page","status-publish","hentry"],"acf":[],"yoast_head":"<!-- This site is optimized with the Yoast SEO plugin v27.4 - https:\/\/yoast.com\/product\/yoast-seo-wordpress\/ -->\n<title>Qualit\u00e9, S\u00e9curit\u00e9 et Environnement - Tendo<\/title>\n<meta name=\"robots\" content=\"index, follow, max-snippet:-1, max-image-preview:large, max-video-preview:-1\" \/>\n<link rel=\"canonical\" href=\"https:\/\/andamios-tendo.com\/fr\/qualite-securite-et-environnement\/\" \/>\n<meta property=\"og:locale\" content=\"fr_FR\" \/>\n<meta property=\"og:type\" content=\"article\" \/>\n<meta property=\"og:title\" content=\"Qualit\u00e9, S\u00e9curit\u00e9 et Environnement - Tendo\" \/>\n<meta property=\"og:description\" content=\"Tendo s\u2019engage \u00e0 garantir la s\u00e9curit\u00e9, la qualit\u00e9 et l\u2019environnement de son personnel. \u00c0 cette fin, l\u2019entreprise adopte une approche align\u00e9e sur des normes de qualit\u00e9 internationales telles que les normes ISO&nbsp;9001 ou ISO&nbsp;14001. Elle vise une am\u00e9lioration continue, afin d\u2019offrir des conditions de travail responsables tout en produisant des produits de qualit\u00e9. QUALIT\u00c9 Tendo [&hellip;]\" \/>\n<meta property=\"og:url\" content=\"https:\/\/andamios-tendo.com\/fr\/qualite-securite-et-environnement\/\" \/>\n<meta property=\"og:site_name\" content=\"Tendo\" \/>\n<meta property=\"article:modified_time\" content=\"2023-01-16T13:46:22+00:00\" \/>\n<meta property=\"og:image\" content=\"https:\/\/andamios-tendo.com\/wp-content\/uploads\/sites\/2\/2022\/09\/qualite-1024x294.jpg\" \/>\n<meta name=\"twitter:card\" content=\"summary_large_image\" \/>\n<meta name=\"twitter:label1\" content=\"Dur\u00e9e de lecture estim\u00e9e\" \/>\n\t<meta name=\"twitter:data1\" content=\"2 minutes\" \/>\n<script type=\"application\/ld+json\" class=\"yoast-schema-graph\">{\"@context\":\"https:\\\/\\\/schema.org\",\"@graph\":[{\"@type\":\"WebPage\",\"@id\":\"https:\\\/\\\/andamios-tendo.com\\\/fr\\\/qualite-securite-et-environnement\\\/\",\"url\":\"https:\\\/\\\/andamios-tendo.com\\\/fr\\\/qualite-securite-et-environnement\\\/\",\"name\":\"Qualit\u00e9, S\u00e9curit\u00e9 et Environnement - Tendo\",\"isPartOf\":{\"@id\":\"https:\\\/\\\/andamios-tendo.com\\\/fr\\\/#website\"},\"primaryImageOfPage\":{\"@id\":\"https:\\\/\\\/andamios-tendo.com\\\/fr\\\/qualite-securite-et-environnement\\\/#primaryimage\"},\"image\":{\"@id\":\"https:\\\/\\\/andamios-tendo.com\\\/fr\\\/qualite-securite-et-environnement\\\/#primaryimage\"},\"thumbnailUrl\":\"https:\\\/\\\/andamios-tendo.com\\\/wp-content\\\/uploads\\\/sites\\\/2\\\/2022\\\/09\\\/qualite-1024x294.jpg\",\"datePublished\":\"2022-09-26T07:38:36+00:00\",\"dateModified\":\"2023-01-16T13:46:22+00:00\",\"breadcrumb\":{\"@id\":\"https:\\\/\\\/andamios-tendo.com\\\/fr\\\/qualite-securite-et-environnement\\\/#breadcrumb\"},\"inLanguage\":\"fr-FR\",\"potentialAction\":[{\"@type\":\"ReadAction\",\"target\":[\"https:\\\/\\\/andamios-tendo.com\\\/fr\\\/qualite-securite-et-environnement\\\/\"]}]},{\"@type\":\"ImageObject\",\"inLanguage\":\"fr-FR\",\"@id\":\"https:\\\/\\\/andamios-tendo.com\\\/fr\\\/qualite-securite-et-environnement\\\/#primaryimage\",\"url\":\"https:\\\/\\\/andamios-tendo.com\\\/wp-content\\\/uploads\\\/sites\\\/2\\\/2022\\\/09\\\/qualite-1024x294.jpg\",\"contentUrl\":\"https:\\\/\\\/andamios-tendo.com\\\/wp-content\\\/uploads\\\/sites\\\/2\\\/2022\\\/09\\\/qualite-1024x294.jpg\"},{\"@type\":\"BreadcrumbList\",\"@id\":\"https:\\\/\\\/andamios-tendo.com\\\/fr\\\/qualite-securite-et-environnement\\\/#breadcrumb\",\"itemListElement\":[{\"@type\":\"ListItem\",\"position\":1,\"name\":\"Tendo\",\"item\":\"https:\\\/\\\/andamios-tendo.com\\\/fr\\\/\"},{\"@type\":\"ListItem\",\"position\":2,\"name\":\"Qualit\u00e9, S\u00e9curit\u00e9 et Environnement\"}]},{\"@type\":\"WebSite\",\"@id\":\"https:\\\/\\\/andamios-tendo.com\\\/fr\\\/#website\",\"url\":\"https:\\\/\\\/andamios-tendo.com\\\/fr\\\/\",\"name\":\"Tendo\",\"description\":\"Une entreprise du groupe Fr\u00e9n\u00e9hard &amp; Michaux\",\"publisher\":{\"@id\":\"https:\\\/\\\/andamios-tendo.com\\\/fr\\\/#organization\"},\"potentialAction\":[{\"@type\":\"SearchAction\",\"target\":{\"@type\":\"EntryPoint\",\"urlTemplate\":\"https:\\\/\\\/andamios-tendo.com\\\/fr\\\/?s={search_term_string}\"},\"query-input\":{\"@type\":\"PropertyValueSpecification\",\"valueRequired\":true,\"valueName\":\"search_term_string\"}}],\"inLanguage\":\"fr-FR\"},{\"@type\":\"Organization\",\"@id\":\"https:\\\/\\\/andamios-tendo.com\\\/fr\\\/#organization\",\"name\":\"Tendo\",\"url\":\"https:\\\/\\\/andamios-tendo.com\\\/fr\\\/\",\"logo\":{\"@type\":\"ImageObject\",\"inLanguage\":\"fr-FR\",\"@id\":\"https:\\\/\\\/andamios-tendo.com\\\/fr\\\/#\\\/schema\\\/logo\\\/image\\\/\",\"url\":\"https:\\\/\\\/andamios-tendo.com\\\/wp-content\\\/uploads\\\/sites\\\/2\\\/2022\\\/07\\\/logo_tendo-s.png\",\"contentUrl\":\"https:\\\/\\\/andamios-tendo.com\\\/wp-content\\\/uploads\\\/sites\\\/2\\\/2022\\\/07\\\/logo_tendo-s.png\",\"width\":153,\"height\":30,\"caption\":\"Tendo\"},\"image\":{\"@id\":\"https:\\\/\\\/andamios-tendo.com\\\/fr\\\/#\\\/schema\\\/logo\\\/image\\\/\"}}]}<\/script>\n<!-- \/ Yoast SEO plugin. -->","yoast_head_json":{"title":"Qualit\u00e9, S\u00e9curit\u00e9 et Environnement - Tendo","robots":{"index":"index","follow":"follow","max-snippet":"max-snippet:-1","max-image-preview":"max-image-preview:large","max-video-preview":"max-video-preview:-1"},"canonical":"https:\/\/andamios-tendo.com\/fr\/qualite-securite-et-environnement\/","og_locale":"fr_FR","og_type":"article","og_title":"Qualit\u00e9, S\u00e9curit\u00e9 et Environnement - Tendo","og_description":"Tendo s\u2019engage \u00e0 garantir la s\u00e9curit\u00e9, la qualit\u00e9 et l\u2019environnement de son personnel. \u00c0 cette fin, l\u2019entreprise adopte une approche align\u00e9e sur des normes de qualit\u00e9 internationales telles que les normes ISO&nbsp;9001 ou ISO&nbsp;14001. Elle vise une am\u00e9lioration continue, afin d\u2019offrir des conditions de travail responsables tout en produisant des produits de qualit\u00e9. QUALIT\u00c9 Tendo [&hellip;]","og_url":"https:\/\/andamios-tendo.com\/fr\/qualite-securite-et-environnement\/","og_site_name":"Tendo","article_modified_time":"2023-01-16T13:46:22+00:00","og_image":[{"url":"https:\/\/andamios-tendo.com\/wp-content\/uploads\/sites\/2\/2022\/09\/qualite-1024x294.jpg","type":"","width":"","height":""}],"twitter_card":"summary_large_image","twitter_misc":{"Dur\u00e9e de lecture estim\u00e9e":"2 minutes"},"schema":{"@context":"https:\/\/schema.org","@graph":[{"@type":"WebPage","@id":"https:\/\/andamios-tendo.com\/fr\/qualite-securite-et-environnement\/","url":"https:\/\/andamios-tendo.com\/fr\/qualite-securite-et-environnement\/","name":"Qualit\u00e9, S\u00e9curit\u00e9 et Environnement - Tendo","isPartOf":{"@id":"https:\/\/andamios-tendo.com\/fr\/#website"},"primaryImageOfPage":{"@id":"https:\/\/andamios-tendo.com\/fr\/qualite-securite-et-environnement\/#primaryimage"},"image":{"@id":"https:\/\/andamios-tendo.com\/fr\/qualite-securite-et-environnement\/#primaryimage"},"thumbnailUrl":"https:\/\/andamios-tendo.com\/wp-content\/uploads\/sites\/2\/2022\/09\/qualite-1024x294.jpg","datePublished":"2022-09-26T07:38:36+00:00","dateModified":"2023-01-16T13:46:22+00:00","breadcrumb":{"@id":"https:\/\/andamios-tendo.com\/fr\/qualite-securite-et-environnement\/#breadcrumb"},"inLanguage":"fr-FR","potentialAction":[{"@type":"ReadAction","target":["https:\/\/andamios-tendo.com\/fr\/qualite-securite-et-environnement\/"]}]},{"@type":"ImageObject","inLanguage":"fr-FR","@id":"https:\/\/andamios-tendo.com\/fr\/qualite-securite-et-environnement\/#primaryimage","url":"https:\/\/andamios-tendo.com\/wp-content\/uploads\/sites\/2\/2022\/09\/qualite-1024x294.jpg","contentUrl":"https:\/\/andamios-tendo.com\/wp-content\/uploads\/sites\/2\/2022\/09\/qualite-1024x294.jpg"},{"@type":"BreadcrumbList","@id":"https:\/\/andamios-tendo.com\/fr\/qualite-securite-et-environnement\/#breadcrumb","itemListElement":[{"@type":"ListItem","position":1,"name":"Tendo","item":"https:\/\/andamios-tendo.com\/fr\/"},{"@type":"ListItem","position":2,"name":"Qualit\u00e9, S\u00e9curit\u00e9 et Environnement"}]},{"@type":"WebSite","@id":"https:\/\/andamios-tendo.com\/fr\/#website","url":"https:\/\/andamios-tendo.com\/fr\/","name":"Tendo","description":"Une entreprise du groupe Fr\u00e9n\u00e9hard &amp; Michaux","publisher":{"@id":"https:\/\/andamios-tendo.com\/fr\/#organization"},"potentialAction":[{"@type":"SearchAction","target":{"@type":"EntryPoint","urlTemplate":"https:\/\/andamios-tendo.com\/fr\/?s={search_term_string}"},"query-input":{"@type":"PropertyValueSpecification","valueRequired":true,"valueName":"search_term_string"}}],"inLanguage":"fr-FR"},{"@type":"Organization","@id":"https:\/\/andamios-tendo.com\/fr\/#organization","name":"Tendo","url":"https:\/\/andamios-tendo.com\/fr\/","logo":{"@type":"ImageObject","inLanguage":"fr-FR","@id":"https:\/\/andamios-tendo.com\/fr\/#\/schema\/logo\/image\/","url":"https:\/\/andamios-tendo.com\/wp-content\/uploads\/sites\/2\/2022\/07\/logo_tendo-s.png","contentUrl":"https:\/\/andamios-tendo.com\/wp-content\/uploads\/sites\/2\/2022\/07\/logo_tendo-s.png","width":153,"height":30,"caption":"Tendo"},"image":{"@id":"https:\/\/andamios-tendo.com\/fr\/#\/schema\/logo\/image\/"}}]}},"_links":{"self":[{"href":"https:\/\/andamios-tendo.com\/fr\/wp-json\/wp\/v2\/pages\/498","targetHints":{"allow":["GET"]}}],"collection":[{"href":"https:\/\/andamios-tendo.com\/fr\/wp-json\/wp\/v2\/pages"}],"about":[{"href":"https:\/\/andamios-tendo.com\/fr\/wp-json\/wp\/v2\/types\/page"}],"author":[{"embeddable":true,"href":"https:\/\/andamios-tendo.com\/fr\/wp-json\/wp\/v2\/users\/8"}],"replies":[{"embeddable":true,"href":"https:\/\/andamios-tendo.com\/fr\/wp-json\/wp\/v2\/comments?post=498"}],"version-history":[{"count":17,"href":"https:\/\/andamios-tendo.com\/fr\/wp-json\/wp\/v2\/pages\/498\/revisions"}],"predecessor-version":[{"id":3385,"href":"https:\/\/andamios-tendo.com\/fr\/wp-json\/wp\/v2\/pages\/498\/revisions\/3385"}],"wp:attachment":[{"href":"https:\/\/andamios-tendo.com\/fr\/wp-json\/wp\/v2\/media?parent=498"}],"curies":[{"name":"wp","href":"https:\/\/api.w.org\/{rel}","templated":true}]}}