{"id":510,"date":"2022-09-26T09:49:09","date_gmt":"2022-09-26T07:49:09","guid":{"rendered":"https:\/\/andamios-tendo.com\/?page_id=510"},"modified":"2022-12-20T09:17:16","modified_gmt":"2022-12-20T08:17:16","slug":"nos-solutions","status":"publish","type":"page","link":"https:\/\/andamios-tendo.com\/fr\/nos-solutions\/","title":{"rendered":"Nos solutions"},"content":{"rendered":"\n<figure class=\"wp-block-image size-large\"><img loading=\"lazy\" decoding=\"async\" width=\"1024\" height=\"294\" src=\"https:\/\/andamios-tendo.com\/wp-content\/uploads\/sites\/2\/2022\/09\/solutions5-1024x294.jpg\" alt=\"\" class=\"wp-image-1395\" srcset=\"https:\/\/andamios-tendo.com\/wp-content\/uploads\/sites\/2\/2022\/09\/solutions5-1024x294.jpg 1024w, https:\/\/andamios-tendo.com\/wp-content\/uploads\/sites\/2\/2022\/09\/solutions5-300x86.jpg 300w, https:\/\/andamios-tendo.com\/wp-content\/uploads\/sites\/2\/2022\/09\/solutions5-768x220.jpg 768w, https:\/\/andamios-tendo.com\/wp-content\/uploads\/sites\/2\/2022\/09\/solutions5-600x172.jpg 600w, https:\/\/andamios-tendo.com\/wp-content\/uploads\/sites\/2\/2022\/09\/solutions5.jpg 1500w\" sizes=\"auto, (max-width: 1024px) 100vw, 1024px\" \/><\/figure>\n\n\n\n<p>Deux types de structures qui s\u2019adaptent parfaitement aux besoins de la t\u00e2che \u00e0 effectuer en hauteur, qu\u2019il s\u2019agisse de couvrir un b\u00e2timent ou d\u2019effectuer des travaux de maintenance industrielle.<\/p>\n\n\n\n<h2 class=\"has-large-font-size wp-block-heading\" id=\"goya\">GOYA<\/h2>\n\n\n\n<div class=\"wp-block-columns is-layout-flex wp-container-core-columns-is-layout-9d6595d7 wp-block-columns-is-layout-flex\">\n<div class=\"wp-block-column is-layout-flow wp-block-column-is-layout-flow\">\n<figure class=\"wp-block-image is-style-mycms-bg-orange mycms-img-bg alignwide size-full \"><img loading=\"lazy\" decoding=\"async\" width=\"720\" height=\"405\" src=\"https:\/\/andamios-tendo.com\/wp-content\/uploads\/sites\/2\/2022\/09\/goya2.jpg\" alt=\"\" class=\"wp-image-1365\" srcset=\"https:\/\/andamios-tendo.com\/wp-content\/uploads\/sites\/2\/2022\/09\/goya2.jpg 720w, https:\/\/andamios-tendo.com\/wp-content\/uploads\/sites\/2\/2022\/09\/goya2-300x169.jpg 300w, https:\/\/andamios-tendo.com\/wp-content\/uploads\/sites\/2\/2022\/09\/goya2-600x338.jpg 600w\" sizes=\"auto, (max-width: 720px) 100vw, 720px\" \/><\/figure>\n<\/div>\n\n\n\n<div class=\"wp-block-column is-layout-flow wp-block-column-is-layout-flow\">\n<p><strong>\u00c9CHAFAUDAGE \u00c0 CADRES<\/strong><\/p>\n\n\n\n<p>Il est essentiellement compos\u00e9 de cadres ou de portiques, assembl\u00e9s entre eux gr\u00e2ce \u00e0 des plateformes et longerons, ainsi que des diagonales, qui cr\u00e9ent une structure parfaitement rigide. N\u00e9cessitant peu d\u2019\u00e9l\u00e9ments et d\u2019op\u00e9rations, cet \u00e9chafaudage classique se monte tr\u00e8s rapidement et offre une base s\u00fbre pour tous types de travaux, en plus d\u2019offrir un gain de mat\u00e9riel et de temps d\u2019installation et de d\u00e9montage.<\/p>\n\n\n\n<ul class=\"wp-block-list\"><li>Confortable (disponible en 0,70&nbsp;m de largeur).<\/li><li>Compatible avec le syst\u00e8me MULTI dans certaines configurations.<\/li><li>Cadre pr\u00e9fabriqu\u00e9 l\u00e9ger et peu volumineux pour son transport.<\/li><li>Peu de composants pour une installation rapide.<\/li><li>S\u00fbr.<\/li><li>Facile \u00e0 monter.<\/li><li>Garanti 2&nbsp;ans.<\/li><\/ul>\n<\/div>\n<\/div>\n\n\n\n<h2 class=\"has-large-font-size wp-block-heading\" id=\"multi\"><strong>MULTI<\/strong><\/h2>\n\n\n\n<div class=\"wp-block-columns is-layout-flex wp-container-core-columns-is-layout-9d6595d7 wp-block-columns-is-layout-flex\">\n<div class=\"wp-block-column is-layout-flow wp-block-column-is-layout-flow\">\n<figure class=\"wp-block-image is-style-mycms-bg-orange mycms-img-bg alignwide size-full \"><img loading=\"lazy\" decoding=\"async\" width=\"720\" height=\"405\" src=\"https:\/\/andamios-tendo.com\/wp-content\/uploads\/sites\/2\/2022\/09\/multi.jpg\" alt=\"\" class=\"wp-image-1371\" srcset=\"https:\/\/andamios-tendo.com\/wp-content\/uploads\/sites\/2\/2022\/09\/multi.jpg 720w, https:\/\/andamios-tendo.com\/wp-content\/uploads\/sites\/2\/2022\/09\/multi-300x169.jpg 300w, https:\/\/andamios-tendo.com\/wp-content\/uploads\/sites\/2\/2022\/09\/multi-600x338.jpg 600w\" sizes=\"auto, (max-width: 720px) 100vw, 720px\" \/><\/figure>\n<\/div>\n\n\n\n<div class=\"wp-block-column is-layout-flow wp-block-column-is-layout-flow\">\n<p><strong>\u00c9CHAFAUDAGE MULTIDIRECTIONNEL<\/strong><\/p>\n\n\n\n<p>Ses principales caract\u00e9ristiques sont sa polyvalence et sa flexibilit\u00e9, s\u2019adaptant \u00e0 tout besoin et \u00e0 toute g\u00e9om\u00e9trie complexe, quelle que soit la difficult\u00e9 de la forme \u00e0 \u00e9pouser. Ce syst\u00e8me est compatible avec toutes les configurations possibles pour les secteurs de la construction, de la restauration, de la r\u00e9novation, de la maintenance industrielle, de l\u2019\u00e9v\u00e9nementiel, etc.<\/p>\n\n\n\n<p>Les \u00e9chafaudages compos\u00e9s d\u2019\u00e9l\u00e9ments standards remplacent les tubes et colliers et se caract\u00e9risent par des disques de liaison espac\u00e9s verticalement tous les 50&nbsp;cm. Dot\u00e9s de 8&nbsp;articulations diff\u00e9rentes sur un seul plan, ils permettent l\u2019assemblage de tous les \u00e9l\u00e9ments, assurant une grande stabilit\u00e9 et rigidit\u00e9. Ce syst\u00e8me est id\u00e9al pour la mise en place de tours d\u2019\u00e9chafaudage avec ou sans roues pour les d\u00e9placer.<\/p>\n\n\n\n<ul class=\"wp-block-list\"><li>Omnidirectionnel&nbsp;: 8&nbsp;positions.<\/li><li>S\u2019ajuste \u00e0 tous les types de fa\u00e7ades et de chantiers.<\/li><li>Largeur adaptable aux mesures souhait\u00e9es.<\/li><li>Guides haute r\u00e9sistance (composants galvanis\u00e9s) de \u00d848,3&nbsp;mm.<\/li><li>\u00c9paisseur&nbsp;: 3,2&nbsp;mm.<\/li><li>Solide&nbsp;: montage pr\u00e9cis et syst\u00e8me de blocage int\u00e9gral.<\/li><li>Possibilit\u00e9 de montage \u00e0 180\u00b0 \u00e0 chaque raccordement.<\/li><li>Efficace&nbsp;: supporte des charges lourdes et permet d\u2019acc\u00e9der \u00e0 des hauteurs importantes.<\/li><li>Large choix de composants.<\/li><li>Garanti 2&nbsp;ans.<\/li><\/ul>\n<\/div>\n<\/div>\n","protected":false},"excerpt":{"rendered":"<p>Deux types de structures qui s\u2019adaptent parfaitement aux besoins de la t\u00e2che \u00e0 effectuer en hauteur, qu\u2019il s\u2019agisse de couvrir un b\u00e2timent ou d\u2019effectuer des travaux de maintenance industrielle. GOYA \u00c9CHAFAUDAGE \u00c0 CADRES Il est essentiellement compos\u00e9 de cadres ou de portiques, assembl\u00e9s entre eux gr\u00e2ce \u00e0 des plateformes et longerons, ainsi que des diagonales, [&hellip;]<\/p>\n","protected":false},"author":8,"featured_media":0,"parent":0,"menu_order":0,"comment_status":"closed","ping_status":"closed","template":"","meta":{"_acf_changed":false,"footnotes":""},"class_list":["post-510","page","type-page","status-publish","hentry"],"acf":[],"yoast_head":"<!-- This site is optimized with the Yoast SEO plugin v27.4 - https:\/\/yoast.com\/product\/yoast-seo-wordpress\/ -->\n<title>Nos solutions - Tendo<\/title>\n<meta name=\"robots\" content=\"index, follow, max-snippet:-1, max-image-preview:large, max-video-preview:-1\" \/>\n<link rel=\"canonical\" href=\"https:\/\/andamios-tendo.com\/fr\/nos-solutions\/\" \/>\n<meta property=\"og:locale\" content=\"fr_FR\" \/>\n<meta property=\"og:type\" content=\"article\" \/>\n<meta property=\"og:title\" content=\"Nos solutions - Tendo\" \/>\n<meta property=\"og:description\" content=\"Deux types de structures qui s\u2019adaptent parfaitement aux besoins de la t\u00e2che \u00e0 effectuer en hauteur, qu\u2019il s\u2019agisse de couvrir un b\u00e2timent ou d\u2019effectuer des travaux de maintenance industrielle. GOYA \u00c9CHAFAUDAGE \u00c0 CADRES Il est essentiellement compos\u00e9 de cadres ou de portiques, assembl\u00e9s entre eux gr\u00e2ce \u00e0 des plateformes et longerons, ainsi que des diagonales, [&hellip;]\" \/>\n<meta property=\"og:url\" content=\"https:\/\/andamios-tendo.com\/fr\/nos-solutions\/\" \/>\n<meta property=\"og:site_name\" content=\"Tendo\" \/>\n<meta property=\"article:modified_time\" content=\"2022-12-20T08:17:16+00:00\" \/>\n<meta property=\"og:image\" content=\"https:\/\/andamios-tendo.com\/wp-content\/uploads\/sites\/2\/2022\/09\/solutions5-1024x294.jpg\" \/>\n<meta name=\"twitter:card\" content=\"summary_large_image\" \/>\n<meta name=\"twitter:label1\" content=\"Dur\u00e9e de lecture estim\u00e9e\" \/>\n\t<meta name=\"twitter:data1\" content=\"3 minutes\" \/>\n<script type=\"application\/ld+json\" class=\"yoast-schema-graph\">{\"@context\":\"https:\\\/\\\/schema.org\",\"@graph\":[{\"@type\":\"WebPage\",\"@id\":\"https:\\\/\\\/andamios-tendo.com\\\/fr\\\/nos-solutions\\\/\",\"url\":\"https:\\\/\\\/andamios-tendo.com\\\/fr\\\/nos-solutions\\\/\",\"name\":\"Nos solutions - Tendo\",\"isPartOf\":{\"@id\":\"https:\\\/\\\/andamios-tendo.com\\\/fr\\\/#website\"},\"primaryImageOfPage\":{\"@id\":\"https:\\\/\\\/andamios-tendo.com\\\/fr\\\/nos-solutions\\\/#primaryimage\"},\"image\":{\"@id\":\"https:\\\/\\\/andamios-tendo.com\\\/fr\\\/nos-solutions\\\/#primaryimage\"},\"thumbnailUrl\":\"https:\\\/\\\/andamios-tendo.com\\\/wp-content\\\/uploads\\\/sites\\\/2\\\/2022\\\/09\\\/solutions5-1024x294.jpg\",\"datePublished\":\"2022-09-26T07:49:09+00:00\",\"dateModified\":\"2022-12-20T08:17:16+00:00\",\"breadcrumb\":{\"@id\":\"https:\\\/\\\/andamios-tendo.com\\\/fr\\\/nos-solutions\\\/#breadcrumb\"},\"inLanguage\":\"fr-FR\",\"potentialAction\":[{\"@type\":\"ReadAction\",\"target\":[\"https:\\\/\\\/andamios-tendo.com\\\/fr\\\/nos-solutions\\\/\"]}]},{\"@type\":\"ImageObject\",\"inLanguage\":\"fr-FR\",\"@id\":\"https:\\\/\\\/andamios-tendo.com\\\/fr\\\/nos-solutions\\\/#primaryimage\",\"url\":\"https:\\\/\\\/andamios-tendo.com\\\/wp-content\\\/uploads\\\/sites\\\/2\\\/2022\\\/09\\\/solutions5-1024x294.jpg\",\"contentUrl\":\"https:\\\/\\\/andamios-tendo.com\\\/wp-content\\\/uploads\\\/sites\\\/2\\\/2022\\\/09\\\/solutions5-1024x294.jpg\"},{\"@type\":\"BreadcrumbList\",\"@id\":\"https:\\\/\\\/andamios-tendo.com\\\/fr\\\/nos-solutions\\\/#breadcrumb\",\"itemListElement\":[{\"@type\":\"ListItem\",\"position\":1,\"name\":\"Tendo\",\"item\":\"https:\\\/\\\/andamios-tendo.com\\\/fr\\\/\"},{\"@type\":\"ListItem\",\"position\":2,\"name\":\"Nos solutions\"}]},{\"@type\":\"WebSite\",\"@id\":\"https:\\\/\\\/andamios-tendo.com\\\/fr\\\/#website\",\"url\":\"https:\\\/\\\/andamios-tendo.com\\\/fr\\\/\",\"name\":\"Tendo\",\"description\":\"Une entreprise du groupe Fr\u00e9n\u00e9hard &amp; Michaux\",\"publisher\":{\"@id\":\"https:\\\/\\\/andamios-tendo.com\\\/fr\\\/#organization\"},\"potentialAction\":[{\"@type\":\"SearchAction\",\"target\":{\"@type\":\"EntryPoint\",\"urlTemplate\":\"https:\\\/\\\/andamios-tendo.com\\\/fr\\\/?s={search_term_string}\"},\"query-input\":{\"@type\":\"PropertyValueSpecification\",\"valueRequired\":true,\"valueName\":\"search_term_string\"}}],\"inLanguage\":\"fr-FR\"},{\"@type\":\"Organization\",\"@id\":\"https:\\\/\\\/andamios-tendo.com\\\/fr\\\/#organization\",\"name\":\"Tendo\",\"url\":\"https:\\\/\\\/andamios-tendo.com\\\/fr\\\/\",\"logo\":{\"@type\":\"ImageObject\",\"inLanguage\":\"fr-FR\",\"@id\":\"https:\\\/\\\/andamios-tendo.com\\\/fr\\\/#\\\/schema\\\/logo\\\/image\\\/\",\"url\":\"https:\\\/\\\/andamios-tendo.com\\\/wp-content\\\/uploads\\\/sites\\\/2\\\/2022\\\/07\\\/logo_tendo-s.png\",\"contentUrl\":\"https:\\\/\\\/andamios-tendo.com\\\/wp-content\\\/uploads\\\/sites\\\/2\\\/2022\\\/07\\\/logo_tendo-s.png\",\"width\":153,\"height\":30,\"caption\":\"Tendo\"},\"image\":{\"@id\":\"https:\\\/\\\/andamios-tendo.com\\\/fr\\\/#\\\/schema\\\/logo\\\/image\\\/\"}}]}<\/script>\n<!-- \/ Yoast SEO plugin. -->","yoast_head_json":{"title":"Nos solutions - Tendo","robots":{"index":"index","follow":"follow","max-snippet":"max-snippet:-1","max-image-preview":"max-image-preview:large","max-video-preview":"max-video-preview:-1"},"canonical":"https:\/\/andamios-tendo.com\/fr\/nos-solutions\/","og_locale":"fr_FR","og_type":"article","og_title":"Nos solutions - Tendo","og_description":"Deux types de structures qui s\u2019adaptent parfaitement aux besoins de la t\u00e2che \u00e0 effectuer en hauteur, qu\u2019il s\u2019agisse de couvrir un b\u00e2timent ou d\u2019effectuer des travaux de maintenance industrielle. GOYA \u00c9CHAFAUDAGE \u00c0 CADRES Il est essentiellement compos\u00e9 de cadres ou de portiques, assembl\u00e9s entre eux gr\u00e2ce \u00e0 des plateformes et longerons, ainsi que des diagonales, [&hellip;]","og_url":"https:\/\/andamios-tendo.com\/fr\/nos-solutions\/","og_site_name":"Tendo","article_modified_time":"2022-12-20T08:17:16+00:00","og_image":[{"url":"https:\/\/andamios-tendo.com\/wp-content\/uploads\/sites\/2\/2022\/09\/solutions5-1024x294.jpg","type":"","width":"","height":""}],"twitter_card":"summary_large_image","twitter_misc":{"Dur\u00e9e de lecture estim\u00e9e":"3 minutes"},"schema":{"@context":"https:\/\/schema.org","@graph":[{"@type":"WebPage","@id":"https:\/\/andamios-tendo.com\/fr\/nos-solutions\/","url":"https:\/\/andamios-tendo.com\/fr\/nos-solutions\/","name":"Nos solutions - Tendo","isPartOf":{"@id":"https:\/\/andamios-tendo.com\/fr\/#website"},"primaryImageOfPage":{"@id":"https:\/\/andamios-tendo.com\/fr\/nos-solutions\/#primaryimage"},"image":{"@id":"https:\/\/andamios-tendo.com\/fr\/nos-solutions\/#primaryimage"},"thumbnailUrl":"https:\/\/andamios-tendo.com\/wp-content\/uploads\/sites\/2\/2022\/09\/solutions5-1024x294.jpg","datePublished":"2022-09-26T07:49:09+00:00","dateModified":"2022-12-20T08:17:16+00:00","breadcrumb":{"@id":"https:\/\/andamios-tendo.com\/fr\/nos-solutions\/#breadcrumb"},"inLanguage":"fr-FR","potentialAction":[{"@type":"ReadAction","target":["https:\/\/andamios-tendo.com\/fr\/nos-solutions\/"]}]},{"@type":"ImageObject","inLanguage":"fr-FR","@id":"https:\/\/andamios-tendo.com\/fr\/nos-solutions\/#primaryimage","url":"https:\/\/andamios-tendo.com\/wp-content\/uploads\/sites\/2\/2022\/09\/solutions5-1024x294.jpg","contentUrl":"https:\/\/andamios-tendo.com\/wp-content\/uploads\/sites\/2\/2022\/09\/solutions5-1024x294.jpg"},{"@type":"BreadcrumbList","@id":"https:\/\/andamios-tendo.com\/fr\/nos-solutions\/#breadcrumb","itemListElement":[{"@type":"ListItem","position":1,"name":"Tendo","item":"https:\/\/andamios-tendo.com\/fr\/"},{"@type":"ListItem","position":2,"name":"Nos solutions"}]},{"@type":"WebSite","@id":"https:\/\/andamios-tendo.com\/fr\/#website","url":"https:\/\/andamios-tendo.com\/fr\/","name":"Tendo","description":"Une entreprise du groupe Fr\u00e9n\u00e9hard &amp; Michaux","publisher":{"@id":"https:\/\/andamios-tendo.com\/fr\/#organization"},"potentialAction":[{"@type":"SearchAction","target":{"@type":"EntryPoint","urlTemplate":"https:\/\/andamios-tendo.com\/fr\/?s={search_term_string}"},"query-input":{"@type":"PropertyValueSpecification","valueRequired":true,"valueName":"search_term_string"}}],"inLanguage":"fr-FR"},{"@type":"Organization","@id":"https:\/\/andamios-tendo.com\/fr\/#organization","name":"Tendo","url":"https:\/\/andamios-tendo.com\/fr\/","logo":{"@type":"ImageObject","inLanguage":"fr-FR","@id":"https:\/\/andamios-tendo.com\/fr\/#\/schema\/logo\/image\/","url":"https:\/\/andamios-tendo.com\/wp-content\/uploads\/sites\/2\/2022\/07\/logo_tendo-s.png","contentUrl":"https:\/\/andamios-tendo.com\/wp-content\/uploads\/sites\/2\/2022\/07\/logo_tendo-s.png","width":153,"height":30,"caption":"Tendo"},"image":{"@id":"https:\/\/andamios-tendo.com\/fr\/#\/schema\/logo\/image\/"}}]}},"_links":{"self":[{"href":"https:\/\/andamios-tendo.com\/fr\/wp-json\/wp\/v2\/pages\/510","targetHints":{"allow":["GET"]}}],"collection":[{"href":"https:\/\/andamios-tendo.com\/fr\/wp-json\/wp\/v2\/pages"}],"about":[{"href":"https:\/\/andamios-tendo.com\/fr\/wp-json\/wp\/v2\/types\/page"}],"author":[{"embeddable":true,"href":"https:\/\/andamios-tendo.com\/fr\/wp-json\/wp\/v2\/users\/8"}],"replies":[{"embeddable":true,"href":"https:\/\/andamios-tendo.com\/fr\/wp-json\/wp\/v2\/comments?post=510"}],"version-history":[{"count":15,"href":"https:\/\/andamios-tendo.com\/fr\/wp-json\/wp\/v2\/pages\/510\/revisions"}],"predecessor-version":[{"id":3243,"href":"https:\/\/andamios-tendo.com\/fr\/wp-json\/wp\/v2\/pages\/510\/revisions\/3243"}],"wp:attachment":[{"href":"https:\/\/andamios-tendo.com\/fr\/wp-json\/wp\/v2\/media?parent=510"}],"curies":[{"name":"wp","href":"https:\/\/api.w.org\/{rel}","templated":true}]}}