{"id":529,"date":"2022-09-26T09:55:27","date_gmt":"2022-09-26T07:55:27","guid":{"rendered":"https:\/\/andamios-tendo.com\/?page_id=529"},"modified":"2022-09-30T16:25:39","modified_gmt":"2022-09-30T14:25:39","slug":"nos-realisations","status":"publish","type":"page","link":"https:\/\/andamios-tendo.com\/fr\/nos-realisations\/","title":{"rendered":"Nos r\u00e9alisations"},"content":{"rendered":"\n<figure class=\"wp-block-image size-large\"><img loading=\"lazy\" decoding=\"async\" width=\"1024\" height=\"294\" src=\"https:\/\/andamios-tendo.com\/wp-content\/uploads\/sites\/2\/2022\/09\/chantiers-1-1024x294.jpg\" alt=\"\" class=\"wp-image-1282\" srcset=\"https:\/\/andamios-tendo.com\/wp-content\/uploads\/sites\/2\/2022\/09\/chantiers-1-1024x294.jpg 1024w, https:\/\/andamios-tendo.com\/wp-content\/uploads\/sites\/2\/2022\/09\/chantiers-1-300x86.jpg 300w, https:\/\/andamios-tendo.com\/wp-content\/uploads\/sites\/2\/2022\/09\/chantiers-1-768x220.jpg 768w, https:\/\/andamios-tendo.com\/wp-content\/uploads\/sites\/2\/2022\/09\/chantiers-1-600x172.jpg 600w, https:\/\/andamios-tendo.com\/wp-content\/uploads\/sites\/2\/2022\/09\/chantiers-1.jpg 1500w\" sizes=\"auto, (max-width: 1024px) 100vw, 1024px\" \/><\/figure>\n\n\n\n<p><\/p>\n\n\n\n<p><\/p>\n\n\n\n<div class=\"wp-block-columns is-layout-flex wp-container-core-columns-is-layout-9d6595d7 wp-block-columns-is-layout-flex\">\n<div class=\"wp-block-column is-layout-flow wp-block-column-is-layout-flow\">\n<figure class=\"wp-block-gallery has-nested-images columns-4 is-cropped wp-block-gallery-1 is-layout-flex wp-block-gallery-is-layout-flex\">\n<figure class=\"wp-block-image size-large\"><img loading=\"lazy\" decoding=\"async\" width=\"576\" height=\"1024\" data-id=\"1304\" src=\"https:\/\/andamios-tendo.com\/wp-content\/uploads\/sites\/2\/2022\/09\/20170503_124434-576x1024.jpg\" alt=\"\" class=\"wp-image-1304\" srcset=\"https:\/\/andamios-tendo.com\/wp-content\/uploads\/sites\/2\/2022\/09\/20170503_124434-576x1024.jpg 576w, https:\/\/andamios-tendo.com\/wp-content\/uploads\/sites\/2\/2022\/09\/20170503_124434-169x300.jpg 169w, https:\/\/andamios-tendo.com\/wp-content\/uploads\/sites\/2\/2022\/09\/20170503_124434-768x1365.jpg 768w, https:\/\/andamios-tendo.com\/wp-content\/uploads\/sites\/2\/2022\/09\/20170503_124434-864x1536.jpg 864w, https:\/\/andamios-tendo.com\/wp-content\/uploads\/sites\/2\/2022\/09\/20170503_124434-1152x2048.jpg 1152w, https:\/\/andamios-tendo.com\/wp-content\/uploads\/sites\/2\/2022\/09\/20170503_124434-600x1067.jpg 600w, https:\/\/andamios-tendo.com\/wp-content\/uploads\/sites\/2\/2022\/09\/20170503_124434-scaled.jpg 1440w\" sizes=\"auto, (max-width: 576px) 100vw, 576px\" \/><\/figure>\n\n\n\n<figure class=\"wp-block-image size-full\"><img loading=\"lazy\" decoding=\"async\" width=\"1024\" height=\"768\" data-id=\"1289\" src=\"https:\/\/andamios-tendo.com\/wp-content\/uploads\/sites\/2\/2022\/09\/WhatsApp-Image-2020-04-10-at-10.22.48.jpeg\" alt=\"\" class=\"wp-image-1289\" srcset=\"https:\/\/andamios-tendo.com\/wp-content\/uploads\/sites\/2\/2022\/09\/WhatsApp-Image-2020-04-10-at-10.22.48.jpeg 1024w, https:\/\/andamios-tendo.com\/wp-content\/uploads\/sites\/2\/2022\/09\/WhatsApp-Image-2020-04-10-at-10.22.48-300x225.jpeg 300w, https:\/\/andamios-tendo.com\/wp-content\/uploads\/sites\/2\/2022\/09\/WhatsApp-Image-2020-04-10-at-10.22.48-768x576.jpeg 768w, https:\/\/andamios-tendo.com\/wp-content\/uploads\/sites\/2\/2022\/09\/WhatsApp-Image-2020-04-10-at-10.22.48-395x295.jpeg 395w, https:\/\/andamios-tendo.com\/wp-content\/uploads\/sites\/2\/2022\/09\/WhatsApp-Image-2020-04-10-at-10.22.48-600x450.jpeg 600w\" sizes=\"auto, (max-width: 1024px) 100vw, 1024px\" \/><\/figure>\n\n\n\n<figure class=\"wp-block-image size-large\"><img loading=\"lazy\" decoding=\"async\" width=\"1024\" height=\"576\" data-id=\"1293\" src=\"https:\/\/andamios-tendo.com\/wp-content\/uploads\/sites\/2\/2022\/09\/WhatsApp-Image-2021-05-21-at-13.23.24-1024x576.jpeg\" alt=\"\" class=\"wp-image-1293\" srcset=\"https:\/\/andamios-tendo.com\/wp-content\/uploads\/sites\/2\/2022\/09\/WhatsApp-Image-2021-05-21-at-13.23.24-1024x576.jpeg 1024w, https:\/\/andamios-tendo.com\/wp-content\/uploads\/sites\/2\/2022\/09\/WhatsApp-Image-2021-05-21-at-13.23.24-300x169.jpeg 300w, https:\/\/andamios-tendo.com\/wp-content\/uploads\/sites\/2\/2022\/09\/WhatsApp-Image-2021-05-21-at-13.23.24-768x432.jpeg 768w, https:\/\/andamios-tendo.com\/wp-content\/uploads\/sites\/2\/2022\/09\/WhatsApp-Image-2021-05-21-at-13.23.24-1536x864.jpeg 1536w, https:\/\/andamios-tendo.com\/wp-content\/uploads\/sites\/2\/2022\/09\/WhatsApp-Image-2021-05-21-at-13.23.24-600x338.jpeg 600w, https:\/\/andamios-tendo.com\/wp-content\/uploads\/sites\/2\/2022\/09\/WhatsApp-Image-2021-05-21-at-13.23.24.jpeg 1600w\" sizes=\"auto, (max-width: 1024px) 100vw, 1024px\" \/><\/figure>\n\n\n\n<figure class=\"wp-block-image size-large\"><img loading=\"lazy\" decoding=\"async\" width=\"1024\" height=\"768\" data-id=\"1292\" src=\"https:\/\/andamios-tendo.com\/wp-content\/uploads\/sites\/2\/2022\/09\/WhatsApp-Image-2021-08-06-at-14.53.19-3-1024x768.jpeg\" alt=\"\" class=\"wp-image-1292\" srcset=\"https:\/\/andamios-tendo.com\/wp-content\/uploads\/sites\/2\/2022\/09\/WhatsApp-Image-2021-08-06-at-14.53.19-3-1024x768.jpeg 1024w, https:\/\/andamios-tendo.com\/wp-content\/uploads\/sites\/2\/2022\/09\/WhatsApp-Image-2021-08-06-at-14.53.19-3-300x225.jpeg 300w, https:\/\/andamios-tendo.com\/wp-content\/uploads\/sites\/2\/2022\/09\/WhatsApp-Image-2021-08-06-at-14.53.19-3-768x576.jpeg 768w, https:\/\/andamios-tendo.com\/wp-content\/uploads\/sites\/2\/2022\/09\/WhatsApp-Image-2021-08-06-at-14.53.19-3-1536x1152.jpeg 1536w, https:\/\/andamios-tendo.com\/wp-content\/uploads\/sites\/2\/2022\/09\/WhatsApp-Image-2021-08-06-at-14.53.19-3-395x295.jpeg 395w, https:\/\/andamios-tendo.com\/wp-content\/uploads\/sites\/2\/2022\/09\/WhatsApp-Image-2021-08-06-at-14.53.19-3-600x450.jpeg 600w, https:\/\/andamios-tendo.com\/wp-content\/uploads\/sites\/2\/2022\/09\/WhatsApp-Image-2021-08-06-at-14.53.19-3.jpeg 1600w\" sizes=\"auto, (max-width: 1024px) 100vw, 1024px\" \/><\/figure>\n<\/figure>\n\n\n\n<div style=\"height:7px\" aria-hidden=\"true\" class=\"wp-block-spacer\"><\/div>\n\n\n\n<figure class=\"wp-block-gallery has-nested-images columns-4 is-cropped wp-block-gallery-2 is-layout-flex wp-block-gallery-is-layout-flex\">\n<figure class=\"wp-block-image size-large\"><img loading=\"lazy\" decoding=\"async\" width=\"768\" height=\"1024\" data-id=\"1312\" src=\"https:\/\/andamios-tendo.com\/wp-content\/uploads\/sites\/2\/2022\/09\/105_0503-768x1024.jpg\" alt=\"\" class=\"wp-image-1312\" srcset=\"https:\/\/andamios-tendo.com\/wp-content\/uploads\/sites\/2\/2022\/09\/105_0503-768x1024.jpg 768w, https:\/\/andamios-tendo.com\/wp-content\/uploads\/sites\/2\/2022\/09\/105_0503-225x300.jpg 225w, https:\/\/andamios-tendo.com\/wp-content\/uploads\/sites\/2\/2022\/09\/105_0503-1152x1536.jpg 1152w, https:\/\/andamios-tendo.com\/wp-content\/uploads\/sites\/2\/2022\/09\/105_0503-600x800.jpg 600w, https:\/\/andamios-tendo.com\/wp-content\/uploads\/sites\/2\/2022\/09\/105_0503.jpg 1200w\" sizes=\"auto, (max-width: 768px) 100vw, 768px\" \/><\/figure>\n\n\n\n<figure class=\"wp-block-image size-large\"><img loading=\"lazy\" decoding=\"async\" width=\"768\" height=\"1024\" data-id=\"1317\" src=\"https:\/\/andamios-tendo.com\/wp-content\/uploads\/sites\/2\/2022\/09\/100_1590-768x1024.jpg\" alt=\"\" class=\"wp-image-1317\" srcset=\"https:\/\/andamios-tendo.com\/wp-content\/uploads\/sites\/2\/2022\/09\/100_1590-768x1024.jpg 768w, https:\/\/andamios-tendo.com\/wp-content\/uploads\/sites\/2\/2022\/09\/100_1590-225x300.jpg 225w, https:\/\/andamios-tendo.com\/wp-content\/uploads\/sites\/2\/2022\/09\/100_1590-1152x1536.jpg 1152w, https:\/\/andamios-tendo.com\/wp-content\/uploads\/sites\/2\/2022\/09\/100_1590-1536x2048.jpg 1536w, https:\/\/andamios-tendo.com\/wp-content\/uploads\/sites\/2\/2022\/09\/100_1590-600x800.jpg 600w, https:\/\/andamios-tendo.com\/wp-content\/uploads\/sites\/2\/2022\/09\/100_1590-scaled.jpg 1920w\" sizes=\"auto, (max-width: 768px) 100vw, 768px\" \/><\/figure>\n\n\n\n<figure class=\"wp-block-image size-large\"><img loading=\"lazy\" decoding=\"async\" width=\"768\" height=\"1024\" data-id=\"1323\" src=\"https:\/\/andamios-tendo.com\/wp-content\/uploads\/sites\/2\/2022\/09\/WhatsApp-Image-2020-10-16-at-09.34.27-768x1024.jpeg\" alt=\"\" class=\"wp-image-1323\" srcset=\"https:\/\/andamios-tendo.com\/wp-content\/uploads\/sites\/2\/2022\/09\/WhatsApp-Image-2020-10-16-at-09.34.27-768x1024.jpeg 768w, https:\/\/andamios-tendo.com\/wp-content\/uploads\/sites\/2\/2022\/09\/WhatsApp-Image-2020-10-16-at-09.34.27-225x300.jpeg 225w, https:\/\/andamios-tendo.com\/wp-content\/uploads\/sites\/2\/2022\/09\/WhatsApp-Image-2020-10-16-at-09.34.27-1152x1536.jpeg 1152w, https:\/\/andamios-tendo.com\/wp-content\/uploads\/sites\/2\/2022\/09\/WhatsApp-Image-2020-10-16-at-09.34.27-600x800.jpeg 600w, https:\/\/andamios-tendo.com\/wp-content\/uploads\/sites\/2\/2022\/09\/WhatsApp-Image-2020-10-16-at-09.34.27.jpeg 1536w\" sizes=\"auto, (max-width: 768px) 100vw, 768px\" \/><\/figure>\n\n\n\n<figure class=\"wp-block-image size-large\"><img loading=\"lazy\" decoding=\"async\" width=\"768\" height=\"1024\" data-id=\"1331\" src=\"https:\/\/andamios-tendo.com\/wp-content\/uploads\/sites\/2\/2022\/09\/IMGP2391-768x1024.jpg\" alt=\"\" class=\"wp-image-1331\" srcset=\"https:\/\/andamios-tendo.com\/wp-content\/uploads\/sites\/2\/2022\/09\/IMGP2391-768x1024.jpg 768w, https:\/\/andamios-tendo.com\/wp-content\/uploads\/sites\/2\/2022\/09\/IMGP2391-225x300.jpg 225w, https:\/\/andamios-tendo.com\/wp-content\/uploads\/sites\/2\/2022\/09\/IMGP2391-1152x1536.jpg 1152w, https:\/\/andamios-tendo.com\/wp-content\/uploads\/sites\/2\/2022\/09\/IMGP2391-600x800.jpg 600w, https:\/\/andamios-tendo.com\/wp-content\/uploads\/sites\/2\/2022\/09\/IMGP2391.jpg 1200w\" sizes=\"auto, (max-width: 768px) 100vw, 768px\" \/><\/figure>\n<\/figure>\n<\/div>\n\n\n\n<div class=\"wp-block-column is-vertically-aligned-center is-layout-flow wp-block-column-is-layout-flow\">\n<h2 class=\"has-medium-font-size wp-block-heading\" id=\"construction-et-renovation\"><strong>Construction et r\u00e9novation<\/strong><\/h2>\n\n\n\n<p>Vous avez des projets de construction et de r\u00e9novation&nbsp;? Qu\u2019il s\u2019agisse de travaux de ma\u00e7onnerie, de ravalement de fa\u00e7ade, de menuiserie ou autre, nous mettons tout en \u0153uvre pour vous offrir une solution sur mesure respectant les normes en vigueur.<\/p>\n<\/div>\n<\/div>\n\n\n\n<p><\/p>\n\n\n\n<div class=\"wp-block-columns is-layout-flex wp-container-core-columns-is-layout-9d6595d7 wp-block-columns-is-layout-flex\">\n<div class=\"wp-block-column is-vertically-aligned-center is-layout-flow wp-block-column-is-layout-flow\">\n<h2 class=\"has-medium-font-size wp-block-heading\" id=\"industrie\">Industrie<\/h2>\n\n\n\n<p>Nos \u00e9chafaudages peuvent \u00eatre utilis\u00e9s pour des applications industrielles int\u00e9rieures et ext\u00e9rieures dans des secteurs tels que l\u2019industrie chimique, m\u00e9tallurgique, agroalimentaire, navale, \u00e9nerg\u00e9tique ou p\u00e9troli\u00e8re. Notre \u00e9quipe d\u2019ing\u00e9nieurs sp\u00e9cialis\u00e9s vous accompagnera dans l\u2019\u00e9tude de votre projet et s\u2019efforcera de r\u00e9pondre \u00e0 votre demande&nbsp;: entretien annuel, visite p\u00e9riodique, r\u00e9paration, etc.<\/p>\n<\/div>\n\n\n\n<div class=\"wp-block-column is-layout-flow wp-block-column-is-layout-flow\">\n<figure class=\"wp-block-image is-style-mycms-bg-blue mycms-img-bg aligncenter size-full \"><img loading=\"lazy\" decoding=\"async\" width=\"629\" height=\"472\" src=\"https:\/\/andamios-tendo.com\/wp-content\/uploads\/sites\/2\/2022\/09\/Image7.jpg\" alt=\"\" class=\"wp-image-566\" srcset=\"https:\/\/andamios-tendo.com\/wp-content\/uploads\/sites\/2\/2022\/09\/Image7.jpg 629w, https:\/\/andamios-tendo.com\/wp-content\/uploads\/sites\/2\/2022\/09\/Image7-300x225.jpg 300w, https:\/\/andamios-tendo.com\/wp-content\/uploads\/sites\/2\/2022\/09\/Image7-395x295.jpg 395w, https:\/\/andamios-tendo.com\/wp-content\/uploads\/sites\/2\/2022\/09\/Image7-600x450.jpg 600w\" sizes=\"auto, (max-width: 629px) 100vw, 629px\" \/><\/figure>\n<\/div>\n<\/div>\n","protected":false},"excerpt":{"rendered":"<p>Construction et r\u00e9novation Vous avez des projets de construction et de r\u00e9novation&nbsp;? Qu\u2019il s\u2019agisse de travaux de ma\u00e7onnerie, de ravalement de fa\u00e7ade, de menuiserie ou autre, nous mettons tout en \u0153uvre pour vous offrir une solution sur mesure respectant les normes en vigueur. Industrie Nos \u00e9chafaudages peuvent \u00eatre utilis\u00e9s pour des applications industrielles int\u00e9rieures et [&hellip;]<\/p>\n","protected":false},"author":8,"featured_media":0,"parent":0,"menu_order":0,"comment_status":"closed","ping_status":"closed","template":"","meta":{"_acf_changed":false,"footnotes":""},"class_list":["post-529","page","type-page","status-publish","hentry"],"acf":[],"yoast_head":"<!-- This site is optimized with the Yoast SEO plugin v27.4 - https:\/\/yoast.com\/product\/yoast-seo-wordpress\/ -->\n<title>Nos r\u00e9alisations - Tendo<\/title>\n<meta name=\"robots\" content=\"index, follow, max-snippet:-1, max-image-preview:large, max-video-preview:-1\" \/>\n<link rel=\"canonical\" href=\"https:\/\/andamios-tendo.com\/fr\/nos-realisations\/\" \/>\n<meta property=\"og:locale\" content=\"fr_FR\" \/>\n<meta property=\"og:type\" content=\"article\" \/>\n<meta property=\"og:title\" content=\"Nos r\u00e9alisations - Tendo\" \/>\n<meta property=\"og:description\" content=\"Construction et r\u00e9novation Vous avez des projets de construction et de r\u00e9novation&nbsp;? Qu\u2019il s\u2019agisse de travaux de ma\u00e7onnerie, de ravalement de fa\u00e7ade, de menuiserie ou autre, nous mettons tout en \u0153uvre pour vous offrir une solution sur mesure respectant les normes en vigueur. Industrie Nos \u00e9chafaudages peuvent \u00eatre utilis\u00e9s pour des applications industrielles int\u00e9rieures et [&hellip;]\" \/>\n<meta property=\"og:url\" content=\"https:\/\/andamios-tendo.com\/fr\/nos-realisations\/\" \/>\n<meta property=\"og:site_name\" content=\"Tendo\" \/>\n<meta property=\"article:modified_time\" content=\"2022-09-30T14:25:39+00:00\" \/>\n<meta property=\"og:image\" content=\"https:\/\/andamios-tendo.com\/wp-content\/uploads\/sites\/2\/2022\/09\/chantiers-1-1024x294.jpg\" \/>\n<meta name=\"twitter:card\" content=\"summary_large_image\" \/>\n<meta name=\"twitter:label1\" content=\"Dur\u00e9e de lecture estim\u00e9e\" \/>\n\t<meta name=\"twitter:data1\" content=\"3 minutes\" \/>\n<script type=\"application\/ld+json\" class=\"yoast-schema-graph\">{\"@context\":\"https:\\\/\\\/schema.org\",\"@graph\":[{\"@type\":\"WebPage\",\"@id\":\"https:\\\/\\\/andamios-tendo.com\\\/fr\\\/nos-realisations\\\/\",\"url\":\"https:\\\/\\\/andamios-tendo.com\\\/fr\\\/nos-realisations\\\/\",\"name\":\"Nos r\u00e9alisations - Tendo\",\"isPartOf\":{\"@id\":\"https:\\\/\\\/andamios-tendo.com\\\/fr\\\/#website\"},\"primaryImageOfPage\":{\"@id\":\"https:\\\/\\\/andamios-tendo.com\\\/fr\\\/nos-realisations\\\/#primaryimage\"},\"image\":{\"@id\":\"https:\\\/\\\/andamios-tendo.com\\\/fr\\\/nos-realisations\\\/#primaryimage\"},\"thumbnailUrl\":\"https:\\\/\\\/andamios-tendo.com\\\/wp-content\\\/uploads\\\/sites\\\/2\\\/2022\\\/09\\\/chantiers-1-1024x294.jpg\",\"datePublished\":\"2022-09-26T07:55:27+00:00\",\"dateModified\":\"2022-09-30T14:25:39+00:00\",\"breadcrumb\":{\"@id\":\"https:\\\/\\\/andamios-tendo.com\\\/fr\\\/nos-realisations\\\/#breadcrumb\"},\"inLanguage\":\"fr-FR\",\"potentialAction\":[{\"@type\":\"ReadAction\",\"target\":[\"https:\\\/\\\/andamios-tendo.com\\\/fr\\\/nos-realisations\\\/\"]}]},{\"@type\":\"ImageObject\",\"inLanguage\":\"fr-FR\",\"@id\":\"https:\\\/\\\/andamios-tendo.com\\\/fr\\\/nos-realisations\\\/#primaryimage\",\"url\":\"https:\\\/\\\/andamios-tendo.com\\\/wp-content\\\/uploads\\\/sites\\\/2\\\/2022\\\/09\\\/chantiers-1-1024x294.jpg\",\"contentUrl\":\"https:\\\/\\\/andamios-tendo.com\\\/wp-content\\\/uploads\\\/sites\\\/2\\\/2022\\\/09\\\/chantiers-1-1024x294.jpg\"},{\"@type\":\"BreadcrumbList\",\"@id\":\"https:\\\/\\\/andamios-tendo.com\\\/fr\\\/nos-realisations\\\/#breadcrumb\",\"itemListElement\":[{\"@type\":\"ListItem\",\"position\":1,\"name\":\"Tendo\",\"item\":\"https:\\\/\\\/andamios-tendo.com\\\/fr\\\/\"},{\"@type\":\"ListItem\",\"position\":2,\"name\":\"Nos r\u00e9alisations\"}]},{\"@type\":\"WebSite\",\"@id\":\"https:\\\/\\\/andamios-tendo.com\\\/fr\\\/#website\",\"url\":\"https:\\\/\\\/andamios-tendo.com\\\/fr\\\/\",\"name\":\"Tendo\",\"description\":\"Une entreprise du groupe Fr\u00e9n\u00e9hard &amp; Michaux\",\"publisher\":{\"@id\":\"https:\\\/\\\/andamios-tendo.com\\\/fr\\\/#organization\"},\"potentialAction\":[{\"@type\":\"SearchAction\",\"target\":{\"@type\":\"EntryPoint\",\"urlTemplate\":\"https:\\\/\\\/andamios-tendo.com\\\/fr\\\/?s={search_term_string}\"},\"query-input\":{\"@type\":\"PropertyValueSpecification\",\"valueRequired\":true,\"valueName\":\"search_term_string\"}}],\"inLanguage\":\"fr-FR\"},{\"@type\":\"Organization\",\"@id\":\"https:\\\/\\\/andamios-tendo.com\\\/fr\\\/#organization\",\"name\":\"Tendo\",\"url\":\"https:\\\/\\\/andamios-tendo.com\\\/fr\\\/\",\"logo\":{\"@type\":\"ImageObject\",\"inLanguage\":\"fr-FR\",\"@id\":\"https:\\\/\\\/andamios-tendo.com\\\/fr\\\/#\\\/schema\\\/logo\\\/image\\\/\",\"url\":\"https:\\\/\\\/andamios-tendo.com\\\/wp-content\\\/uploads\\\/sites\\\/2\\\/2022\\\/07\\\/logo_tendo-s.png\",\"contentUrl\":\"https:\\\/\\\/andamios-tendo.com\\\/wp-content\\\/uploads\\\/sites\\\/2\\\/2022\\\/07\\\/logo_tendo-s.png\",\"width\":153,\"height\":30,\"caption\":\"Tendo\"},\"image\":{\"@id\":\"https:\\\/\\\/andamios-tendo.com\\\/fr\\\/#\\\/schema\\\/logo\\\/image\\\/\"}}]}<\/script>\n<!-- \/ Yoast SEO plugin. -->","yoast_head_json":{"title":"Nos r\u00e9alisations - Tendo","robots":{"index":"index","follow":"follow","max-snippet":"max-snippet:-1","max-image-preview":"max-image-preview:large","max-video-preview":"max-video-preview:-1"},"canonical":"https:\/\/andamios-tendo.com\/fr\/nos-realisations\/","og_locale":"fr_FR","og_type":"article","og_title":"Nos r\u00e9alisations - Tendo","og_description":"Construction et r\u00e9novation Vous avez des projets de construction et de r\u00e9novation&nbsp;? Qu\u2019il s\u2019agisse de travaux de ma\u00e7onnerie, de ravalement de fa\u00e7ade, de menuiserie ou autre, nous mettons tout en \u0153uvre pour vous offrir une solution sur mesure respectant les normes en vigueur. Industrie Nos \u00e9chafaudages peuvent \u00eatre utilis\u00e9s pour des applications industrielles int\u00e9rieures et [&hellip;]","og_url":"https:\/\/andamios-tendo.com\/fr\/nos-realisations\/","og_site_name":"Tendo","article_modified_time":"2022-09-30T14:25:39+00:00","og_image":[{"url":"https:\/\/andamios-tendo.com\/wp-content\/uploads\/sites\/2\/2022\/09\/chantiers-1-1024x294.jpg","type":"","width":"","height":""}],"twitter_card":"summary_large_image","twitter_misc":{"Dur\u00e9e de lecture estim\u00e9e":"3 minutes"},"schema":{"@context":"https:\/\/schema.org","@graph":[{"@type":"WebPage","@id":"https:\/\/andamios-tendo.com\/fr\/nos-realisations\/","url":"https:\/\/andamios-tendo.com\/fr\/nos-realisations\/","name":"Nos r\u00e9alisations - Tendo","isPartOf":{"@id":"https:\/\/andamios-tendo.com\/fr\/#website"},"primaryImageOfPage":{"@id":"https:\/\/andamios-tendo.com\/fr\/nos-realisations\/#primaryimage"},"image":{"@id":"https:\/\/andamios-tendo.com\/fr\/nos-realisations\/#primaryimage"},"thumbnailUrl":"https:\/\/andamios-tendo.com\/wp-content\/uploads\/sites\/2\/2022\/09\/chantiers-1-1024x294.jpg","datePublished":"2022-09-26T07:55:27+00:00","dateModified":"2022-09-30T14:25:39+00:00","breadcrumb":{"@id":"https:\/\/andamios-tendo.com\/fr\/nos-realisations\/#breadcrumb"},"inLanguage":"fr-FR","potentialAction":[{"@type":"ReadAction","target":["https:\/\/andamios-tendo.com\/fr\/nos-realisations\/"]}]},{"@type":"ImageObject","inLanguage":"fr-FR","@id":"https:\/\/andamios-tendo.com\/fr\/nos-realisations\/#primaryimage","url":"https:\/\/andamios-tendo.com\/wp-content\/uploads\/sites\/2\/2022\/09\/chantiers-1-1024x294.jpg","contentUrl":"https:\/\/andamios-tendo.com\/wp-content\/uploads\/sites\/2\/2022\/09\/chantiers-1-1024x294.jpg"},{"@type":"BreadcrumbList","@id":"https:\/\/andamios-tendo.com\/fr\/nos-realisations\/#breadcrumb","itemListElement":[{"@type":"ListItem","position":1,"name":"Tendo","item":"https:\/\/andamios-tendo.com\/fr\/"},{"@type":"ListItem","position":2,"name":"Nos r\u00e9alisations"}]},{"@type":"WebSite","@id":"https:\/\/andamios-tendo.com\/fr\/#website","url":"https:\/\/andamios-tendo.com\/fr\/","name":"Tendo","description":"Une entreprise du groupe Fr\u00e9n\u00e9hard &amp; Michaux","publisher":{"@id":"https:\/\/andamios-tendo.com\/fr\/#organization"},"potentialAction":[{"@type":"SearchAction","target":{"@type":"EntryPoint","urlTemplate":"https:\/\/andamios-tendo.com\/fr\/?s={search_term_string}"},"query-input":{"@type":"PropertyValueSpecification","valueRequired":true,"valueName":"search_term_string"}}],"inLanguage":"fr-FR"},{"@type":"Organization","@id":"https:\/\/andamios-tendo.com\/fr\/#organization","name":"Tendo","url":"https:\/\/andamios-tendo.com\/fr\/","logo":{"@type":"ImageObject","inLanguage":"fr-FR","@id":"https:\/\/andamios-tendo.com\/fr\/#\/schema\/logo\/image\/","url":"https:\/\/andamios-tendo.com\/wp-content\/uploads\/sites\/2\/2022\/07\/logo_tendo-s.png","contentUrl":"https:\/\/andamios-tendo.com\/wp-content\/uploads\/sites\/2\/2022\/07\/logo_tendo-s.png","width":153,"height":30,"caption":"Tendo"},"image":{"@id":"https:\/\/andamios-tendo.com\/fr\/#\/schema\/logo\/image\/"}}]}},"_links":{"self":[{"href":"https:\/\/andamios-tendo.com\/fr\/wp-json\/wp\/v2\/pages\/529","targetHints":{"allow":["GET"]}}],"collection":[{"href":"https:\/\/andamios-tendo.com\/fr\/wp-json\/wp\/v2\/pages"}],"about":[{"href":"https:\/\/andamios-tendo.com\/fr\/wp-json\/wp\/v2\/types\/page"}],"author":[{"embeddable":true,"href":"https:\/\/andamios-tendo.com\/fr\/wp-json\/wp\/v2\/users\/8"}],"replies":[{"embeddable":true,"href":"https:\/\/andamios-tendo.com\/fr\/wp-json\/wp\/v2\/comments?post=529"}],"version-history":[{"count":33,"href":"https:\/\/andamios-tendo.com\/fr\/wp-json\/wp\/v2\/pages\/529\/revisions"}],"predecessor-version":[{"id":1341,"href":"https:\/\/andamios-tendo.com\/fr\/wp-json\/wp\/v2\/pages\/529\/revisions\/1341"}],"wp:attachment":[{"href":"https:\/\/andamios-tendo.com\/fr\/wp-json\/wp\/v2\/media?parent=529"}],"curies":[{"name":"wp","href":"https:\/\/api.w.org\/{rel}","templated":true}]}}