{"id":579,"date":"2022-09-26T10:12:05","date_gmt":"2022-09-26T08:12:05","guid":{"rendered":"https:\/\/andamios-tendo.com\/?page_id=579"},"modified":"2025-08-12T08:31:18","modified_gmt":"2025-08-12T06:31:18","slug":"documentation","status":"publish","type":"page","link":"https:\/\/andamios-tendo.com\/fr\/documentation\/","title":{"rendered":"Documentation"},"content":{"rendered":"\n<p class=\"has-mycms-antracite-color has-text-color\"><strong>Nos documents \u00e0 votre disposition.<\/strong><\/p>\n\n\n\n<p>Vous trouverez dans cette rubrique toute notre documentation, disponible gratuitement au t\u00e9l\u00e9chargement.<\/p>\n\n\n\n<div class=\"wp-block-columns is-layout-flex wp-container-core-columns-is-layout-9d6595d7 wp-block-columns-is-layout-flex\">\n<div class=\"wp-block-column is-layout-flow wp-block-column-is-layout-flow\"><div class=\"mycms-richdownload\"><div class=\"mycms-richdownload--media mycms-margin-bottom--40\"><img loading=\"lazy\" decoding=\"async\" width=\"540\" height=\"300\" src=\"https:\/\/andamios-tendo.com\/wp-content\/uploads\/sites\/2\/2022\/11\/mockup-540x300.png\" class=\"attachment-mediatextlink size-mediatextlink\" alt=\"\" srcset=\"https:\/\/andamios-tendo.com\/wp-content\/uploads\/sites\/2\/2022\/11\/mockup-540x300.png 540w, https:\/\/andamios-tendo.com\/wp-content\/uploads\/sites\/2\/2022\/11\/mockup-375x208.png 375w\" sizes=\"auto, (max-width: 540px) 100vw, 540px\" \/><\/div><h3 class=\"mycms-txt--h3 mycms-txt--color-onyx mycms-txt--uppercase mycms-margin-bottom--40\">Catalogue<\/h3><p><a href=\"https:\/\/andamios-tendo.com\/wp-content\/uploads\/sites\/2\/2023\/01\/Catalogue-Tendo.pdf\" title=\"Catalogue Tendo\" data-filename=\"Catalogue-Tendo.pdf\" data-doctype=\"catalogue\" class=\"mycms-link mycms-link--download\" target=\"_blank\">T\u00e9l\u00e9charger<\/a><\/p><\/div><\/div>\n\n\n\n<div class=\"wp-block-column is-layout-flow wp-block-column-is-layout-flow\"><div class=\"mycms-richdownload\"><div class=\"mycms-richdownload--media mycms-margin-bottom--40\"><img loading=\"lazy\" decoding=\"async\" width=\"400\" height=\"300\" src=\"https:\/\/andamios-tendo.com\/wp-content\/uploads\/sites\/2\/2024\/11\/notice-1-e1732786021734-400x300.png\" class=\"attachment-mediatextlink size-mediatextlink\" alt=\"\" srcset=\"https:\/\/andamios-tendo.com\/wp-content\/uploads\/sites\/2\/2024\/11\/notice-1-e1732786021734-400x300.png 400w, https:\/\/andamios-tendo.com\/wp-content\/uploads\/sites\/2\/2024\/11\/notice-1-e1732786021734-395x295.png 395w\" sizes=\"auto, (max-width: 400px) 100vw, 400px\" \/><\/div><h3 class=\"mycms-txt--h3 mycms-txt--color-onyx mycms-txt--uppercase mycms-margin-bottom--40\">Notice de montage<\/h3><p><a href=\"https:\/\/andamios-tendo.com\/wp-content\/uploads\/sites\/2\/2024\/11\/ZZNO070_Notice_Protection_Faible_Pente_SECU_01_2022.pdf\" title=\"Notice de montage\" data-filename=\"ZZNO070_Notice_Protection_Faible_Pente_SECU_01_2022.pdf\" data-doctype=\"catalogue\" class=\"mycms-link mycms-link--download\" target=\"_blank\">T\u00e9l\u00e9charger<\/a><\/p><\/div><\/div>\n<\/div>\n\n\n\n<p><\/p>\n","protected":false},"excerpt":{"rendered":"<p>Nos documents \u00e0 votre disposition. Vous trouverez dans cette rubrique toute notre documentation, disponible gratuitement au t\u00e9l\u00e9chargement.<\/p>\n","protected":false},"author":8,"featured_media":0,"parent":0,"menu_order":0,"comment_status":"closed","ping_status":"closed","template":"","meta":{"_acf_changed":false,"footnotes":""},"class_list":["post-579","page","type-page","status-publish","hentry"],"acf":[],"yoast_head":"<!-- This site is optimized with the Yoast SEO plugin v27.3 - https:\/\/yoast.com\/product\/yoast-seo-wordpress\/ -->\n<title>Documentation - Tendo<\/title>\n<meta name=\"robots\" content=\"index, follow, max-snippet:-1, max-image-preview:large, max-video-preview:-1\" \/>\n<link rel=\"canonical\" href=\"https:\/\/andamios-tendo.com\/fr\/documentation\/\" \/>\n<meta property=\"og:locale\" content=\"fr_FR\" \/>\n<meta property=\"og:type\" content=\"article\" \/>\n<meta property=\"og:title\" content=\"Documentation - Tendo\" \/>\n<meta property=\"og:description\" content=\"Nos documents \u00e0 votre disposition. Vous trouverez dans cette rubrique toute notre documentation, disponible gratuitement au t\u00e9l\u00e9chargement.\" \/>\n<meta property=\"og:url\" content=\"https:\/\/andamios-tendo.com\/fr\/documentation\/\" \/>\n<meta property=\"og:site_name\" content=\"Tendo\" \/>\n<meta property=\"article:modified_time\" content=\"2025-08-12T06:31:18+00:00\" \/>\n<meta name=\"twitter:card\" content=\"summary_large_image\" \/>\n<meta name=\"twitter:label1\" content=\"Dur\u00e9e de lecture estim\u00e9e\" \/>\n\t<meta name=\"twitter:data1\" content=\"1 minute\" \/>\n<script type=\"application\/ld+json\" class=\"yoast-schema-graph\">{\"@context\":\"https:\\\/\\\/schema.org\",\"@graph\":[{\"@type\":\"WebPage\",\"@id\":\"https:\\\/\\\/andamios-tendo.com\\\/fr\\\/documentation\\\/\",\"url\":\"https:\\\/\\\/andamios-tendo.com\\\/fr\\\/documentation\\\/\",\"name\":\"Documentation - Tendo\",\"isPartOf\":{\"@id\":\"https:\\\/\\\/andamios-tendo.com\\\/fr\\\/#website\"},\"datePublished\":\"2022-09-26T08:12:05+00:00\",\"dateModified\":\"2025-08-12T06:31:18+00:00\",\"breadcrumb\":{\"@id\":\"https:\\\/\\\/andamios-tendo.com\\\/fr\\\/documentation\\\/#breadcrumb\"},\"inLanguage\":\"fr-FR\",\"potentialAction\":[{\"@type\":\"ReadAction\",\"target\":[\"https:\\\/\\\/andamios-tendo.com\\\/fr\\\/documentation\\\/\"]}]},{\"@type\":\"BreadcrumbList\",\"@id\":\"https:\\\/\\\/andamios-tendo.com\\\/fr\\\/documentation\\\/#breadcrumb\",\"itemListElement\":[{\"@type\":\"ListItem\",\"position\":1,\"name\":\"Tendo\",\"item\":\"https:\\\/\\\/andamios-tendo.com\\\/fr\\\/\"},{\"@type\":\"ListItem\",\"position\":2,\"name\":\"Documentation\"}]},{\"@type\":\"WebSite\",\"@id\":\"https:\\\/\\\/andamios-tendo.com\\\/fr\\\/#website\",\"url\":\"https:\\\/\\\/andamios-tendo.com\\\/fr\\\/\",\"name\":\"Tendo\",\"description\":\"Une entreprise du groupe Fr\u00e9n\u00e9hard &amp; Michaux\",\"publisher\":{\"@id\":\"https:\\\/\\\/andamios-tendo.com\\\/fr\\\/#organization\"},\"potentialAction\":[{\"@type\":\"SearchAction\",\"target\":{\"@type\":\"EntryPoint\",\"urlTemplate\":\"https:\\\/\\\/andamios-tendo.com\\\/fr\\\/?s={search_term_string}\"},\"query-input\":{\"@type\":\"PropertyValueSpecification\",\"valueRequired\":true,\"valueName\":\"search_term_string\"}}],\"inLanguage\":\"fr-FR\"},{\"@type\":\"Organization\",\"@id\":\"https:\\\/\\\/andamios-tendo.com\\\/fr\\\/#organization\",\"name\":\"Tendo\",\"url\":\"https:\\\/\\\/andamios-tendo.com\\\/fr\\\/\",\"logo\":{\"@type\":\"ImageObject\",\"inLanguage\":\"fr-FR\",\"@id\":\"https:\\\/\\\/andamios-tendo.com\\\/fr\\\/#\\\/schema\\\/logo\\\/image\\\/\",\"url\":\"https:\\\/\\\/andamios-tendo.com\\\/wp-content\\\/uploads\\\/sites\\\/2\\\/2022\\\/07\\\/logo_tendo-s.png\",\"contentUrl\":\"https:\\\/\\\/andamios-tendo.com\\\/wp-content\\\/uploads\\\/sites\\\/2\\\/2022\\\/07\\\/logo_tendo-s.png\",\"width\":153,\"height\":30,\"caption\":\"Tendo\"},\"image\":{\"@id\":\"https:\\\/\\\/andamios-tendo.com\\\/fr\\\/#\\\/schema\\\/logo\\\/image\\\/\"}}]}<\/script>\n<!-- \/ Yoast SEO plugin. -->","yoast_head_json":{"title":"Documentation - Tendo","robots":{"index":"index","follow":"follow","max-snippet":"max-snippet:-1","max-image-preview":"max-image-preview:large","max-video-preview":"max-video-preview:-1"},"canonical":"https:\/\/andamios-tendo.com\/fr\/documentation\/","og_locale":"fr_FR","og_type":"article","og_title":"Documentation - Tendo","og_description":"Nos documents \u00e0 votre disposition. Vous trouverez dans cette rubrique toute notre documentation, disponible gratuitement au t\u00e9l\u00e9chargement.","og_url":"https:\/\/andamios-tendo.com\/fr\/documentation\/","og_site_name":"Tendo","article_modified_time":"2025-08-12T06:31:18+00:00","twitter_card":"summary_large_image","twitter_misc":{"Dur\u00e9e de lecture estim\u00e9e":"1 minute"},"schema":{"@context":"https:\/\/schema.org","@graph":[{"@type":"WebPage","@id":"https:\/\/andamios-tendo.com\/fr\/documentation\/","url":"https:\/\/andamios-tendo.com\/fr\/documentation\/","name":"Documentation - Tendo","isPartOf":{"@id":"https:\/\/andamios-tendo.com\/fr\/#website"},"datePublished":"2022-09-26T08:12:05+00:00","dateModified":"2025-08-12T06:31:18+00:00","breadcrumb":{"@id":"https:\/\/andamios-tendo.com\/fr\/documentation\/#breadcrumb"},"inLanguage":"fr-FR","potentialAction":[{"@type":"ReadAction","target":["https:\/\/andamios-tendo.com\/fr\/documentation\/"]}]},{"@type":"BreadcrumbList","@id":"https:\/\/andamios-tendo.com\/fr\/documentation\/#breadcrumb","itemListElement":[{"@type":"ListItem","position":1,"name":"Tendo","item":"https:\/\/andamios-tendo.com\/fr\/"},{"@type":"ListItem","position":2,"name":"Documentation"}]},{"@type":"WebSite","@id":"https:\/\/andamios-tendo.com\/fr\/#website","url":"https:\/\/andamios-tendo.com\/fr\/","name":"Tendo","description":"Une entreprise du groupe Fr\u00e9n\u00e9hard &amp; Michaux","publisher":{"@id":"https:\/\/andamios-tendo.com\/fr\/#organization"},"potentialAction":[{"@type":"SearchAction","target":{"@type":"EntryPoint","urlTemplate":"https:\/\/andamios-tendo.com\/fr\/?s={search_term_string}"},"query-input":{"@type":"PropertyValueSpecification","valueRequired":true,"valueName":"search_term_string"}}],"inLanguage":"fr-FR"},{"@type":"Organization","@id":"https:\/\/andamios-tendo.com\/fr\/#organization","name":"Tendo","url":"https:\/\/andamios-tendo.com\/fr\/","logo":{"@type":"ImageObject","inLanguage":"fr-FR","@id":"https:\/\/andamios-tendo.com\/fr\/#\/schema\/logo\/image\/","url":"https:\/\/andamios-tendo.com\/wp-content\/uploads\/sites\/2\/2022\/07\/logo_tendo-s.png","contentUrl":"https:\/\/andamios-tendo.com\/wp-content\/uploads\/sites\/2\/2022\/07\/logo_tendo-s.png","width":153,"height":30,"caption":"Tendo"},"image":{"@id":"https:\/\/andamios-tendo.com\/fr\/#\/schema\/logo\/image\/"}}]}},"_links":{"self":[{"href":"https:\/\/andamios-tendo.com\/fr\/wp-json\/wp\/v2\/pages\/579","targetHints":{"allow":["GET"]}}],"collection":[{"href":"https:\/\/andamios-tendo.com\/fr\/wp-json\/wp\/v2\/pages"}],"about":[{"href":"https:\/\/andamios-tendo.com\/fr\/wp-json\/wp\/v2\/types\/page"}],"author":[{"embeddable":true,"href":"https:\/\/andamios-tendo.com\/fr\/wp-json\/wp\/v2\/users\/8"}],"replies":[{"embeddable":true,"href":"https:\/\/andamios-tendo.com\/fr\/wp-json\/wp\/v2\/comments?post=579"}],"version-history":[{"count":23,"href":"https:\/\/andamios-tendo.com\/fr\/wp-json\/wp\/v2\/pages\/579\/revisions"}],"predecessor-version":[{"id":36743,"href":"https:\/\/andamios-tendo.com\/fr\/wp-json\/wp\/v2\/pages\/579\/revisions\/36743"}],"wp:attachment":[{"href":"https:\/\/andamios-tendo.com\/fr\/wp-json\/wp\/v2\/media?parent=579"}],"curies":[{"name":"wp","href":"https:\/\/api.w.org\/{rel}","templated":true}]}}