{"id":603,"date":"2022-09-26T11:40:42","date_gmt":"2022-09-26T09:40:42","guid":{"rendered":"https:\/\/andamios-tendo.com\/?page_id=603"},"modified":"2022-09-30T15:44:51","modified_gmt":"2022-09-30T13:44:51","slug":"les-normes-du-secteur","status":"publish","type":"page","link":"https:\/\/andamios-tendo.com\/fr\/les-normes-du-secteur\/","title":{"rendered":"Les normes du secteur"},"content":{"rendered":"\n<figure class=\"wp-block-image size-large\"><img loading=\"lazy\" decoding=\"async\" width=\"1024\" height=\"294\" src=\"https:\/\/andamios-tendo.com\/wp-content\/uploads\/sites\/2\/2022\/09\/normes-1024x294.jpg\" alt=\"\" class=\"wp-image-1270\" srcset=\"https:\/\/andamios-tendo.com\/wp-content\/uploads\/sites\/2\/2022\/09\/normes-1024x294.jpg 1024w, https:\/\/andamios-tendo.com\/wp-content\/uploads\/sites\/2\/2022\/09\/normes-300x86.jpg 300w, https:\/\/andamios-tendo.com\/wp-content\/uploads\/sites\/2\/2022\/09\/normes-768x220.jpg 768w, https:\/\/andamios-tendo.com\/wp-content\/uploads\/sites\/2\/2022\/09\/normes-600x172.jpg 600w, https:\/\/andamios-tendo.com\/wp-content\/uploads\/sites\/2\/2022\/09\/normes.jpg 1500w\" sizes=\"auto, (max-width: 1024px) 100vw, 1024px\" \/><\/figure>\n\n\n\n<p><\/p>\n\n\n\n<p>De conception moderne et fonctionnelle, nos produits satisfont tous les crit\u00e8res \u00e9tablis par les normes europ\u00e9ennes&nbsp;:<\/p>\n\n\n\n<p><strong>Norme EN 12810&nbsp;:<\/strong> \u00c9chafaudages de fa\u00e7ade \u00e0 composants pr\u00e9fabriqu\u00e9s.<\/p>\n\n\n\n<p><strong>Norme EN 12811&nbsp;<\/strong>: \u00c9quipements temporaires de chantiers.<\/p>\n\n\n\n<p><strong>CLASSE 2&nbsp;:<\/strong> Travaux de nettoyage, peinture, menuiserie, assainissement et dans l\u2019industrie en g\u00e9n\u00e9ral.<\/p>\n\n\n\n<p><strong>CLASSES 4 et 5&nbsp;:<\/strong> \u00c9chafaudages de protection, \u00e9galement utilis\u00e9s pour les travaux de b\u00e9tonnage, de ravalement de fa\u00e7ades et de constructions industrielles.<\/p>\n\n\n\n<p><strong>CLASSE 6&nbsp;:<\/strong> Travaux de ma\u00e7onnerie lourde avec d\u2019importants stockages de charge et de mat\u00e9riaux. Largeurs sp\u00e9cifiques.<\/p>\n\n\n\n<p><\/p>\n","protected":false},"excerpt":{"rendered":"<p>De conception moderne et fonctionnelle, nos produits satisfont tous les crit\u00e8res \u00e9tablis par les normes europ\u00e9ennes&nbsp;: Norme EN 12810&nbsp;: \u00c9chafaudages de fa\u00e7ade \u00e0 composants pr\u00e9fabriqu\u00e9s. Norme EN 12811&nbsp;: \u00c9quipements temporaires de chantiers. CLASSE 2&nbsp;: Travaux de nettoyage, peinture, menuiserie, assainissement et dans l\u2019industrie en g\u00e9n\u00e9ral. CLASSES 4 et 5&nbsp;: \u00c9chafaudages de protection, \u00e9galement utilis\u00e9s pour [&hellip;]<\/p>\n","protected":false},"author":8,"featured_media":0,"parent":0,"menu_order":0,"comment_status":"closed","ping_status":"closed","template":"","meta":{"_acf_changed":false,"footnotes":""},"class_list":["post-603","page","type-page","status-publish","hentry"],"acf":[],"yoast_head":"<!-- This site is optimized with the Yoast SEO plugin v27.4 - https:\/\/yoast.com\/product\/yoast-seo-wordpress\/ -->\n<title>Les normes du secteur - Tendo<\/title>\n<meta name=\"robots\" content=\"index, follow, max-snippet:-1, max-image-preview:large, max-video-preview:-1\" \/>\n<link rel=\"canonical\" href=\"https:\/\/andamios-tendo.com\/fr\/les-normes-du-secteur\/\" \/>\n<meta property=\"og:locale\" content=\"fr_FR\" \/>\n<meta property=\"og:type\" content=\"article\" \/>\n<meta property=\"og:title\" content=\"Les normes du secteur - Tendo\" \/>\n<meta property=\"og:description\" content=\"De conception moderne et fonctionnelle, nos produits satisfont tous les crit\u00e8res \u00e9tablis par les normes europ\u00e9ennes&nbsp;: Norme EN 12810&nbsp;: \u00c9chafaudages de fa\u00e7ade \u00e0 composants pr\u00e9fabriqu\u00e9s. Norme EN 12811&nbsp;: \u00c9quipements temporaires de chantiers. CLASSE 2&nbsp;: Travaux de nettoyage, peinture, menuiserie, assainissement et dans l\u2019industrie en g\u00e9n\u00e9ral. CLASSES 4 et 5&nbsp;: \u00c9chafaudages de protection, \u00e9galement utilis\u00e9s pour [&hellip;]\" \/>\n<meta property=\"og:url\" content=\"https:\/\/andamios-tendo.com\/fr\/les-normes-du-secteur\/\" \/>\n<meta property=\"og:site_name\" content=\"Tendo\" \/>\n<meta property=\"article:modified_time\" content=\"2022-09-30T13:44:51+00:00\" \/>\n<meta property=\"og:image\" content=\"https:\/\/andamios-tendo.com\/wp-content\/uploads\/sites\/2\/2022\/09\/normes-1024x294.jpg\" \/>\n<meta name=\"twitter:card\" content=\"summary_large_image\" \/>\n<meta name=\"twitter:label1\" content=\"Dur\u00e9e de lecture estim\u00e9e\" \/>\n\t<meta name=\"twitter:data1\" content=\"1 minute\" \/>\n<script type=\"application\/ld+json\" class=\"yoast-schema-graph\">{\"@context\":\"https:\\\/\\\/schema.org\",\"@graph\":[{\"@type\":\"WebPage\",\"@id\":\"https:\\\/\\\/andamios-tendo.com\\\/fr\\\/les-normes-du-secteur\\\/\",\"url\":\"https:\\\/\\\/andamios-tendo.com\\\/fr\\\/les-normes-du-secteur\\\/\",\"name\":\"Les normes du secteur - Tendo\",\"isPartOf\":{\"@id\":\"https:\\\/\\\/andamios-tendo.com\\\/fr\\\/#website\"},\"primaryImageOfPage\":{\"@id\":\"https:\\\/\\\/andamios-tendo.com\\\/fr\\\/les-normes-du-secteur\\\/#primaryimage\"},\"image\":{\"@id\":\"https:\\\/\\\/andamios-tendo.com\\\/fr\\\/les-normes-du-secteur\\\/#primaryimage\"},\"thumbnailUrl\":\"https:\\\/\\\/andamios-tendo.com\\\/wp-content\\\/uploads\\\/sites\\\/2\\\/2022\\\/09\\\/normes-1024x294.jpg\",\"datePublished\":\"2022-09-26T09:40:42+00:00\",\"dateModified\":\"2022-09-30T13:44:51+00:00\",\"breadcrumb\":{\"@id\":\"https:\\\/\\\/andamios-tendo.com\\\/fr\\\/les-normes-du-secteur\\\/#breadcrumb\"},\"inLanguage\":\"fr-FR\",\"potentialAction\":[{\"@type\":\"ReadAction\",\"target\":[\"https:\\\/\\\/andamios-tendo.com\\\/fr\\\/les-normes-du-secteur\\\/\"]}]},{\"@type\":\"ImageObject\",\"inLanguage\":\"fr-FR\",\"@id\":\"https:\\\/\\\/andamios-tendo.com\\\/fr\\\/les-normes-du-secteur\\\/#primaryimage\",\"url\":\"https:\\\/\\\/andamios-tendo.com\\\/wp-content\\\/uploads\\\/sites\\\/2\\\/2022\\\/09\\\/normes-1024x294.jpg\",\"contentUrl\":\"https:\\\/\\\/andamios-tendo.com\\\/wp-content\\\/uploads\\\/sites\\\/2\\\/2022\\\/09\\\/normes-1024x294.jpg\"},{\"@type\":\"BreadcrumbList\",\"@id\":\"https:\\\/\\\/andamios-tendo.com\\\/fr\\\/les-normes-du-secteur\\\/#breadcrumb\",\"itemListElement\":[{\"@type\":\"ListItem\",\"position\":1,\"name\":\"Tendo\",\"item\":\"https:\\\/\\\/andamios-tendo.com\\\/fr\\\/\"},{\"@type\":\"ListItem\",\"position\":2,\"name\":\"Les normes du secteur\"}]},{\"@type\":\"WebSite\",\"@id\":\"https:\\\/\\\/andamios-tendo.com\\\/fr\\\/#website\",\"url\":\"https:\\\/\\\/andamios-tendo.com\\\/fr\\\/\",\"name\":\"Tendo\",\"description\":\"Une entreprise du groupe Fr\u00e9n\u00e9hard &amp; Michaux\",\"publisher\":{\"@id\":\"https:\\\/\\\/andamios-tendo.com\\\/fr\\\/#organization\"},\"potentialAction\":[{\"@type\":\"SearchAction\",\"target\":{\"@type\":\"EntryPoint\",\"urlTemplate\":\"https:\\\/\\\/andamios-tendo.com\\\/fr\\\/?s={search_term_string}\"},\"query-input\":{\"@type\":\"PropertyValueSpecification\",\"valueRequired\":true,\"valueName\":\"search_term_string\"}}],\"inLanguage\":\"fr-FR\"},{\"@type\":\"Organization\",\"@id\":\"https:\\\/\\\/andamios-tendo.com\\\/fr\\\/#organization\",\"name\":\"Tendo\",\"url\":\"https:\\\/\\\/andamios-tendo.com\\\/fr\\\/\",\"logo\":{\"@type\":\"ImageObject\",\"inLanguage\":\"fr-FR\",\"@id\":\"https:\\\/\\\/andamios-tendo.com\\\/fr\\\/#\\\/schema\\\/logo\\\/image\\\/\",\"url\":\"https:\\\/\\\/andamios-tendo.com\\\/wp-content\\\/uploads\\\/sites\\\/2\\\/2022\\\/07\\\/logo_tendo-s.png\",\"contentUrl\":\"https:\\\/\\\/andamios-tendo.com\\\/wp-content\\\/uploads\\\/sites\\\/2\\\/2022\\\/07\\\/logo_tendo-s.png\",\"width\":153,\"height\":30,\"caption\":\"Tendo\"},\"image\":{\"@id\":\"https:\\\/\\\/andamios-tendo.com\\\/fr\\\/#\\\/schema\\\/logo\\\/image\\\/\"}}]}<\/script>\n<!-- \/ Yoast SEO plugin. -->","yoast_head_json":{"title":"Les normes du secteur - Tendo","robots":{"index":"index","follow":"follow","max-snippet":"max-snippet:-1","max-image-preview":"max-image-preview:large","max-video-preview":"max-video-preview:-1"},"canonical":"https:\/\/andamios-tendo.com\/fr\/les-normes-du-secteur\/","og_locale":"fr_FR","og_type":"article","og_title":"Les normes du secteur - Tendo","og_description":"De conception moderne et fonctionnelle, nos produits satisfont tous les crit\u00e8res \u00e9tablis par les normes europ\u00e9ennes&nbsp;: Norme EN 12810&nbsp;: \u00c9chafaudages de fa\u00e7ade \u00e0 composants pr\u00e9fabriqu\u00e9s. Norme EN 12811&nbsp;: \u00c9quipements temporaires de chantiers. CLASSE 2&nbsp;: Travaux de nettoyage, peinture, menuiserie, assainissement et dans l\u2019industrie en g\u00e9n\u00e9ral. CLASSES 4 et 5&nbsp;: \u00c9chafaudages de protection, \u00e9galement utilis\u00e9s pour [&hellip;]","og_url":"https:\/\/andamios-tendo.com\/fr\/les-normes-du-secteur\/","og_site_name":"Tendo","article_modified_time":"2022-09-30T13:44:51+00:00","og_image":[{"url":"https:\/\/andamios-tendo.com\/wp-content\/uploads\/sites\/2\/2022\/09\/normes-1024x294.jpg","type":"","width":"","height":""}],"twitter_card":"summary_large_image","twitter_misc":{"Dur\u00e9e de lecture estim\u00e9e":"1 minute"},"schema":{"@context":"https:\/\/schema.org","@graph":[{"@type":"WebPage","@id":"https:\/\/andamios-tendo.com\/fr\/les-normes-du-secteur\/","url":"https:\/\/andamios-tendo.com\/fr\/les-normes-du-secteur\/","name":"Les normes du secteur - Tendo","isPartOf":{"@id":"https:\/\/andamios-tendo.com\/fr\/#website"},"primaryImageOfPage":{"@id":"https:\/\/andamios-tendo.com\/fr\/les-normes-du-secteur\/#primaryimage"},"image":{"@id":"https:\/\/andamios-tendo.com\/fr\/les-normes-du-secteur\/#primaryimage"},"thumbnailUrl":"https:\/\/andamios-tendo.com\/wp-content\/uploads\/sites\/2\/2022\/09\/normes-1024x294.jpg","datePublished":"2022-09-26T09:40:42+00:00","dateModified":"2022-09-30T13:44:51+00:00","breadcrumb":{"@id":"https:\/\/andamios-tendo.com\/fr\/les-normes-du-secteur\/#breadcrumb"},"inLanguage":"fr-FR","potentialAction":[{"@type":"ReadAction","target":["https:\/\/andamios-tendo.com\/fr\/les-normes-du-secteur\/"]}]},{"@type":"ImageObject","inLanguage":"fr-FR","@id":"https:\/\/andamios-tendo.com\/fr\/les-normes-du-secteur\/#primaryimage","url":"https:\/\/andamios-tendo.com\/wp-content\/uploads\/sites\/2\/2022\/09\/normes-1024x294.jpg","contentUrl":"https:\/\/andamios-tendo.com\/wp-content\/uploads\/sites\/2\/2022\/09\/normes-1024x294.jpg"},{"@type":"BreadcrumbList","@id":"https:\/\/andamios-tendo.com\/fr\/les-normes-du-secteur\/#breadcrumb","itemListElement":[{"@type":"ListItem","position":1,"name":"Tendo","item":"https:\/\/andamios-tendo.com\/fr\/"},{"@type":"ListItem","position":2,"name":"Les normes du secteur"}]},{"@type":"WebSite","@id":"https:\/\/andamios-tendo.com\/fr\/#website","url":"https:\/\/andamios-tendo.com\/fr\/","name":"Tendo","description":"Une entreprise du groupe Fr\u00e9n\u00e9hard &amp; Michaux","publisher":{"@id":"https:\/\/andamios-tendo.com\/fr\/#organization"},"potentialAction":[{"@type":"SearchAction","target":{"@type":"EntryPoint","urlTemplate":"https:\/\/andamios-tendo.com\/fr\/?s={search_term_string}"},"query-input":{"@type":"PropertyValueSpecification","valueRequired":true,"valueName":"search_term_string"}}],"inLanguage":"fr-FR"},{"@type":"Organization","@id":"https:\/\/andamios-tendo.com\/fr\/#organization","name":"Tendo","url":"https:\/\/andamios-tendo.com\/fr\/","logo":{"@type":"ImageObject","inLanguage":"fr-FR","@id":"https:\/\/andamios-tendo.com\/fr\/#\/schema\/logo\/image\/","url":"https:\/\/andamios-tendo.com\/wp-content\/uploads\/sites\/2\/2022\/07\/logo_tendo-s.png","contentUrl":"https:\/\/andamios-tendo.com\/wp-content\/uploads\/sites\/2\/2022\/07\/logo_tendo-s.png","width":153,"height":30,"caption":"Tendo"},"image":{"@id":"https:\/\/andamios-tendo.com\/fr\/#\/schema\/logo\/image\/"}}]}},"_links":{"self":[{"href":"https:\/\/andamios-tendo.com\/fr\/wp-json\/wp\/v2\/pages\/603","targetHints":{"allow":["GET"]}}],"collection":[{"href":"https:\/\/andamios-tendo.com\/fr\/wp-json\/wp\/v2\/pages"}],"about":[{"href":"https:\/\/andamios-tendo.com\/fr\/wp-json\/wp\/v2\/types\/page"}],"author":[{"embeddable":true,"href":"https:\/\/andamios-tendo.com\/fr\/wp-json\/wp\/v2\/users\/8"}],"replies":[{"embeddable":true,"href":"https:\/\/andamios-tendo.com\/fr\/wp-json\/wp\/v2\/comments?post=603"}],"version-history":[{"count":3,"href":"https:\/\/andamios-tendo.com\/fr\/wp-json\/wp\/v2\/pages\/603\/revisions"}],"predecessor-version":[{"id":1275,"href":"https:\/\/andamios-tendo.com\/fr\/wp-json\/wp\/v2\/pages\/603\/revisions\/1275"}],"wp:attachment":[{"href":"https:\/\/andamios-tendo.com\/fr\/wp-json\/wp\/v2\/media?parent=603"}],"curies":[{"name":"wp","href":"https:\/\/api.w.org\/{rel}","templated":true}]}}