{"id":855,"date":"2022-09-27T14:04:39","date_gmt":"2022-09-27T12:04:39","guid":{"rendered":"https:\/\/andamios-tendo.com\/?page_id=855"},"modified":"2024-02-19T15:09:54","modified_gmt":"2024-02-19T14:09:54","slug":"mentions-legales-du-site","status":"publish","type":"page","link":"https:\/\/andamios-tendo.com\/fr\/mentions-legales-du-site\/","title":{"rendered":"Mentions l\u00e9gales"},"content":{"rendered":"\n<h3 class=\"wp-block-heading\" id=\"1-editeur-du-site\">1. <strong>EDITEUR DU SITE<\/strong><\/h3>\n\n\n\n<p>Le site TENDO (<a href=\"https:\/\/www.andamios-tendo.com\/\">https:\/\/www.andamios-tendo.com\/<\/a>) (ci-apr\u00e8s \u00ab&nbsp;<strong>le Site<\/strong>&nbsp;\u00bb) est produit et \u00e9dit\u00e9 par la soci\u00e9t\u00e9 soci\u00e9t\u00e9 TENDO, SLU au capital social de 4080 euros, immatricul\u00e9e au REGISTRO MERCANTIL DE ZARAGOZA sous le num\u00e9ro n\u00b0 B64454705 et POLIG POL\u00cdGONO INDUSTRIAL, C\/ LA RIOJA \u2013 PARCELA 89\/1-2-3.TARAZONA50-ZARAGOZA.<\/p>\n\n\n\n<p>Contact&nbsp;:<\/p>\n\n\n\n<ul class=\"wp-block-list\">\n<li>Email\u00a0: communication@andamios-tendo.com<\/li>\n\n\n\n<li>T\u00e9l\u00e9phone : +34 976 64 43 01<\/li>\n<\/ul>\n\n\n\n<p><em>Directeur de la publication\u00a0: Laurent MONTES<\/em><\/p>\n\n\n\n<p><em>Responsable de la direction : Angel SOLA<\/em><\/p>\n\n\n\n<h3 class=\"wp-block-heading\" id=\"2-herbegeur-du-site\">2. HERBEGEUR DU SITE<\/h3>\n\n\n\n<p>Le Site est h\u00e9berg\u00e9 par la soci\u00e9t\u00e9 Clevercloud, SAS au capital social de 22.952 euros immatricul\u00e9e au RCS de NANTES sous le num\u00e9ro n\u00b0 524&nbsp;172 699 et sis 3, rue de l\u2019Allier, 44000 Nantes, France.<\/p>\n\n\n\n<p>Contact\u00a0:<\/p>\n\n\n\n<ul class=\"wp-block-list\">\n<li>T\u00e9l\u00e9phone\u00a0: 02 85 52 07 69<\/li>\n<\/ul>\n\n\n\n<h3 class=\"wp-block-heading\" id=\"3-divers\">3. <strong>DIVERS<\/strong><\/h3>\n\n\n\n<p>Tendo a r\u00e9dig\u00e9 et met \u00e0 la disposition des utilisateurs du Site la documentation suivante. Il est fortement recommand\u00e9 aux utilisateurs du Site d\u2019en prendre connaissance&nbsp;:<\/p>\n\n\n\n<ul class=\"wp-block-list\">\n<li>Conditions g\u00e9n\u00e9rales d\u2019utilisation<\/li>\n\n\n\n<li>Politique de confidentialit\u00e9<\/li>\n<\/ul>\n","protected":false},"excerpt":{"rendered":"<p>1. EDITEUR DU SITE Le site TENDO (https:\/\/www.andamios-tendo.com\/) (ci-apr\u00e8s \u00ab&nbsp;le Site&nbsp;\u00bb) est produit et \u00e9dit\u00e9 par la soci\u00e9t\u00e9 soci\u00e9t\u00e9 TENDO, SLU au capital social de 4080 euros, immatricul\u00e9e au REGISTRO MERCANTIL DE ZARAGOZA sous le num\u00e9ro n\u00b0 B64454705 et POLIG POL\u00cdGONO INDUSTRIAL, C\/ LA RIOJA \u2013 PARCELA 89\/1-2-3.TARAZONA50-ZARAGOZA. Contact&nbsp;: Directeur de la publication\u00a0: Laurent MONTES [&hellip;]<\/p>\n","protected":false},"author":8,"featured_media":0,"parent":0,"menu_order":0,"comment_status":"closed","ping_status":"closed","template":"","meta":{"_acf_changed":false,"footnotes":""},"class_list":["post-855","page","type-page","status-publish","hentry"],"acf":[],"yoast_head":"<!-- This site is optimized with the Yoast SEO plugin v27.3 - https:\/\/yoast.com\/product\/yoast-seo-wordpress\/ -->\n<title>Mentions l\u00e9gales - Tendo<\/title>\n<meta name=\"robots\" content=\"index, follow, max-snippet:-1, max-image-preview:large, max-video-preview:-1\" \/>\n<link rel=\"canonical\" href=\"https:\/\/andamios-tendo.com\/fr\/mentions-legales-du-site\/\" \/>\n<meta property=\"og:locale\" content=\"fr_FR\" \/>\n<meta property=\"og:type\" content=\"article\" \/>\n<meta property=\"og:title\" content=\"Mentions l\u00e9gales - Tendo\" \/>\n<meta property=\"og:description\" content=\"1. EDITEUR DU SITE Le site TENDO (https:\/\/www.andamios-tendo.com\/) (ci-apr\u00e8s \u00ab&nbsp;le Site&nbsp;\u00bb) est produit et \u00e9dit\u00e9 par la soci\u00e9t\u00e9 soci\u00e9t\u00e9 TENDO, SLU au capital social de 4080 euros, immatricul\u00e9e au REGISTRO MERCANTIL DE ZARAGOZA sous le num\u00e9ro n\u00b0 B64454705 et POLIG POL\u00cdGONO INDUSTRIAL, C\/ LA RIOJA \u2013 PARCELA 89\/1-2-3.TARAZONA50-ZARAGOZA. Contact&nbsp;: Directeur de la publication\u00a0: Laurent MONTES [&hellip;]\" \/>\n<meta property=\"og:url\" content=\"https:\/\/andamios-tendo.com\/fr\/mentions-legales-du-site\/\" \/>\n<meta property=\"og:site_name\" content=\"Tendo\" \/>\n<meta property=\"article:modified_time\" content=\"2024-02-19T14:09:54+00:00\" \/>\n<meta name=\"twitter:card\" content=\"summary_large_image\" \/>\n<meta name=\"twitter:label1\" content=\"Dur\u00e9e de lecture estim\u00e9e\" \/>\n\t<meta name=\"twitter:data1\" content=\"1 minute\" \/>\n<script type=\"application\/ld+json\" class=\"yoast-schema-graph\">{\"@context\":\"https:\\\/\\\/schema.org\",\"@graph\":[{\"@type\":\"WebPage\",\"@id\":\"https:\\\/\\\/andamios-tendo.com\\\/fr\\\/mentions-legales-du-site\\\/\",\"url\":\"https:\\\/\\\/andamios-tendo.com\\\/fr\\\/mentions-legales-du-site\\\/\",\"name\":\"Mentions l\u00e9gales - Tendo\",\"isPartOf\":{\"@id\":\"https:\\\/\\\/andamios-tendo.com\\\/fr\\\/#website\"},\"datePublished\":\"2022-09-27T12:04:39+00:00\",\"dateModified\":\"2024-02-19T14:09:54+00:00\",\"breadcrumb\":{\"@id\":\"https:\\\/\\\/andamios-tendo.com\\\/fr\\\/mentions-legales-du-site\\\/#breadcrumb\"},\"inLanguage\":\"fr-FR\",\"potentialAction\":[{\"@type\":\"ReadAction\",\"target\":[\"https:\\\/\\\/andamios-tendo.com\\\/fr\\\/mentions-legales-du-site\\\/\"]}]},{\"@type\":\"BreadcrumbList\",\"@id\":\"https:\\\/\\\/andamios-tendo.com\\\/fr\\\/mentions-legales-du-site\\\/#breadcrumb\",\"itemListElement\":[{\"@type\":\"ListItem\",\"position\":1,\"name\":\"Tendo\",\"item\":\"https:\\\/\\\/andamios-tendo.com\\\/fr\\\/\"},{\"@type\":\"ListItem\",\"position\":2,\"name\":\"Mentions l\u00e9gales\"}]},{\"@type\":\"WebSite\",\"@id\":\"https:\\\/\\\/andamios-tendo.com\\\/fr\\\/#website\",\"url\":\"https:\\\/\\\/andamios-tendo.com\\\/fr\\\/\",\"name\":\"Tendo\",\"description\":\"Une entreprise du groupe Fr\u00e9n\u00e9hard &amp; Michaux\",\"publisher\":{\"@id\":\"https:\\\/\\\/andamios-tendo.com\\\/fr\\\/#organization\"},\"potentialAction\":[{\"@type\":\"SearchAction\",\"target\":{\"@type\":\"EntryPoint\",\"urlTemplate\":\"https:\\\/\\\/andamios-tendo.com\\\/fr\\\/?s={search_term_string}\"},\"query-input\":{\"@type\":\"PropertyValueSpecification\",\"valueRequired\":true,\"valueName\":\"search_term_string\"}}],\"inLanguage\":\"fr-FR\"},{\"@type\":\"Organization\",\"@id\":\"https:\\\/\\\/andamios-tendo.com\\\/fr\\\/#organization\",\"name\":\"Tendo\",\"url\":\"https:\\\/\\\/andamios-tendo.com\\\/fr\\\/\",\"logo\":{\"@type\":\"ImageObject\",\"inLanguage\":\"fr-FR\",\"@id\":\"https:\\\/\\\/andamios-tendo.com\\\/fr\\\/#\\\/schema\\\/logo\\\/image\\\/\",\"url\":\"https:\\\/\\\/andamios-tendo.com\\\/wp-content\\\/uploads\\\/sites\\\/2\\\/2022\\\/07\\\/logo_tendo-s.png\",\"contentUrl\":\"https:\\\/\\\/andamios-tendo.com\\\/wp-content\\\/uploads\\\/sites\\\/2\\\/2022\\\/07\\\/logo_tendo-s.png\",\"width\":153,\"height\":30,\"caption\":\"Tendo\"},\"image\":{\"@id\":\"https:\\\/\\\/andamios-tendo.com\\\/fr\\\/#\\\/schema\\\/logo\\\/image\\\/\"}}]}<\/script>\n<!-- \/ Yoast SEO plugin. -->","yoast_head_json":{"title":"Mentions l\u00e9gales - Tendo","robots":{"index":"index","follow":"follow","max-snippet":"max-snippet:-1","max-image-preview":"max-image-preview:large","max-video-preview":"max-video-preview:-1"},"canonical":"https:\/\/andamios-tendo.com\/fr\/mentions-legales-du-site\/","og_locale":"fr_FR","og_type":"article","og_title":"Mentions l\u00e9gales - Tendo","og_description":"1. EDITEUR DU SITE Le site TENDO (https:\/\/www.andamios-tendo.com\/) (ci-apr\u00e8s \u00ab&nbsp;le Site&nbsp;\u00bb) est produit et \u00e9dit\u00e9 par la soci\u00e9t\u00e9 soci\u00e9t\u00e9 TENDO, SLU au capital social de 4080 euros, immatricul\u00e9e au REGISTRO MERCANTIL DE ZARAGOZA sous le num\u00e9ro n\u00b0 B64454705 et POLIG POL\u00cdGONO INDUSTRIAL, C\/ LA RIOJA \u2013 PARCELA 89\/1-2-3.TARAZONA50-ZARAGOZA. Contact&nbsp;: Directeur de la publication\u00a0: Laurent MONTES [&hellip;]","og_url":"https:\/\/andamios-tendo.com\/fr\/mentions-legales-du-site\/","og_site_name":"Tendo","article_modified_time":"2024-02-19T14:09:54+00:00","twitter_card":"summary_large_image","twitter_misc":{"Dur\u00e9e de lecture estim\u00e9e":"1 minute"},"schema":{"@context":"https:\/\/schema.org","@graph":[{"@type":"WebPage","@id":"https:\/\/andamios-tendo.com\/fr\/mentions-legales-du-site\/","url":"https:\/\/andamios-tendo.com\/fr\/mentions-legales-du-site\/","name":"Mentions l\u00e9gales - Tendo","isPartOf":{"@id":"https:\/\/andamios-tendo.com\/fr\/#website"},"datePublished":"2022-09-27T12:04:39+00:00","dateModified":"2024-02-19T14:09:54+00:00","breadcrumb":{"@id":"https:\/\/andamios-tendo.com\/fr\/mentions-legales-du-site\/#breadcrumb"},"inLanguage":"fr-FR","potentialAction":[{"@type":"ReadAction","target":["https:\/\/andamios-tendo.com\/fr\/mentions-legales-du-site\/"]}]},{"@type":"BreadcrumbList","@id":"https:\/\/andamios-tendo.com\/fr\/mentions-legales-du-site\/#breadcrumb","itemListElement":[{"@type":"ListItem","position":1,"name":"Tendo","item":"https:\/\/andamios-tendo.com\/fr\/"},{"@type":"ListItem","position":2,"name":"Mentions l\u00e9gales"}]},{"@type":"WebSite","@id":"https:\/\/andamios-tendo.com\/fr\/#website","url":"https:\/\/andamios-tendo.com\/fr\/","name":"Tendo","description":"Une entreprise du groupe Fr\u00e9n\u00e9hard &amp; Michaux","publisher":{"@id":"https:\/\/andamios-tendo.com\/fr\/#organization"},"potentialAction":[{"@type":"SearchAction","target":{"@type":"EntryPoint","urlTemplate":"https:\/\/andamios-tendo.com\/fr\/?s={search_term_string}"},"query-input":{"@type":"PropertyValueSpecification","valueRequired":true,"valueName":"search_term_string"}}],"inLanguage":"fr-FR"},{"@type":"Organization","@id":"https:\/\/andamios-tendo.com\/fr\/#organization","name":"Tendo","url":"https:\/\/andamios-tendo.com\/fr\/","logo":{"@type":"ImageObject","inLanguage":"fr-FR","@id":"https:\/\/andamios-tendo.com\/fr\/#\/schema\/logo\/image\/","url":"https:\/\/andamios-tendo.com\/wp-content\/uploads\/sites\/2\/2022\/07\/logo_tendo-s.png","contentUrl":"https:\/\/andamios-tendo.com\/wp-content\/uploads\/sites\/2\/2022\/07\/logo_tendo-s.png","width":153,"height":30,"caption":"Tendo"},"image":{"@id":"https:\/\/andamios-tendo.com\/fr\/#\/schema\/logo\/image\/"}}]}},"_links":{"self":[{"href":"https:\/\/andamios-tendo.com\/fr\/wp-json\/wp\/v2\/pages\/855","targetHints":{"allow":["GET"]}}],"collection":[{"href":"https:\/\/andamios-tendo.com\/fr\/wp-json\/wp\/v2\/pages"}],"about":[{"href":"https:\/\/andamios-tendo.com\/fr\/wp-json\/wp\/v2\/types\/page"}],"author":[{"embeddable":true,"href":"https:\/\/andamios-tendo.com\/fr\/wp-json\/wp\/v2\/users\/8"}],"replies":[{"embeddable":true,"href":"https:\/\/andamios-tendo.com\/fr\/wp-json\/wp\/v2\/comments?post=855"}],"version-history":[{"count":4,"href":"https:\/\/andamios-tendo.com\/fr\/wp-json\/wp\/v2\/pages\/855\/revisions"}],"predecessor-version":[{"id":29817,"href":"https:\/\/andamios-tendo.com\/fr\/wp-json\/wp\/v2\/pages\/855\/revisions\/29817"}],"wp:attachment":[{"href":"https:\/\/andamios-tendo.com\/fr\/wp-json\/wp\/v2\/media?parent=855"}],"curies":[{"name":"wp","href":"https:\/\/api.w.org\/{rel}","templated":true}]}}