{"id":859,"date":"2022-09-27T14:12:46","date_gmt":"2022-09-27T12:12:46","guid":{"rendered":"https:\/\/andamios-tendo.com\/?page_id=859"},"modified":"2022-10-11T12:26:35","modified_gmt":"2022-10-11T10:26:35","slug":"politique-de-confidentialite-du-site-andamios-tendo-com","status":"publish","type":"page","link":"https:\/\/andamios-tendo.com\/fr\/politique-de-confidentialite-du-site-andamios-tendo-com\/","title":{"rendered":"Politique de confidentialit\u00e9 du site Andamios-tendo.com"},"content":{"rendered":"\n<p> La soci\u00e9t\u00e9 Tendo (ci-apr\u00e8s \u00ab\u00a0<strong>Nous<\/strong>\u00a0\u00bb) accorde une importance primordiale au respect de la protection des donn\u00e9es \u00e0 caract\u00e8re personnel des utilisateurs de son site internet (https:\/\/www.andamios-tendo.com) (ci-apr\u00e8s ensemble \u00ab\u00a0<strong>Vous<\/strong>\u00a0\u00bb).<\/p>\n\n\n\n<p>Afin de vous fournir une information compl\u00e8te et transparente sur l\u2019utilisation que nous faisons de vos donn\u00e9es personnelles ainsi que sur les diff\u00e9rents droits que vous pouvez exercer, nous avons \u00e9labor\u00e9 la pr\u00e9sente politique de confidentialit\u00e9.<\/p>\n\n\n\n<p>Nous collectons vos donn\u00e9es personnelles de mani\u00e8re loyale, licite, transparente et vos donn\u00e9es, ainsi collect\u00e9es, sont proportionn\u00e9es aux finalit\u00e9s de notre traitement.<\/p>\n\n\n\n<ol class=\"wp-block-list\" type=\"1\"><li><strong>DEFINITIONS<\/strong><\/li><\/ol>\n\n\n\n<ul class=\"wp-block-list\"><li><strong>Qu\u2019est-ce qu\u2019une donn\u00e9e \u00e0 caract\u00e8re personnel<\/strong>&nbsp;<strong>?<\/strong> Une donn\u00e9e \u00e0 caract\u00e8re personnel \u2013 ou une donn\u00e9e personnelle \u2013 est une information permettant de vous identifier, directement ou indirectement. Il peut s\u2019agir de votre nom, de votre pr\u00e9nom, de vos adresses postale et \u00e9lectronique, ainsi que de vos donn\u00e9es de navigation.<\/li><li><strong>Qu\u2019est-ce qu\u2019un responsable de traitement<\/strong>&nbsp;<strong>?<\/strong> C\u2019est la personne ou l\u2019organisme qui d\u00e9cide de traiter vos donn\u00e9es personnelles, et d\u00e9termine pourquoi et comment les utiliser.<\/li><li><strong>Qu\u2019est-ce qu\u2019une finalit\u00e9<\/strong>&nbsp;<strong>?<\/strong> C\u2019est l\u2019objectif principal de l\u2019utilisation de vos donn\u00e9es.<\/li><li><strong>Qu\u2019est-ce qu\u2019une base l\u00e9gale<\/strong>&nbsp;<strong>?<\/strong> C\u2019est le fondement sur lequel repose l\u2019utilisation de vos donn\u00e9es pour \u00eatre licite.<\/li><li><strong>Qu\u2019est-ce qu\u2019une dur\u00e9e de conservation<\/strong>&nbsp;<strong>?<\/strong> C\u2019est la dur\u00e9e pendant laquelle nous avons besoin d\u2019utiliser vos donn\u00e9es en relation avec la finalit\u00e9 poursuivie, \u00e0 moins que la loi nous permette ou nous impose de les conserver plus longtemps.<\/li><\/ul>\n\n\n\n<ul class=\"wp-block-list\"><li><strong>QUI EST RESPONSABLE DU TRAITEMENT&nbsp;?<\/strong><\/li><\/ul>\n\n\n\n<p>Tendo est responsable de traitement de vos donn\u00e9es personnelles collect\u00e9es sur le Site.<\/p>\n\n\n\n<ul class=\"wp-block-list\"><li><strong>POURQUOI UTILISONS-NOUS VOS DONN\u00c9ES ET COMBIEN DE TEMPS LES CONSERVONS NOUS&nbsp;?<\/strong><\/li><\/ul>\n\n\n\n<p>Afin de simplifier la pr\u00e9sentation des caract\u00e9ristiques des traitements mis en \u0153uvre, nous pr\u00e9sentons dans le tableau ci-dessous les raisons pour lesquelles nous traitons vos donn\u00e9es (finalit\u00e9s), nos justifications du traitement (bases l\u00e9gales) ainsi que la p\u00e9riode durant laquelle nous les utilisons (dur\u00e9e de conservation).<\/p>\n\n\n\n<figure class=\"wp-block-table\"><table><tbody><tr><td><strong>Finalit\u00e9s<\/strong><strong><\/strong><\/td><td><strong>Bases l\u00e9gales<\/strong><strong><\/strong><\/td><td><strong>Dur\u00e9e de conservation<\/strong><strong><\/strong><\/td><\/tr><tr><td><\/td><td><\/td><td><\/td><\/tr><tr><td><\/td><td><\/td><td><\/td><\/tr><tr><td>Gestion de vos demandes de devis<\/td><td>Ex\u00e9cution contractuelle<\/td><td>Pas de stockage<\/td><\/tr><tr><td>Envoi d\u2019offres commerciales par email sauf opposition de votre part \u00e0 recevoir de telles sollicitations<br>(Pr\u00e9sence d\u2019une case \u00e0 cocher \u00ab&nbsp;j\u2019acc\u00e8pte de recevoir les offres Tendo&nbsp;\u00bb)<\/td><td>Notre int\u00e9r\u00eat l\u00e9gitime \u00e0 vous adresser des recommandations portant sur des produits susceptibles de vous int\u00e9resser. &nbsp;<\/td><td>Pendant 3 ans \u00e0 compter de notre dernier contact avec vous ou jusqu\u2019\u00e0 votre d\u00e9sinscription \u00e0 la r\u00e9ception de ces sollicitations.<\/td><\/tr><tr><td>R\u00e9pondre \u00e0 vos questions<\/td><td>Notre int\u00e9r\u00eat l\u00e9gitime \u00e0 r\u00e9pondre \u00e0 vos demandes<\/td><td>Dur\u00e9e n\u00e9cessaire pour r\u00e9pondre \u00e0 vos demandes<\/td><\/tr><tr><td>Gestion du site par l\u2019utilisation des cookies<\/td><td>Notre int\u00e9r\u00eat l\u00e9gitime \u00e0 assurer le fonctionnement de notre site, \u00e0 mesurer sa fr\u00e9quentation, \u00e0 connaitre la pertinence de son contenu et son attractivit\u00e9.<\/td><td>Vos donn\u00e9es sont conserv\u00e9es pour une dur\u00e9e n\u2019exc\u00e9dant pas 13 mois.<\/td><\/tr><\/tbody><\/table><\/figure>\n\n\n\n<ul class=\"wp-block-list\"><li><strong>QUELLES SONT LES DONN\u00c9ES PERSONNELLES QUE NOUS COLLECTONS&nbsp;?<\/strong><\/li><\/ul>\n\n\n\n<p>Afin de r\u00e9aliser les traitements d\u00e9crits ci-dessus, nous collectons :<\/p>\n\n\n\n<ul class=\"wp-block-list\"><li>Votre nom,<\/li><li>Votre pr\u00e9nom,<\/li><li>Votre adresse email professionnelle,<\/li><li>Votre num\u00e9ro de t\u00e9l\u00e9phone professionnel.<\/li><\/ul>\n\n\n\n<p>Le cas \u00e9ch\u00e9ant, nous pouvons \u00e9galement collecter les donn\u00e9es personnelles que vous pourrez renseigner dans la zone de commentaire libre qui vous est pr\u00e9sent\u00e9e dans la rubrique Message lorsque vous souhaitez prendre contact avec nous. Nous vous demandons sur ce point de ne renseigner dans ces sections que des commentaires neutres et objectifs et \u00e0 limiter les donn\u00e9es personnelles que vous pourriez nous transmettre au strict n\u00e9cessaire.<\/p>\n\n\n\n<p>Sous r\u00e9serve de votre acceptation pr\u00e9alable \u00e0 leur d\u00e9p\u00f4t, nous pouvons \u00e9galement collecter des donn\u00e9es relatives \u00e0 votre navigation sur les pages du site et votre adresse IP par l\u2019interm\u00e9diaire des cookies. Nous effectuons des mesures d\u2019audience nous permettant de r\u00e9aliser des statistiques concernant la fr\u00e9quentation du site et des analyses de performances de campagnes publicitaires. Pour plus d\u2019informations concernant les finalit\u00e9s des cookies utilis\u00e9s, leurs \u00e9metteurs et les moyens mis \u00e0 votre disposition pour vous y opposer, nous vous invitons \u00e0 consulter l\u2019adresse suivante&nbsp;: <a href=\"http:\/\/www.axeptio.com\">www.axeptio.com<\/a><\/p>\n\n\n\n<ul class=\"wp-block-list\"><li><strong>A QUI TRANSMETTONS NOUS VOS DONNEES&nbsp;?<\/strong><\/li><\/ul>\n\n\n\n<p>Vos donn\u00e9es personnelles sont transmises au sein de nos diff\u00e9rents services, aux seules personnes habilit\u00e9es \u00e0 les traiter, notamment aux membres de notre service commercial.<\/p>\n\n\n\n<p>Elles sont \u00e9galement transmises \u00e0 nos prestataires externes, agissant en notre nom et pour notre compte, comme ceux intervenant dans la gestion de notre site internet et pour l\u2019h\u00e9bergement de nos donn\u00e9es. Vos donn\u00e9es peuvent \u00e9galement \u00eatre transmises \u00e0 nos soci\u00e9t\u00e9s partenaires, membres du groupe Fr\u00e9n\u00e9hard &amp; Michaux pour la r\u00e9alisation de certaines prestations \u00e0 votre demande. Nous nous assurons que ces derniers pr\u00e9sentent les garanties n\u00e9cessaires au respect de la s\u00e9curit\u00e9 et de la confidentialit\u00e9 de vos donn\u00e9es. \u00a0<\/p>\n\n\n\n<p>Nous pouvons \u00e9galement \u00eatre amen\u00e9s, en vertu d\u2019une obligation l\u00e9gale \u00e0 transmettre vos donn\u00e9es personnelles, \u00e0 une autorit\u00e9 administrative ou \u00e0 un organisme public habilit\u00e9 (ex. s\u00e9curit\u00e9 sociale, administration fiscale ou autres).<\/p>\n\n\n\n<ul class=\"wp-block-list\"><li><strong>VOS DONN\u05a4\u00c9ES SONT-ELLES PARTAG\u05a4EES AVEC DES DESTINATAIRES SITUES EN DEHORS DE L\u2019UNION EUROPEENNE&nbsp;?<\/strong><\/li><\/ul>\n\n\n\n<p>Nos traitements de donn\u00e9es personnelles sont principalement effectu\u00e9s en Europe.<\/p>\n\n\n\n<p>Toutefois, il peut arriver que des transferts de donn\u00e9es personnelles soient r\u00e9alis\u00e9s vers un pays tiers \u00e0 l\u2019Union europ\u00e9enne. Dans l\u2019hypoth\u00e8se o\u00f9 un tel transfert serait effectu\u00e9 \u00e0 destination d\u2019un pays dont le niveau de protection ne serait pas consid\u00e9r\u00e9 comme ad\u00e9quat par les autorit\u00e9s europ\u00e9ennes, nous nous engageons \u00e0 encadrer le transfert concern\u00e9 par des garanties appropri\u00e9es conform\u00e9ment \u00e0 la l\u00e9gislation applicable.<\/p>\n\n\n\n<p>Par exemple, nous nous assurons que les soci\u00e9t\u00e9s importants vos donn\u00e9es signent des contrats de traitement de donn\u00e9es s\u2019appuyant sur les clauses contractuelles types valid\u00e9es par la Commission Europ\u00e9enne en vigueur, auxquelles peuvent \u00eatre ajout\u00e9es des mesures compl\u00e9mentaires, ou encore qu\u2019elles ont adh\u00e9r\u00e9 \u00e0 un code de conduite ou \u00e0 un m\u00e9canisme de certification.<\/p>\n\n\n\n<p>Vous pouvez demander plus d\u2019informations sur les garanties mises en place en nous adressant un email \u00e0 l\u2019adresse indiqu\u00e9e sous la section 7 \u2013 <em>Quels sont vos droits sur vos donn\u00e9es personnelles&nbsp;?<\/em> ci-dessous.<\/p>\n\n\n\n<ul class=\"wp-block-list\"><li><strong>QUELS SONT VOS DROITS SUR VOS DONNEES PERSONNELLES&nbsp;?<\/strong><\/li><\/ul>\n\n\n\n<p>Conform\u00e9ment \u00e0 la r\u00e9glementation en vigueur, vous b\u00e9n\u00e9ficiez des droits suivants&nbsp;:<\/p>\n\n\n\n<ul class=\"wp-block-list\"><li>Le droit de demander au responsable du traitement <strong>d\u2019acc\u00e9der<\/strong> \u00e0 vos donn\u00e9es personnelles,<\/li><li>Le droit de demander<strong> la rectification ou l\u2019effacement<\/strong> des donn\u00e9es vous concernant,<\/li><li>Le cas \u00e9ch\u00e9ant, le droit de demander <strong>une limitation du traitement de vos donn\u00e9es<\/strong>,<\/li><li>Le droit<strong> de vous opposer au traitement<\/strong>. Pour les traitements bas\u00e9s sur votre consentement, vous pouvez \u00e0 tout moment retirer votre consentement.<\/li><li>Dans certaines circonstances, le <strong>droit \u00e0 la portabilit\u00e9 de vos donn\u00e9es personnelles<\/strong>.<\/li><\/ul>\n\n\n\n<p>Le droit \u00e0 la portabilit\u00e9 vous permet, lorsque le traitement de vos donn\u00e9es est bas\u00e9 sur votre consentement ou sur un contrat et qu\u2019il est effectu\u00e9 \u00e0 l\u2019aide de proc\u00e9d\u00e9s automatis\u00e9s, d\u2019obtenir de notre part que vos donn\u00e9es vous soient fournies dans un format structur\u00e9, couramment utilis\u00e9 et lisible par une machine. Les donn\u00e9es personnelles ainsi obtenues peuvent ensuite \u00eatre transmises \u00e0 un autre responsable de traitement sans que nous y fassions obstacle.&nbsp;<\/p>\n\n\n\n<p>Vous pouvez \u00e9galement <strong>d\u00e9finir des directives g\u00e9n\u00e9rales ou particuli\u00e8res quant au sort de vos donn\u00e9es personnelles apr\u00e8s votre d\u00e9c\u00e8s<\/strong>. Les directives g\u00e9n\u00e9rales peuvent \u00eatre enregistr\u00e9es aupr\u00e8s d\u2019un tiers de confiance certifi\u00e9 par la CNIL, tandis que les directives particuli\u00e8res peuvent \u00eatre adress\u00e9es au responsable du traitement concern\u00e9.&nbsp;<\/p>\n\n\n\n<p>Vous pouvez exercer vos droits en nous contactant par mail \u00e0 l\u2019adresse <a href=\"mailto:communication@andamios-tendo.com\">communication@andamios-tendo.com<\/a> &nbsp;ou par courrier \u00e0 l\u2019adresse suivante&nbsp;:<\/p>\n\n\n\n<p>TENDO SL<\/p>\n\n\n\n<p>POL\u00cdGONO INDUSTRIAL, C\/ LA RIOJA \u2013 PARCELA 89\/1-2-3.TARAZONA50-ZARAGOZA<\/p>\n\n\n\n<p>Pour plus d\u2019informations sur vos droits&nbsp;: <a href=\"https:\/\/www.cnil.fr\/fr\/les-droits-pour-maitriser-vos-donnees-personnelles\">https:\/\/www.cnil.fr\/fr\/les-droits-pour-maitriser-vos-donnees-personnelles<\/a><\/p>\n\n\n\n<p>Dans le cas o\u00f9 vous estimeriez que nous ne respectons pas nos obligations ou vos droits sur vos donn\u00e9es personnelles, vous pouvez former une r\u00e9clamation<strong> aupr\u00e8s de la <\/strong><a href=\"https:\/\/www.cnil.fr\/\">CNIL<\/a>, conform\u00e9ment \u00e0 la r\u00e9glementation applicable.<\/p>\n\n\n\n<ul class=\"wp-block-list\"><li><strong>MODIFICATION DE LA POLITIQUE<\/strong><\/li><\/ul>\n\n\n\n<p>Cette politique de confidentialit\u00e9 est susceptible d\u2019\u00eatre modifi\u00e9e ou compl\u00e9t\u00e9e \u00e0 tout moment en vue notamment de se conformer \u00e0 toute \u00e9volution l\u00e9gislative, r\u00e8glementaire, jurisprudentielle ou technologique.<\/p>\n\n\n\n<p>Date de derni\u00e8re mise \u00e0 jour&nbsp;: 26\/09\/2022<\/p>\n","protected":false},"excerpt":{"rendered":"<p>La soci\u00e9t\u00e9 Tendo (ci-apr\u00e8s \u00ab\u00a0Nous\u00a0\u00bb) accorde une importance primordiale au respect de la protection des donn\u00e9es \u00e0 caract\u00e8re personnel des utilisateurs de son site internet (https:\/\/www.andamios-tendo.com) (ci-apr\u00e8s ensemble \u00ab\u00a0Vous\u00a0\u00bb). Afin de vous fournir une information compl\u00e8te et transparente sur l\u2019utilisation que nous faisons de vos donn\u00e9es personnelles ainsi que sur les diff\u00e9rents droits que vous [&hellip;]<\/p>\n","protected":false},"author":8,"featured_media":0,"parent":0,"menu_order":0,"comment_status":"closed","ping_status":"closed","template":"","meta":{"_acf_changed":false,"footnotes":""},"class_list":["post-859","page","type-page","status-publish","hentry"],"acf":[],"yoast_head":"<!-- This site is optimized with the Yoast SEO plugin v27.3 - https:\/\/yoast.com\/product\/yoast-seo-wordpress\/ -->\n<title>Politique de confidentialit\u00e9 du site Andamios-tendo.com - Tendo<\/title>\n<meta name=\"robots\" content=\"index, follow, max-snippet:-1, max-image-preview:large, max-video-preview:-1\" \/>\n<link rel=\"canonical\" href=\"https:\/\/andamios-tendo.com\/fr\/politique-de-confidentialite-du-site-andamios-tendo-com\/\" \/>\n<meta property=\"og:locale\" content=\"fr_FR\" \/>\n<meta property=\"og:type\" content=\"article\" \/>\n<meta property=\"og:title\" content=\"Politique de confidentialit\u00e9 du site Andamios-tendo.com - Tendo\" \/>\n<meta property=\"og:description\" content=\"La soci\u00e9t\u00e9 Tendo (ci-apr\u00e8s \u00ab\u00a0Nous\u00a0\u00bb) accorde une importance primordiale au respect de la protection des donn\u00e9es \u00e0 caract\u00e8re personnel des utilisateurs de son site internet (https:\/\/www.andamios-tendo.com) (ci-apr\u00e8s ensemble \u00ab\u00a0Vous\u00a0\u00bb). Afin de vous fournir une information compl\u00e8te et transparente sur l\u2019utilisation que nous faisons de vos donn\u00e9es personnelles ainsi que sur les diff\u00e9rents droits que vous [&hellip;]\" \/>\n<meta property=\"og:url\" content=\"https:\/\/andamios-tendo.com\/fr\/politique-de-confidentialite-du-site-andamios-tendo-com\/\" \/>\n<meta property=\"og:site_name\" content=\"Tendo\" \/>\n<meta property=\"article:modified_time\" content=\"2022-10-11T10:26:35+00:00\" \/>\n<meta name=\"twitter:card\" content=\"summary_large_image\" \/>\n<meta name=\"twitter:label1\" content=\"Dur\u00e9e de lecture estim\u00e9e\" \/>\n\t<meta name=\"twitter:data1\" content=\"7 minutes\" \/>\n<script type=\"application\/ld+json\" class=\"yoast-schema-graph\">{\"@context\":\"https:\\\/\\\/schema.org\",\"@graph\":[{\"@type\":\"WebPage\",\"@id\":\"https:\\\/\\\/andamios-tendo.com\\\/fr\\\/politique-de-confidentialite-du-site-andamios-tendo-com\\\/\",\"url\":\"https:\\\/\\\/andamios-tendo.com\\\/fr\\\/politique-de-confidentialite-du-site-andamios-tendo-com\\\/\",\"name\":\"Politique de confidentialit\u00e9 du site Andamios-tendo.com - Tendo\",\"isPartOf\":{\"@id\":\"https:\\\/\\\/andamios-tendo.com\\\/fr\\\/#website\"},\"datePublished\":\"2022-09-27T12:12:46+00:00\",\"dateModified\":\"2022-10-11T10:26:35+00:00\",\"breadcrumb\":{\"@id\":\"https:\\\/\\\/andamios-tendo.com\\\/fr\\\/politique-de-confidentialite-du-site-andamios-tendo-com\\\/#breadcrumb\"},\"inLanguage\":\"fr-FR\",\"potentialAction\":[{\"@type\":\"ReadAction\",\"target\":[\"https:\\\/\\\/andamios-tendo.com\\\/fr\\\/politique-de-confidentialite-du-site-andamios-tendo-com\\\/\"]}]},{\"@type\":\"BreadcrumbList\",\"@id\":\"https:\\\/\\\/andamios-tendo.com\\\/fr\\\/politique-de-confidentialite-du-site-andamios-tendo-com\\\/#breadcrumb\",\"itemListElement\":[{\"@type\":\"ListItem\",\"position\":1,\"name\":\"Tendo\",\"item\":\"https:\\\/\\\/andamios-tendo.com\\\/fr\\\/\"},{\"@type\":\"ListItem\",\"position\":2,\"name\":\"Politique de confidentialit\u00e9 du site Andamios-tendo.com\"}]},{\"@type\":\"WebSite\",\"@id\":\"https:\\\/\\\/andamios-tendo.com\\\/fr\\\/#website\",\"url\":\"https:\\\/\\\/andamios-tendo.com\\\/fr\\\/\",\"name\":\"Tendo\",\"description\":\"Une entreprise du groupe Fr\u00e9n\u00e9hard &amp; Michaux\",\"publisher\":{\"@id\":\"https:\\\/\\\/andamios-tendo.com\\\/fr\\\/#organization\"},\"potentialAction\":[{\"@type\":\"SearchAction\",\"target\":{\"@type\":\"EntryPoint\",\"urlTemplate\":\"https:\\\/\\\/andamios-tendo.com\\\/fr\\\/?s={search_term_string}\"},\"query-input\":{\"@type\":\"PropertyValueSpecification\",\"valueRequired\":true,\"valueName\":\"search_term_string\"}}],\"inLanguage\":\"fr-FR\"},{\"@type\":\"Organization\",\"@id\":\"https:\\\/\\\/andamios-tendo.com\\\/fr\\\/#organization\",\"name\":\"Tendo\",\"url\":\"https:\\\/\\\/andamios-tendo.com\\\/fr\\\/\",\"logo\":{\"@type\":\"ImageObject\",\"inLanguage\":\"fr-FR\",\"@id\":\"https:\\\/\\\/andamios-tendo.com\\\/fr\\\/#\\\/schema\\\/logo\\\/image\\\/\",\"url\":\"https:\\\/\\\/andamios-tendo.com\\\/wp-content\\\/uploads\\\/sites\\\/2\\\/2022\\\/07\\\/logo_tendo-s.png\",\"contentUrl\":\"https:\\\/\\\/andamios-tendo.com\\\/wp-content\\\/uploads\\\/sites\\\/2\\\/2022\\\/07\\\/logo_tendo-s.png\",\"width\":153,\"height\":30,\"caption\":\"Tendo\"},\"image\":{\"@id\":\"https:\\\/\\\/andamios-tendo.com\\\/fr\\\/#\\\/schema\\\/logo\\\/image\\\/\"}}]}<\/script>\n<!-- \/ Yoast SEO plugin. -->","yoast_head_json":{"title":"Politique de confidentialit\u00e9 du site Andamios-tendo.com - Tendo","robots":{"index":"index","follow":"follow","max-snippet":"max-snippet:-1","max-image-preview":"max-image-preview:large","max-video-preview":"max-video-preview:-1"},"canonical":"https:\/\/andamios-tendo.com\/fr\/politique-de-confidentialite-du-site-andamios-tendo-com\/","og_locale":"fr_FR","og_type":"article","og_title":"Politique de confidentialit\u00e9 du site Andamios-tendo.com - Tendo","og_description":"La soci\u00e9t\u00e9 Tendo (ci-apr\u00e8s \u00ab\u00a0Nous\u00a0\u00bb) accorde une importance primordiale au respect de la protection des donn\u00e9es \u00e0 caract\u00e8re personnel des utilisateurs de son site internet (https:\/\/www.andamios-tendo.com) (ci-apr\u00e8s ensemble \u00ab\u00a0Vous\u00a0\u00bb). Afin de vous fournir une information compl\u00e8te et transparente sur l\u2019utilisation que nous faisons de vos donn\u00e9es personnelles ainsi que sur les diff\u00e9rents droits que vous [&hellip;]","og_url":"https:\/\/andamios-tendo.com\/fr\/politique-de-confidentialite-du-site-andamios-tendo-com\/","og_site_name":"Tendo","article_modified_time":"2022-10-11T10:26:35+00:00","twitter_card":"summary_large_image","twitter_misc":{"Dur\u00e9e de lecture estim\u00e9e":"7 minutes"},"schema":{"@context":"https:\/\/schema.org","@graph":[{"@type":"WebPage","@id":"https:\/\/andamios-tendo.com\/fr\/politique-de-confidentialite-du-site-andamios-tendo-com\/","url":"https:\/\/andamios-tendo.com\/fr\/politique-de-confidentialite-du-site-andamios-tendo-com\/","name":"Politique de confidentialit\u00e9 du site Andamios-tendo.com - Tendo","isPartOf":{"@id":"https:\/\/andamios-tendo.com\/fr\/#website"},"datePublished":"2022-09-27T12:12:46+00:00","dateModified":"2022-10-11T10:26:35+00:00","breadcrumb":{"@id":"https:\/\/andamios-tendo.com\/fr\/politique-de-confidentialite-du-site-andamios-tendo-com\/#breadcrumb"},"inLanguage":"fr-FR","potentialAction":[{"@type":"ReadAction","target":["https:\/\/andamios-tendo.com\/fr\/politique-de-confidentialite-du-site-andamios-tendo-com\/"]}]},{"@type":"BreadcrumbList","@id":"https:\/\/andamios-tendo.com\/fr\/politique-de-confidentialite-du-site-andamios-tendo-com\/#breadcrumb","itemListElement":[{"@type":"ListItem","position":1,"name":"Tendo","item":"https:\/\/andamios-tendo.com\/fr\/"},{"@type":"ListItem","position":2,"name":"Politique de confidentialit\u00e9 du site Andamios-tendo.com"}]},{"@type":"WebSite","@id":"https:\/\/andamios-tendo.com\/fr\/#website","url":"https:\/\/andamios-tendo.com\/fr\/","name":"Tendo","description":"Une entreprise du groupe Fr\u00e9n\u00e9hard &amp; Michaux","publisher":{"@id":"https:\/\/andamios-tendo.com\/fr\/#organization"},"potentialAction":[{"@type":"SearchAction","target":{"@type":"EntryPoint","urlTemplate":"https:\/\/andamios-tendo.com\/fr\/?s={search_term_string}"},"query-input":{"@type":"PropertyValueSpecification","valueRequired":true,"valueName":"search_term_string"}}],"inLanguage":"fr-FR"},{"@type":"Organization","@id":"https:\/\/andamios-tendo.com\/fr\/#organization","name":"Tendo","url":"https:\/\/andamios-tendo.com\/fr\/","logo":{"@type":"ImageObject","inLanguage":"fr-FR","@id":"https:\/\/andamios-tendo.com\/fr\/#\/schema\/logo\/image\/","url":"https:\/\/andamios-tendo.com\/wp-content\/uploads\/sites\/2\/2022\/07\/logo_tendo-s.png","contentUrl":"https:\/\/andamios-tendo.com\/wp-content\/uploads\/sites\/2\/2022\/07\/logo_tendo-s.png","width":153,"height":30,"caption":"Tendo"},"image":{"@id":"https:\/\/andamios-tendo.com\/fr\/#\/schema\/logo\/image\/"}}]}},"_links":{"self":[{"href":"https:\/\/andamios-tendo.com\/fr\/wp-json\/wp\/v2\/pages\/859","targetHints":{"allow":["GET"]}}],"collection":[{"href":"https:\/\/andamios-tendo.com\/fr\/wp-json\/wp\/v2\/pages"}],"about":[{"href":"https:\/\/andamios-tendo.com\/fr\/wp-json\/wp\/v2\/types\/page"}],"author":[{"embeddable":true,"href":"https:\/\/andamios-tendo.com\/fr\/wp-json\/wp\/v2\/users\/8"}],"replies":[{"embeddable":true,"href":"https:\/\/andamios-tendo.com\/fr\/wp-json\/wp\/v2\/comments?post=859"}],"version-history":[{"count":2,"href":"https:\/\/andamios-tendo.com\/fr\/wp-json\/wp\/v2\/pages\/859\/revisions"}],"predecessor-version":[{"id":861,"href":"https:\/\/andamios-tendo.com\/fr\/wp-json\/wp\/v2\/pages\/859\/revisions\/861"}],"wp:attachment":[{"href":"https:\/\/andamios-tendo.com\/fr\/wp-json\/wp\/v2\/media?parent=859"}],"curies":[{"name":"wp","href":"https:\/\/api.w.org\/{rel}","templated":true}]}}