{"id":2321,"date":"2022-11-21T10:48:10","date_gmt":"2022-11-21T09:48:10","guid":{"rendered":"https:\/\/andamios-tendo.com\/?post_type=product&#038;p=2321"},"modified":"2023-02-09T10:47:33","modified_gmt":"2023-02-09T09:47:33","slug":"garde-corps-lateraux","status":"publish","type":"product","link":"https:\/\/andamios-tendo.com\/fr\/produit\/garde-corps-lateraux\/","title":{"rendered":"GARDE-CORPS LAT\u00c9RAUX"},"content":{"rendered":"","protected":false},"excerpt":{"rendered":"<p>Nos syst\u00e8mes de gardes corps sont r\u00e9alis\u00e9s avec des \u00e9l\u00e9ments tubulaires avec un montage rapide et sans outils en se positionnant directement sur les \u00e9l\u00e9ments structurels des cadres GOYA. Dans le sens lat\u00e9ral et en extr\u00e9mit\u00e9 de nos \u00e9chafaudages. Les \u00e9l\u00e9ments compl\u00e9mentaires permettent \u00e9galement d&#8217;assurer un montage en s\u00e9curit\u00e9.<\/p>\n","protected":false},"featured_media":2325,"comment_status":"open","ping_status":"closed","template":"","meta":{"_acf_changed":false},"product_brand":[],"product_cat":[73],"product_tag":[],"class_list":{"0":"post-2321","1":"product","2":"type-product","3":"status-publish","4":"has-post-thumbnail","6":"product_cat-goya-fr","8":"first","9":"instock","10":"shipping-taxable","11":"product-type-simple"},"acf":[],"yoast_head":"<!-- This site is optimized with the Yoast SEO plugin v27.4 - https:\/\/yoast.com\/product\/yoast-seo-wordpress\/ -->\n<title>GARDE-CORPS LAT\u00c9RAUX - Tendo<\/title>\n<meta name=\"robots\" content=\"index, follow, max-snippet:-1, max-image-preview:large, max-video-preview:-1\" \/>\n<link rel=\"canonical\" href=\"https:\/\/andamios-tendo.com\/fr\/produit\/garde-corps-lateraux\/\" \/>\n<meta property=\"og:locale\" content=\"fr_FR\" \/>\n<meta property=\"og:type\" content=\"article\" \/>\n<meta property=\"og:title\" content=\"GARDE-CORPS LAT\u00c9RAUX - Tendo\" \/>\n<meta property=\"og:description\" content=\"Nos syst\u00e8mes de gardes corps sont r\u00e9alis\u00e9s avec des \u00e9l\u00e9ments tubulaires avec un montage rapide et sans outils en se positionnant directement sur les \u00e9l\u00e9ments structurels des cadres GOYA. Dans le sens lat\u00e9ral et en extr\u00e9mit\u00e9 de nos \u00e9chafaudages. Les \u00e9l\u00e9ments compl\u00e9mentaires permettent \u00e9galement d&#039;assurer un montage en s\u00e9curit\u00e9.\" \/>\n<meta property=\"og:url\" content=\"https:\/\/andamios-tendo.com\/fr\/produit\/garde-corps-lateraux\/\" \/>\n<meta property=\"og:site_name\" content=\"Tendo\" \/>\n<meta property=\"article:modified_time\" content=\"2023-02-09T09:47:33+00:00\" \/>\n<meta property=\"og:image\" content=\"https:\/\/andamios-tendo.com\/wp-content\/uploads\/sites\/2\/2022\/11\/DET1-5.png\" \/>\n\t<meta property=\"og:image:width\" content=\"2248\" \/>\n\t<meta property=\"og:image:height\" content=\"3000\" \/>\n\t<meta property=\"og:image:type\" content=\"image\/png\" \/>\n<meta name=\"twitter:card\" content=\"summary_large_image\" \/>\n<script type=\"application\/ld+json\" class=\"yoast-schema-graph\">{\"@context\":\"https:\\\/\\\/schema.org\",\"@graph\":[{\"@type\":\"WebPage\",\"@id\":\"https:\\\/\\\/andamios-tendo.com\\\/fr\\\/produit\\\/garde-corps-lateraux\\\/\",\"url\":\"https:\\\/\\\/andamios-tendo.com\\\/fr\\\/produit\\\/garde-corps-lateraux\\\/\",\"name\":\"GARDE-CORPS LAT\u00c9RAUX - Tendo\",\"isPartOf\":{\"@id\":\"https:\\\/\\\/andamios-tendo.com\\\/fr\\\/#website\"},\"primaryImageOfPage\":{\"@id\":\"https:\\\/\\\/andamios-tendo.com\\\/fr\\\/produit\\\/garde-corps-lateraux\\\/#primaryimage\"},\"image\":{\"@id\":\"https:\\\/\\\/andamios-tendo.com\\\/fr\\\/produit\\\/garde-corps-lateraux\\\/#primaryimage\"},\"thumbnailUrl\":\"https:\\\/\\\/andamios-tendo.com\\\/wp-content\\\/uploads\\\/sites\\\/2\\\/2022\\\/11\\\/DET1-5.png\",\"datePublished\":\"2022-11-21T09:48:10+00:00\",\"dateModified\":\"2023-02-09T09:47:33+00:00\",\"breadcrumb\":{\"@id\":\"https:\\\/\\\/andamios-tendo.com\\\/fr\\\/produit\\\/garde-corps-lateraux\\\/#breadcrumb\"},\"inLanguage\":\"fr-FR\",\"potentialAction\":[{\"@type\":\"ReadAction\",\"target\":[\"https:\\\/\\\/andamios-tendo.com\\\/fr\\\/produit\\\/garde-corps-lateraux\\\/\"]}]},{\"@type\":\"ImageObject\",\"inLanguage\":\"fr-FR\",\"@id\":\"https:\\\/\\\/andamios-tendo.com\\\/fr\\\/produit\\\/garde-corps-lateraux\\\/#primaryimage\",\"url\":\"https:\\\/\\\/andamios-tendo.com\\\/wp-content\\\/uploads\\\/sites\\\/2\\\/2022\\\/11\\\/DET1-5.png\",\"contentUrl\":\"https:\\\/\\\/andamios-tendo.com\\\/wp-content\\\/uploads\\\/sites\\\/2\\\/2022\\\/11\\\/DET1-5.png\",\"width\":2248,\"height\":3000},{\"@type\":\"BreadcrumbList\",\"@id\":\"https:\\\/\\\/andamios-tendo.com\\\/fr\\\/produit\\\/garde-corps-lateraux\\\/#breadcrumb\",\"itemListElement\":[{\"@type\":\"ListItem\",\"position\":1,\"name\":\"Tendo\",\"item\":\"https:\\\/\\\/andamios-tendo.com\\\/fr\\\/\"},{\"@type\":\"ListItem\",\"position\":2,\"name\":\"GARDE-CORPS LAT\u00c9RAUX\"}]},{\"@type\":\"WebSite\",\"@id\":\"https:\\\/\\\/andamios-tendo.com\\\/fr\\\/#website\",\"url\":\"https:\\\/\\\/andamios-tendo.com\\\/fr\\\/\",\"name\":\"Tendo\",\"description\":\"Une entreprise du groupe Fr\u00e9n\u00e9hard &amp; Michaux\",\"publisher\":{\"@id\":\"https:\\\/\\\/andamios-tendo.com\\\/fr\\\/#organization\"},\"potentialAction\":[{\"@type\":\"SearchAction\",\"target\":{\"@type\":\"EntryPoint\",\"urlTemplate\":\"https:\\\/\\\/andamios-tendo.com\\\/fr\\\/?s={search_term_string}\"},\"query-input\":{\"@type\":\"PropertyValueSpecification\",\"valueRequired\":true,\"valueName\":\"search_term_string\"}}],\"inLanguage\":\"fr-FR\"},{\"@type\":\"Organization\",\"@id\":\"https:\\\/\\\/andamios-tendo.com\\\/fr\\\/#organization\",\"name\":\"Tendo\",\"url\":\"https:\\\/\\\/andamios-tendo.com\\\/fr\\\/\",\"logo\":{\"@type\":\"ImageObject\",\"inLanguage\":\"fr-FR\",\"@id\":\"https:\\\/\\\/andamios-tendo.com\\\/fr\\\/#\\\/schema\\\/logo\\\/image\\\/\",\"url\":\"https:\\\/\\\/andamios-tendo.com\\\/wp-content\\\/uploads\\\/sites\\\/2\\\/2022\\\/07\\\/logo_tendo-s.png\",\"contentUrl\":\"https:\\\/\\\/andamios-tendo.com\\\/wp-content\\\/uploads\\\/sites\\\/2\\\/2022\\\/07\\\/logo_tendo-s.png\",\"width\":153,\"height\":30,\"caption\":\"Tendo\"},\"image\":{\"@id\":\"https:\\\/\\\/andamios-tendo.com\\\/fr\\\/#\\\/schema\\\/logo\\\/image\\\/\"}}]}<\/script>\n<!-- \/ Yoast SEO plugin. -->","yoast_head_json":{"title":"GARDE-CORPS LAT\u00c9RAUX - Tendo","robots":{"index":"index","follow":"follow","max-snippet":"max-snippet:-1","max-image-preview":"max-image-preview:large","max-video-preview":"max-video-preview:-1"},"canonical":"https:\/\/andamios-tendo.com\/fr\/produit\/garde-corps-lateraux\/","og_locale":"fr_FR","og_type":"article","og_title":"GARDE-CORPS LAT\u00c9RAUX - Tendo","og_description":"Nos syst\u00e8mes de gardes corps sont r\u00e9alis\u00e9s avec des \u00e9l\u00e9ments tubulaires avec un montage rapide et sans outils en se positionnant directement sur les \u00e9l\u00e9ments structurels des cadres GOYA. Dans le sens lat\u00e9ral et en extr\u00e9mit\u00e9 de nos \u00e9chafaudages. Les \u00e9l\u00e9ments compl\u00e9mentaires permettent \u00e9galement d'assurer un montage en s\u00e9curit\u00e9.","og_url":"https:\/\/andamios-tendo.com\/fr\/produit\/garde-corps-lateraux\/","og_site_name":"Tendo","article_modified_time":"2023-02-09T09:47:33+00:00","og_image":[{"width":2248,"height":3000,"url":"https:\/\/andamios-tendo.com\/wp-content\/uploads\/sites\/2\/2022\/11\/DET1-5.png","type":"image\/png"}],"twitter_card":"summary_large_image","schema":{"@context":"https:\/\/schema.org","@graph":[{"@type":"WebPage","@id":"https:\/\/andamios-tendo.com\/fr\/produit\/garde-corps-lateraux\/","url":"https:\/\/andamios-tendo.com\/fr\/produit\/garde-corps-lateraux\/","name":"GARDE-CORPS LAT\u00c9RAUX - Tendo","isPartOf":{"@id":"https:\/\/andamios-tendo.com\/fr\/#website"},"primaryImageOfPage":{"@id":"https:\/\/andamios-tendo.com\/fr\/produit\/garde-corps-lateraux\/#primaryimage"},"image":{"@id":"https:\/\/andamios-tendo.com\/fr\/produit\/garde-corps-lateraux\/#primaryimage"},"thumbnailUrl":"https:\/\/andamios-tendo.com\/wp-content\/uploads\/sites\/2\/2022\/11\/DET1-5.png","datePublished":"2022-11-21T09:48:10+00:00","dateModified":"2023-02-09T09:47:33+00:00","breadcrumb":{"@id":"https:\/\/andamios-tendo.com\/fr\/produit\/garde-corps-lateraux\/#breadcrumb"},"inLanguage":"fr-FR","potentialAction":[{"@type":"ReadAction","target":["https:\/\/andamios-tendo.com\/fr\/produit\/garde-corps-lateraux\/"]}]},{"@type":"ImageObject","inLanguage":"fr-FR","@id":"https:\/\/andamios-tendo.com\/fr\/produit\/garde-corps-lateraux\/#primaryimage","url":"https:\/\/andamios-tendo.com\/wp-content\/uploads\/sites\/2\/2022\/11\/DET1-5.png","contentUrl":"https:\/\/andamios-tendo.com\/wp-content\/uploads\/sites\/2\/2022\/11\/DET1-5.png","width":2248,"height":3000},{"@type":"BreadcrumbList","@id":"https:\/\/andamios-tendo.com\/fr\/produit\/garde-corps-lateraux\/#breadcrumb","itemListElement":[{"@type":"ListItem","position":1,"name":"Tendo","item":"https:\/\/andamios-tendo.com\/fr\/"},{"@type":"ListItem","position":2,"name":"GARDE-CORPS LAT\u00c9RAUX"}]},{"@type":"WebSite","@id":"https:\/\/andamios-tendo.com\/fr\/#website","url":"https:\/\/andamios-tendo.com\/fr\/","name":"Tendo","description":"Une entreprise du groupe Fr\u00e9n\u00e9hard &amp; Michaux","publisher":{"@id":"https:\/\/andamios-tendo.com\/fr\/#organization"},"potentialAction":[{"@type":"SearchAction","target":{"@type":"EntryPoint","urlTemplate":"https:\/\/andamios-tendo.com\/fr\/?s={search_term_string}"},"query-input":{"@type":"PropertyValueSpecification","valueRequired":true,"valueName":"search_term_string"}}],"inLanguage":"fr-FR"},{"@type":"Organization","@id":"https:\/\/andamios-tendo.com\/fr\/#organization","name":"Tendo","url":"https:\/\/andamios-tendo.com\/fr\/","logo":{"@type":"ImageObject","inLanguage":"fr-FR","@id":"https:\/\/andamios-tendo.com\/fr\/#\/schema\/logo\/image\/","url":"https:\/\/andamios-tendo.com\/wp-content\/uploads\/sites\/2\/2022\/07\/logo_tendo-s.png","contentUrl":"https:\/\/andamios-tendo.com\/wp-content\/uploads\/sites\/2\/2022\/07\/logo_tendo-s.png","width":153,"height":30,"caption":"Tendo"},"image":{"@id":"https:\/\/andamios-tendo.com\/fr\/#\/schema\/logo\/image\/"}}]}},"_links":{"self":[{"href":"https:\/\/andamios-tendo.com\/fr\/wp-json\/wp\/v2\/product\/2321","targetHints":{"allow":["GET"]}}],"collection":[{"href":"https:\/\/andamios-tendo.com\/fr\/wp-json\/wp\/v2\/product"}],"about":[{"href":"https:\/\/andamios-tendo.com\/fr\/wp-json\/wp\/v2\/types\/product"}],"replies":[{"embeddable":true,"href":"https:\/\/andamios-tendo.com\/fr\/wp-json\/wp\/v2\/comments?post=2321"}],"wp:featuredmedia":[{"embeddable":true,"href":"https:\/\/andamios-tendo.com\/fr\/wp-json\/wp\/v2\/media\/2325"}],"wp:attachment":[{"href":"https:\/\/andamios-tendo.com\/fr\/wp-json\/wp\/v2\/media?parent=2321"}],"wp:term":[{"taxonomy":"product_brand","embeddable":true,"href":"https:\/\/andamios-tendo.com\/fr\/wp-json\/wp\/v2\/product_brand?post=2321"},{"taxonomy":"product_cat","embeddable":true,"href":"https:\/\/andamios-tendo.com\/fr\/wp-json\/wp\/v2\/product_cat?post=2321"},{"taxonomy":"product_tag","embeddable":true,"href":"https:\/\/andamios-tendo.com\/fr\/wp-json\/wp\/v2\/product_tag?post=2321"}],"curies":[{"name":"wp","href":"https:\/\/api.w.org\/{rel}","templated":true}]}}