{"id":2727,"date":"2022-11-21T16:26:10","date_gmt":"2022-11-21T15:26:10","guid":{"rendered":"https:\/\/andamios-tendo.com\/produit\/longerons-renforces\/"},"modified":"2022-11-21T16:29:15","modified_gmt":"2022-11-21T15:29:15","slug":"longerons-renforces","status":"publish","type":"product","link":"https:\/\/andamios-tendo.com\/fr\/produit\/longerons-renforces\/","title":{"rendered":"LONGERONS RENFORC\u00c9S"},"content":{"rendered":"","protected":false},"excerpt":{"rendered":"<p>Les longerons d&#8217;\u00e9chafaudages existent en diff\u00e9rentes dimensions et sont con\u00e7ues avec deux m\u00e2choires aux extr\u00e9mit\u00e9s recevant une clavette. Ces \u00e9l\u00e9ments s&#8217;assemblent sur les poteaux d&#8217;\u00e9chafaudage. L&#8217;assemblage final se r\u00e9alise en martelant la clavette. Ces longerons permettent de supporter des charges lourdes.<\/p>\n","protected":false},"featured_media":2724,"comment_status":"open","ping_status":"closed","template":"","meta":{"_acf_changed":false},"product_brand":[],"product_cat":[79],"product_tag":[],"class_list":{"0":"post-2727","1":"product","2":"type-product","3":"status-publish","4":"has-post-thumbnail","6":"product_cat-multi-fr","8":"first","9":"instock","10":"shipping-taxable","11":"product-type-simple"},"acf":[],"yoast_head":"<!-- This site is optimized with the Yoast SEO plugin v27.4 - https:\/\/yoast.com\/product\/yoast-seo-wordpress\/ -->\n<title>LONGERONS RENFORC\u00c9S - Tendo<\/title>\n<meta name=\"robots\" content=\"index, follow, max-snippet:-1, max-image-preview:large, max-video-preview:-1\" \/>\n<link rel=\"canonical\" href=\"https:\/\/andamios-tendo.com\/fr\/produit\/longerons-renforces\/\" \/>\n<meta property=\"og:locale\" content=\"fr_FR\" \/>\n<meta property=\"og:type\" content=\"article\" \/>\n<meta property=\"og:title\" content=\"LONGERONS RENFORC\u00c9S - Tendo\" \/>\n<meta property=\"og:description\" content=\"Les longerons d&#039;\u00e9chafaudages existent en diff\u00e9rentes dimensions et sont con\u00e7ues avec deux m\u00e2choires aux extr\u00e9mit\u00e9s recevant une clavette. Ces \u00e9l\u00e9ments s&#039;assemblent sur les poteaux d&#039;\u00e9chafaudage. L&#039;assemblage final se r\u00e9alise en martelant la clavette. Ces longerons permettent de supporter des charges lourdes.\" \/>\n<meta property=\"og:url\" content=\"https:\/\/andamios-tendo.com\/fr\/produit\/longerons-renforces\/\" \/>\n<meta property=\"og:site_name\" content=\"Tendo\" \/>\n<meta property=\"article:modified_time\" content=\"2022-11-21T15:29:15+00:00\" \/>\n<meta property=\"og:image\" content=\"https:\/\/andamios-tendo.com\/wp-content\/uploads\/sites\/2\/2022\/11\/ANDAMIOS-FIJOS_HORIZONTAL-REFORZADO-1000MM_PTN13120101G.png\" \/>\n\t<meta property=\"og:image:width\" content=\"2248\" \/>\n\t<meta property=\"og:image:height\" content=\"3000\" \/>\n\t<meta property=\"og:image:type\" content=\"image\/png\" \/>\n<meta name=\"twitter:card\" content=\"summary_large_image\" \/>\n<script type=\"application\/ld+json\" class=\"yoast-schema-graph\">{\"@context\":\"https:\\\/\\\/schema.org\",\"@graph\":[{\"@type\":\"WebPage\",\"@id\":\"https:\\\/\\\/andamios-tendo.com\\\/fr\\\/produit\\\/longerons-renforces\\\/\",\"url\":\"https:\\\/\\\/andamios-tendo.com\\\/fr\\\/produit\\\/longerons-renforces\\\/\",\"name\":\"LONGERONS RENFORC\u00c9S - Tendo\",\"isPartOf\":{\"@id\":\"https:\\\/\\\/andamios-tendo.com\\\/fr\\\/#website\"},\"primaryImageOfPage\":{\"@id\":\"https:\\\/\\\/andamios-tendo.com\\\/fr\\\/produit\\\/longerons-renforces\\\/#primaryimage\"},\"image\":{\"@id\":\"https:\\\/\\\/andamios-tendo.com\\\/fr\\\/produit\\\/longerons-renforces\\\/#primaryimage\"},\"thumbnailUrl\":\"https:\\\/\\\/andamios-tendo.com\\\/wp-content\\\/uploads\\\/sites\\\/2\\\/2022\\\/11\\\/ANDAMIOS-FIJOS_HORIZONTAL-REFORZADO-1000MM_PTN13120101G.png\",\"datePublished\":\"2022-11-21T15:26:10+00:00\",\"dateModified\":\"2022-11-21T15:29:15+00:00\",\"breadcrumb\":{\"@id\":\"https:\\\/\\\/andamios-tendo.com\\\/fr\\\/produit\\\/longerons-renforces\\\/#breadcrumb\"},\"inLanguage\":\"fr-FR\",\"potentialAction\":[{\"@type\":\"ReadAction\",\"target\":[\"https:\\\/\\\/andamios-tendo.com\\\/fr\\\/produit\\\/longerons-renforces\\\/\"]}]},{\"@type\":\"ImageObject\",\"inLanguage\":\"fr-FR\",\"@id\":\"https:\\\/\\\/andamios-tendo.com\\\/fr\\\/produit\\\/longerons-renforces\\\/#primaryimage\",\"url\":\"https:\\\/\\\/andamios-tendo.com\\\/wp-content\\\/uploads\\\/sites\\\/2\\\/2022\\\/11\\\/ANDAMIOS-FIJOS_HORIZONTAL-REFORZADO-1000MM_PTN13120101G.png\",\"contentUrl\":\"https:\\\/\\\/andamios-tendo.com\\\/wp-content\\\/uploads\\\/sites\\\/2\\\/2022\\\/11\\\/ANDAMIOS-FIJOS_HORIZONTAL-REFORZADO-1000MM_PTN13120101G.png\",\"width\":2248,\"height\":3000},{\"@type\":\"BreadcrumbList\",\"@id\":\"https:\\\/\\\/andamios-tendo.com\\\/fr\\\/produit\\\/longerons-renforces\\\/#breadcrumb\",\"itemListElement\":[{\"@type\":\"ListItem\",\"position\":1,\"name\":\"Tendo\",\"item\":\"https:\\\/\\\/andamios-tendo.com\\\/fr\\\/\"},{\"@type\":\"ListItem\",\"position\":2,\"name\":\"LONGERONS RENFORC\u00c9S\"}]},{\"@type\":\"WebSite\",\"@id\":\"https:\\\/\\\/andamios-tendo.com\\\/fr\\\/#website\",\"url\":\"https:\\\/\\\/andamios-tendo.com\\\/fr\\\/\",\"name\":\"Tendo\",\"description\":\"Une entreprise du groupe Fr\u00e9n\u00e9hard &amp; Michaux\",\"publisher\":{\"@id\":\"https:\\\/\\\/andamios-tendo.com\\\/fr\\\/#organization\"},\"potentialAction\":[{\"@type\":\"SearchAction\",\"target\":{\"@type\":\"EntryPoint\",\"urlTemplate\":\"https:\\\/\\\/andamios-tendo.com\\\/fr\\\/?s={search_term_string}\"},\"query-input\":{\"@type\":\"PropertyValueSpecification\",\"valueRequired\":true,\"valueName\":\"search_term_string\"}}],\"inLanguage\":\"fr-FR\"},{\"@type\":\"Organization\",\"@id\":\"https:\\\/\\\/andamios-tendo.com\\\/fr\\\/#organization\",\"name\":\"Tendo\",\"url\":\"https:\\\/\\\/andamios-tendo.com\\\/fr\\\/\",\"logo\":{\"@type\":\"ImageObject\",\"inLanguage\":\"fr-FR\",\"@id\":\"https:\\\/\\\/andamios-tendo.com\\\/fr\\\/#\\\/schema\\\/logo\\\/image\\\/\",\"url\":\"https:\\\/\\\/andamios-tendo.com\\\/wp-content\\\/uploads\\\/sites\\\/2\\\/2022\\\/07\\\/logo_tendo-s.png\",\"contentUrl\":\"https:\\\/\\\/andamios-tendo.com\\\/wp-content\\\/uploads\\\/sites\\\/2\\\/2022\\\/07\\\/logo_tendo-s.png\",\"width\":153,\"height\":30,\"caption\":\"Tendo\"},\"image\":{\"@id\":\"https:\\\/\\\/andamios-tendo.com\\\/fr\\\/#\\\/schema\\\/logo\\\/image\\\/\"}}]}<\/script>\n<!-- \/ Yoast SEO plugin. -->","yoast_head_json":{"title":"LONGERONS RENFORC\u00c9S - Tendo","robots":{"index":"index","follow":"follow","max-snippet":"max-snippet:-1","max-image-preview":"max-image-preview:large","max-video-preview":"max-video-preview:-1"},"canonical":"https:\/\/andamios-tendo.com\/fr\/produit\/longerons-renforces\/","og_locale":"fr_FR","og_type":"article","og_title":"LONGERONS RENFORC\u00c9S - Tendo","og_description":"Les longerons d'\u00e9chafaudages existent en diff\u00e9rentes dimensions et sont con\u00e7ues avec deux m\u00e2choires aux extr\u00e9mit\u00e9s recevant une clavette. Ces \u00e9l\u00e9ments s'assemblent sur les poteaux d'\u00e9chafaudage. L'assemblage final se r\u00e9alise en martelant la clavette. Ces longerons permettent de supporter des charges lourdes.","og_url":"https:\/\/andamios-tendo.com\/fr\/produit\/longerons-renforces\/","og_site_name":"Tendo","article_modified_time":"2022-11-21T15:29:15+00:00","og_image":[{"width":2248,"height":3000,"url":"https:\/\/andamios-tendo.com\/wp-content\/uploads\/sites\/2\/2022\/11\/ANDAMIOS-FIJOS_HORIZONTAL-REFORZADO-1000MM_PTN13120101G.png","type":"image\/png"}],"twitter_card":"summary_large_image","schema":{"@context":"https:\/\/schema.org","@graph":[{"@type":"WebPage","@id":"https:\/\/andamios-tendo.com\/fr\/produit\/longerons-renforces\/","url":"https:\/\/andamios-tendo.com\/fr\/produit\/longerons-renforces\/","name":"LONGERONS RENFORC\u00c9S - Tendo","isPartOf":{"@id":"https:\/\/andamios-tendo.com\/fr\/#website"},"primaryImageOfPage":{"@id":"https:\/\/andamios-tendo.com\/fr\/produit\/longerons-renforces\/#primaryimage"},"image":{"@id":"https:\/\/andamios-tendo.com\/fr\/produit\/longerons-renforces\/#primaryimage"},"thumbnailUrl":"https:\/\/andamios-tendo.com\/wp-content\/uploads\/sites\/2\/2022\/11\/ANDAMIOS-FIJOS_HORIZONTAL-REFORZADO-1000MM_PTN13120101G.png","datePublished":"2022-11-21T15:26:10+00:00","dateModified":"2022-11-21T15:29:15+00:00","breadcrumb":{"@id":"https:\/\/andamios-tendo.com\/fr\/produit\/longerons-renforces\/#breadcrumb"},"inLanguage":"fr-FR","potentialAction":[{"@type":"ReadAction","target":["https:\/\/andamios-tendo.com\/fr\/produit\/longerons-renforces\/"]}]},{"@type":"ImageObject","inLanguage":"fr-FR","@id":"https:\/\/andamios-tendo.com\/fr\/produit\/longerons-renforces\/#primaryimage","url":"https:\/\/andamios-tendo.com\/wp-content\/uploads\/sites\/2\/2022\/11\/ANDAMIOS-FIJOS_HORIZONTAL-REFORZADO-1000MM_PTN13120101G.png","contentUrl":"https:\/\/andamios-tendo.com\/wp-content\/uploads\/sites\/2\/2022\/11\/ANDAMIOS-FIJOS_HORIZONTAL-REFORZADO-1000MM_PTN13120101G.png","width":2248,"height":3000},{"@type":"BreadcrumbList","@id":"https:\/\/andamios-tendo.com\/fr\/produit\/longerons-renforces\/#breadcrumb","itemListElement":[{"@type":"ListItem","position":1,"name":"Tendo","item":"https:\/\/andamios-tendo.com\/fr\/"},{"@type":"ListItem","position":2,"name":"LONGERONS RENFORC\u00c9S"}]},{"@type":"WebSite","@id":"https:\/\/andamios-tendo.com\/fr\/#website","url":"https:\/\/andamios-tendo.com\/fr\/","name":"Tendo","description":"Une entreprise du groupe Fr\u00e9n\u00e9hard &amp; Michaux","publisher":{"@id":"https:\/\/andamios-tendo.com\/fr\/#organization"},"potentialAction":[{"@type":"SearchAction","target":{"@type":"EntryPoint","urlTemplate":"https:\/\/andamios-tendo.com\/fr\/?s={search_term_string}"},"query-input":{"@type":"PropertyValueSpecification","valueRequired":true,"valueName":"search_term_string"}}],"inLanguage":"fr-FR"},{"@type":"Organization","@id":"https:\/\/andamios-tendo.com\/fr\/#organization","name":"Tendo","url":"https:\/\/andamios-tendo.com\/fr\/","logo":{"@type":"ImageObject","inLanguage":"fr-FR","@id":"https:\/\/andamios-tendo.com\/fr\/#\/schema\/logo\/image\/","url":"https:\/\/andamios-tendo.com\/wp-content\/uploads\/sites\/2\/2022\/07\/logo_tendo-s.png","contentUrl":"https:\/\/andamios-tendo.com\/wp-content\/uploads\/sites\/2\/2022\/07\/logo_tendo-s.png","width":153,"height":30,"caption":"Tendo"},"image":{"@id":"https:\/\/andamios-tendo.com\/fr\/#\/schema\/logo\/image\/"}}]}},"_links":{"self":[{"href":"https:\/\/andamios-tendo.com\/fr\/wp-json\/wp\/v2\/product\/2727","targetHints":{"allow":["GET"]}}],"collection":[{"href":"https:\/\/andamios-tendo.com\/fr\/wp-json\/wp\/v2\/product"}],"about":[{"href":"https:\/\/andamios-tendo.com\/fr\/wp-json\/wp\/v2\/types\/product"}],"replies":[{"embeddable":true,"href":"https:\/\/andamios-tendo.com\/fr\/wp-json\/wp\/v2\/comments?post=2727"}],"wp:featuredmedia":[{"embeddable":true,"href":"https:\/\/andamios-tendo.com\/fr\/wp-json\/wp\/v2\/media\/2724"}],"wp:attachment":[{"href":"https:\/\/andamios-tendo.com\/fr\/wp-json\/wp\/v2\/media?parent=2727"}],"wp:term":[{"taxonomy":"product_brand","embeddable":true,"href":"https:\/\/andamios-tendo.com\/fr\/wp-json\/wp\/v2\/product_brand?post=2727"},{"taxonomy":"product_cat","embeddable":true,"href":"https:\/\/andamios-tendo.com\/fr\/wp-json\/wp\/v2\/product_cat?post=2727"},{"taxonomy":"product_tag","embeddable":true,"href":"https:\/\/andamios-tendo.com\/fr\/wp-json\/wp\/v2\/product_tag?post=2727"}],"curies":[{"name":"wp","href":"https:\/\/api.w.org\/{rel}","templated":true}]}}