{"id":765,"date":"2022-09-22T15:48:29","date_gmt":"2022-09-22T13:48:29","guid":{"rendered":"https:\/\/andamios-tendo.com\/la-nostra-storia\/"},"modified":"2022-09-30T11:16:18","modified_gmt":"2022-09-30T09:16:18","slug":"la-nostra-storia","status":"publish","type":"page","link":"https:\/\/andamios-tendo.com\/it\/la-nostra-storia\/","title":{"rendered":"La nostra storia"},"content":{"rendered":"\n<figure class=\"wp-block-image size-large\"><img loading=\"lazy\" decoding=\"async\" width=\"1024\" height=\"294\" src=\"https:\/\/andamios-tendo.com\/wp-content\/uploads\/sites\/2\/2022\/09\/notre-histoire-1024x294.jpg\" alt=\"\" class=\"wp-image-1156\" srcset=\"https:\/\/andamios-tendo.com\/wp-content\/uploads\/sites\/2\/2022\/09\/notre-histoire-1024x294.jpg 1024w, https:\/\/andamios-tendo.com\/wp-content\/uploads\/sites\/2\/2022\/09\/notre-histoire-300x86.jpg 300w, https:\/\/andamios-tendo.com\/wp-content\/uploads\/sites\/2\/2022\/09\/notre-histoire-768x220.jpg 768w, https:\/\/andamios-tendo.com\/wp-content\/uploads\/sites\/2\/2022\/09\/notre-histoire-600x172.jpg 600w, https:\/\/andamios-tendo.com\/wp-content\/uploads\/sites\/2\/2022\/09\/notre-histoire.jpg 1500w\" sizes=\"auto, (max-width: 1024px) 100vw, 1024px\" \/><\/figure>\n\n\n\n<p>La nostra azienda \u00e8 composta da professionisti ed \u00e8 <strong>specializzata nella progettazione e produzione di ponteggi.<\/strong> Dal 1990 lavoriamo con i professionisti del settore edile e industriale in Spagna, fornendo <strong>soluzioni di ponteggi su misura<\/strong> in conformit\u00e0 alla legislazione vigente. <\/p>\n\n\n\n<div class=\"wp-block-columns is-layout-flex wp-container-core-columns-is-layout-9d6595d7 wp-block-columns-is-layout-flex\">\n<div class=\"wp-block-column is-layout-flow wp-block-column-is-layout-flow\">\n<figure class=\"wp-block-image is-style-mycms-bg-orange mycms-img-bg alignwide size-full \"><img loading=\"lazy\" decoding=\"async\" width=\"720\" height=\"405\" src=\"https:\/\/andamios-tendo.com\/wp-content\/uploads\/sites\/2\/2022\/09\/301123319_379235254404959_9180151108504228939_n-2.jpg\" alt=\"\" class=\"wp-image-406\" srcset=\"https:\/\/andamios-tendo.com\/wp-content\/uploads\/sites\/2\/2022\/09\/301123319_379235254404959_9180151108504228939_n-2.jpg 720w, https:\/\/andamios-tendo.com\/wp-content\/uploads\/sites\/2\/2022\/09\/301123319_379235254404959_9180151108504228939_n-2-300x169.jpg 300w, https:\/\/andamios-tendo.com\/wp-content\/uploads\/sites\/2\/2022\/09\/301123319_379235254404959_9180151108504228939_n-2-600x338.jpg 600w\" sizes=\"auto, (max-width: 720px) 100vw, 720px\" \/><\/figure>\n<\/div>\n\n\n\n<div class=\"wp-block-column is-layout-flow wp-block-column-is-layout-flow\">\n<p>Nel 2016, l&#8217;azienda si \u00e8 fusa con il gruppo industriale francese <strong>Fr\u00e9n\u00e9hard &amp; Michaux<\/strong> Questa fusione ha rafforzato le sinergie tra tutte le societ\u00e0 del gruppo, offrendo a Tendo l&#8217;opportunit\u00e0 di migliorare la propria strategia a medio e lungo termine e ampliare la propria offerta di prodotti e servizi. Questo sviluppo \u00e8 la garanzia di prospettive costanti e azioni sostenibili. <\/p>\n\n\n\n<p>Produciamo <strong>due modelli di ponteggi<\/strong> compatibili tra loro in termini di altezza: \u201ca telaio\u201d e \u201cmulti\u201d, dotato di un disco ottagonale multidirezionale brevettato. <\/p>\n\n\n\n<p>Con sede a Tarazona (in provincia di Saragozza), l&#8217;azienda \u00e8 uno dei <strong>membri fondatori dell&#8217;AFAC<\/strong> (Associazione dei costruttori certificati di ponteggi). <\/p>\n<\/div>\n<\/div>\n","protected":false},"excerpt":{"rendered":"<p>La nostra azienda \u00e8 composta da professionisti ed \u00e8 specializzata nella progettazione e produzione di ponteggi. Dal 1990 lavoriamo con i professionisti del settore edile e industriale in Spagna, fornendo soluzioni di ponteggi su misura in conformit\u00e0 alla legislazione vigente. Nel 2016, l&#8217;azienda si \u00e8 fusa con il gruppo industriale francese Fr\u00e9n\u00e9hard &amp; Michaux Questa [&hellip;]<\/p>\n","protected":false},"author":8,"featured_media":0,"parent":0,"menu_order":0,"comment_status":"closed","ping_status":"closed","template":"","meta":{"_acf_changed":false,"footnotes":""},"class_list":["post-765","page","type-page","status-publish","hentry"],"acf":[],"yoast_head":"<!-- This site is optimized with the Yoast SEO plugin v27.4 - https:\/\/yoast.com\/product\/yoast-seo-wordpress\/ -->\n<title>La nostra storia - Tendo<\/title>\n<meta name=\"description\" content=\"La nostra azienda \u00e8 composta da professionisti ed \u00e8 specializzata nella progettazione e produzione di ponteggi. Dal 1990 lavoriamo con i professionisti del settore edile e industriale in Spagna, fornendo soluzioni di ponteggi su misura in conformit\u00e0 alla legislazione vigente.\" \/>\n<meta name=\"robots\" content=\"index, follow, max-snippet:-1, max-image-preview:large, max-video-preview:-1\" \/>\n<link rel=\"canonical\" href=\"https:\/\/andamios-tendo.com\/it\/la-nostra-storia\/\" \/>\n<meta property=\"og:locale\" content=\"it_IT\" \/>\n<meta property=\"og:type\" content=\"article\" \/>\n<meta property=\"og:title\" content=\"La nostra storia - Tendo\" \/>\n<meta property=\"og:description\" content=\"La nostra azienda \u00e8 composta da professionisti ed \u00e8 specializzata nella progettazione e produzione di ponteggi. Dal 1990 lavoriamo con i professionisti del settore edile e industriale in Spagna, fornendo soluzioni di ponteggi su misura in conformit\u00e0 alla legislazione vigente.\" \/>\n<meta property=\"og:url\" content=\"https:\/\/andamios-tendo.com\/it\/la-nostra-storia\/\" \/>\n<meta property=\"og:site_name\" content=\"Tendo\" \/>\n<meta property=\"article:modified_time\" content=\"2022-09-30T09:16:18+00:00\" \/>\n<meta property=\"og:image\" content=\"https:\/\/andamios-tendo.com\/wp-content\/uploads\/sites\/2\/2022\/09\/notre-histoire-1024x294.jpg\" \/>\n<meta name=\"twitter:card\" content=\"summary_large_image\" \/>\n<meta name=\"twitter:label1\" content=\"Tempo di lettura stimato\" \/>\n\t<meta name=\"twitter:data1\" content=\"2 minuti\" \/>\n<script type=\"application\/ld+json\" class=\"yoast-schema-graph\">{\"@context\":\"https:\\\/\\\/schema.org\",\"@graph\":[{\"@type\":\"WebPage\",\"@id\":\"https:\\\/\\\/andamios-tendo.com\\\/it\\\/la-nostra-storia\\\/\",\"url\":\"https:\\\/\\\/andamios-tendo.com\\\/it\\\/la-nostra-storia\\\/\",\"name\":\"La nostra storia - Tendo\",\"isPartOf\":{\"@id\":\"https:\\\/\\\/andamios-tendo.com\\\/it\\\/#website\"},\"primaryImageOfPage\":{\"@id\":\"https:\\\/\\\/andamios-tendo.com\\\/it\\\/la-nostra-storia\\\/#primaryimage\"},\"image\":{\"@id\":\"https:\\\/\\\/andamios-tendo.com\\\/it\\\/la-nostra-storia\\\/#primaryimage\"},\"thumbnailUrl\":\"https:\\\/\\\/andamios-tendo.com\\\/wp-content\\\/uploads\\\/sites\\\/2\\\/2022\\\/09\\\/notre-histoire-1024x294.jpg\",\"datePublished\":\"2022-09-22T13:48:29+00:00\",\"dateModified\":\"2022-09-30T09:16:18+00:00\",\"description\":\"La nostra azienda \u00e8 composta da professionisti ed \u00e8 specializzata nella progettazione e produzione di ponteggi. Dal 1990 lavoriamo con i professionisti del settore edile e industriale in Spagna, fornendo soluzioni di ponteggi su misura in conformit\u00e0 alla legislazione vigente.\",\"breadcrumb\":{\"@id\":\"https:\\\/\\\/andamios-tendo.com\\\/it\\\/la-nostra-storia\\\/#breadcrumb\"},\"inLanguage\":\"it-IT\",\"potentialAction\":[{\"@type\":\"ReadAction\",\"target\":[\"https:\\\/\\\/andamios-tendo.com\\\/it\\\/la-nostra-storia\\\/\"]}]},{\"@type\":\"ImageObject\",\"inLanguage\":\"it-IT\",\"@id\":\"https:\\\/\\\/andamios-tendo.com\\\/it\\\/la-nostra-storia\\\/#primaryimage\",\"url\":\"https:\\\/\\\/andamios-tendo.com\\\/wp-content\\\/uploads\\\/sites\\\/2\\\/2022\\\/09\\\/notre-histoire-1024x294.jpg\",\"contentUrl\":\"https:\\\/\\\/andamios-tendo.com\\\/wp-content\\\/uploads\\\/sites\\\/2\\\/2022\\\/09\\\/notre-histoire-1024x294.jpg\"},{\"@type\":\"BreadcrumbList\",\"@id\":\"https:\\\/\\\/andamios-tendo.com\\\/it\\\/la-nostra-storia\\\/#breadcrumb\",\"itemListElement\":[{\"@type\":\"ListItem\",\"position\":1,\"name\":\"Tendo\",\"item\":\"https:\\\/\\\/andamios-tendo.com\\\/it\\\/\"},{\"@type\":\"ListItem\",\"position\":2,\"name\":\"La nostra storia\"}]},{\"@type\":\"WebSite\",\"@id\":\"https:\\\/\\\/andamios-tendo.com\\\/it\\\/#website\",\"url\":\"https:\\\/\\\/andamios-tendo.com\\\/it\\\/\",\"name\":\"Tendo\",\"description\":\"Une entreprise du groupe Fr\u00e9n\u00e9hard &amp; Michaux\",\"publisher\":{\"@id\":\"https:\\\/\\\/andamios-tendo.com\\\/it\\\/#organization\"},\"potentialAction\":[{\"@type\":\"SearchAction\",\"target\":{\"@type\":\"EntryPoint\",\"urlTemplate\":\"https:\\\/\\\/andamios-tendo.com\\\/it\\\/?s={search_term_string}\"},\"query-input\":{\"@type\":\"PropertyValueSpecification\",\"valueRequired\":true,\"valueName\":\"search_term_string\"}}],\"inLanguage\":\"it-IT\"},{\"@type\":\"Organization\",\"@id\":\"https:\\\/\\\/andamios-tendo.com\\\/it\\\/#organization\",\"name\":\"Tendo\",\"url\":\"https:\\\/\\\/andamios-tendo.com\\\/it\\\/\",\"logo\":{\"@type\":\"ImageObject\",\"inLanguage\":\"it-IT\",\"@id\":\"https:\\\/\\\/andamios-tendo.com\\\/it\\\/#\\\/schema\\\/logo\\\/image\\\/\",\"url\":\"https:\\\/\\\/andamios-tendo.com\\\/wp-content\\\/uploads\\\/sites\\\/2\\\/2022\\\/07\\\/logo_tendo-s.png\",\"contentUrl\":\"https:\\\/\\\/andamios-tendo.com\\\/wp-content\\\/uploads\\\/sites\\\/2\\\/2022\\\/07\\\/logo_tendo-s.png\",\"width\":153,\"height\":30,\"caption\":\"Tendo\"},\"image\":{\"@id\":\"https:\\\/\\\/andamios-tendo.com\\\/it\\\/#\\\/schema\\\/logo\\\/image\\\/\"}}]}<\/script>\n<!-- \/ Yoast SEO plugin. -->","yoast_head_json":{"title":"La nostra storia - Tendo","description":"La nostra azienda \u00e8 composta da professionisti ed \u00e8 specializzata nella progettazione e produzione di ponteggi. Dal 1990 lavoriamo con i professionisti del settore edile e industriale in Spagna, fornendo soluzioni di ponteggi su misura in conformit\u00e0 alla legislazione vigente.","robots":{"index":"index","follow":"follow","max-snippet":"max-snippet:-1","max-image-preview":"max-image-preview:large","max-video-preview":"max-video-preview:-1"},"canonical":"https:\/\/andamios-tendo.com\/it\/la-nostra-storia\/","og_locale":"it_IT","og_type":"article","og_title":"La nostra storia - Tendo","og_description":"La nostra azienda \u00e8 composta da professionisti ed \u00e8 specializzata nella progettazione e produzione di ponteggi. Dal 1990 lavoriamo con i professionisti del settore edile e industriale in Spagna, fornendo soluzioni di ponteggi su misura in conformit\u00e0 alla legislazione vigente.","og_url":"https:\/\/andamios-tendo.com\/it\/la-nostra-storia\/","og_site_name":"Tendo","article_modified_time":"2022-09-30T09:16:18+00:00","og_image":[{"url":"https:\/\/andamios-tendo.com\/wp-content\/uploads\/sites\/2\/2022\/09\/notre-histoire-1024x294.jpg","type":"","width":"","height":""}],"twitter_card":"summary_large_image","twitter_misc":{"Tempo di lettura stimato":"2 minuti"},"schema":{"@context":"https:\/\/schema.org","@graph":[{"@type":"WebPage","@id":"https:\/\/andamios-tendo.com\/it\/la-nostra-storia\/","url":"https:\/\/andamios-tendo.com\/it\/la-nostra-storia\/","name":"La nostra storia - Tendo","isPartOf":{"@id":"https:\/\/andamios-tendo.com\/it\/#website"},"primaryImageOfPage":{"@id":"https:\/\/andamios-tendo.com\/it\/la-nostra-storia\/#primaryimage"},"image":{"@id":"https:\/\/andamios-tendo.com\/it\/la-nostra-storia\/#primaryimage"},"thumbnailUrl":"https:\/\/andamios-tendo.com\/wp-content\/uploads\/sites\/2\/2022\/09\/notre-histoire-1024x294.jpg","datePublished":"2022-09-22T13:48:29+00:00","dateModified":"2022-09-30T09:16:18+00:00","description":"La nostra azienda \u00e8 composta da professionisti ed \u00e8 specializzata nella progettazione e produzione di ponteggi. Dal 1990 lavoriamo con i professionisti del settore edile e industriale in Spagna, fornendo soluzioni di ponteggi su misura in conformit\u00e0 alla legislazione vigente.","breadcrumb":{"@id":"https:\/\/andamios-tendo.com\/it\/la-nostra-storia\/#breadcrumb"},"inLanguage":"it-IT","potentialAction":[{"@type":"ReadAction","target":["https:\/\/andamios-tendo.com\/it\/la-nostra-storia\/"]}]},{"@type":"ImageObject","inLanguage":"it-IT","@id":"https:\/\/andamios-tendo.com\/it\/la-nostra-storia\/#primaryimage","url":"https:\/\/andamios-tendo.com\/wp-content\/uploads\/sites\/2\/2022\/09\/notre-histoire-1024x294.jpg","contentUrl":"https:\/\/andamios-tendo.com\/wp-content\/uploads\/sites\/2\/2022\/09\/notre-histoire-1024x294.jpg"},{"@type":"BreadcrumbList","@id":"https:\/\/andamios-tendo.com\/it\/la-nostra-storia\/#breadcrumb","itemListElement":[{"@type":"ListItem","position":1,"name":"Tendo","item":"https:\/\/andamios-tendo.com\/it\/"},{"@type":"ListItem","position":2,"name":"La nostra storia"}]},{"@type":"WebSite","@id":"https:\/\/andamios-tendo.com\/it\/#website","url":"https:\/\/andamios-tendo.com\/it\/","name":"Tendo","description":"Une entreprise du groupe Fr\u00e9n\u00e9hard &amp; Michaux","publisher":{"@id":"https:\/\/andamios-tendo.com\/it\/#organization"},"potentialAction":[{"@type":"SearchAction","target":{"@type":"EntryPoint","urlTemplate":"https:\/\/andamios-tendo.com\/it\/?s={search_term_string}"},"query-input":{"@type":"PropertyValueSpecification","valueRequired":true,"valueName":"search_term_string"}}],"inLanguage":"it-IT"},{"@type":"Organization","@id":"https:\/\/andamios-tendo.com\/it\/#organization","name":"Tendo","url":"https:\/\/andamios-tendo.com\/it\/","logo":{"@type":"ImageObject","inLanguage":"it-IT","@id":"https:\/\/andamios-tendo.com\/it\/#\/schema\/logo\/image\/","url":"https:\/\/andamios-tendo.com\/wp-content\/uploads\/sites\/2\/2022\/07\/logo_tendo-s.png","contentUrl":"https:\/\/andamios-tendo.com\/wp-content\/uploads\/sites\/2\/2022\/07\/logo_tendo-s.png","width":153,"height":30,"caption":"Tendo"},"image":{"@id":"https:\/\/andamios-tendo.com\/it\/#\/schema\/logo\/image\/"}}]}},"_links":{"self":[{"href":"https:\/\/andamios-tendo.com\/it\/wp-json\/wp\/v2\/pages\/765","targetHints":{"allow":["GET"]}}],"collection":[{"href":"https:\/\/andamios-tendo.com\/it\/wp-json\/wp\/v2\/pages"}],"about":[{"href":"https:\/\/andamios-tendo.com\/it\/wp-json\/wp\/v2\/types\/page"}],"author":[{"embeddable":true,"href":"https:\/\/andamios-tendo.com\/it\/wp-json\/wp\/v2\/users\/8"}],"replies":[{"embeddable":true,"href":"https:\/\/andamios-tendo.com\/it\/wp-json\/wp\/v2\/comments?post=765"}],"version-history":[{"count":2,"href":"https:\/\/andamios-tendo.com\/it\/wp-json\/wp\/v2\/pages\/765\/revisions"}],"predecessor-version":[{"id":1161,"href":"https:\/\/andamios-tendo.com\/it\/wp-json\/wp\/v2\/pages\/765\/revisions\/1161"}],"wp:attachment":[{"href":"https:\/\/andamios-tendo.com\/it\/wp-json\/wp\/v2\/media?parent=765"}],"curies":[{"name":"wp","href":"https:\/\/api.w.org\/{rel}","templated":true}]}}