{"id":786,"date":"2022-09-26T09:38:36","date_gmt":"2022-09-26T07:38:36","guid":{"rendered":"https:\/\/andamios-tendo.com\/approccio-alla-qualita-alla-sicurezza-e-allambiente\/"},"modified":"2023-01-16T14:42:20","modified_gmt":"2023-01-16T13:42:20","slug":"approccio-alla-qualita-alla-sicurezza-e-allambiente","status":"publish","type":"page","link":"https:\/\/andamios-tendo.com\/it\/approccio-alla-qualita-alla-sicurezza-e-allambiente\/","title":{"rendered":"Approccio alla qualit\u00e0, alla sicurezza e all&#8217;ambiente"},"content":{"rendered":"\n<figure class=\"wp-block-image size-large\"><img loading=\"lazy\" decoding=\"async\" width=\"1024\" height=\"294\" src=\"https:\/\/andamios-tendo.com\/wp-content\/uploads\/sites\/2\/2022\/09\/qualite-1024x294.jpg\" alt=\"\" class=\"wp-image-1167\" srcset=\"https:\/\/andamios-tendo.com\/wp-content\/uploads\/sites\/2\/2022\/09\/qualite-1024x294.jpg 1024w, https:\/\/andamios-tendo.com\/wp-content\/uploads\/sites\/2\/2022\/09\/qualite-300x86.jpg 300w, https:\/\/andamios-tendo.com\/wp-content\/uploads\/sites\/2\/2022\/09\/qualite-768x220.jpg 768w, https:\/\/andamios-tendo.com\/wp-content\/uploads\/sites\/2\/2022\/09\/qualite-600x172.jpg 600w, https:\/\/andamios-tendo.com\/wp-content\/uploads\/sites\/2\/2022\/09\/qualite.jpg 1500w\" sizes=\"auto, (max-width: 1024px) 100vw, 1024px\" \/><\/figure>\n\n\n\n<p>Tendo si impegna a garantire la sicurezza, la qualit\u00e0 e l&#8217;ambiente del proprio personale. A tal fine, l&#8217;azienda adotta un approccio allineato agli standard di qualit\u00e0 internazionali come ISO 9001 e ISO 14001. L&#8217;obiettivo \u00e8 il miglioramento continuo, per offrire condizioni di lavoro responsabili e prodotti di qualit\u00e0.<\/p>\n\n\n<section class=\"mycms-content-wrapper mycms-grid-row--centered  mediatitlelist\">\n    <div class=\"mycms-mediatitlelist mycms-grid-row mycms-list--unstyled\">\n        <img loading=\"lazy\" decoding=\"async\" width=\"541\" height=\"360\" src=\"https:\/\/andamios-tendo.com\/wp-content\/uploads\/sites\/2\/2022\/09\/qualite2-541x360.jpg\" class=\"attachment-mediatitlelist size-mediatitlelist\" alt=\"\" srcset=\"https:\/\/andamios-tendo.com\/wp-content\/uploads\/sites\/2\/2022\/09\/qualite2-541x360.jpg 541w, https:\/\/andamios-tendo.com\/wp-content\/uploads\/sites\/2\/2022\/09\/qualite2-317x211.jpg 317w\" sizes=\"auto, (max-width: 541px) 100vw, 541px\" \/><div class=\"mycms-mediatitlelist--container mycms-grid-column-lg-6 mycms-grid-column-md-6 mycms-grid-column-sm-2 \"><h3 class=\"mycms-txt--h3 mycms-txt--color-onyx-light mycms-margin-bottom--30\">I PIANI D&#8217;AZIONE DI TENDO SI BASANO SU 5 PRINCIPALI ORIENTAMENTI <\/h3><ol class=\"mycms-mediatitlelist--list\"><li><span>Soddisfazione ed esperienza del cliente<\/span><\/li><li><span>Uso efficiente ed efficace di risorse e capacit\u00e0<\/span><\/li><li><span>Distribuzione delle industrie<\/span><\/li><li><span>Impegno civico aziendale<\/span><\/li><li><span>Attenzione allo sviluppo personale<\/span><\/li><\/ol><\/div>    <\/div>\n<\/section>\n\n\n\n<h2 class=\"has-medium-font-size wp-block-heading\" id=\"qualite\"><strong>QUALIT\u00c0<\/strong><\/h2>\n\n\n\n<p>Tendo si impegna a fornire prodotti e servizi della massima qualit\u00e0 possibile. In questo contesto, ha ottenuto la certificazione ISO 9001 e CE 12810-12811 oltre 20 anni fa. Questa garanzia di qualit\u00e0 assicura sia la conformit\u00e0 dei nostri prodotti sia il know-how della nostra azienda per garantire un valore aggiunto (al prodotto o al servizio). Per mantenere questo alto livello di eccellenza, monitoriamo ogni fase del processo di qualit\u00e0, dall&#8217;acquisto al processo di produzione.<\/p>\n\n\n<section class=\"mycms-content-wrapper mycms-grid-row--centered  mediatitlelist\">\n    <div class=\"mycms-mediatitlelist mycms-grid-row mycms-list--unstyled\">\n        <img loading=\"lazy\" decoding=\"async\" width=\"541\" height=\"360\" src=\"https:\/\/andamios-tendo.com\/wp-content\/uploads\/sites\/2\/2022\/09\/qualite3-541x360.jpg\" class=\"attachment-mediatitlelist size-mediatitlelist\" alt=\"\" srcset=\"https:\/\/andamios-tendo.com\/wp-content\/uploads\/sites\/2\/2022\/09\/qualite3-541x360.jpg 541w, https:\/\/andamios-tendo.com\/wp-content\/uploads\/sites\/2\/2022\/09\/qualite3-317x211.jpg 317w\" sizes=\"auto, (max-width: 541px) 100vw, 541px\" \/><div class=\"mycms-mediatitlelist--container mycms-grid-column-lg-6 mycms-grid-column-md-6 mycms-grid-column-sm-2 \"><h3 class=\"mycms-txt--h3 mycms-txt--color-onyx-light mycms-margin-bottom--30\">I team del servizio qualit\u00e0 monitorano le seguenti fasi:<\/h3><ol class=\"mycms-mediatitlelist--list\"><li><span>Implementazione: test di controllo qualit\u00e0, conformit\u00e0 e certificazione dei prodotti; <\/span><\/li><li><span>Verifica: tracciabilit\u00e0 della produzione e del prodotto;<\/span><\/li><li><span>Rapporti: registrazione dei risultati e archiviazione dei test;<\/span><\/li><li><span>Miglioramento continuo: partecipazione all&#8217;implementazione e all&#8217;ottimizzazione dei protocolli di test<\/span><\/li><\/ol><\/div>    <\/div>\n<\/section>\n\n\n\n<h2 class=\"has-medium-font-size wp-block-heading\" id=\"securite\"><strong>SICUREZZA<\/strong><\/h2>\n\n\n\n<p>Per controllare la tracciabilit\u00e0 delle istruzioni di sicurezza dell&#8217;azienda, abbiamo redatto un unico documento che quantifica i rischi professionali. La salute e la sicurezza del nostro personale rappresentano una preoccupazione fondamentale.<\/p>\n\n\n\n<h2 class=\"has-medium-font-size wp-block-heading\" id=\"environnement\"><strong>AMBIENTE<\/strong><\/h2>\n\n\n\n<p>Tendo da sempre cerca di essere un&#8217;azienda rispettosa dell&#8217;ambiente. Per soddisfare le esigenze dei propri clienti, l&#8217;azienda ha adottato un nuovo quadro di riferimento per la Responsabilit\u00e0 Sociale d&#8217;Impresa (RSI), che consiste nel combinare tutte le pratiche orientate al rispetto dei principi dello sviluppo sostenibile, economicamente sostenibili e con un impatto positivo sulla societ\u00e0 e sull&#8217;ambiente.<\/p>\n\n\n<section class=\"mycms-content-wrapper mycms-grid-row--centered  mediatitlelist\">\n    <div class=\"mycms-mediatitlelist mycms-grid-row mycms-list--unstyled\">\n        <img loading=\"lazy\" decoding=\"async\" width=\"541\" height=\"360\" src=\"https:\/\/andamios-tendo.com\/wp-content\/uploads\/sites\/2\/2022\/09\/qualite4-541x360.jpg\" class=\"attachment-mediatitlelist size-mediatitlelist\" alt=\"\" srcset=\"https:\/\/andamios-tendo.com\/wp-content\/uploads\/sites\/2\/2022\/09\/qualite4-541x360.jpg 541w, https:\/\/andamios-tendo.com\/wp-content\/uploads\/sites\/2\/2022\/09\/qualite4-317x211.jpg 317w\" sizes=\"auto, (max-width: 541px) 100vw, 541px\" \/><div class=\"mycms-mediatitlelist--container mycms-grid-column-lg-6 mycms-grid-column-md-6 mycms-grid-column-sm-2 \"><h3 class=\"mycms-txt--h3 mycms-txt--color-onyx-light mycms-margin-bottom--30\">Queste certificazioni garantiscono l&#8217;eccellenza dei nostri prodotti:<\/h3><ol class=\"mycms-mediatitlelist--list\"><li><span>Tendo si impegna a fornire prodotti sicuri e di qualit\u00e0 in conformit\u00e0 agli standard europei.<\/span><\/li><li><span>I nostri prodotti sono certificati ed etichettati da organismi di controllo indipendenti riconosciuti in tutti i Paesi dell&#8217;UE. Tendo si impegna a fornire prodotti sicuri e di qualit\u00e0 in conformit\u00e0 agli standard europei.<\/span><\/li><li><span>Tendo ha sempre lavorato a stretto contatto con aziende spagnole ed europee per garantire la sicurezza dei suoi prodotti.<\/span><\/li><li><span>Tutti i nostri prodotti sono sottoposti a test rigorosi da parte di laboratori indipendenti per garantirne la qualit\u00e0.<\/span><\/li><\/ol><\/div>    <\/div>\n<\/section>\n\n\n\n<p>I nostri prodotti sono certificati ed etichettati da organismi di controllo indipendenti riconosciuti in tutti i Paesi dell&#8217;UE. L&#8217;ottenimento di questi marchi di qualit\u00e0 \u00e8 il risultato di un approccio volontario da parte del produttore. Questi marchi sono attribuiti da laboratori ufficiali, che certificano la conformit\u00e0 dei prodotti Tendo alle norme e ai decreti in vigore.<\/p>\n\n\n\n<div class=\"wp-block-buttons is-layout-flex wp-block-buttons-is-layout-flex\">\n<div class=\"wp-block-button\"><a class=\"wp-block-button__link\" href=\"https:\/\/andamios-tendo.com\/wp-content\/uploads\/sites\/2\/2023\/01\/IT_Anexo-1-Politica-calidadseguridad-y-medio-ambiente.pdf\">Nostro approccio alla qualit\u00e0, alla sicurezza e all&#8217;ambiente<\/a><\/div>\n<\/div>\n","protected":false},"excerpt":{"rendered":"<p>Tendo si impegna a garantire la sicurezza, la qualit\u00e0 e l&#8217;ambiente del proprio personale. A tal fine, l&#8217;azienda adotta un approccio allineato agli standard di qualit\u00e0 internazionali come ISO 9001 e ISO 14001. L&#8217;obiettivo \u00e8 il miglioramento continuo, per offrire condizioni di lavoro responsabili e prodotti di qualit\u00e0. QUALIT\u00c0 Tendo si impegna a fornire prodotti [&hellip;]<\/p>\n","protected":false},"author":8,"featured_media":0,"parent":0,"menu_order":0,"comment_status":"closed","ping_status":"closed","template":"","meta":{"_acf_changed":false,"footnotes":""},"class_list":["post-786","page","type-page","status-publish","hentry"],"acf":[],"yoast_head":"<!-- This site is optimized with the Yoast SEO plugin v27.4 - https:\/\/yoast.com\/product\/yoast-seo-wordpress\/ -->\n<title>Approccio alla qualit\u00e0, alla sicurezza e all&#039;ambiente - Tendo<\/title>\n<meta name=\"robots\" content=\"index, follow, max-snippet:-1, max-image-preview:large, max-video-preview:-1\" \/>\n<link rel=\"canonical\" href=\"https:\/\/andamios-tendo.com\/it\/approccio-alla-qualita-alla-sicurezza-e-allambiente\/\" \/>\n<meta property=\"og:locale\" content=\"it_IT\" \/>\n<meta property=\"og:type\" content=\"article\" \/>\n<meta property=\"og:title\" content=\"Approccio alla qualit\u00e0, alla sicurezza e all&#039;ambiente - Tendo\" \/>\n<meta property=\"og:description\" content=\"Tendo si impegna a garantire la sicurezza, la qualit\u00e0 e l&#8217;ambiente del proprio personale. A tal fine, l&#8217;azienda adotta un approccio allineato agli standard di qualit\u00e0 internazionali come ISO 9001 e ISO 14001. L&#8217;obiettivo \u00e8 il miglioramento continuo, per offrire condizioni di lavoro responsabili e prodotti di qualit\u00e0. QUALIT\u00c0 Tendo si impegna a fornire prodotti [&hellip;]\" \/>\n<meta property=\"og:url\" content=\"https:\/\/andamios-tendo.com\/it\/approccio-alla-qualita-alla-sicurezza-e-allambiente\/\" \/>\n<meta property=\"og:site_name\" content=\"Tendo\" \/>\n<meta property=\"article:modified_time\" content=\"2023-01-16T13:42:20+00:00\" \/>\n<meta property=\"og:image\" content=\"https:\/\/andamios-tendo.com\/wp-content\/uploads\/sites\/2\/2022\/09\/qualite-1024x294.jpg\" \/>\n<meta name=\"twitter:card\" content=\"summary_large_image\" \/>\n<meta name=\"twitter:label1\" content=\"Tempo di lettura stimato\" \/>\n\t<meta name=\"twitter:data1\" content=\"2 minuti\" \/>\n<script type=\"application\/ld+json\" class=\"yoast-schema-graph\">{\"@context\":\"https:\\\/\\\/schema.org\",\"@graph\":[{\"@type\":\"WebPage\",\"@id\":\"https:\\\/\\\/andamios-tendo.com\\\/it\\\/approccio-alla-qualita-alla-sicurezza-e-allambiente\\\/\",\"url\":\"https:\\\/\\\/andamios-tendo.com\\\/it\\\/approccio-alla-qualita-alla-sicurezza-e-allambiente\\\/\",\"name\":\"Approccio alla qualit\u00e0, alla sicurezza e all'ambiente - Tendo\",\"isPartOf\":{\"@id\":\"https:\\\/\\\/andamios-tendo.com\\\/it\\\/#website\"},\"primaryImageOfPage\":{\"@id\":\"https:\\\/\\\/andamios-tendo.com\\\/it\\\/approccio-alla-qualita-alla-sicurezza-e-allambiente\\\/#primaryimage\"},\"image\":{\"@id\":\"https:\\\/\\\/andamios-tendo.com\\\/it\\\/approccio-alla-qualita-alla-sicurezza-e-allambiente\\\/#primaryimage\"},\"thumbnailUrl\":\"https:\\\/\\\/andamios-tendo.com\\\/wp-content\\\/uploads\\\/sites\\\/2\\\/2022\\\/09\\\/qualite-1024x294.jpg\",\"datePublished\":\"2022-09-26T07:38:36+00:00\",\"dateModified\":\"2023-01-16T13:42:20+00:00\",\"breadcrumb\":{\"@id\":\"https:\\\/\\\/andamios-tendo.com\\\/it\\\/approccio-alla-qualita-alla-sicurezza-e-allambiente\\\/#breadcrumb\"},\"inLanguage\":\"it-IT\",\"potentialAction\":[{\"@type\":\"ReadAction\",\"target\":[\"https:\\\/\\\/andamios-tendo.com\\\/it\\\/approccio-alla-qualita-alla-sicurezza-e-allambiente\\\/\"]}]},{\"@type\":\"ImageObject\",\"inLanguage\":\"it-IT\",\"@id\":\"https:\\\/\\\/andamios-tendo.com\\\/it\\\/approccio-alla-qualita-alla-sicurezza-e-allambiente\\\/#primaryimage\",\"url\":\"https:\\\/\\\/andamios-tendo.com\\\/wp-content\\\/uploads\\\/sites\\\/2\\\/2022\\\/09\\\/qualite-1024x294.jpg\",\"contentUrl\":\"https:\\\/\\\/andamios-tendo.com\\\/wp-content\\\/uploads\\\/sites\\\/2\\\/2022\\\/09\\\/qualite-1024x294.jpg\"},{\"@type\":\"BreadcrumbList\",\"@id\":\"https:\\\/\\\/andamios-tendo.com\\\/it\\\/approccio-alla-qualita-alla-sicurezza-e-allambiente\\\/#breadcrumb\",\"itemListElement\":[{\"@type\":\"ListItem\",\"position\":1,\"name\":\"Tendo\",\"item\":\"https:\\\/\\\/andamios-tendo.com\\\/it\\\/\"},{\"@type\":\"ListItem\",\"position\":2,\"name\":\"Approccio alla qualit\u00e0, alla sicurezza e all&#8217;ambiente\"}]},{\"@type\":\"WebSite\",\"@id\":\"https:\\\/\\\/andamios-tendo.com\\\/it\\\/#website\",\"url\":\"https:\\\/\\\/andamios-tendo.com\\\/it\\\/\",\"name\":\"Tendo\",\"description\":\"Une entreprise du groupe Fr\u00e9n\u00e9hard &amp; Michaux\",\"publisher\":{\"@id\":\"https:\\\/\\\/andamios-tendo.com\\\/it\\\/#organization\"},\"potentialAction\":[{\"@type\":\"SearchAction\",\"target\":{\"@type\":\"EntryPoint\",\"urlTemplate\":\"https:\\\/\\\/andamios-tendo.com\\\/it\\\/?s={search_term_string}\"},\"query-input\":{\"@type\":\"PropertyValueSpecification\",\"valueRequired\":true,\"valueName\":\"search_term_string\"}}],\"inLanguage\":\"it-IT\"},{\"@type\":\"Organization\",\"@id\":\"https:\\\/\\\/andamios-tendo.com\\\/it\\\/#organization\",\"name\":\"Tendo\",\"url\":\"https:\\\/\\\/andamios-tendo.com\\\/it\\\/\",\"logo\":{\"@type\":\"ImageObject\",\"inLanguage\":\"it-IT\",\"@id\":\"https:\\\/\\\/andamios-tendo.com\\\/it\\\/#\\\/schema\\\/logo\\\/image\\\/\",\"url\":\"https:\\\/\\\/andamios-tendo.com\\\/wp-content\\\/uploads\\\/sites\\\/2\\\/2022\\\/07\\\/logo_tendo-s.png\",\"contentUrl\":\"https:\\\/\\\/andamios-tendo.com\\\/wp-content\\\/uploads\\\/sites\\\/2\\\/2022\\\/07\\\/logo_tendo-s.png\",\"width\":153,\"height\":30,\"caption\":\"Tendo\"},\"image\":{\"@id\":\"https:\\\/\\\/andamios-tendo.com\\\/it\\\/#\\\/schema\\\/logo\\\/image\\\/\"}}]}<\/script>\n<!-- \/ Yoast SEO plugin. -->","yoast_head_json":{"title":"Approccio alla qualit\u00e0, alla sicurezza e all'ambiente - Tendo","robots":{"index":"index","follow":"follow","max-snippet":"max-snippet:-1","max-image-preview":"max-image-preview:large","max-video-preview":"max-video-preview:-1"},"canonical":"https:\/\/andamios-tendo.com\/it\/approccio-alla-qualita-alla-sicurezza-e-allambiente\/","og_locale":"it_IT","og_type":"article","og_title":"Approccio alla qualit\u00e0, alla sicurezza e all'ambiente - Tendo","og_description":"Tendo si impegna a garantire la sicurezza, la qualit\u00e0 e l&#8217;ambiente del proprio personale. A tal fine, l&#8217;azienda adotta un approccio allineato agli standard di qualit\u00e0 internazionali come ISO 9001 e ISO 14001. L&#8217;obiettivo \u00e8 il miglioramento continuo, per offrire condizioni di lavoro responsabili e prodotti di qualit\u00e0. QUALIT\u00c0 Tendo si impegna a fornire prodotti [&hellip;]","og_url":"https:\/\/andamios-tendo.com\/it\/approccio-alla-qualita-alla-sicurezza-e-allambiente\/","og_site_name":"Tendo","article_modified_time":"2023-01-16T13:42:20+00:00","og_image":[{"url":"https:\/\/andamios-tendo.com\/wp-content\/uploads\/sites\/2\/2022\/09\/qualite-1024x294.jpg","type":"","width":"","height":""}],"twitter_card":"summary_large_image","twitter_misc":{"Tempo di lettura stimato":"2 minuti"},"schema":{"@context":"https:\/\/schema.org","@graph":[{"@type":"WebPage","@id":"https:\/\/andamios-tendo.com\/it\/approccio-alla-qualita-alla-sicurezza-e-allambiente\/","url":"https:\/\/andamios-tendo.com\/it\/approccio-alla-qualita-alla-sicurezza-e-allambiente\/","name":"Approccio alla qualit\u00e0, alla sicurezza e all'ambiente - Tendo","isPartOf":{"@id":"https:\/\/andamios-tendo.com\/it\/#website"},"primaryImageOfPage":{"@id":"https:\/\/andamios-tendo.com\/it\/approccio-alla-qualita-alla-sicurezza-e-allambiente\/#primaryimage"},"image":{"@id":"https:\/\/andamios-tendo.com\/it\/approccio-alla-qualita-alla-sicurezza-e-allambiente\/#primaryimage"},"thumbnailUrl":"https:\/\/andamios-tendo.com\/wp-content\/uploads\/sites\/2\/2022\/09\/qualite-1024x294.jpg","datePublished":"2022-09-26T07:38:36+00:00","dateModified":"2023-01-16T13:42:20+00:00","breadcrumb":{"@id":"https:\/\/andamios-tendo.com\/it\/approccio-alla-qualita-alla-sicurezza-e-allambiente\/#breadcrumb"},"inLanguage":"it-IT","potentialAction":[{"@type":"ReadAction","target":["https:\/\/andamios-tendo.com\/it\/approccio-alla-qualita-alla-sicurezza-e-allambiente\/"]}]},{"@type":"ImageObject","inLanguage":"it-IT","@id":"https:\/\/andamios-tendo.com\/it\/approccio-alla-qualita-alla-sicurezza-e-allambiente\/#primaryimage","url":"https:\/\/andamios-tendo.com\/wp-content\/uploads\/sites\/2\/2022\/09\/qualite-1024x294.jpg","contentUrl":"https:\/\/andamios-tendo.com\/wp-content\/uploads\/sites\/2\/2022\/09\/qualite-1024x294.jpg"},{"@type":"BreadcrumbList","@id":"https:\/\/andamios-tendo.com\/it\/approccio-alla-qualita-alla-sicurezza-e-allambiente\/#breadcrumb","itemListElement":[{"@type":"ListItem","position":1,"name":"Tendo","item":"https:\/\/andamios-tendo.com\/it\/"},{"@type":"ListItem","position":2,"name":"Approccio alla qualit\u00e0, alla sicurezza e all&#8217;ambiente"}]},{"@type":"WebSite","@id":"https:\/\/andamios-tendo.com\/it\/#website","url":"https:\/\/andamios-tendo.com\/it\/","name":"Tendo","description":"Une entreprise du groupe Fr\u00e9n\u00e9hard &amp; Michaux","publisher":{"@id":"https:\/\/andamios-tendo.com\/it\/#organization"},"potentialAction":[{"@type":"SearchAction","target":{"@type":"EntryPoint","urlTemplate":"https:\/\/andamios-tendo.com\/it\/?s={search_term_string}"},"query-input":{"@type":"PropertyValueSpecification","valueRequired":true,"valueName":"search_term_string"}}],"inLanguage":"it-IT"},{"@type":"Organization","@id":"https:\/\/andamios-tendo.com\/it\/#organization","name":"Tendo","url":"https:\/\/andamios-tendo.com\/it\/","logo":{"@type":"ImageObject","inLanguage":"it-IT","@id":"https:\/\/andamios-tendo.com\/it\/#\/schema\/logo\/image\/","url":"https:\/\/andamios-tendo.com\/wp-content\/uploads\/sites\/2\/2022\/07\/logo_tendo-s.png","contentUrl":"https:\/\/andamios-tendo.com\/wp-content\/uploads\/sites\/2\/2022\/07\/logo_tendo-s.png","width":153,"height":30,"caption":"Tendo"},"image":{"@id":"https:\/\/andamios-tendo.com\/it\/#\/schema\/logo\/image\/"}}]}},"_links":{"self":[{"href":"https:\/\/andamios-tendo.com\/it\/wp-json\/wp\/v2\/pages\/786","targetHints":{"allow":["GET"]}}],"collection":[{"href":"https:\/\/andamios-tendo.com\/it\/wp-json\/wp\/v2\/pages"}],"about":[{"href":"https:\/\/andamios-tendo.com\/it\/wp-json\/wp\/v2\/types\/page"}],"author":[{"embeddable":true,"href":"https:\/\/andamios-tendo.com\/it\/wp-json\/wp\/v2\/users\/8"}],"replies":[{"embeddable":true,"href":"https:\/\/andamios-tendo.com\/it\/wp-json\/wp\/v2\/comments?post=786"}],"version-history":[{"count":6,"href":"https:\/\/andamios-tendo.com\/it\/wp-json\/wp\/v2\/pages\/786\/revisions"}],"predecessor-version":[{"id":3383,"href":"https:\/\/andamios-tendo.com\/it\/wp-json\/wp\/v2\/pages\/786\/revisions\/3383"}],"wp:attachment":[{"href":"https:\/\/andamios-tendo.com\/it\/wp-json\/wp\/v2\/media?parent=786"}],"curies":[{"name":"wp","href":"https:\/\/api.w.org\/{rel}","templated":true}]}}