{"id":807,"date":"2022-09-26T09:49:09","date_gmt":"2022-09-26T07:49:09","guid":{"rendered":"https:\/\/andamios-tendo.com\/le-nostre-soluzioni\/"},"modified":"2022-09-30T16:58:38","modified_gmt":"2022-09-30T14:58:38","slug":"le-nostre-soluzioni","status":"publish","type":"page","link":"https:\/\/andamios-tendo.com\/it\/le-nostre-soluzioni\/","title":{"rendered":"LE NOSTRE SOLUZIONI"},"content":{"rendered":"\n<figure class=\"wp-block-image size-large\"><img loading=\"lazy\" decoding=\"async\" width=\"1024\" height=\"294\" src=\"https:\/\/andamios-tendo.com\/wp-content\/uploads\/sites\/2\/2022\/09\/solutions5-1-1024x294.jpg\" alt=\"\" class=\"wp-image-1404\" srcset=\"https:\/\/andamios-tendo.com\/wp-content\/uploads\/sites\/2\/2022\/09\/solutions5-1-1024x294.jpg 1024w, https:\/\/andamios-tendo.com\/wp-content\/uploads\/sites\/2\/2022\/09\/solutions5-1-300x86.jpg 300w, https:\/\/andamios-tendo.com\/wp-content\/uploads\/sites\/2\/2022\/09\/solutions5-1-768x220.jpg 768w, https:\/\/andamios-tendo.com\/wp-content\/uploads\/sites\/2\/2022\/09\/solutions5-1-600x172.jpg 600w, https:\/\/andamios-tendo.com\/wp-content\/uploads\/sites\/2\/2022\/09\/solutions5-1.jpg 1500w\" sizes=\"auto, (max-width: 1024px) 100vw, 1024px\" \/><\/figure>\n\n\n\n<p>Due tipi di strutture che si adattano perfettamente alle esigenze del compito da svolgere in altezza, sia che si tratti di coprire un edificio o eseguire lavori di manutenzione industriale.<\/p>\n\n\n\n<h2 class=\"has-large-font-size wp-block-heading\" id=\"goya\">GOYA<\/h2>\n\n\n\n<div class=\"wp-block-columns is-layout-flex wp-container-core-columns-is-layout-9d6595d7 wp-block-columns-is-layout-flex\">\n<div class=\"wp-block-column is-layout-flow wp-block-column-is-layout-flow\">\n<figure class=\"wp-block-image is-style-mycms-bg-orange mycms-img-bg alignwide size-full \"><img loading=\"lazy\" decoding=\"async\" width=\"720\" height=\"405\" src=\"https:\/\/andamios-tendo.com\/wp-content\/uploads\/sites\/2\/2022\/09\/goya2.jpg\" alt=\"\" class=\"wp-image-1368\" srcset=\"https:\/\/andamios-tendo.com\/wp-content\/uploads\/sites\/2\/2022\/09\/goya2.jpg 720w, https:\/\/andamios-tendo.com\/wp-content\/uploads\/sites\/2\/2022\/09\/goya2-300x169.jpg 300w, https:\/\/andamios-tendo.com\/wp-content\/uploads\/sites\/2\/2022\/09\/goya2-600x338.jpg 600w\" sizes=\"auto, (max-width: 720px) 100vw, 720px\" \/><\/figure>\n<\/div>\n\n\n\n<div class=\"wp-block-column is-layout-flow wp-block-column-is-layout-flow\">\n<p><strong>PONTEGGI A CAVALLETTI<\/strong><\/p>\n\n\n\n<p>Si tratta essenzialmente di telai o cavalletti, uniti tra loro per mezzo di piattaforme e longheroni, oltre che di diagonali, che creano una struttura perfettamente rigida. Richiedendo pochi componenti e operazioni, questo ponteggio classico pu\u00f2 essere montato molto rapidamente e fornisce una base sicura per tutti i tipi di lavoro, oltre a far risparmiare materiale e tempo in fase di montaggio e smontaggio.<\/p>\n\n\n\n<ul class=\"wp-block-list\"><li>Confortevole (disponibile in larghezze da 0,70 m).<\/li><li>Compatibile con il sistema MULTI in determinate configurazioni.<\/li><li>Telaio prefabbricato leggero e poco ingombrante per il trasporto.<\/li><li>Pochi componenti per una rapida installazione.<\/li><li>Sicuro.<\/li><li>Facile da montare.<\/li><li>Garantito per 2 anni.<\/li><\/ul>\n<\/div>\n<\/div>\n\n\n\n<h2 class=\"has-large-font-size wp-block-heading\" id=\"multi\"><strong>MULTI<\/strong><\/h2>\n\n\n\n<div class=\"wp-block-columns is-layout-flex wp-container-core-columns-is-layout-9d6595d7 wp-block-columns-is-layout-flex\">\n<div class=\"wp-block-column is-layout-flow wp-block-column-is-layout-flow\">\n<figure class=\"wp-block-image is-style-mycms-bg-orange mycms-img-bg alignwide size-full \"><img loading=\"lazy\" decoding=\"async\" width=\"720\" height=\"405\" src=\"https:\/\/andamios-tendo.com\/wp-content\/uploads\/sites\/2\/2022\/09\/multi.jpg\" alt=\"\" class=\"wp-image-1374\" srcset=\"https:\/\/andamios-tendo.com\/wp-content\/uploads\/sites\/2\/2022\/09\/multi.jpg 720w, https:\/\/andamios-tendo.com\/wp-content\/uploads\/sites\/2\/2022\/09\/multi-300x169.jpg 300w, https:\/\/andamios-tendo.com\/wp-content\/uploads\/sites\/2\/2022\/09\/multi-600x338.jpg 600w\" sizes=\"auto, (max-width: 720px) 100vw, 720px\" \/><\/figure>\n<\/div>\n\n\n\n<div class=\"wp-block-column is-layout-flow wp-block-column-is-layout-flow\">\n<p><strong>PONTEGGI MULTIDIREZIONALI<\/strong><\/p>\n\n\n\n<p>Le sue caratteristiche principali sono la versatilit\u00e0 e la flessibilit\u00e0, in quanto in grado di adattarsi a qualsiasi esigenza e a geometria complessa, indipendentemente dalla difficolt\u00e0 della forma da realizzare. Questo sistema \u00e8 compatibile con tutte le configurazioni possibili per i settori dell&#8217;edilizia, del restauro, della ristrutturazione, della manutenzione industriale e degli eventi, ecc.<\/p>\n\n\n\n<p>I ponteggi realizzati con elementi standard sostituiscono tubi e fascette e si caratterizzano per dischi di collegamento distanziati verticalmente a intervalli di 50 cm. Dotati di 8 diverse articolazioni su un\u2019unica sezione, consentono l&#8217;assemblaggio di tutti gli elementi, garantendo grande stabilit\u00e0 e rigidit\u00e0. Questo sistema \u00e8 ideale per l&#8217;allestimento di ponteggi con o senza ruote per lo spostamento.<\/p>\n\n\n\n<ul class=\"wp-block-list\"><li>Omnidirezionale: 8 posizioni.<\/li><li>Si adatta a qualsiasi tipo di facciata e cantiere.<\/li><li>La larghezza \u00e8 adattabile alle dimensioni desiderate.<\/li><li>Guide ad alta resistenza (componenti zincati) da \u00d8 48,3 mm.<\/li><li>Spessore: 3,2 mm.<\/li><li>Solido: montaggio preciso e sistema di bloccaggio integrale.<\/li><li>Possibilit\u00e0 di montaggio a 180\u00b0 su ogni connessione.<\/li><li>Efficace: supporta carichi pesanti e permette di accedere a grandi altezze.<\/li><li>Ampia scelta di componenti.<\/li><li>Garantito per 2 anni.<\/li><\/ul>\n<\/div>\n<\/div>\n","protected":false},"excerpt":{"rendered":"<p>Due tipi di strutture che si adattano perfettamente alle esigenze del compito da svolgere in altezza, sia che si tratti di coprire un edificio o eseguire lavori di manutenzione industriale. GOYA PONTEGGI A CAVALLETTI Si tratta essenzialmente di telai o cavalletti, uniti tra loro per mezzo di piattaforme e longheroni, oltre che di diagonali, che [&hellip;]<\/p>\n","protected":false},"author":8,"featured_media":0,"parent":0,"menu_order":0,"comment_status":"closed","ping_status":"closed","template":"","meta":{"_acf_changed":false,"footnotes":""},"class_list":["post-807","page","type-page","status-publish","hentry"],"acf":[],"yoast_head":"<!-- This site is optimized with the Yoast SEO plugin v27.3 - https:\/\/yoast.com\/product\/yoast-seo-wordpress\/ -->\n<title>LE NOSTRE SOLUZIONI - Tendo<\/title>\n<meta name=\"robots\" content=\"index, follow, max-snippet:-1, max-image-preview:large, max-video-preview:-1\" \/>\n<link rel=\"canonical\" href=\"https:\/\/andamios-tendo.com\/it\/le-nostre-soluzioni\/\" \/>\n<meta property=\"og:locale\" content=\"it_IT\" \/>\n<meta property=\"og:type\" content=\"article\" \/>\n<meta property=\"og:title\" content=\"LE NOSTRE SOLUZIONI - Tendo\" \/>\n<meta property=\"og:description\" content=\"Due tipi di strutture che si adattano perfettamente alle esigenze del compito da svolgere in altezza, sia che si tratti di coprire un edificio o eseguire lavori di manutenzione industriale. GOYA PONTEGGI A CAVALLETTI Si tratta essenzialmente di telai o cavalletti, uniti tra loro per mezzo di piattaforme e longheroni, oltre che di diagonali, che [&hellip;]\" \/>\n<meta property=\"og:url\" content=\"https:\/\/andamios-tendo.com\/it\/le-nostre-soluzioni\/\" \/>\n<meta property=\"og:site_name\" content=\"Tendo\" \/>\n<meta property=\"article:modified_time\" content=\"2022-09-30T14:58:38+00:00\" \/>\n<meta property=\"og:image\" content=\"https:\/\/andamios-tendo.com\/wp-content\/uploads\/sites\/2\/2022\/09\/solutions5-1-1024x294.jpg\" \/>\n<meta name=\"twitter:card\" content=\"summary_large_image\" \/>\n<meta name=\"twitter:label1\" content=\"Tempo di lettura stimato\" \/>\n\t<meta name=\"twitter:data1\" content=\"3 minuti\" \/>\n<script type=\"application\/ld+json\" class=\"yoast-schema-graph\">{\"@context\":\"https:\\\/\\\/schema.org\",\"@graph\":[{\"@type\":\"WebPage\",\"@id\":\"https:\\\/\\\/andamios-tendo.com\\\/it\\\/le-nostre-soluzioni\\\/\",\"url\":\"https:\\\/\\\/andamios-tendo.com\\\/it\\\/le-nostre-soluzioni\\\/\",\"name\":\"LE NOSTRE SOLUZIONI - Tendo\",\"isPartOf\":{\"@id\":\"https:\\\/\\\/andamios-tendo.com\\\/it\\\/#website\"},\"primaryImageOfPage\":{\"@id\":\"https:\\\/\\\/andamios-tendo.com\\\/it\\\/le-nostre-soluzioni\\\/#primaryimage\"},\"image\":{\"@id\":\"https:\\\/\\\/andamios-tendo.com\\\/it\\\/le-nostre-soluzioni\\\/#primaryimage\"},\"thumbnailUrl\":\"https:\\\/\\\/andamios-tendo.com\\\/wp-content\\\/uploads\\\/sites\\\/2\\\/2022\\\/09\\\/solutions5-1-1024x294.jpg\",\"datePublished\":\"2022-09-26T07:49:09+00:00\",\"dateModified\":\"2022-09-30T14:58:38+00:00\",\"breadcrumb\":{\"@id\":\"https:\\\/\\\/andamios-tendo.com\\\/it\\\/le-nostre-soluzioni\\\/#breadcrumb\"},\"inLanguage\":\"it-IT\",\"potentialAction\":[{\"@type\":\"ReadAction\",\"target\":[\"https:\\\/\\\/andamios-tendo.com\\\/it\\\/le-nostre-soluzioni\\\/\"]}]},{\"@type\":\"ImageObject\",\"inLanguage\":\"it-IT\",\"@id\":\"https:\\\/\\\/andamios-tendo.com\\\/it\\\/le-nostre-soluzioni\\\/#primaryimage\",\"url\":\"https:\\\/\\\/andamios-tendo.com\\\/wp-content\\\/uploads\\\/sites\\\/2\\\/2022\\\/09\\\/solutions5-1-1024x294.jpg\",\"contentUrl\":\"https:\\\/\\\/andamios-tendo.com\\\/wp-content\\\/uploads\\\/sites\\\/2\\\/2022\\\/09\\\/solutions5-1-1024x294.jpg\"},{\"@type\":\"BreadcrumbList\",\"@id\":\"https:\\\/\\\/andamios-tendo.com\\\/it\\\/le-nostre-soluzioni\\\/#breadcrumb\",\"itemListElement\":[{\"@type\":\"ListItem\",\"position\":1,\"name\":\"Tendo\",\"item\":\"https:\\\/\\\/andamios-tendo.com\\\/it\\\/\"},{\"@type\":\"ListItem\",\"position\":2,\"name\":\"LE NOSTRE SOLUZIONI\"}]},{\"@type\":\"WebSite\",\"@id\":\"https:\\\/\\\/andamios-tendo.com\\\/it\\\/#website\",\"url\":\"https:\\\/\\\/andamios-tendo.com\\\/it\\\/\",\"name\":\"Tendo\",\"description\":\"Une entreprise du groupe Fr\u00e9n\u00e9hard &amp; Michaux\",\"publisher\":{\"@id\":\"https:\\\/\\\/andamios-tendo.com\\\/it\\\/#organization\"},\"potentialAction\":[{\"@type\":\"SearchAction\",\"target\":{\"@type\":\"EntryPoint\",\"urlTemplate\":\"https:\\\/\\\/andamios-tendo.com\\\/it\\\/?s={search_term_string}\"},\"query-input\":{\"@type\":\"PropertyValueSpecification\",\"valueRequired\":true,\"valueName\":\"search_term_string\"}}],\"inLanguage\":\"it-IT\"},{\"@type\":\"Organization\",\"@id\":\"https:\\\/\\\/andamios-tendo.com\\\/it\\\/#organization\",\"name\":\"Tendo\",\"url\":\"https:\\\/\\\/andamios-tendo.com\\\/it\\\/\",\"logo\":{\"@type\":\"ImageObject\",\"inLanguage\":\"it-IT\",\"@id\":\"https:\\\/\\\/andamios-tendo.com\\\/it\\\/#\\\/schema\\\/logo\\\/image\\\/\",\"url\":\"https:\\\/\\\/andamios-tendo.com\\\/wp-content\\\/uploads\\\/sites\\\/2\\\/2022\\\/07\\\/logo_tendo-s.png\",\"contentUrl\":\"https:\\\/\\\/andamios-tendo.com\\\/wp-content\\\/uploads\\\/sites\\\/2\\\/2022\\\/07\\\/logo_tendo-s.png\",\"width\":153,\"height\":30,\"caption\":\"Tendo\"},\"image\":{\"@id\":\"https:\\\/\\\/andamios-tendo.com\\\/it\\\/#\\\/schema\\\/logo\\\/image\\\/\"}}]}<\/script>\n<!-- \/ Yoast SEO plugin. -->","yoast_head_json":{"title":"LE NOSTRE SOLUZIONI - Tendo","robots":{"index":"index","follow":"follow","max-snippet":"max-snippet:-1","max-image-preview":"max-image-preview:large","max-video-preview":"max-video-preview:-1"},"canonical":"https:\/\/andamios-tendo.com\/it\/le-nostre-soluzioni\/","og_locale":"it_IT","og_type":"article","og_title":"LE NOSTRE SOLUZIONI - Tendo","og_description":"Due tipi di strutture che si adattano perfettamente alle esigenze del compito da svolgere in altezza, sia che si tratti di coprire un edificio o eseguire lavori di manutenzione industriale. GOYA PONTEGGI A CAVALLETTI Si tratta essenzialmente di telai o cavalletti, uniti tra loro per mezzo di piattaforme e longheroni, oltre che di diagonali, che [&hellip;]","og_url":"https:\/\/andamios-tendo.com\/it\/le-nostre-soluzioni\/","og_site_name":"Tendo","article_modified_time":"2022-09-30T14:58:38+00:00","og_image":[{"url":"https:\/\/andamios-tendo.com\/wp-content\/uploads\/sites\/2\/2022\/09\/solutions5-1-1024x294.jpg","type":"","width":"","height":""}],"twitter_card":"summary_large_image","twitter_misc":{"Tempo di lettura stimato":"3 minuti"},"schema":{"@context":"https:\/\/schema.org","@graph":[{"@type":"WebPage","@id":"https:\/\/andamios-tendo.com\/it\/le-nostre-soluzioni\/","url":"https:\/\/andamios-tendo.com\/it\/le-nostre-soluzioni\/","name":"LE NOSTRE SOLUZIONI - Tendo","isPartOf":{"@id":"https:\/\/andamios-tendo.com\/it\/#website"},"primaryImageOfPage":{"@id":"https:\/\/andamios-tendo.com\/it\/le-nostre-soluzioni\/#primaryimage"},"image":{"@id":"https:\/\/andamios-tendo.com\/it\/le-nostre-soluzioni\/#primaryimage"},"thumbnailUrl":"https:\/\/andamios-tendo.com\/wp-content\/uploads\/sites\/2\/2022\/09\/solutions5-1-1024x294.jpg","datePublished":"2022-09-26T07:49:09+00:00","dateModified":"2022-09-30T14:58:38+00:00","breadcrumb":{"@id":"https:\/\/andamios-tendo.com\/it\/le-nostre-soluzioni\/#breadcrumb"},"inLanguage":"it-IT","potentialAction":[{"@type":"ReadAction","target":["https:\/\/andamios-tendo.com\/it\/le-nostre-soluzioni\/"]}]},{"@type":"ImageObject","inLanguage":"it-IT","@id":"https:\/\/andamios-tendo.com\/it\/le-nostre-soluzioni\/#primaryimage","url":"https:\/\/andamios-tendo.com\/wp-content\/uploads\/sites\/2\/2022\/09\/solutions5-1-1024x294.jpg","contentUrl":"https:\/\/andamios-tendo.com\/wp-content\/uploads\/sites\/2\/2022\/09\/solutions5-1-1024x294.jpg"},{"@type":"BreadcrumbList","@id":"https:\/\/andamios-tendo.com\/it\/le-nostre-soluzioni\/#breadcrumb","itemListElement":[{"@type":"ListItem","position":1,"name":"Tendo","item":"https:\/\/andamios-tendo.com\/it\/"},{"@type":"ListItem","position":2,"name":"LE NOSTRE SOLUZIONI"}]},{"@type":"WebSite","@id":"https:\/\/andamios-tendo.com\/it\/#website","url":"https:\/\/andamios-tendo.com\/it\/","name":"Tendo","description":"Une entreprise du groupe Fr\u00e9n\u00e9hard &amp; Michaux","publisher":{"@id":"https:\/\/andamios-tendo.com\/it\/#organization"},"potentialAction":[{"@type":"SearchAction","target":{"@type":"EntryPoint","urlTemplate":"https:\/\/andamios-tendo.com\/it\/?s={search_term_string}"},"query-input":{"@type":"PropertyValueSpecification","valueRequired":true,"valueName":"search_term_string"}}],"inLanguage":"it-IT"},{"@type":"Organization","@id":"https:\/\/andamios-tendo.com\/it\/#organization","name":"Tendo","url":"https:\/\/andamios-tendo.com\/it\/","logo":{"@type":"ImageObject","inLanguage":"it-IT","@id":"https:\/\/andamios-tendo.com\/it\/#\/schema\/logo\/image\/","url":"https:\/\/andamios-tendo.com\/wp-content\/uploads\/sites\/2\/2022\/07\/logo_tendo-s.png","contentUrl":"https:\/\/andamios-tendo.com\/wp-content\/uploads\/sites\/2\/2022\/07\/logo_tendo-s.png","width":153,"height":30,"caption":"Tendo"},"image":{"@id":"https:\/\/andamios-tendo.com\/it\/#\/schema\/logo\/image\/"}}]}},"_links":{"self":[{"href":"https:\/\/andamios-tendo.com\/it\/wp-json\/wp\/v2\/pages\/807","targetHints":{"allow":["GET"]}}],"collection":[{"href":"https:\/\/andamios-tendo.com\/it\/wp-json\/wp\/v2\/pages"}],"about":[{"href":"https:\/\/andamios-tendo.com\/it\/wp-json\/wp\/v2\/types\/page"}],"author":[{"embeddable":true,"href":"https:\/\/andamios-tendo.com\/it\/wp-json\/wp\/v2\/users\/8"}],"replies":[{"embeddable":true,"href":"https:\/\/andamios-tendo.com\/it\/wp-json\/wp\/v2\/comments?post=807"}],"version-history":[{"count":2,"href":"https:\/\/andamios-tendo.com\/it\/wp-json\/wp\/v2\/pages\/807\/revisions"}],"predecessor-version":[{"id":1408,"href":"https:\/\/andamios-tendo.com\/it\/wp-json\/wp\/v2\/pages\/807\/revisions\/1408"}],"wp:attachment":[{"href":"https:\/\/andamios-tendo.com\/it\/wp-json\/wp\/v2\/media?parent=807"}],"curies":[{"name":"wp","href":"https:\/\/api.w.org\/{rel}","templated":true}]}}