{"id":809,"date":"2022-09-26T09:53:20","date_gmt":"2022-09-26T07:53:20","guid":{"rendered":"https:\/\/andamios-tendo.com\/i-nostri-servizi\/"},"modified":"2022-12-20T10:48:25","modified_gmt":"2022-12-20T09:48:25","slug":"i-nostri-servizi","status":"publish","type":"page","link":"https:\/\/andamios-tendo.com\/it\/i-nostri-servizi\/","title":{"rendered":"I NOSTRI SERVIZI"},"content":{"rendered":"\n<figure class=\"wp-block-image size-large\"><img loading=\"lazy\" decoding=\"async\" width=\"1024\" height=\"294\" src=\"https:\/\/andamios-tendo.com\/wp-content\/uploads\/sites\/2\/2022\/11\/services-1024x294.jpg\" alt=\"\" class=\"wp-image-2120\" srcset=\"https:\/\/andamios-tendo.com\/wp-content\/uploads\/sites\/2\/2022\/11\/services-1024x294.jpg 1024w, https:\/\/andamios-tendo.com\/wp-content\/uploads\/sites\/2\/2022\/11\/services-300x86.jpg 300w, https:\/\/andamios-tendo.com\/wp-content\/uploads\/sites\/2\/2022\/11\/services-768x220.jpg 768w, https:\/\/andamios-tendo.com\/wp-content\/uploads\/sites\/2\/2022\/11\/services-600x172.jpg 600w, https:\/\/andamios-tendo.com\/wp-content\/uploads\/sites\/2\/2022\/11\/services.jpg 1500w\" sizes=\"auto, (max-width: 1024px) 100vw, 1024px\" \/><\/figure>\n\n\n\n<div style=\"height:24px\" aria-hidden=\"true\" class=\"wp-block-spacer\"><\/div>\n\n\n\n<h2 class=\"has-text-align-center has-medium-font-size wp-block-heading\" id=\"service-technique\"><strong>Servizio tecnico<\/strong><\/h2>\n\n\n\n<div class=\"wp-block-columns is-layout-flex wp-container-core-columns-is-layout-9d6595d7 wp-block-columns-is-layout-flex\">\n<div class=\"wp-block-column is-layout-flow wp-block-column-is-layout-flow\">\n<figure class=\"wp-block-image is-style-mycms-bg-orange mycms-img-bg alignwide size-full \"><img loading=\"lazy\" decoding=\"async\" width=\"749\" height=\"749\" src=\"https:\/\/andamios-tendo.com\/wp-content\/uploads\/sites\/2\/2022\/12\/be.jpg\" alt=\"\" class=\"wp-image-3245\" srcset=\"https:\/\/andamios-tendo.com\/wp-content\/uploads\/sites\/2\/2022\/12\/be.jpg 749w, https:\/\/andamios-tendo.com\/wp-content\/uploads\/sites\/2\/2022\/12\/be-300x300.jpg 300w, https:\/\/andamios-tendo.com\/wp-content\/uploads\/sites\/2\/2022\/12\/be-150x150.jpg 150w, https:\/\/andamios-tendo.com\/wp-content\/uploads\/sites\/2\/2022\/12\/be-600x600.jpg 600w, https:\/\/andamios-tendo.com\/wp-content\/uploads\/sites\/2\/2022\/12\/be-100x100.jpg 100w\" sizes=\"auto, (max-width: 749px) 100vw, 749px\" \/><\/figure>\n<\/div>\n\n\n\n<div class=\"wp-block-column is-vertically-aligned-center is-layout-flow wp-block-column-is-layout-flow\">\n<p>Grazie al nostro continuo lavoro di ricerca, puntiamo a migliorare ogni giorno e ad adattarci ai nostri clienti, offrendo loro una soluzione completa, modulare ed efficiente.<\/p>\n\n\n\n<p>L&#8217;esperienza del nostro ufficio tecnico nella progettazione di vari progetti, unita alla conoscenza del mercato della nostra rete commerciale, ci permette di trovare soluzioni per i cantieri pi\u00f9 complessi dei nostri clienti.<\/p>\n\n\n\n<p>Tendo \u00e8 un partner tecnico e commerciale la cui missione \u00e8 accompagnare e aiutare i propri clienti, qualunque sia la difficolt\u00e0 del lavoro da svolgere, implementando le soluzioni e le innovazioni necessarie al completamento del cantiere.<\/p>\n<\/div>\n<\/div>\n\n\n\n<div class=\"wp-block-columns is-layout-flex wp-container-core-columns-is-layout-9d6595d7 wp-block-columns-is-layout-flex\">\n<div class=\"wp-block-column is-vertically-aligned-center is-layout-flow wp-block-column-is-layout-flow\">\n<p>Grazie al continuo sviluppo dei nostri prodotti, siamo in grado di offrire ponteggi ottimizzati con soluzioni che fanno la differenza. La struttura semplice dei nostri ponteggi riduce i tempi di apprendimento e di montaggio degli installatori per garantire prestazioni migliori.<\/p>\n\n\n\n<p>Il continuo sviluppo dei nostri prodotti ha consentito l\u2019ottimizzazione del numero di componenti diversi, permettendoci di fornire una soluzione per quasi tutti i cantieri con una serie limitata di elementi.<\/p>\n<\/div>\n\n\n\n<div class=\"wp-block-column is-layout-flow wp-block-column-is-layout-flow\">\n<figure class=\"wp-block-image is-style-mycms-bg-orange mycms-img-bg alignwide size-full \"><img loading=\"lazy\" decoding=\"async\" width=\"800\" height=\"800\" src=\"https:\/\/andamios-tendo.com\/wp-content\/uploads\/sites\/2\/2022\/11\/usine-1.jpg\" alt=\"\" class=\"wp-image-2186\" srcset=\"https:\/\/andamios-tendo.com\/wp-content\/uploads\/sites\/2\/2022\/11\/usine-1.jpg 800w, https:\/\/andamios-tendo.com\/wp-content\/uploads\/sites\/2\/2022\/11\/usine-1-300x300.jpg 300w, https:\/\/andamios-tendo.com\/wp-content\/uploads\/sites\/2\/2022\/11\/usine-1-150x150.jpg 150w, https:\/\/andamios-tendo.com\/wp-content\/uploads\/sites\/2\/2022\/11\/usine-1-768x768.jpg 768w, https:\/\/andamios-tendo.com\/wp-content\/uploads\/sites\/2\/2022\/11\/usine-1-600x600.jpg 600w, https:\/\/andamios-tendo.com\/wp-content\/uploads\/sites\/2\/2022\/11\/usine-1-100x100.jpg 100w\" sizes=\"auto, (max-width: 800px) 100vw, 800px\" \/><\/figure>\n<\/div>\n<\/div>\n","protected":false},"excerpt":{"rendered":"<p>Servizio tecnico Grazie al nostro continuo lavoro di ricerca, puntiamo a migliorare ogni giorno e ad adattarci ai nostri clienti, offrendo loro una soluzione completa, modulare ed efficiente. L&#8217;esperienza del nostro ufficio tecnico nella progettazione di vari progetti, unita alla conoscenza del mercato della nostra rete commerciale, ci permette di trovare soluzioni per i cantieri [&hellip;]<\/p>\n","protected":false},"author":8,"featured_media":0,"parent":0,"menu_order":0,"comment_status":"closed","ping_status":"closed","template":"","meta":{"_acf_changed":false,"footnotes":""},"class_list":["post-809","page","type-page","status-publish","hentry"],"acf":[],"yoast_head":"<!-- This site is optimized with the Yoast SEO plugin v27.5 - https:\/\/yoast.com\/product\/yoast-seo-wordpress\/ -->\n<title>I NOSTRI SERVIZI - Tendo<\/title>\n<meta name=\"robots\" content=\"index, follow, max-snippet:-1, max-image-preview:large, max-video-preview:-1\" \/>\n<link rel=\"canonical\" href=\"https:\/\/andamios-tendo.com\/it\/i-nostri-servizi\/\" \/>\n<meta property=\"og:locale\" content=\"it_IT\" \/>\n<meta property=\"og:type\" content=\"article\" \/>\n<meta property=\"og:title\" content=\"I NOSTRI SERVIZI - Tendo\" \/>\n<meta property=\"og:description\" content=\"Servizio tecnico Grazie al nostro continuo lavoro di ricerca, puntiamo a migliorare ogni giorno e ad adattarci ai nostri clienti, offrendo loro una soluzione completa, modulare ed efficiente. L&#8217;esperienza del nostro ufficio tecnico nella progettazione di vari progetti, unita alla conoscenza del mercato della nostra rete commerciale, ci permette di trovare soluzioni per i cantieri [&hellip;]\" \/>\n<meta property=\"og:url\" content=\"https:\/\/andamios-tendo.com\/it\/i-nostri-servizi\/\" \/>\n<meta property=\"og:site_name\" content=\"Tendo\" \/>\n<meta property=\"article:modified_time\" content=\"2022-12-20T09:48:25+00:00\" \/>\n<meta property=\"og:image\" content=\"https:\/\/andamios-tendo.com\/wp-content\/uploads\/sites\/2\/2022\/11\/services-1024x294.jpg\" \/>\n<meta name=\"twitter:card\" content=\"summary_large_image\" \/>\n<meta name=\"twitter:label1\" content=\"Tempo di lettura stimato\" \/>\n\t<meta name=\"twitter:data1\" content=\"2 minuti\" \/>\n<script type=\"application\/ld+json\" class=\"yoast-schema-graph\">{\"@context\":\"https:\\\/\\\/schema.org\",\"@graph\":[{\"@type\":\"WebPage\",\"@id\":\"https:\\\/\\\/andamios-tendo.com\\\/it\\\/i-nostri-servizi\\\/\",\"url\":\"https:\\\/\\\/andamios-tendo.com\\\/it\\\/i-nostri-servizi\\\/\",\"name\":\"I NOSTRI SERVIZI - Tendo\",\"isPartOf\":{\"@id\":\"https:\\\/\\\/andamios-tendo.com\\\/it\\\/#website\"},\"primaryImageOfPage\":{\"@id\":\"https:\\\/\\\/andamios-tendo.com\\\/it\\\/i-nostri-servizi\\\/#primaryimage\"},\"image\":{\"@id\":\"https:\\\/\\\/andamios-tendo.com\\\/it\\\/i-nostri-servizi\\\/#primaryimage\"},\"thumbnailUrl\":\"https:\\\/\\\/andamios-tendo.com\\\/wp-content\\\/uploads\\\/sites\\\/2\\\/2022\\\/11\\\/services-1024x294.jpg\",\"datePublished\":\"2022-09-26T07:53:20+00:00\",\"dateModified\":\"2022-12-20T09:48:25+00:00\",\"breadcrumb\":{\"@id\":\"https:\\\/\\\/andamios-tendo.com\\\/it\\\/i-nostri-servizi\\\/#breadcrumb\"},\"inLanguage\":\"it-IT\",\"potentialAction\":[{\"@type\":\"ReadAction\",\"target\":[\"https:\\\/\\\/andamios-tendo.com\\\/it\\\/i-nostri-servizi\\\/\"]}]},{\"@type\":\"ImageObject\",\"inLanguage\":\"it-IT\",\"@id\":\"https:\\\/\\\/andamios-tendo.com\\\/it\\\/i-nostri-servizi\\\/#primaryimage\",\"url\":\"https:\\\/\\\/andamios-tendo.com\\\/wp-content\\\/uploads\\\/sites\\\/2\\\/2022\\\/11\\\/services-1024x294.jpg\",\"contentUrl\":\"https:\\\/\\\/andamios-tendo.com\\\/wp-content\\\/uploads\\\/sites\\\/2\\\/2022\\\/11\\\/services-1024x294.jpg\"},{\"@type\":\"BreadcrumbList\",\"@id\":\"https:\\\/\\\/andamios-tendo.com\\\/it\\\/i-nostri-servizi\\\/#breadcrumb\",\"itemListElement\":[{\"@type\":\"ListItem\",\"position\":1,\"name\":\"Tendo\",\"item\":\"https:\\\/\\\/andamios-tendo.com\\\/it\\\/\"},{\"@type\":\"ListItem\",\"position\":2,\"name\":\"I NOSTRI SERVIZI\"}]},{\"@type\":\"WebSite\",\"@id\":\"https:\\\/\\\/andamios-tendo.com\\\/it\\\/#website\",\"url\":\"https:\\\/\\\/andamios-tendo.com\\\/it\\\/\",\"name\":\"Tendo\",\"description\":\"Une entreprise du groupe Fr\u00e9n\u00e9hard &amp; Michaux\",\"publisher\":{\"@id\":\"https:\\\/\\\/andamios-tendo.com\\\/it\\\/#organization\"},\"potentialAction\":[{\"@type\":\"SearchAction\",\"target\":{\"@type\":\"EntryPoint\",\"urlTemplate\":\"https:\\\/\\\/andamios-tendo.com\\\/it\\\/?s={search_term_string}\"},\"query-input\":{\"@type\":\"PropertyValueSpecification\",\"valueRequired\":true,\"valueName\":\"search_term_string\"}}],\"inLanguage\":\"it-IT\"},{\"@type\":\"Organization\",\"@id\":\"https:\\\/\\\/andamios-tendo.com\\\/it\\\/#organization\",\"name\":\"Tendo\",\"url\":\"https:\\\/\\\/andamios-tendo.com\\\/it\\\/\",\"logo\":{\"@type\":\"ImageObject\",\"inLanguage\":\"it-IT\",\"@id\":\"https:\\\/\\\/andamios-tendo.com\\\/it\\\/#\\\/schema\\\/logo\\\/image\\\/\",\"url\":\"https:\\\/\\\/andamios-tendo.com\\\/wp-content\\\/uploads\\\/sites\\\/2\\\/2022\\\/07\\\/logo_tendo-s.png\",\"contentUrl\":\"https:\\\/\\\/andamios-tendo.com\\\/wp-content\\\/uploads\\\/sites\\\/2\\\/2022\\\/07\\\/logo_tendo-s.png\",\"width\":153,\"height\":30,\"caption\":\"Tendo\"},\"image\":{\"@id\":\"https:\\\/\\\/andamios-tendo.com\\\/it\\\/#\\\/schema\\\/logo\\\/image\\\/\"}}]}<\/script>\n<!-- \/ Yoast SEO plugin. -->","yoast_head_json":{"title":"I NOSTRI SERVIZI - Tendo","robots":{"index":"index","follow":"follow","max-snippet":"max-snippet:-1","max-image-preview":"max-image-preview:large","max-video-preview":"max-video-preview:-1"},"canonical":"https:\/\/andamios-tendo.com\/it\/i-nostri-servizi\/","og_locale":"it_IT","og_type":"article","og_title":"I NOSTRI SERVIZI - Tendo","og_description":"Servizio tecnico Grazie al nostro continuo lavoro di ricerca, puntiamo a migliorare ogni giorno e ad adattarci ai nostri clienti, offrendo loro una soluzione completa, modulare ed efficiente. L&#8217;esperienza del nostro ufficio tecnico nella progettazione di vari progetti, unita alla conoscenza del mercato della nostra rete commerciale, ci permette di trovare soluzioni per i cantieri [&hellip;]","og_url":"https:\/\/andamios-tendo.com\/it\/i-nostri-servizi\/","og_site_name":"Tendo","article_modified_time":"2022-12-20T09:48:25+00:00","og_image":[{"url":"https:\/\/andamios-tendo.com\/wp-content\/uploads\/sites\/2\/2022\/11\/services-1024x294.jpg","type":"","width":"","height":""}],"twitter_card":"summary_large_image","twitter_misc":{"Tempo di lettura stimato":"2 minuti"},"schema":{"@context":"https:\/\/schema.org","@graph":[{"@type":"WebPage","@id":"https:\/\/andamios-tendo.com\/it\/i-nostri-servizi\/","url":"https:\/\/andamios-tendo.com\/it\/i-nostri-servizi\/","name":"I NOSTRI SERVIZI - Tendo","isPartOf":{"@id":"https:\/\/andamios-tendo.com\/it\/#website"},"primaryImageOfPage":{"@id":"https:\/\/andamios-tendo.com\/it\/i-nostri-servizi\/#primaryimage"},"image":{"@id":"https:\/\/andamios-tendo.com\/it\/i-nostri-servizi\/#primaryimage"},"thumbnailUrl":"https:\/\/andamios-tendo.com\/wp-content\/uploads\/sites\/2\/2022\/11\/services-1024x294.jpg","datePublished":"2022-09-26T07:53:20+00:00","dateModified":"2022-12-20T09:48:25+00:00","breadcrumb":{"@id":"https:\/\/andamios-tendo.com\/it\/i-nostri-servizi\/#breadcrumb"},"inLanguage":"it-IT","potentialAction":[{"@type":"ReadAction","target":["https:\/\/andamios-tendo.com\/it\/i-nostri-servizi\/"]}]},{"@type":"ImageObject","inLanguage":"it-IT","@id":"https:\/\/andamios-tendo.com\/it\/i-nostri-servizi\/#primaryimage","url":"https:\/\/andamios-tendo.com\/wp-content\/uploads\/sites\/2\/2022\/11\/services-1024x294.jpg","contentUrl":"https:\/\/andamios-tendo.com\/wp-content\/uploads\/sites\/2\/2022\/11\/services-1024x294.jpg"},{"@type":"BreadcrumbList","@id":"https:\/\/andamios-tendo.com\/it\/i-nostri-servizi\/#breadcrumb","itemListElement":[{"@type":"ListItem","position":1,"name":"Tendo","item":"https:\/\/andamios-tendo.com\/it\/"},{"@type":"ListItem","position":2,"name":"I NOSTRI SERVIZI"}]},{"@type":"WebSite","@id":"https:\/\/andamios-tendo.com\/it\/#website","url":"https:\/\/andamios-tendo.com\/it\/","name":"Tendo","description":"Une entreprise du groupe Fr\u00e9n\u00e9hard &amp; Michaux","publisher":{"@id":"https:\/\/andamios-tendo.com\/it\/#organization"},"potentialAction":[{"@type":"SearchAction","target":{"@type":"EntryPoint","urlTemplate":"https:\/\/andamios-tendo.com\/it\/?s={search_term_string}"},"query-input":{"@type":"PropertyValueSpecification","valueRequired":true,"valueName":"search_term_string"}}],"inLanguage":"it-IT"},{"@type":"Organization","@id":"https:\/\/andamios-tendo.com\/it\/#organization","name":"Tendo","url":"https:\/\/andamios-tendo.com\/it\/","logo":{"@type":"ImageObject","inLanguage":"it-IT","@id":"https:\/\/andamios-tendo.com\/it\/#\/schema\/logo\/image\/","url":"https:\/\/andamios-tendo.com\/wp-content\/uploads\/sites\/2\/2022\/07\/logo_tendo-s.png","contentUrl":"https:\/\/andamios-tendo.com\/wp-content\/uploads\/sites\/2\/2022\/07\/logo_tendo-s.png","width":153,"height":30,"caption":"Tendo"},"image":{"@id":"https:\/\/andamios-tendo.com\/it\/#\/schema\/logo\/image\/"}}]}},"_links":{"self":[{"href":"https:\/\/andamios-tendo.com\/it\/wp-json\/wp\/v2\/pages\/809","targetHints":{"allow":["GET"]}}],"collection":[{"href":"https:\/\/andamios-tendo.com\/it\/wp-json\/wp\/v2\/pages"}],"about":[{"href":"https:\/\/andamios-tendo.com\/it\/wp-json\/wp\/v2\/types\/page"}],"author":[{"embeddable":true,"href":"https:\/\/andamios-tendo.com\/it\/wp-json\/wp\/v2\/users\/8"}],"replies":[{"embeddable":true,"href":"https:\/\/andamios-tendo.com\/it\/wp-json\/wp\/v2\/comments?post=809"}],"version-history":[{"count":6,"href":"https:\/\/andamios-tendo.com\/it\/wp-json\/wp\/v2\/pages\/809\/revisions"}],"predecessor-version":[{"id":3251,"href":"https:\/\/andamios-tendo.com\/it\/wp-json\/wp\/v2\/pages\/809\/revisions\/3251"}],"wp:attachment":[{"href":"https:\/\/andamios-tendo.com\/it\/wp-json\/wp\/v2\/media?parent=809"}],"curies":[{"name":"wp","href":"https:\/\/api.w.org\/{rel}","templated":true}]}}